{"id":10,"date":"2010-05-02T15:50:59","date_gmt":"2010-05-02T13:50:59","guid":{"rendered":"https:\/\/plouguerneau.net\/phare-de-lile-wrach\/"},"modified":"2010-05-02T15:50:59","modified_gmt":"2010-05-02T13:50:59","slug":"phare-de-lile-wrach","status":"publish","type":"page","link":"https:\/\/appriou.bzh\/index.php\/phare-de-lile-wrach\/","title":{"rendered":"Phare de l&rsquo;\u00eele Wrac&rsquo;h"},"content":{"rendered":"<div align=justify>\nLe phare de l\u2019\u00eele Wrac\u2019h est un \u00e9difice de granit construit en 1845. Il est compos\u00e9 d&rsquo;une tour carr\u00e9e et d&rsquo;une maison d&rsquo;habitation. L&rsquo;\u00eele Wrac&rsquo;h est accessible \u00e0 mar\u00e9e basse et peut faire l&rsquo;objet d&rsquo;une agr\u00e9able promenade.<br \/>\nCe phare appartient \u00e0 une combinaison de quatre feux permettant l&rsquo;acc\u00e8s \u00e0 l&rsquo;Aber Wrac&rsquo;h. Autrefois, l&rsquo;alignement avec un feu appos\u00e9 sur le clocher de l&rsquo;\u00e9glise du Plouguerneau offrait aux navigateurs l&rsquo;acc\u00e8s \u00e0 l&rsquo;Aber Wrac&rsquo;h. Depuis 1869 et la mise en service du phare de Lanvaon, l&rsquo;alignement  sur ce dernier permet l&rsquo;acc\u00e8s au Grand Chenal.<br \/>\nSi lors d&rsquo;une promenade nocturne, vous apercevez un feu scintillant rouge, rassurez-vous, vous n&rsquo;\u00eates pas \u00e9gar\u00e9, il s&rsquo;agit du petit phare rouge. Du reste, les cartes marines indiquent : Q R 20m 7M pour feu scintillant rouge, hauteur de focale de 20 m\u00e8tres par rapport aux vives eaux d&rsquo;une mar\u00e9e de coefficient de 95, et une distance d&rsquo;aper\u00e7u de 7 milles (environ 13 kilom\u00e8tres).<br \/>\nLa maison des gardiens n&rsquo;est plus habit\u00e9e depuis 1994 et l&rsquo;automatisation de ce phare, dit du \u00ab\u00a0paradis\u00a0\u00bb dans le lexique des gardiens de phares. En ce qui concerne l&rsquo;administration, le terme est moins po\u00e9tique puisqu&rsquo;il s&rsquo;agit d&rsquo;un phare de \u00ab\u00a0quatri\u00e8me ordre\u00a0\u00bb. <br \/>\nLe phare de l&rsquo;\u00eele Wrac&rsquo;h est bien un phare du \u00ab\u00a0paradis\u00a0\u00bb bien qu&rsquo;il se situe sur un \u00eelot. Il est en effet accessible \u00e0 chaque mar\u00e9e basse, et ne pose aucun probl\u00e8me de rel\u00e8ve. Du reste, il n&rsquo;y en a pas puisque celui-ci \u00e9tait gardienn\u00e9 par une famille. Les am\u00e9nagements successifs ont permis \u00e0 un couple et sa famille de vivre sur l&rsquo;\u00eele tout en y effectuant le gardiennage du phare. Les contraintes y \u00e9taient donc importantes. L&rsquo;eau n&rsquo;en \u00e9tait pas une des moindres. Il n&rsquo;y a pas de source sur l&rsquo;\u00eele. Heureusement pour nos \u00eeliens, il pleut parfois en Bretagne et les eaux de pluie servaient \u00e0 remplir une r\u00e9serve d&rsquo;eau rarement \u00e0 sec !<br \/>\nLe travail d\u00e9volu aux Phares et Balises ne s&rsquo;arr\u00eatent pas \u00e0 l&rsquo;entretien du feu, le gardien du phare de l&rsquo;\u00eele Wrac&rsquo;h est \u00e9galement responsable de l&rsquo;entretien des balises et bou\u00e9es permettant l&rsquo;acc\u00e8s \u00e0 l&rsquo;Aber Wrac&rsquo;h. <br \/>\nLe phare de l&rsquo;\u00eele Wrac&rsquo;h est arm\u00e9 par un gardien auxiliaire. Ce statut permettait au gardien d&rsquo;avoir une activit\u00e9 annexe. En g\u00e9n\u00e9ral celle-ci tournait autour de la p\u00eache. Pour autant cette activit\u00e9 ne devait en aucun cas nuire au bon fonctionnement du feu. <\/p>\n<div align=center>\n\t<object classid=\"clsid:d27cdb6e-ae6d-11cf-96b8-444553540000\" codebase=\"http:\/\/fpdownload.macromedia.com\/pub\/shockwave\/cabs\/flash\/swflash.cab#version=6,0,0,0\" width=\"500\" height=\"333\" id=\"tech\" align=\"middle\"><param name=\"allowScriptAccess\" value=\"sameDomain\" \/><param name=\"movie\" value=\"http:\/\/www.plouguerneau.net\/IMG\/phares\/ilewrach\/piw.swf\" \/><param name=\"quality\" value=\"high\" \/><embed src=\"http:\/\/www.plouguerneau.net\/IMG\/phares\/ilewrach\/piw.swf\" quality=\"high\" width=\"500\" height=\"333\" name=\"tech\" align=\"middle\" allowScriptAccess=\"sameDomain\" type=\"application\/x-shockwave-flash\" pluginspage=\"http:\/\/www.macromedia.com\/go\/getflashplayer\" \/><\/object>\n<\/div>\n<p><b><font color=blue>Les gardiens du phare<\/font><\/b><\/p>\n<table width=100% border=1 bordercolor=\"blue\" cellpading=4 cellspacing=0 frame=BELOW rules=ROWS>\n<tr>\n<td width=20%><i><font size=2>Dates<\/i><\/td>\n<td width=20%><i><font size=2>Noms<\/i><\/td>\n<td><i><font size=2>Observations<\/i><\/td>\n<\/tr>\n<tr>\n<td><font size=2>1847<\/td>\n<td><font size=2>Herv\u00e9 Henry<\/td>\n<td><font size=2>Herv\u00e9 Henry est certainement le second gardien du feu de l&rsquo;\u00eele Wrac&rsquo;h. Il occupait auparavant une fonction de clerc de notaire.<\/td>\n<\/tr>\n<tr>\n<td><font size=2>1892<\/td>\n<td><font size=2>Sieur Didou<\/td>\n<td><font size=2><\/td>\n<\/tr>\n<tr>\n<td><font size=2>Juin 1895<\/td>\n<td><font size=2>Yves Kerros<br \/>\nAngelina Clochon<\/td>\n<td><font size=2>Yves Kerros est le gardien du phare jusqu&rsquo;\u00e0 sa mutation en 1902 pour le tout nouveau phare de l&rsquo;\u00eele Vierge. Son \u00e9pouse Angelina prend seule la responsabilit\u00e9 du phare de l&rsquo;\u00eele Wrac&rsquo;h jusqu&rsquo;en 1912. Entre-temps, c&rsquo;est sur l&rsquo;\u00eele qu&rsquo;elle donne naissance \u00e0 un petit gar\u00e7on.<\/p>\n<div align=center>\n<img decoding=\"async\" src=\"https:\/\/appriou.bzh\/wp-content\/uploads\/2010\/05\/phares_ilewrach_angelinakerros.jpg\"><br \/>\n<img decoding=\"async\" src=\"https:\/\/appriou.bzh\/wp-content\/uploads\/2010\/10\/phares_ilevierge_yveskerros.jpg\"><br \/>\n<i>Angelina et Yves Kerros. Photos : Pagan n\u00b05 &#8211; 2002<\/i><\/td>\n<\/tr>\n<tr>\n<td><font size=2>1912 \u00e0 1918<\/td>\n<td><font size=2>Madame Riou<\/td>\n<td><font size=2>Madame Riou, n\u00e9e Nicolas est pr\u00e9sente sur l&rsquo;\u00eele jusqu&rsquo;au d\u00e9but de la scolarit\u00e9 de son fils Francis.<\/td>\n<\/tr>\n<tr>\n<td><font size=2><\/td>\n<td><font size=2>Joseph Kerma\u00efdic<\/td>\n<td><font size=2>Lire le portrait de Joseph Kerma\u00efdic r\u00e9dig\u00e9 par son fils Jean en cliquant sur la photo.<\/p>\n<div align=center>\n<a href=\"https:\/\/plouguerneau.net\/joseph-kermaidic\/\" target=blank><img decoding=\"async\" src=\"https:\/\/appriou.bzh\/wp-content\/uploads\/2010\/05\/portrait_kermaidic_kermaidic11.jpg\"><\/a><\/div>\n<\/td>\n<\/tr>\n<tr>\n<td><font size=2><\/td>\n<td><font size=2>Fran\u00e7ois L\u00e9on<\/td>\n<td><font size=2><br \/>\nFran\u00e7ois L\u00e9on marque l&rsquo;histoire du phare \u00e0 cause d&rsquo;un \u00e9pisode douloureux qu&rsquo;Yves Bramoull\u00e9 relate dans son livre \u00ab\u00a0La guerre en m\u00e9moire\u00a0\u00bb (page 48). <br \/>\nFran\u00e7ois L\u00e9on est arr\u00eat\u00e9 en janvier 1942 au motif qu&rsquo;il d\u00e9tient un fusil de chasse au phare. Il sera d\u00e9port\u00e9 et fusill\u00e9 \u00e0 Cologne le 15 septembre 1943. Ce n&rsquo;est qu&rsquo;en 1945 que sa femme conna\u00eetra la fin tragique de son \u00e9poux. Marianne quittera l&rsquo;\u00eele Wrac&rsquo;h \u00e0 cette \u00e9poque pour le phare de Lanvaon qu&rsquo;elle gardiennera jusqu&rsquo;en 1961. Elle s&rsquo;occupera seule de sa fille Bernadette.<\/td>\n<\/tr>\n<tr>\n<td><font size=2>Novembre 1949<\/td>\n<td><font size=2>Fran\u00e7ois Bellec<\/td>\n<td><font size=2>De 1945 \u00e0 1949 il n&rsquo;y a pas eu de gardien \u00e0 l&rsquo;\u00eele Wrac&rsquo;h. En quittant les lieux lors de la seconde guerre mondiale, les allemands endommag\u00e8rent le phare. Celui-ci ne sera r\u00e9par\u00e9 qu&rsquo;en 1947. Afin d&rsquo;\u00e9viter un gardiennage, c&rsquo;est une premi\u00e8re tentative d&rsquo;automatisation qui est inaugur\u00e9 \u00e0 l&rsquo;\u00eele Wrac&rsquo;h. En effet, une horloge programm\u00e9e va permettre d&rsquo;allumer le feu. Fran\u00e7ois et son \u00e9pouse Philom\u00e8ne Bellec vivront sur l&rsquo;\u00eele jusqu&rsquo;en 1964.<\/td>\n<\/tr>\n<tr>\n<td><font size=2>1er novembre 1964<\/td>\n<td><font size=2>Fran\u00e7ois Roudaut<\/td>\n<td><font size=2>Fran\u00e7ois et son \u00e9pouse Louison vont vivre neuf ans sur l&rsquo;\u00eele, qu&rsquo;ils la quitteront \u00e0 la demande de Fran\u00e7ois en octobre 1973. Fran\u00e7ois d\u00e9bute comme ostr\u00e9iculteur chez Oulhen \u00e0 Land\u00e9da avant d&rsquo;int\u00e9grer la Royale apr\u00e8s s&rsquo;\u00eatre essay\u00e9 au gardiennage, il fait construire le caseyeur \u00ab\u00a0Kendalc&rsquo;h\u00a0\u00bb qu&rsquo;il armera jusqu&rsquo;\u00e0 sa retraite. La grande fiert\u00e9 du couple est que durant les neufs ans de services au petit phare rouge, jamais le feu ne s&rsquo;est \u00e9teint. M\u00eame si de l&rsquo;aveux de Fran\u00e7ois, il s&rsquo;y est pris un jour \u00e0 neuf reprises pour allumer la m\u00eache et qu&rsquo;un autre l&rsquo;arriv\u00e9e du gaz commen\u00e7ait \u00e0 geler.<\/p>\n<p><img decoding=\"async\" src=\"http:\/\/www.plouguerneau.net\/IMG\/phares\/ilewrach\/francoislison1.jpg\"><br \/>\n<i><font size=1>Louison et Fran\u00e7ois devant leur maison de Kerazan Vian \u00e0 l&rsquo;\u00e9poque d&rsquo;une retraite bien m\u00e9rit\u00e9e<\/font><\/i><\/p>\n<table>\n<tr>\n<td><font size=2>Louison et Fran\u00e7ois m&rsquo;ont fait la gentillesse de me recevoir chez eux. Vous pouvez \u00e9couter une partie de l&rsquo;entretien que j&rsquo;ai eu avec eux.<\/td>\n<td> <a href=\"http:\/\/www.plouguerneau.net\/IMG\/phares\/ilewrach\/ifrancois.m3u\" target=blank><img decoding=\"async\" src=\"https:\/\/appriou.bzh\/wp-content\/uploads\/2010\/05\/site_casque.gif\"><\/a><\/td>\n<\/tr>\n<\/table>\n<\/td>\n<\/tr>\n<tr>\n<td><font size=2>15 octobre 1973<\/td>\n<td><font size=2>Yves Merdy<\/td>\n<td><font size=2>Yves et son \u00e9pouse Marie sont le dernier couple de gardiens \u00e0 l&rsquo;\u00eele Wrac&rsquo;h. <\/td>\n<\/tr>\n<\/table>\n<p><i>Sources : Exposition permanente de l&rsquo;IPPA29 au phare de l&rsquo;\u00eele Wrac&rsquo;h et sources personnelles<\/i>\n<\/div>\n","protected":false},"excerpt":{"rendered":"<p>Le phare de l\u2019\u00eele Wrac\u2019h est un \u00e9difice de granit construit en 1845. Il est compos\u00e9 d&rsquo;une tour carr\u00e9e et d&rsquo;une maison d&rsquo;habitation. L&rsquo;\u00eele Wrac&rsquo;h est accessible \u00e0 mar\u00e9e basse [&hellip;]<\/p>\n","protected":false},"author":4,"featured_media":0,"parent":0,"menu_order":0,"comment_status":"closed","ping_status":"open","template":"","meta":{"ngg_post_thumbnail":0,"_EventAllDay":false,"_EventTimezone":"","_EventStartDate":"","_EventEndDate":"","_EventStartDateUTC":"","_EventEndDateUTC":"","_EventShowMap":false,"_EventShowMapLink":false,"_EventURL":"","_EventCost":"","_EventCostDescription":"","_EventCurrencySymbol":"","_EventCurrencyCode":"","_EventCurrencyPosition":"","_EventDateTimeSeparator":"","_EventTimeRangeSeparator":"","_EventOrganizerID":[],"_EventVenueID":[],"_OrganizerEmail":"","_OrganizerPhone":"","_OrganizerWebsite":"","_VenueAddress":"","_VenueCity":"","_VenueCountry":"","_VenueProvince":"","_VenueState":"","_VenueZip":"","_VenuePhone":"","_VenueURL":"","_VenueStateProvince":"","_VenueLat":"","_VenueLng":"","_VenueShowMap":false,"_VenueShowMapLink":false,"footnotes":""},"categories":[249],"tags":[],"class_list":["post-10","page","type-page","status-publish","hentry","category-patrimoine-maritime"],"_links":{"self":[{"href":"https:\/\/appriou.bzh\/index.php\/wp-json\/wp\/v2\/pages\/10","targetHints":{"allow":["GET"]}}],"collection":[{"href":"https:\/\/appriou.bzh\/index.php\/wp-json\/wp\/v2\/pages"}],"about":[{"href":"https:\/\/appriou.bzh\/index.php\/wp-json\/wp\/v2\/types\/page"}],"author":[{"embeddable":true,"href":"https:\/\/appriou.bzh\/index.php\/wp-json\/wp\/v2\/users\/4"}],"replies":[{"embeddable":true,"href":"https:\/\/appriou.bzh\/index.php\/wp-json\/wp\/v2\/comments?post=10"}],"version-history":[{"count":0,"href":"https:\/\/appriou.bzh\/index.php\/wp-json\/wp\/v2\/pages\/10\/revisions"}],"wp:attachment":[{"href":"https:\/\/appriou.bzh\/index.php\/wp-json\/wp\/v2\/media?parent=10"}],"wp:term":[{"taxonomy":"category","embeddable":true,"href":"https:\/\/appriou.bzh\/index.php\/wp-json\/wp\/v2\/categories?post=10"},{"taxonomy":"post_tag","embeddable":true,"href":"https:\/\/appriou.bzh\/index.php\/wp-json\/wp\/v2\/tags?post=10"}],"curies":[{"name":"wp","href":"https:\/\/api.w.org\/{rel}","templated":true}]}}