{"id":105,"date":"2025-01-12T19:23:29","date_gmt":"2025-01-12T18:23:29","guid":{"rendered":"https:\/\/appriou.bzh\/?page_id=105"},"modified":"2025-01-13T14:08:15","modified_gmt":"2025-01-13T13:08:15","slug":"mentions-legales-2","status":"publish","type":"page","link":"https:\/\/appriou.bzh\/index.php\/mentions-legales-2\/","title":{"rendered":"Mentions l\u00e9gales"},"content":{"rendered":"\n<p>En construction \u2026 revenez vite !<\/p>\n\n\n\n<p><em>\u00ab&nbsp;Mentions l\u00e9gales<\/em><\/p>\n\n\n\n<p><em>Nom de l\u2019association&nbsp;: Plouguerneau d\u2019hier et d\u2019aujourd\u2019hui (PHA)<\/em><\/p>\n\n\n\n<p><em>Adresse&nbsp;: BP 1 29880 Plouguerneau<\/em><\/p>\n\n\n\n<p><em>Num\u00e9ro de t\u00e9l\u00e9phone&nbsp;: sur demande \u00e0 l\u2019adresse pha29880@gmail.com<\/em><\/p>\n\n\n\n<p><em>Directeur de la publication (nom du pr\u00e9sident de l\u2019association)&nbsp;: Cathy Le Roux<\/em><\/p>\n\n\n\n<p><em>H\u00e9bergeur&nbsp;: OVH<\/em><\/p>\n","protected":false},"excerpt":{"rendered":"<p>En construction \u2026 revenez vite ! \u00ab&nbsp;Mentions l\u00e9gales Nom de l\u2019association&nbsp;: Plouguerneau d\u2019hier et d\u2019aujourd\u2019hui (PHA) Adresse&nbsp;: BP 1 29880 Plouguerneau Num\u00e9ro de t\u00e9l\u00e9phone&nbsp;: sur demande \u00e0 l\u2019adresse pha29880@gmail.com Directeur [&hellip;]<\/p>\n","protected":false},"author":2,"featured_media":0,"parent":0,"menu_order":0,"comment_status":"closed","ping_status":"closed","template":"","meta":{"ngg_post_thumbnail":0,"_EventAllDay":false,"_EventTimezone":"","_EventStartDate":"","_EventEndDate":"","_EventStartDateUTC":"","_EventEndDateUTC":"","_EventShowMap":false,"_EventShowMapLink":false,"_EventURL":"","_EventCost":"","_EventCostDescription":"","_EventCurrencySymbol":"","_EventCurrencyCode":"","_EventCurrencyPosition":"","_EventDateTimeSeparator":"","_EventTimeRangeSeparator":"","_EventOrganizerID":[],"_EventVenueID":[],"_OrganizerEmail":"","_OrganizerPhone":"","_OrganizerWebsite":"","_VenueAddress":"","_VenueCity":"","_VenueCountry":"","_VenueProvince":"","_VenueState":"","_VenueZip":"","_VenuePhone":"","_VenueURL":"","_VenueStateProvince":"","_VenueLat":"","_VenueLng":"","_VenueShowMap":false,"_VenueShowMapLink":false,"footnotes":""},"categories":[125],"tags":[],"class_list":["post-105","page","type-page","status-publish","hentry","category-gestion-du-site"],"_links":{"self":[{"href":"https:\/\/appriou.bzh\/index.php\/wp-json\/wp\/v2\/pages\/105","targetHints":{"allow":["GET"]}}],"collection":[{"href":"https:\/\/appriou.bzh\/index.php\/wp-json\/wp\/v2\/pages"}],"about":[{"href":"https:\/\/appriou.bzh\/index.php\/wp-json\/wp\/v2\/types\/page"}],"author":[{"embeddable":true,"href":"https:\/\/appriou.bzh\/index.php\/wp-json\/wp\/v2\/users\/2"}],"replies":[{"embeddable":true,"href":"https:\/\/appriou.bzh\/index.php\/wp-json\/wp\/v2\/comments?post=105"}],"version-history":[{"count":0,"href":"https:\/\/appriou.bzh\/index.php\/wp-json\/wp\/v2\/pages\/105\/revisions"}],"wp:attachment":[{"href":"https:\/\/appriou.bzh\/index.php\/wp-json\/wp\/v2\/media?parent=105"}],"wp:term":[{"taxonomy":"category","embeddable":true,"href":"https:\/\/appriou.bzh\/index.php\/wp-json\/wp\/v2\/categories?post=105"},{"taxonomy":"post_tag","embeddable":true,"href":"https:\/\/appriou.bzh\/index.php\/wp-json\/wp\/v2\/tags?post=105"}],"curies":[{"name":"wp","href":"https:\/\/api.w.org\/{rel}","templated":true}]}}