{"id":131,"date":"2010-12-03T16:32:38","date_gmt":"2010-12-03T15:32:38","guid":{"rendered":"https:\/\/plouguerneau.net\/oiseaux\/"},"modified":"2010-12-03T16:32:38","modified_gmt":"2010-12-03T15:32:38","slug":"oiseaux","status":"publish","type":"page","link":"https:\/\/appriou.bzh\/index.php\/oiseaux\/","title":{"rendered":"Oiseaux"},"content":{"rendered":"<p><font color=red><i>En cours de r\u00e9daction<\/i><\/font><br \/>\n<\/p>\n<table width=100% border=1 bordercolor=\"#dddddd\" cellpading=4 cellspacing=0 frame=BELOW rules=ROWS >\n<tr>\n<td width=70%><font size=2><\/p>\n<div align=justify>\nL&rsquo;<font color=blue>aigrette garzette<\/font> est la plus r\u00e9pandue des aigrettes. Son corps rev\u00eat un plumage blanc. Elle a un long cou. Son bec est noir et tr\u00e8s allong\u00e9. Ses longues pattes noires sont prolong\u00e9es par des doigts jaunes. Si l&rsquo;on aper\u00e7oit des plumes derri\u00e8re sa t\u00eate, formant un panache, c&rsquo;est que celle-ci est en p\u00e9riode de reproduction. <\/td>\n<td><img decoding=\"async\" src=\"https:\/\/appriou.bzh\/wp-content\/uploads\/2010\/12\/faune_oiseaux_aigrettegarzettep.jpg\"><\/td>\n<\/tr>\n<tr>\n<td width=70%><font size=2><\/p>\n<div align=justify>\nLa <font color=blue>barge<\/font> <\/td>\n<td><img decoding=\"async\" src=\"https:\/\/appriou.bzh\/wp-content\/uploads\/2010\/12\/faune_oiseaux_barge2.jpg\" width=250 height=167><\/td>\n<\/tr>\n<tr>\n<td><font size=2><\/p>\n<div align=justify>\nLe <font color=blue>b\u00e9casseau sanderling<\/font><br \/>\nse rencontre fr\u00e9quemment sur nos c\u00f4tes en hiver: en groupe, il profite du ressac pour se nourrir, on le voit donc avancer et reculer en m\u00eame temps que les vagues, piochant le sable avec son bec \u00e0 la recherche de nourriture (vers, crustac\u00e9s, insectes, mouches)<br \/>\nIl est assez petit (env 20 cm), gris clair dessus et blanc dessous, le bec assez long, droit et noir de la m\u00eame couleur que les pattes.Il est reconnaissable \u00e0 sa tache noire sur l&rsquo;\u00e9paule.Il vit 13 ans en moyenne.<br \/>\nAttention, il peut \u00eatre confondu avec le b\u00e9casseau variable et s&rsquo;en distingue par sa tache noire et son bec<br \/>\n\n<\/td>\n<td>\n<img decoding=\"async\" src=\"https:\/\/appriou.bzh\/wp-content\/uploads\/2010\/12\/faune_oiseaux_becasseausanderling.jpg\"><br \/>\n<img decoding=\"async\" src=\"https:\/\/appriou.bzh\/wp-content\/uploads\/2010\/12\/faune_oiseaux_becasseausanderling1.jpg\">\n<\/td>\n<\/tr>\n<tr>\n<td><font size=2><\/p>\n<div align=justify>\nLe <font color=blue>bouvreuil<\/font> \n<\/td>\n<td>\n<img decoding=\"async\" src=\"https:\/\/appriou.bzh\/wp-content\/uploads\/2010\/12\/faune_oiseaux_terre_bouvreuil.jpg\">\n<\/td>\n<\/tr>\n<tr>\n<td><font size=2><font color=blue>bruant jaune<\/font>\n<\/td>\n<td>\n<a href=\"https:\/\/appriou.bzh\/wp-content\/uploads\/2010\/12\/faune_oiseaux_terre_bruantjaune01.jpg\" target=blank><img decoding=\"async\" src=\"https:\/\/appriou.bzh\/wp-content\/uploads\/2010\/12\/faune_oiseaux_terre_bruantjaune01p.jpg\"><\/a><br \/>\n<a href=\"https:\/\/appriou.bzh\/wp-content\/uploads\/2010\/12\/faune_oiseaux_terre_bruantjaune02.jpg\" target=blank><img decoding=\"async\" src=\"https:\/\/appriou.bzh\/wp-content\/uploads\/2010\/12\/faune_oiseaux_terre_bruantjaune02p.jpg\"><\/a><br \/>\n<a href=\"https:\/\/appriou.bzh\/wp-content\/uploads\/2010\/12\/faune_oiseaux_terre_bruantjaune03.jpg\" target=blank><img decoding=\"async\" src=\"https:\/\/appriou.bzh\/wp-content\/uploads\/2010\/12\/faune_oiseaux_terre_bruantjaune03p.jpg\"><\/a>\n<\/td>\n<\/tr>\n<tr>\n<td><font size=2><\/p>\n<div align=justify>\n<font color=blue>chevalier gambette<\/font>\n<\/td>\n<td><\/td>\n<\/tr>\n<tr>\n<td><font size=2><\/p>\n<div align=justify>\n<font color=blue>choucas des tours<\/font>\n<\/td>\n<td><img decoding=\"async\" src=\"https:\/\/appriou.bzh\/wp-content\/uploads\/2010\/12\/faune_oiseaux_choucasdestours.jpg\"><\/td>\n<\/tr>\n<tr>\n<td><font size=2><\/p>\n<div align=justify>\n<font color=blue>cochevis hupp\u00e9<\/font><br \/>\nTr\u00e8s rare<\/td>\n<td><img decoding=\"async\" src=\"https:\/\/appriou.bzh\/wp-content\/uploads\/2010\/12\/faune_oiseaux_cochevishuppe.jpg\"><\/td>\n<\/tr>\n<tr>\n<td><font size=2><font color=blue>col vert<\/font>\n<\/td>\n<td>\n<img decoding=\"async\" src=\"https:\/\/appriou.bzh\/wp-content\/uploads\/2010\/12\/faune_oiseaux_colvert.jpg\"><br \/>\n<img decoding=\"async\" src=\"https:\/\/appriou.bzh\/wp-content\/uploads\/2010\/12\/faune_oiseaux_colvert1.jpg\"><\/p>\n<\/td>\n<\/tr>\n<tr>\n<td><font size=2><\/p>\n<div align=justify>\nLe <font color=blue>cormoran<\/font> est un oiseau de mer, au plumage noir, au long cou, au bec long et fin noir et jaune l\u00e9g\u00e8rement crochet\u00e9. Les m\u00e2les et les femelles sont identiques, ils portent une huppe en p\u00e9riode de reproduction, de la fin de l&rsquo;hiver au d\u00e9but du printemps; seuls les jeunes poss\u00e8dent un plumage marron au ventre beige.<br \/>\nAu sol, sur des rochers ou des \u00e9cueils, il se pr\u00e9sente souvent debout, bien vertical, les ailes d\u00e9ploy\u00e9es en forme de croix pour s\u00e9cher (ce qui n&rsquo;est pas scientifiquement d\u00e9montr\u00e9).<br \/>\nEn vol, le cou tendu dans le prolongement de son corps, il se dirige en ligne droite au ras de l&rsquo;eau avec des battements d&rsquo;ailes lents et r\u00e9guliers.<br \/>\nEn mer, il nage le corps presque totalement immerg\u00e9, son long cou et sa t\u00eate mobile \u00e9mergeant \u00e0 la mani\u00e8re d&rsquo;un p\u00e9riscope.<br \/>\nIl p\u00eache des poissons en plongeant de la surface, jusqu&rsquo;\u00e0 une vingtaine de m\u00e8tres de profondeur, gr\u00e2ce \u00e0 de puissantes pattes palm\u00e9es. De retour \u00e0 la surface, il lance sa proie en l&rsquo;air pour l&rsquo;avaler la t\u00eate la premi\u00e8re.<br \/>\nComme la plupart des oiseaux de mer, il a un comportement gr\u00e9gaire (vit en groupe), les reposoirs sur les rochers littoraux, rapidement blanchis par leur guano, l&rsquo;attestent !<br \/>\n\n<\/td>\n<td><img decoding=\"async\" src=\"https:\/\/appriou.bzh\/wp-content\/uploads\/2010\/12\/faune_oiseaux_cormoran.jpg\"><br \/>\n<img decoding=\"async\" src=\"https:\/\/appriou.bzh\/wp-content\/uploads\/2010\/12\/faune_oiseaux_cormoran2.jpg\" width=250 height=167><\/td>\n<\/tr>\n<tr>\n<td><font size=2><font color=blue>courlis<\/font>\n<\/td>\n<td><\/td>\n<\/tr>\n<tr>\n<td><font size=2><\/p>\n<div align=justify>\n<font color=blue>Faucon cr\u00e9cerelle<\/font>\n<\/td>\n<td><a href=\"https:\/\/appriou.bzh\/wp-content\/uploads\/2010\/12\/faune_oiseaux_faucon01.jpg\" target=blank><img decoding=\"async\" src=\"https:\/\/appriou.bzh\/wp-content\/uploads\/2010\/12\/faune_oiseaux_fauconp01.jpg\"><\/a><\/td>\n<\/tr>\n<tr>\n<td><font size=2>Le <font color=blue>foulque macroule<\/font>\n<\/td>\n<td><img decoding=\"async\" src=\"https:\/\/appriou.bzh\/wp-content\/uploads\/2010\/12\/faune_oiseaux_foulquemacroule.jpg\">\n<\/td>\n<\/tr>\n<tr>\n<td><font size=2><font color=blue>gravelot<\/font>\n<\/td>\n<td><\/td>\n<\/tr>\n<tr>\n<td><font size=2><font color=blue>h\u00e9ron cendr\u00e9<\/font>\n<\/td>\n<td><img decoding=\"async\" src=\"https:\/\/appriou.bzh\/wp-content\/uploads\/2010\/12\/faune_oiseaux_heroncendre.jpg\"><\/td>\n<\/tr>\n<tr>\n<td><font size=2><font color=blue>hirondelle<\/font>\n<\/td>\n<td><\/td>\n<\/tr>\n<tr>\n<td><font size=2><font color=blue>huitrier pie<\/font>\n<\/td>\n<td><img decoding=\"async\" src=\"https:\/\/appriou.bzh\/wp-content\/uploads\/2010\/12\/faune_oiseaux_huitrierpie.jpg\"><\/td>\n<\/tr>\n<tr>\n<td><font size=2><font color=blue>merle<\/font>\n<\/td>\n<td><img decoding=\"async\" src=\"https:\/\/appriou.bzh\/wp-content\/uploads\/2010\/12\/faune_oiseaux_merle.jpg\"><br \/>\n<a href=\"https:\/\/appriou.bzh\/wp-content\/uploads\/2010\/12\/faune_oiseaux_merle02.jpg\" target=blank><img decoding=\"async\" src=\"https:\/\/appriou.bzh\/wp-content\/uploads\/2010\/12\/faune_oiseaux_merle02p.jpg\"><\/a><br \/>\n<font size=1>Merles de 1 jour<\/td>\n<\/tr>\n<tr>\n<td><font size=2><font color=blue>m\u00e9sange<\/font>\n<\/td>\n<td><img decoding=\"async\" src=\"https:\/\/appriou.bzh\/wp-content\/uploads\/2010\/12\/faune_oiseaux_mesange.jpg\"><\/td>\n<\/tr>\n<tr>\n<td><font size=2>L&rsquo; <font color=blue>oie bernache<\/font>\n<\/td>\n<td><a href=\"https:\/\/appriou.bzh\/wp-content\/uploads\/2010\/12\/faune_oiseaux_oiebernache.jpg\" target=blank><img decoding=\"async\" src=\"https:\/\/appriou.bzh\/wp-content\/uploads\/2010\/12\/faune_oiseaux_oiebernachep.jpg\"><\/a>\n<\/td>\n<\/tr>\n<tr>\n<td><font size=2><font color=blue>poule d&rsquo;eau<\/font>\n<\/td>\n<td><\/td>\n<\/tr>\n<tr>\n<td><font size=2><font color=blue>rouge-gorge<\/font> \n<\/td>\n<td><\/td>\n<\/tr>\n<tr>\n<td><font size=2><font color=blue>tadorn<\/font>\n<\/td>\n<td><\/td>\n<\/tr>\n<tr>\n<td><font size=2><font color=blue>tourne pierre<\/font>\n<\/td>\n<td>\n<img decoding=\"async\" src=\"https:\/\/appriou.bzh\/wp-content\/uploads\/2010\/12\/faune_oiseaux_tournepierre0.jpg\"><br \/>\n<img decoding=\"async\" src=\"https:\/\/appriou.bzh\/wp-content\/uploads\/2010\/12\/faune_oiseaux_tournepierre1.jpg\"><\/p>\n<\/td>\n<\/tr>\n<tr>\n<td><font size=2>Le <font color=blue>vanneau hupp\u00e9<\/font><br \/>\n\n<\/td>\n<td><img decoding=\"async\" src=\"https:\/\/appriou.bzh\/wp-content\/uploads\/2010\/12\/faune_oiseaux_vanneauhuppe.jpg\">\n<\/td>\n<\/tr>\n<\/table>\n<p>Bibliographie : <\/p>\n<div align=center>\n<div class=\"flash\">\n      <object classid=\"clsid:d27cdb6e-ae6d-11cf-96b8-444553540000\" codebase=\"http:\/\/fpdownload.macromedia.com\/pub\/shockwave\/cabs\/flash\/swflash.cab#version=9,0,0,0\" width=\"500\" height=\"333\" id=\"tech\" align=\"middle\" ><param name=\"movie\" value=\"http:\/\/www.plouguerneau.net\/IMG\/faune\/oiseaux.swf\" \/><param name=\"quality\" value=\"high\" \/><param name=\"allowFullScreen\" value=\"true\" \/><param name=\"wmode\" value=\"transparent\" \/><param name=\"allowScriptAccess\" value=\"always\" \/><param name=\"_flashcreator\" value=\"http:\/\/www.photo-flash-maker.com\" \/><param name=\"_flashhost\" value=\"http:\/\/www.go2album.com\" \/><embed src=\"http:\/\/www.plouguerneau.net\/IMG\/faune\/oiseaux.swf\" width=\"500\" height=\"333\" quality=\"high\" allowFullScreen=\"true\" wmode=\"transparent\" allowScriptAccess=\"always\" name=\"tech\" align=\"middle\" type=\"application\/x-shockwave-flash\" pluginspage=\"http:\/\/www.macromedia.com\/go\/getflashplayer\" \/><\/object>\n    <\/div>\n<\/div>\n<p><i>Source : <a href=\"http:\/\/www.oiseaux.net\" target=blank>Oiseaux.net<\/a><\/i><\/p>\n","protected":false},"excerpt":{"rendered":"<p>En cours de r\u00e9daction L&rsquo;aigrette garzette est la plus r\u00e9pandue des aigrettes. Son corps rev\u00eat un plumage blanc. Elle a un long cou. Son bec est noir et tr\u00e8s allong\u00e9. [&hellip;]<\/p>\n","protected":false},"author":4,"featured_media":0,"parent":0,"menu_order":0,"comment_status":"closed","ping_status":"open","template":"","meta":{"ngg_post_thumbnail":0,"_EventAllDay":false,"_EventTimezone":"","_EventStartDate":"","_EventEndDate":"","_EventStartDateUTC":"","_EventEndDateUTC":"","_EventShowMap":false,"_EventShowMapLink":false,"_EventURL":"","_EventCost":"","_EventCostDescription":"","_EventCurrencySymbol":"","_EventCurrencyCode":"","_EventCurrencyPosition":"","_EventDateTimeSeparator":"","_EventTimeRangeSeparator":"","_EventOrganizerID":[],"_EventVenueID":[],"_OrganizerEmail":"","_OrganizerPhone":"","_OrganizerWebsite":"","_VenueAddress":"","_VenueCity":"","_VenueCountry":"","_VenueProvince":"","_VenueState":"","_VenueZip":"","_VenuePhone":"","_VenueURL":"","_VenueStateProvince":"","_VenueLat":"","_VenueLng":"","_VenueShowMap":false,"_VenueShowMapLink":false,"footnotes":""},"categories":[251],"tags":[],"class_list":["post-131","page","type-page","status-publish","hentry","category-patrimoine-naturel"],"_links":{"self":[{"href":"https:\/\/appriou.bzh\/index.php\/wp-json\/wp\/v2\/pages\/131","targetHints":{"allow":["GET"]}}],"collection":[{"href":"https:\/\/appriou.bzh\/index.php\/wp-json\/wp\/v2\/pages"}],"about":[{"href":"https:\/\/appriou.bzh\/index.php\/wp-json\/wp\/v2\/types\/page"}],"author":[{"embeddable":true,"href":"https:\/\/appriou.bzh\/index.php\/wp-json\/wp\/v2\/users\/4"}],"replies":[{"embeddable":true,"href":"https:\/\/appriou.bzh\/index.php\/wp-json\/wp\/v2\/comments?post=131"}],"version-history":[{"count":0,"href":"https:\/\/appriou.bzh\/index.php\/wp-json\/wp\/v2\/pages\/131\/revisions"}],"wp:attachment":[{"href":"https:\/\/appriou.bzh\/index.php\/wp-json\/wp\/v2\/media?parent=131"}],"wp:term":[{"taxonomy":"category","embeddable":true,"href":"https:\/\/appriou.bzh\/index.php\/wp-json\/wp\/v2\/categories?post=131"},{"taxonomy":"post_tag","embeddable":true,"href":"https:\/\/appriou.bzh\/index.php\/wp-json\/wp\/v2\/tags?post=131"}],"curies":[{"name":"wp","href":"https:\/\/api.w.org\/{rel}","templated":true}]}}