{"id":149,"date":"2010-09-16T19:05:06","date_gmt":"2010-09-16T17:05:06","guid":{"rendered":"https:\/\/plouguerneau.net\/soeur-marie-salome\/"},"modified":"2010-09-16T19:05:06","modified_gmt":"2010-09-16T17:05:06","slug":"soeur-marie-salome","status":"publish","type":"page","link":"https:\/\/appriou.bzh\/index.php\/soeur-marie-salome\/","title":{"rendered":"Soeur Marie-Salom\u00e9"},"content":{"rendered":"<div align=justify>\n<table width=100%>\n<tr>\n<td width=30%>\n<div align=center>\n<img decoding=\"async\" src=\"https:\/\/appriou.bzh\/wp-content\/uploads\/2010\/09\/personnages_mariesalome_smariesalome.jpg\"><\/div>\n<\/td>\n<td><font size=2><br \/>\nSoeur Marie-Salom\u00e9 est n\u00e9e le 3 mars 1847 \u00e0 Guiss\u00e9ny. Elle d\u00e9c\u00e8dera le 18 octobre 1930 \u00e0 Alger.<\/td>\n<\/tr>\n<\/table>\n<p><\/p>\n<p><i>Le texte ci-dessous est issu de \u00ab\u00a0La Chronique des S\u0153urs Missionnaires\u00a0\u00bb. Cette chronique a vraisemblablement \u00e9t\u00e9 \u00e9dit\u00e9e entre 1928 et 1930. Aucune modification n&rsquo;y a \u00e9t\u00e9 apport\u00e9e, qu&rsquo;il s&rsquo;agisse de l&rsquo;orthographe, de la ponctuation ou des quelques termes bretons utilis\u00e9s.<\/i><\/p>\n<table width=100%>\n<tr>\n<td width=60%>\n<div align=center>LA MERVEILLEUSE HISTOIRE<br \/> <br \/>\nDE <br \/>\nMARIE-REN\u00c9E ROUDAUT <br \/>\nDE GUISSENY <br \/>\nQUI PARTIT DE PLOUGUERNEAU<br \/>\nPOUR CONVERTIR L&rsquo; AFRIQUE <\/div>\n<p>\n<\/td>\n<td>\n<div align=center>\n<img decoding=\"async\" src=\"https:\/\/appriou.bzh\/wp-content\/uploads\/2010\/09\/personnages_mariesalome_couverture.jpg\"><\/div>\n<\/td>\n<\/tr>\n<\/table>\n<p>Il y avait une fois une petite fille que tout le monde aimait bien, parce qu&rsquo;elle aimait tout le monde \u00e0 cause du bon Dieu. Elle demeurait au village de Ker\u00admaro, o\u00f9 son p\u00e8re et sa m\u00e8re, Ren\u00e9 Roudaut et Marie\u00ad-Jeanne Lossac, cultivaient la terre, et \u00e9levaient leurs cinq enfants. <br \/>\nC&rsquo;\u00e9tait Monsieur Jean Fran\u00e7ois Calvez, le Vicaire, qui l&rsquo;avait baptis\u00e9e le 4 Mars 1847, et depuis, elle s&rsquo;appelait Marie-Ren\u00e9e, qui est un tr\u00e8s beau nom et un pr\u00e9sage de sa mission future. <br \/>\nMarie-Ren\u00e9e avait quatre fr\u00e8res et deux s\u0153urs, qui lui ont donn\u00e9 quantit\u00e9 de neveux et ni\u00e8ces, et tous ceux du pays ont connu ses deux cousins germains, les Mes\u00adsieurs Roudaut, qui furent recteurs de Kerlouan, et ses arri\u00e8re-neveux, les deux abb\u00e9s Bleunven, qui sont morts, l&rsquo;un recteur de Pencran, et l&rsquo;autre vicaire de Guimiliau, et M. Roudaut, vicaire de Saint-Pol, qui gagna la L\u00e9gion d&rsquo;honneur \u00e0 22 ans &#8230; <\/p>\n<div align=center><img decoding=\"async\" src=\"https:\/\/appriou.bzh\/wp-content\/uploads\/2010\/09\/personnages_mariesalome_lecture.jpg\"><br \/>\n<i>Le\u00e7on de lecture<\/i><\/div>\n<p>\nLa petite Marie-Ren\u00e9e, quand l&rsquo;\u00e2ge fut venu d&rsquo;aller \u00e0 l&rsquo;\u00e9cole, (et on n&rsquo;allait pas beaucoup \u00e0 l&rsquo;\u00e9cole dans ce temps-l\u00e0,) tous les matins prenait son petit pa\u00adnier avec ses livres, ses cahiers et son pain, et travaillait de tout son c\u0153ur, comme on travaille toujours \u00e0 Guisseny. <br \/>\nEt puis, quand l&rsquo;\u00e2ge fut venu de faire sa premi\u00e8re Communion, (dans ce temps-l\u00e0, il fallait avoir 11 ans au moins,) Marie-Ren\u00e9e fut re\u00e7ue il l&rsquo;<i>interroj<\/i>, et le Roi des ap\u00f4tres vint travailler son \u00e2me blanche. <\/p>\n<p>En l&rsquo;an 1859, Ren\u00e9 Roudaut et Marie-Jeanne Lossac \u00e9migrent \u00e0 Plouguerneau, au village d&rsquo;Enez Kadec Marie-Ren\u00e9e continue d&rsquo;\u00e9tudier chez les S\u0153urs de la paroisse, et d&rsquo;aider sa m\u00e8re dans les soins du m\u00e9nage. <br \/>\nElle ne fr\u00e9quente pas les r\u00e9jouissances profanes; com\u00adme saint Basile elle ne conna\u00eet que deux chemins, celui de l&rsquo;\u00e9cole et celui de l&rsquo;\u00e9glise. Dure \u00e0 la peine, elle en vaut deux \u00e0 la besogne, et c&rsquo;est le bon Dieu qui l&rsquo;encourage. <br \/>\nCar elle vient communier souvent, presque tous les matins, (ce qui \u00e9tait beaucoup pour ce temps-l\u00e0). Pour\u00adtant il pleut souvent en Bretagne, et les routes sont bien mauvaises, et la temp\u00eate est folle \u00e0 Plouguerneau &#8230;.. Marie-Ren\u00e9e venait \u00e0 l&rsquo;Eucharistie, et puis elle travail\u00adlait!&#8230;<br \/>\nSes ma\u00eetresses avaient bien vu que cette enfant-l\u00e0 \u00e9tait pour le bon Dieu. Et voil\u00e0 qu&rsquo;elle leur dit un jour qu&rsquo;elle voulait, comme elles, vouer ob\u00e9issance, pauvret\u00e9 et chas\u00adtet\u00e9 pour toute sa vie. <br \/>\nCe qui fit qu&rsquo;elle commen\u00e7a son postulat, comme elle allait sur ses 22 ans. Et les S\u0153urs \u00e9taient bien contentes, parce qu&rsquo;on n&rsquo;a pas tous les jours d&rsquo;aussi braves filles et de si grand entendement. <br \/>\nMais qu&rsquo;est-ce qu&rsquo;on entendit tout d&rsquo;un coup apr\u00e8s l&rsquo;autre guerre ? <br \/>\nL&rsquo; Archev\u00eaque d&rsquo; Alger, Mgr Lavigerie, deman\u00addait des Bretonnes pour lui aider \u00e0 fonder \u00ab les S\u0153urs. Missionnaires d&rsquo;A\u00adfrique.\u00a0\u00bb <br \/>\n\u00ab Je n&rsquo;ai \u00e0 vous pro\u00admettre, disait-il, que la pauvret\u00e9 et la souffrance, car la souffrance est la loi de l&rsquo;apostolat&#8230; N&rsquo;atten\u00addez toujours de l&rsquo;Afrique que des souffrances, des d\u00e9boires, des d\u00e9ceptions, puisque ce pays est en\u00adcore sous la puissance du d\u00e9mon.\u00a0\u00bb <br \/>\nSouffrir !&#8230; Le r\u00eave, \u00e9videmment ! <br \/>\nMarie-Ren\u00e9e, pieuse paysanne de 23 ans, dit adieu \u00e0 ses parents et \u00e0 ses ma\u00eetresses qui pleuraient, et sui\u00advie de sa cousine, Marie Roudaut, comme elle de Plou\u00adguerneau, s&rsquo;en alla \u00e0 Alger. <br \/>\nUne fois elle est revenue, il y a quarante ans. Elle a regard\u00e9 le \u00ab\u00a0pays \u00bb \u2026. et jamais plus elle n&rsquo;a revu \u00ab\u00a0le seuil de la maison o\u00f9 (elle jouait) jadis &#8230; \u00bb<\/p>\n<p>L\u00e0-bas, en Afrique, ce n&rsquo;\u00e9tait pas tr\u00e8s gai pour commencer. <br \/>\nIl fallait tout le jour et toute l&rsquo;ann\u00e9e, (Dieu premier servi, bien entendu,) sous un soleil de feu, d\u00e9fricher, labourer, vendanger, trois cents journaux de terre.<br \/>\nEt le coucher, la nourriture, \u00e0 la mode arabe, qui ne conna\u00eet ni lit clos, ni le <i>kiq ha farr.<\/i> <br \/>\nMarie Roudaut, devenue Sr Suzanne, commandait l&rsquo;\u00e9\u00adquipe, et Marie-Ren\u00e9e, devenue Sr Marie-Salom\u00e9, suivait avec ardeur.<br \/>\nL&rsquo;Archev\u00eaque encourageait ses Filles :<br \/> <br \/>\n\u00ab\u00a0Vous \u00eates venues ici, disait-il, pour souffrir et pour mourir &#8230; pour vous laisser  martyriser ! &#8230; La voulez-vous, mes S\u0153urs, la couronne du martyre ? &#8230; La voulez-vous ?\u00a0\u00bb <br \/>\nSr Marie-Salom\u00e9 voulait bien. En attendant, c&rsquo;\u00e9tait la mis\u00e8re noire ! <\/p>\n<p>D\u00e8s le commencement, Mgr Lavigerie s&rsquo;\u00e9tait servi des S\u0153urs de Saint-Charles de Nancy, puis des S\u0153urs de l&rsquo;Assomption, pour former ses Filles aux \u0153u\u00advres hospitali\u00e8res, agricoles et scolaires. Apr\u00e8s dix ans d&rsquo;efforts h\u00e9ro\u00efques, on vit bien que tout cela n&rsquo;allait pas.<br \/> <br \/>\n\u00ab Vous pouvez vous retirer, dit l&rsquo;Archev\u00eaque aux S\u0153urs car nous allons tout recommencer. Restera qui voudra.\u00a0\u00bb Les deux Ploudkern\u00e9s rest\u00e8rent.<br \/>\nC&rsquo;\u00e9tait en 1879. Pendant un an, le petit troupeau v\u00e9cut de privations ; l&rsquo;Archev\u00eaque ne rouvrait pas le Noviciat; on tenait comme on pouvait. <br \/>\nMais en Octobre 1880, les courageuses enfants demand\u00e8rent que l&rsquo;\u00e9preuve f\u00fbt conclue; l&rsquo;Archev\u00eaque permit un essai.<br \/>\nLe Noviciat se rouvrit \u00e0 la Bouzar\u00e9ah ; M\u00e8re Marie-\u00adSalom\u00e9 fut choisie comme Ma\u00eetresse : elle avait 33 ans, dont dix de rude formation africaine; mais deux postu\u00adlantes seulement restaient.<br \/>\nDeux ans apr\u00e8s, le Noviciat comptait 25 Novices.<\/p>\n<p>En 1882 M\u00e8re Marie-Salom\u00e9 fut \u00e9lue Sup\u00e9rieure G\u00e9n\u00e9rale de la petite Congr\u00e9gation; elle avait 35 ans.<br \/>\nEn 1886, la Bouzar\u00e9ah \u00e9tant devenue trop petite, M\u00e8re Salom\u00e9 transf\u00e8re le Noviciat \u00e0 Saint Charles de Kouba.<br \/>\nSa fortune personnelle tout enti\u00e8re passe dans le gouffre des fondations. Elle donne tout, elle se donne toute, et ses filles se font ardentes \u00e0 l&rsquo;imiter.<br \/>\nEt le Cardinal peut dire \u00e0 l&rsquo; Association des Dames pour la conversion des femmes pa\u00efennes : <br \/>\n\u00ab La Communaut\u00e9 ne compte, il est vrai, que cinquante et quelques membres, mais elle a d\u00e9j\u00e0 plusieurs \u00ab maisons dans ,la plaine du Ch\u00e9liff et en Kabylie, et les r\u00e9sultats obtenus par ces humbles S\u0153urs, d\u00e9passent ceux qu&rsquo;obtiennent les Missionnaires. \u00bb<\/p>\n<p>Le 4 Novembre 1892, en la f\u00eate de Saint Charles, la Tr\u00e8s R\u00e9v\u00e9rende M\u00e8re Salom\u00e9 pr\u00e9senta pour la derni\u00e8re fois les v\u0153ux de toutes ses filles, au Cardinal paralys\u00e9. Il fut tr\u00e8s bon, tr\u00e8s grand, tr\u00e8s saint. Il b\u00e9nit la Congr\u00e9\u00adgation, et celle qui, depuis vingt ans, avait \u00e9t\u00e9 comme son bras droit dans la difficile fondation. <\/p>\n<div align=center><img decoding=\"async\" src=\"https:\/\/appriou.bzh\/wp-content\/uploads\/2010\/09\/personnages_mariesalome_pretre.jpg\"><br \/>\n<img decoding=\"async\" src=\"https:\/\/appriou.bzh\/wp-content\/uploads\/2010\/09\/personnages_mariesalome_religieuse.jpg\" title=\"Soeur blanche\">\n<\/div>\n<p>\nEt le 26 Novembre, vers minuit, tandis que priaient, dans sa pauvre chambre, tous les membres de sa maison \u00e9piscopale, la R\u00e9v\u00e9rende M\u00e8re recueillit le dernier soupir de ce grand homme, qui a tant fait pour l&rsquo;Eglise, la France et l&rsquo;humanit\u00e9.<\/p>\n<p>Apr\u00e8s la mort du Fondateur, M\u00e8re Marie-Salom\u00e9 ne perdit pas courage.<br \/>\nLa Congr\u00e9gation comptait alors une centaine de mem\u00adbres. Dans le but de favoriser le recrutement, elle ouvrit en France et \u00e0 l&rsquo;\u00e9tranger, des Postulats o\u00f9 les jeunes filles qui aspirent aux missions, viennent faire, avant de partir pour l&rsquo;Afrique, l&rsquo;\u00e9preuve de leur vocation. (1)<\/p>\n<p>Mais son grand son grand souci fut de travailler activement; ici, par ses propres moyens; l\u00e0, en collaboration avec la Soci\u00e9t\u00e9 des Missionnaires d&rsquo;Afrique (P\u00e8res Blancs), \u00e0 la cr\u00e9ation en faveur des pauvres indig\u00e8nes. Et bient\u00f4t l&rsquo;on vit s&rsquo;ouvrir en Kabylie, et jusqu&rsquo;au fond du d\u00e9sert, des Asiles pour l&rsquo;enfance et la vieillesse; des Dispensaires, des H\u00f4pitaux, pour les malades et les in\u00adfirmes que tous rebutent.<br \/>\nEnfin, pour tirer les femmes et les filles de l&rsquo;oisivet\u00e9 et de toutes les mis\u00e8res qui en sont la suite, des ateliers furent cr\u00e9\u00e9s, o\u00f9 des milliers de ces pauvres cr\u00e9atures ont appris et apprennent encore tous les jours il gagner hon\u00adn\u00eatement leur vie. Mais le z\u00e8le de M\u00e8re Marie-Salom\u00e9 n&rsquo;a point de limites; comme celui du Fondateur, il s&rsquo;\u00e9tend \u00e0 toutes les parties de l&rsquo;Afrique.<\/p>\n<p><\/p>\n<div align=center><img decoding=\"async\" src=\"https:\/\/appriou.bzh\/wp-content\/uploads\/2010\/09\/personnages_mariesalome_nomades.jpg\"><br \/>\n<i>Visite chez les Nomades<\/i><\/div>\n<p><\/p>\n<p>En 1878, docile \u00e0 l&rsquo;impulsion de leur chef, les P\u00e8res Blancs partaient, vaillants, \u00e0 l&rsquo;assaut de cette Afrique centrale, que les r\u00e9cits de Livingstone et de Stanley venaient de r\u00e9v\u00e9ler au monde civilis\u00e9.<br \/> <br \/>\nLes S\u0153urs Blanches ne tard\u00e8rent pas \u00e0 prendre le m\u00eame chemin, et, sous la direction des Missionnaires, se mirent \u00e0 travailler de tout c\u0153ur \u00e0 l&rsquo;\u00e9ducation de la jeunesse et de la famille chr\u00e9tienne.<br \/> <br \/>\nLe ciel b\u00e9nit leur d\u00e9vouement ; autour d&rsquo;elles les vo\u00adcations ne tard\u00e8rent pas \u00e0 se manifester, si bien que, \u00e0 cette heure, 350 vierges noires, form\u00e9es par leurs soins, s&rsquo;adjoignent \u00e0 la pl\u00e9iade d&rsquo;\u00e2mes apostoliques, consacr\u00e9es par la R\u00e9v\u00e9rende M\u00e8re Marie-Salom\u00e9, \u00e0 la conversion et \u00e0 la r\u00e9g\u00e9n\u00e9ration de l&rsquo;Afrique. (2) <\/p>\n<p>Aussi, les derni\u00e8res statistiques \u00e9valuent-elles \u00e0 plus de 50 000 le nombre des femmes, jeunes filles, enfants instruits annuellement, dans les diverses parties de l&rsquo;Afrique, par les S\u0153urs Blanches et par leurs aides. <br \/>\nAu point de vue sanitaire, les m\u00eames statistiques don\u00adnent le chiffre de 1 650 000 malades, soign\u00e9s par elles annuellement dans les h\u00f4pitaux, dispensaires, l\u00e9proseries. <br \/>\nEnfin, chaque ann\u00e9e, plus de 2 000 petits Africains, baptis\u00e9s par les religieuses, \u00e0 l&rsquo;article de la mort, s&rsquo;en vont au ciel, contempler la gloire divine que, sans elles, ils n&rsquo;auraient jamais connue. <\/p>\n<p>Et tout cela est le fruit de la vocation d&rsquo;une pe\u00adtite Bretonne de Plouguerneau, dont le c\u0153ur se montra docile \u00e0 l&rsquo;appel du bon Dieu !<br \/>\nMais l&rsquo;humble Marie-Ren\u00e9e Roudaut, de Guisseny et de Plouguerneau, la grande Sup\u00e9rieure d&rsquo;Alger, n&rsquo;y pense m\u00eame pas ; il lui suffit d&rsquo;avoir gagn\u00e9 la double couronne des Vierges et des Ap\u00f4tres, et cette meilleure part ne lui sera pas \u00f4t\u00e9e. <\/p>\n<p>\n(1)Pour la Bretagne un Postulat est ouvert \u00e0 Rennes, rue Pointeau du Ronceraye,<br \/> <br \/>\n(2)Actuellement la Congr\u00e9gation des S\u0153urs Blanches Missionnaires de N.-D. d&rsquo;Afrique, compte un peu plus de 800 membres. (Novembre 1928)<\/p>\n<p><\/p>\n<div align=center><img decoding=\"async\" src=\"https:\/\/appriou.bzh\/wp-content\/uploads\/2010\/09\/personnages_mariesalome_chameau.jpg\">\n<\/div>\n<p>La Chronique des S\u0153urs Missionnaires para\u00eet tous les mois ; elle est envoy\u00e9e r\u00e9guli\u00e8rement \u00e0 tous les Bienfaiteurs, ainsi qu&rsquo;\u00e0 toutes les personnes qui nous font parvenir annuellement la modeste aum\u00f4ne de 5 francs.<br \/> <br \/>\nS&rsquo;adresser \u00e0 la Directrice de la Chronique <br \/>\n\u00e0 Birmandreis (Alger) &#8211; C\/c 44.38 Alger <\/p>\n<p><\/p>\n<div align=center>CONGR\u00c9GATION <br \/>\nDES <br \/>\nS\u0152URS MISSIONNAIRES DE NOTRE-DAME D&rsquo;AFRIQUE<br \/> <br \/>\n(SOEURS BLANCHES) <\/div>\n<p>La Congr\u00e9gation des S\u0153urs Missionnaires de Notre-Dame d&rsquo;Afrique a \u00e9t\u00e9 fond\u00e9e en 1869 par le Car\u00addinal Lavigerie pour travailler en Afrique, de concert avec les P\u00e8res Blancs, \u00e0 l&rsquo;\u00e9vang\u00e9lisation de cet immense continent, et sp\u00e9cialement \u00e0 la r\u00e9g\u00e9n\u00e9ration de la fem\u00adme infid\u00e8le. <br \/>\nLes S\u0153urs exercent leur apostolat en Alg\u00e9rie, en Tu\u00adnisie, au Sahara et au Soudan Fran\u00e7ais ; dans les pays situ\u00e9s sur les bords des Grands Lacs de d&rsquo;Afrique \u00e9quato\u00adriale et dans la r\u00e9gion du Haut-Congo. <br \/>\nLa Congr\u00e9gation est gouvern\u00e9e par une Sup\u00e9rieure G\u00e9n\u00e9rale qui rel\u00e8ve directement de Rome. Les Constitu\u00adtions ont \u00e9t\u00e9 approuv\u00e9es d\u00e9finitivement par un d\u00e9cret du Saint-Si\u00e8ge en date du 14 D\u00e9cembre 1909. <\/p>\n<p>ADRESSES DES POSTULATS <br \/>\nBagneux (Seine), 1 bis, rue des Ecoles. <br \/>\nFrancheville-le-Haut (Rh\u00f4ne), \u00ab\u00a0La Chardonni\u00e8re \u00bb <br \/>\nRennes (I.-et-V.), 8, rue pointeau du Ronceraye.\n<\/div>\n","protected":false},"excerpt":{"rendered":"<p>Soeur Marie-Salom\u00e9 est n\u00e9e le 3 mars 1847 \u00e0 Guiss\u00e9ny. Elle d\u00e9c\u00e8dera le 18 octobre 1930 \u00e0 Alger. Le texte ci-dessous est issu de \u00ab\u00a0La Chronique des S\u0153urs Missionnaires\u00a0\u00bb. Cette [&hellip;]<\/p>\n","protected":false},"author":4,"featured_media":0,"parent":0,"menu_order":0,"comment_status":"closed","ping_status":"open","template":"","meta":{"ngg_post_thumbnail":0,"_EventAllDay":false,"_EventTimezone":"","_EventStartDate":"","_EventEndDate":"","_EventStartDateUTC":"","_EventEndDateUTC":"","_EventShowMap":false,"_EventShowMapLink":false,"_EventURL":"","_EventCost":"","_EventCostDescription":"","_EventCurrencySymbol":"","_EventCurrencyCode":"","_EventCurrencyPosition":"","_EventDateTimeSeparator":"","_EventTimeRangeSeparator":"","_EventOrganizerID":[],"_EventVenueID":[],"_OrganizerEmail":"","_OrganizerPhone":"","_OrganizerWebsite":"","_VenueAddress":"","_VenueCity":"","_VenueCountry":"","_VenueProvince":"","_VenueState":"","_VenueZip":"","_VenuePhone":"","_VenueURL":"","_VenueStateProvince":"","_VenueLat":"","_VenueLng":"","_VenueShowMap":false,"_VenueShowMapLink":false,"footnotes":""},"categories":[273],"tags":[],"class_list":["post-149","page","type-page","status-publish","hentry","category-portraits-dhier"],"_links":{"self":[{"href":"https:\/\/appriou.bzh\/index.php\/wp-json\/wp\/v2\/pages\/149","targetHints":{"allow":["GET"]}}],"collection":[{"href":"https:\/\/appriou.bzh\/index.php\/wp-json\/wp\/v2\/pages"}],"about":[{"href":"https:\/\/appriou.bzh\/index.php\/wp-json\/wp\/v2\/types\/page"}],"author":[{"embeddable":true,"href":"https:\/\/appriou.bzh\/index.php\/wp-json\/wp\/v2\/users\/4"}],"replies":[{"embeddable":true,"href":"https:\/\/appriou.bzh\/index.php\/wp-json\/wp\/v2\/comments?post=149"}],"version-history":[{"count":0,"href":"https:\/\/appriou.bzh\/index.php\/wp-json\/wp\/v2\/pages\/149\/revisions"}],"wp:attachment":[{"href":"https:\/\/appriou.bzh\/index.php\/wp-json\/wp\/v2\/media?parent=149"}],"wp:term":[{"taxonomy":"category","embeddable":true,"href":"https:\/\/appriou.bzh\/index.php\/wp-json\/wp\/v2\/categories?post=149"},{"taxonomy":"post_tag","embeddable":true,"href":"https:\/\/appriou.bzh\/index.php\/wp-json\/wp\/v2\/tags?post=149"}],"curies":[{"name":"wp","href":"https:\/\/api.w.org\/{rel}","templated":true}]}}