{"id":2299,"date":"2019-03-14T15:57:53","date_gmt":"2019-03-14T14:57:53","guid":{"rendered":"https:\/\/plouguerneau.net\/?p=2299"},"modified":"2019-03-14T15:57:53","modified_gmt":"2019-03-14T14:57:53","slug":"les-societes-de-menage-suite","status":"publish","type":"page","link":"https:\/\/appriou.bzh\/index.php\/les-societes-de-menage-suite\/","title":{"rendered":"les soci\u00e9t\u00e9s de m\u00e9nage (suite)"},"content":{"rendered":"\n<p><p style=\"text-align: justify;\">Kergadavarn, le 28 02 2019 (Andr\u00e9 Nicolas, Jean-Pierre Hirrien).<\/p><\/p>\n\n\n\n<p><p style=\"text-align: justify;\">En 2018, les soci\u00e9t\u00e9s de m\u00e9nage en L\u00e9on ont fait l\u2019objet d\u2019une \u00e9tude qui puisait ses racines dans un fonds documentaire provenant de ma famille domicili\u00e9e \u00e0 Sibiril. Il \u00e9tait tentant de creuser le sujet en se r\u00e9f\u00e9rant \u00e0 Plouguerneau. Sollicit\u00e9, Andr\u00e9 Nicolas, membre de PHA et infatigable chercheur sur l\u2019histoire de notre commune, m\u2019a communiqu\u00e9 deux documents qui permettent de renforcer l\u2019analyse initiale.<\/p><\/p>\n\n\n\n<p><p style=\"text-align: justify;\"><strong>Le premier document date de f\u00e9vrier 1804. <\/strong><\/p><\/p>\n\n\n\n<p><p style=\"text-align: justify;\">Goulven Anthon et sa femme (une Paul ?), Yves Paul et Marie-Anne Anthon, Jean Paul et Anne Anthon, d\u00e9cident de cr\u00e9er une soci\u00e9t\u00e9 de m\u00e9nage par tiers pour vivre et demeurer ensemble au lieu-dit Lannebeur en Plouguerneau. <\/p><\/p>\n\n\n\n<p><p style=\"text-align: justify;\">L\u2019accord concerne donc les familles Paul et Anthon.\u00a0 Goulven Anthon et son \u00e9pouse c\u00e8dent et vendent aux dits Yves Paul et Jean Paul et leurs femmes (des Anthon, peut-\u00eatre les filles de Goulven et de sa femme) les 2\/3 de leur m\u00e9nage pour la somme de 4800 francs.\u00a0 Mais comme Goulven Anthon <em>\u00ab\u00a0passe acompte comme dot\u00a0\u00bb<\/em> de la somme de 3000 francs (1500 francs pour chaque couple) les nouveaux associ\u00e9s ne doivent plus que 1800 francs pour la jouissance des 2\/3 de la ferme &amp; terres (soit 900 francs chacun). La communaut\u00e9 de m\u00e9nage est fix\u00e9e pour une dur\u00e9e de neuf ans et d\u00e9bute le 8 vend\u00e9miaire 1804 (le 30 09 1804). Un premier versement de 360 francs par an est fix\u00e9 \u00e0 la m\u00eame date. \u00a0Il est pr\u00e9cis\u00e9 qu\u2019en cas de d\u00e9c\u00e8s d\u2019un membre du couple G. Anthon, le survivant garde ses droits d\u2019un tiers. En fin de soci\u00e9t\u00e9 les tiers (biens et terres) acquis demeurent \u00e0 leurs propri\u00e9taires.<\/p> <p style=\"text-align: justify;\">G. Anthon et sa femme travaillent \u00e9galement (en fermage\u00a0?) une autre exploitation appartenant \u00e0 Kmen\u00e9 (\u00a0?). Si les nouveaux associ\u00e9s le d\u00e9sirent, ils pourront les rejoindre aux m\u00eames conditions et en payant le bail aux 2\/3.\u00a0\u00a0\u00a0\u00a0\u00a0\u00a0\u00a0\u00a0\u00a0\u00a0\u00a0\u00a0\u00a0\u00a0\u00a0\u00a0\u00a0\u00a0\u00a0\u00a0\u00a0\u00a0\u00a0\u00a0\u00a0\u00a0\u00a0\u00a0 \u00a0\u00a0\u00a0\u00a0\u00a0\u00a0\u00a0\u00a0\u00a0\u00a0\u00a0\u00a0\u00a0\u00a0\u00a0\u00a0\u00a0\u00a0\u00a0\u00a0\u00a0\u00a0\u00a0\u00a0\u00a0\u00a0\u00a0\u00a0\u00a0\u00a0\u00a0\u00a0\u00a0\u00a0\u00a0\u00a0\u00a0\u00a0\u00a0\u00a0\u00a0\u00a0\u00a0\u00a0\u00a0\u00a0\u00a0\u00a0\u00a0\u00a0\u00a0\u00a0\u00a0\u00a0\u00a0\u00a0\u00a0\u00a0\u00a0\u00a0\u00a0\u00a0\u00a0\u00a0\u00a0\u00a0\u00a0\u00a0\u00a0\u00a0\u00a0\u00a0\u00a0\u00a0\u00a0\u00a0\u00a0\u00a0\u00a0\u00a0\u00a0\u00a0\u00a0\u00a0\u00a0\u00a0\u00a0\u00a0\u00a0\u00a0\u00a0\u00a0\u00a0\u00a0\u00a0\u00a0\u00a0\u00a0\u00a0\u00a0\u00a0\u00a0\u00a0\u00a0<\/p> <p style=\"text-align: justify;\"> Parmi les obligations des nouveaux arrivants on signalera leur participation pour 2 \/3 \u00e0 la taxe fonci\u00e8re et autres obligations, l\u2019entretien des logements de ferme, les charrois, la nourriture, l\u2019h\u00e9bergement des artisans intervenant pour travaux dans l\u2019exploitation agricole. <\/p><\/p>\n\n\n\n<p><p style=\"text-align: justify;\">\u00a0G. Anthon et son \u00e9pouse ainsi que les deux autres couples se r\u00e9servent certains biens personnels qui n\u2019entrent pas en commun dans la soci\u00e9t\u00e9 de m\u00e9nage (des meubles\u00a0: lits-clos, huches, armoires, tables\u00a0; de la literie, des draps mortuaires sans doute de famille\u00a0; de la vaisselle en \u00e9tain ou argent).<\/p><\/p>\n\n\n\n<p><p style=\"text-align: justify;\"><strong>Le second document, dat\u00e9 du 14 janvier 1830, <\/strong>implique \u00e0 nouveau Jean Paul veuf d\u2019Anne Anthon (cit\u00e9e en 1804) ainsi que Fran\u00e7ois-Marie Rucard et Marie-Fran\u00e7oise Paul sa femme. La famille Paul ne s\u2019associe plus avec celle des Anthon mais celle des Rucard.\u00a0 Les autres membres de la premi\u00e8re soci\u00e9t\u00e9 de m\u00e9nage n\u2019apparaissent plus dans le contrat (d\u00e9c\u00e8s ou rupture de l\u2019accord en sont les explications). Les trois membres de la soci\u00e9t\u00e9 demeurent ensemble au terroir de Lannebeur, quartier de Gorreblou\u00e9, commune de Plouguerneau. \u00ab L\u2019exploitation agricole \u00bb de d\u00e9part est donc p\u00e9rennis\u00e9e au m\u00eame lieu qu\u2019en 1804, ce qui constitue l\u2019un des points forts des soci\u00e9t\u00e9s de m\u00e9nage. <\/p><\/p>\n\n\n\n<p><p style=\"text-align: justify;\">Les membres <em>\u00ab\u00a0veulent et d\u00e9sirent vivre ensemble en soci\u00e9t\u00e9 de m\u00e9nage \u00e0 Lannebeur, maneuvrements, jouissance, droits de fermier \u00ab\u00a0<\/em> Ledit Jean Paul, beau-p\u00e8re et p\u00e8re, d\u00e9clare par le \u00ab\u00a0<em>pr\u00e9sent vendre, c\u00e9der &amp; transporter de ce jour et pour toujours \u00e0 jamais la moiti\u00e9 de son m\u00e9nage manoeuvrements, jouissance et droits de fermiers aux dits Fran\u00e7ois-Marie Rucard &amp; Marie-Fran\u00e7oise Paul pour eux et leurs hoirs <\/em>(h\u00e9ritiers directs)<em> successeurs en les subrogeant dans la moiti\u00e9 de la jouissance de la ferme de Lannebeur\u00a0\u00bb<\/em>. La vente et subrogration (substitution juridique d\u2019une personne, ici des mineurs) sont faites entre les deux parties moyennant la somme de 2319 francs. Un surplus de 519 francs (pourquoi\u00a0?) sera r\u00e9gl\u00e9 en trois termes \u00e9gaux par F-M Rucard et M-F Paul \u00e0 Jean Paul (\u00e9chelonn\u00e9s sur 12 ans). Jean Paul laisse \u00e0 son gendre et \u00e0 sa fille 900 francs en dot d\u2019hoirie d\u00e9duite de la somme totale (2319 francs), \u00e0 valoir \u00e0 la succession d\u2019Anne Anthon (sans doute d\u00e9c\u00e9d\u00e9e depuis peu). Le couple entrant pour moiti\u00e9 dans la soci\u00e9t\u00e9 de m\u00e9nage et Jean Paul pour l\u2019autre moiti\u00e9, les premiers doivent acquitter en outre chaque ann\u00e9e \u00e0 Jean Paul 150 francs (premier versement au 29 09 1830) et pour 9 ans durant la dur\u00e9e de la soci\u00e9t\u00e9 ainsi que la moiti\u00e9 de la contribution fonci\u00e8re. De plus, les diverses r\u00e9parations (dont les toitures et les couvertures des maisons), l\u2019entretien des foss\u00e9s incombent aux deux parties.\u00a0 Tous participeront et jouiront dans la proportion, des pertes, des b\u00e9n\u00e9fices, des frais, d\u00e9penses, et des mises.\u00a0\u00a0\u00a0\u00a0\u00a0\u00a0\u00a0\u00a0\u00a0\u00a0\u00a0\u00a0\u00a0\u00a0\u00a0\u00a0\u00a0\u00a0\u00a0\u00a0\u00a0\u00a0\u00a0\u00a0\u00a0\u00a0\u00a0\u00a0\u00a0\u00a0\u00a0\u00a0\u00a0\u00a0\u00a0\u00a0\u00a0\u00a0\u00a0\u00a0\u00a0\u00a0\u00a0\u00a0\u00a0\u00a0\u00a0\u00a0\u00a0\u00a0\u00a0\u00a0 \u00a0\u00a0\u00a0\u00a0\u00a0\u00a0\u00a0\u00a0\u00a0\u00a0\u00a0\u00a0\u00a0\u00a0\u00a0\u00a0\u00a0\u00a0\u00a0\u00a0\u00a0\u00a0\u00a0\u00a0\u00a0\u00a0\u00a0\u00a0\u00a0\u00a0\u00a0\u00a0\u00a0\u00a0\u00a0\u00a0\u00a0\u00a0\u00a0\u00a0\u00a0\u00a0\u00a0\u00a0\u00a0\u00a0\u00a0\u00a0\u00a0\u00a0\u00a0\u00a0\u00a0\u00a0\u00a0\u00a0\u00a0\u00a0\u00a0\u00a0\u00a0\u00a0\u00a0\u00a0\u00a0\u00a0\u00a0\u00a0\u00a0\u00a0\u00a0\u00a0\u00a0\u00a0\u00a0\u00a0\u00a0\u00a0\u00a0\u00a0\u00a0\u00a0\u00a0\u00a0\u00a0\u00a0\u00a0\u00a0\u00a0\u00a0\u00a0\u00a0\u00a0\u00a0\u00a0\u00a0\u00a0\u00a0\u00a0\u00a0\u00a0\u00a0\u00a0\u00a0\u00a0\u00a0\u00a0\u00a0\u00a0\u00a0\u00a0\u00a0\u00a0\u00a0\u00a0<\/p> <p style=\"text-align: justify;\"> La dissolution de la soci\u00e9t\u00e9 sera partageable \u00e0 ladite proportion. <\/p><\/p>\n\n\n\n<p><p style=\"text-align: justify;\">A noter que le couple Rucard\/Paul, comme en 1804, se r\u00e9serve hors soci\u00e9t\u00e9 deux armoires et autres gros meubles (tables, lits, bancs, huches, coffres vaisseliers, autres armoires) ainsi que des couettes, traversins, couverts d\u2019argent, draps mortuaires, nappes. Jean Paul, adopte la m\u00eame attitude pour des draps mortuaires et des nappes.\u00a0 <br>\u00a0Ollivier Colin procureur des droits certifie l\u2019authenticit\u00e9 du contrat.<\/p><\/p>\n\n\n\n<p><p style=\"text-align: justify;\">Les dispositions retenues par les membres de ces deux soci\u00e9t\u00e9s de m\u00e9nage, chronologiquement ant\u00e9rieures \u00e0 celles pr\u00e9sent\u00e9es dans notre premier article sont du m\u00eame ordre. On rappellera le d\u00e9sir d\u2019association de deux familles afin de garder des biens acquis de g\u00e9n\u00e9ration en g\u00e9n\u00e9ration, la vente au 2\/3 ou \u00e0 moiti\u00e9 des biens existants aux couples plus jeunes et \u00e0 des prix all\u00e9chants et all\u00e9g\u00e9s par la d\u00e9duction de dots, la participation commune aux b\u00e9n\u00e9fices et aux d\u00e9penses, aux d\u00e9ficits, et aux travaux. Certains biens \u00e0 valeurs sentimentales sont exclus de la soci\u00e9t\u00e9 de m\u00e9nage (meubles, argenterie, linge).<\/p><\/p>\n","protected":false},"excerpt":{"rendered":"<p>Kergadavarn, le 28 02 2019 (Andr\u00e9 Nicolas, Jean-Pierre Hirrien). En 2018, les soci\u00e9t\u00e9s de m\u00e9nage en L\u00e9on ont fait l\u2019objet d\u2019une \u00e9tude qui puisait ses racines dans un fonds documentaire [&hellip;]<\/p>\n","protected":false},"author":8,"featured_media":2301,"parent":0,"menu_order":0,"comment_status":"open","ping_status":"open","template":"","meta":{"ngg_post_thumbnail":0,"_EventAllDay":false,"_EventTimezone":"","_EventStartDate":"","_EventEndDate":"","_EventStartDateUTC":"","_EventEndDateUTC":"","_EventShowMap":false,"_EventShowMapLink":false,"_EventURL":"","_EventCost":"","_EventCostDescription":"","_EventCurrencySymbol":"","_EventCurrencyCode":"","_EventCurrencyPosition":"","_EventDateTimeSeparator":"","_EventTimeRangeSeparator":"","_EventOrganizerID":[],"_EventVenueID":[],"_OrganizerEmail":"","_OrganizerPhone":"","_OrganizerWebsite":"","_VenueAddress":"","_VenueCity":"","_VenueCountry":"","_VenueProvince":"","_VenueState":"","_VenueZip":"","_VenuePhone":"","_VenueURL":"","_VenueStateProvince":"","_VenueLat":"","_VenueLng":"","_VenueShowMap":false,"_VenueShowMapLink":false,"footnotes":""},"categories":[255],"tags":[],"class_list":["post-2299","page","type-page","status-publish","has-post-thumbnail","hentry","category-18-19-la-vie-a-plouguerneau"],"_links":{"self":[{"href":"https:\/\/appriou.bzh\/index.php\/wp-json\/wp\/v2\/pages\/2299","targetHints":{"allow":["GET"]}}],"collection":[{"href":"https:\/\/appriou.bzh\/index.php\/wp-json\/wp\/v2\/pages"}],"about":[{"href":"https:\/\/appriou.bzh\/index.php\/wp-json\/wp\/v2\/types\/page"}],"author":[{"embeddable":true,"href":"https:\/\/appriou.bzh\/index.php\/wp-json\/wp\/v2\/users\/8"}],"replies":[{"embeddable":true,"href":"https:\/\/appriou.bzh\/index.php\/wp-json\/wp\/v2\/comments?post=2299"}],"version-history":[{"count":0,"href":"https:\/\/appriou.bzh\/index.php\/wp-json\/wp\/v2\/pages\/2299\/revisions"}],"wp:featuredmedia":[{"embeddable":true,"href":"https:\/\/appriou.bzh\/index.php\/wp-json\/wp\/v2\/media\/2301"}],"wp:attachment":[{"href":"https:\/\/appriou.bzh\/index.php\/wp-json\/wp\/v2\/media?parent=2299"}],"wp:term":[{"taxonomy":"category","embeddable":true,"href":"https:\/\/appriou.bzh\/index.php\/wp-json\/wp\/v2\/categories?post=2299"},{"taxonomy":"post_tag","embeddable":true,"href":"https:\/\/appriou.bzh\/index.php\/wp-json\/wp\/v2\/tags?post=2299"}],"curies":[{"name":"wp","href":"https:\/\/api.w.org\/{rel}","templated":true}]}}