{"id":230,"date":"2012-06-10T08:21:46","date_gmt":"2012-06-10T06:21:46","guid":{"rendered":"https:\/\/plouguerneau.net\/notre-dame-de-lilia\/"},"modified":"2025-01-27T10:14:24","modified_gmt":"2025-01-27T09:14:24","slug":"notre-dame-de-lilia","status":"publish","type":"page","link":"https:\/\/appriou.bzh\/index.php\/notre-dame-de-lilia\/","title":{"rendered":"Notre Dame de Lilia"},"content":{"rendered":"<p>Ci-dessous on peut \u00e9couter Yves-Pascal Castel nous parler de l&rsquo;\u00e9glise de Lilia sur R.C.F<br \/>\n<iframe src=\"https:\/\/rcf.fr\/embed\/1051120\" frameborder=\"0\" width=\"100%\" height=\"220\" ><\/iframe><br \/>\n<iframe src=\"https:\/\/rcf.fr\/embed\/1055519\" frameborder=\"0\" width=\"100%\" height=\"220\" ><\/iframe><\/p>\n<div align=justify>\nL&rsquo;\u00e9glise paroissiale de Lilia est consacr\u00e9e \u00e0 Notre-Dame. Un premier \u00e9difice en forme de croix latine datant de 1874 a \u00e9t\u00e9 b\u00e9nit par monsieur le  cur\u00e9 P. Marc, chanoine honoraire, le 29 ao\u00fbt 1875.<\/p>\n<p>La construction de 1874 est en r\u00e9alit\u00e9 une chapelle. Celle-ci vient remplacer la chapelle de Kervezenn, l&rsquo;actuel Saint Cava, qui menace de tomber en ruine.<\/p>\n<p>On trouve encore des traces de cette ancienne chapelle. Le calvaire de Saint Cava ayant \u00e9t\u00e9 d\u00e9plac\u00e9 dans les ann\u00e9es 1970, afin d&rsquo;\u00e9largir la route, est plac\u00e9 \u00e0 l&rsquo;endroit m\u00eame o\u00f9 se tenait la chapelle. La parcelle est en partie limit\u00e9e par des pierres de l&rsquo;ancien lieu de culte. <\/p>\n<p><\/p>\n<div align=center>\n<img decoding=\"async\" src=\"https:\/\/appriou.bzh\/wp-content\/uploads\/2012\/06\/chapelles_lilia_lilia1940.jpg\"><\/p>\n<p><i>La chapelle de Lilia dans les ann\u00e9es 1940. Editions Gaby. Coll. pers. Nadine Le Borgne.<\/i>\n<\/div>\n<p>\nLorsque le conseil de fabrique de la paroisse d\u00e9cide de remplacer le lieu de culte initialement vou\u00e9 \u00e0 Saint Karan, un probl\u00e8me se pose. La chapelle se situe \u00e0 l&rsquo;\u00e9cart du bourg de Lilia. Le site connait une urbanisation galopante dans un endroit o\u00f9 il sera compliqu\u00e9 d&rsquo;\u00e9riger un lieu de culte paroissial de grande importance.<\/p>\n<p>La d\u00e9cision est alors prise de construire la future chapelle de Lilia sur une butte \u00e0 l&rsquo;endroit m\u00eame o\u00f9 se trouve un des derniers moulins \u00e0 vent de la commune. Les pierres de l&rsquo;ancienne chapelle serviront en partie \u00e0 la construction du nouveau lieu de pri\u00e8res. La chapelle construite a cette \u00e9poque est de dimension modeste, mais suffisante pour la population \u00e9parse de Lilia. La porte d&rsquo;entr\u00e9e est surmont\u00e9e d&rsquo;un clocheton de pierre. Une statue pos\u00e9e dans une niche orne le fronton de l&rsquo;\u00e9difice.<\/p>\n<p>L&rsquo;endroit est le point culminant du petit village. Aucun obstacle naturel n&#8217;emp\u00eache de voir le clocheton et donc de se diriger vers le lieu de culte \u00e0 l&rsquo;appel de la messe. <\/p>\n<p>Si l&rsquo;ancienne chapelle se situait \u00e0 proximit\u00e9 de la voie romaine, \u00e0 une centaine de m\u00e8tre du rivage, la nouvelle borde la route qui m\u00e8ne de Plouguerneau \u00e0 Lilia. Site assur\u00e9ment strat\u00e9gique, malgr\u00e9 sa petitesse elle est visible depuis une tr\u00e8s grande partie du territoire communale. <\/p>\n<p>Suite \u00e0 une ordonnance \u00e9piscopale, la chapelle de Lilia est \u00e9lev\u00e9e au rang d&rsquo;\u00c9glise Paroissiale en mai 1943. Le lieu de pri\u00e8re se r\u00e9v\u00e8le ra\u00adpidement trop petite pour recevoir l&rsquo;ensemble de la communaut\u00e9 chr\u00e9tienne de Lilia. <\/p>\n<p>Le 14 juin 1952, les conseillers municipaux avec \u00e0 leur t\u00eate L\u00e9on Gu\u00e9guen, maire, se penchent sur l&rsquo;\u00e9vidente utilit\u00e9 d&rsquo;un agrandissement de l&rsquo;\u00e9glise. La d\u00e9cision du conseil municipal est rapidement prise et le permis de construire est d\u00e9pos\u00e9 le 3 novembre 1952. La direction technique des travaux est assur\u00e9e par messieurs Peron et Weisbein, architectes DPLG <i>(Dipl\u00f4m\u00e9 Par Le Gouvernement)<\/i>  \u00e0 Brest. <br \/>\n<a href=\"https:\/\/appriou.bzh\/wp-content\/uploads\/2012\/06\/chapelles_lilia_deliblilia.jpg\" target=blank><i>D\u00e9lib\u00e9ration du conseil municipal du 14 juin 1952<\/i><\/a><\/p>\n<div align=center>\n<img decoding=\"async\" src=\"http:\/\/www.plouguerneau.net\/IMG\/chapelles\/lilia\/pojetegliselilia.jpg\"><\/p>\n<p><i>Diff\u00e9rents projets voient le jour sur les planches \u00e0 dessin. Architectes Peron et Weisbein<\/i>\n<\/div>\n<p>\nLe permis de construire est accord\u00e9 le 8 d\u00e9cembre 1952. La proc\u00e9dure de r\u00e9ception des travaux se d\u00e9roula le 23 septembre 1955. Le solde des travaux sera effectu\u00e9 le 5 d\u00e9cembre 1955, pour une somme de 11 186 507 Francs, soit environ 1 705 372 \u20ac.<\/p>\n<p>Il aura donc fallut trois ans pour que l&rsquo;extension soit r\u00e9alis\u00e9e et que l&rsquo;\u00e9glise apparaisse telle que nous la connaissons aujourd&rsquo;hui. <br \/> Les entreprises ayant particip\u00e9 aux travaux sont : Ets Maurice Auguste de Lesneven pour le gros-oeuvre et les menuiseries; Direur Jean de Plouguerneau pour la couverture; H\u00e9li\u00e8s de Guipavas pour la serrurerie et la forge; Max Ingrand de Paris XIV pour les vitraux.<\/p>\n<p>Entre-temps les travaux progressent. Une proposition est faite par l&rsquo;Architecte du Gouvernement de couvrir l&rsquo;\u00e9glise d&rsquo;une plaque de b\u00e9ton arm\u00e9 \u00e0 la place de la couverture en ardoises ! <br \/>\n<a href=\"https:\/\/appriou.bzh\/wp-content\/uploads\/2012\/06\/chapelles_lilia_lilia0003.jpg\" target=blank><i>Courrier de la sous pr\u00e9fecture<\/i><\/a><\/p>\n<p>Le Vice-Amiral Robert, Pr\u00e9fet de la deuxi\u00e8me r\u00e9gion maritime fait savoir par un courrier en date de mai 1953 qu&rsquo;il autorise la construction du clocher de 13 m\u00e8tres sur l&rsquo;\u00e9glise de Lilia. Il pr\u00e9cise \u00e9galement que ce dernier se situera dans le champ de vision du s\u00e9maphore de l&rsquo;Aber Wrac&rsquo;h.  <br \/>\n<a href=\"https:\/\/appriou.bzh\/wp-content\/uploads\/2012\/06\/chapelles_lilia_lilia0010.jpg\" target=blank><i>Courrier du Vice-Amiral Robert<\/i><\/a><\/p>\n<p>L&rsquo;allongement d&rsquo;une dizaine de m\u00e8tre de l&rsquo;\u00e9glise r\u00e9alis\u00e9, le clocher en b\u00e9ton est mont\u00e9 sur l&rsquo;ensemble paroissial. Bien triste clocher du reste, puisqu&rsquo;il lui faudra attendre plus de dix ans avant d&rsquo;y apercevoir l&rsquo;ombre d&rsquo;une cloche. A cette \u00e9poque, la France est un pays moderne et le revendique. C&rsquo;est certainement une des raisons pour laquelle un carillon \u00e9lectro-m\u00e9canique est mis en place puis mis \u00e0 mal par l&rsquo;air corrosif de notre bon pays pagan ! En attendant, un coq de 150 kg tr\u00f4ne fi\u00e8rement sur le clocher<\/p>\n<p>1955 ne voit pas la fin des travaux de l&rsquo;\u00e9glise. De 1962 \u00e0 1965 se d\u00e9roule \u00e0 Rome une des r\u00e9formes les plus importantes de l&rsquo;Eglise catholique du XX\u00e8me si\u00e8cle. Initi\u00e9 par Jean XXIII le IIe concile \u0153cum\u00e9nique du Vatican (plus connu sous le nom de Vatican II) sera clos par Paul VI le 8 d\u00e9cembre 1965. Il symbolise son ouverture au monde moderne et \u00e0 la culture contemporaine. La r\u00e9vision de la liturgie a eu un effet quasi imm\u00e9diat dans la vie quotidienne des catholiques. L&rsquo;id\u00e9e principale de la Constitution est : <i>\u00ab L&rsquo;\u00c9glise souhaite sinc\u00e8rement que tous les fid\u00e8les puissent \u00eatre amen\u00e9s \u00e0 cette participation active et pleinement consciente aux c\u00e9l\u00e9brations liturgiques, que la nature de la liturgie elle-m\u00eame exige. Une telle participation est pour les Chr\u00e9tiens, peuple choisi, sacerdoce royal, nation sainte sauv\u00e9e par le Christ, un droit et un devoir du fait m\u00eame de leur bapt\u00eame. \u00bb Sacrosanctum Concilium &#8211; 14<\/i>.<\/p>\n<p>En 1966, la messe doit \u00eatre c\u00e9l\u00e9brer face au peuple et dans la langue du peuple. Afin de le permettre, le ch\u0153ur sera sur\u00e9lev\u00e9 sur l&rsquo;ensemble de l&rsquo;abside. Un nouvel autel sera construit avec les pierres de l&rsquo;ancien autel qui \u00e9tait adoss\u00e9 au mur et ne permettait pas de dire la messe face aux p\u00e8lerins. <br \/>\nLes lambris datent de 1974. Ils furent ajout\u00e9s afin de c\u00e9l\u00e9brer le centenaire de l&rsquo;\u00e9glise.<\/p>\n<p>En 1967 le clocher se voit enfin gratifi\u00e9 de cloches en bronze. Elles sont nomm\u00e9es Marie et Th\u00e9r\u00e8se.<br \/>\nMarie est nomm\u00e9e par Monsieur L\u00e9on Gu\u00e9guen, Maire et Madame Appriou. <br \/>\nTh\u00e9r\u00e8se est nomm\u00e9e par Monsieur Fran\u00e7ois Kervella, conseiller municipal et Madame Th\u00e9r\u00e8se Le Pors.<\/p>\n<div align=center>\n<img decoding=\"async\" src=\"https:\/\/appriou.bzh\/wp-content\/uploads\/2012\/06\/chapelles_lilia_cloche.jpg\">\n<\/div>\n<p><b>Les vitraux<\/b><br \/>\nLes vitraux du ch\u0153ur et celui du transept droit rev\u00eatent un certain int\u00e9r\u00eat. Il s&rsquo;agit de vitraux figuratifs en lien direct avec l&rsquo;histoire de la Bretagne en g\u00e9n\u00e9ral et de la paroisse en particulier.<\/p>\n<p>Le vitrail Est repr\u00e9sente Saint Karan v\u00eatu de la bure monastique et portant la crosse de l&rsquo;\u00e9v\u00eaque. Le saint homme serait un \u00e9v\u00eaque d&rsquo;origine \u00e9cossaise du 7e si\u00e8cle. La partie basse repr\u00e9sente l&rsquo;arri\u00adv\u00e9e mythique des moines \u00e9vang\u00e9\u00adlistes d\u00e9barquant en terre bretonne depuis leur barque de pierre.<\/p>\n<p>Le vitrail Sud-Ouest re\u00adpr\u00e9sente Notre Dame de Lilia portant l&rsquo;enfant J\u00e9sus. La partie basse fait r\u00e9f\u00e9rence \u00e0 une coutume locale, le travail du go\u00e9mon. On y voit en arri\u00e8re plan le ramassage en mer avec un bateau \u00e9quip\u00e9 d&rsquo;un scoubidou, le transport traditionnel en charrette \u00e0 cheval et le s\u00e9chage. <\/p>\n<p>La grande verri\u00e8re du transept Ouest, \u00e0 dominante bleue, \u00e9voque \u00e0 travers Saint Fran\u00e7ois d&rsquo;Assise et Saint Antoine la pr\u00e9\u00adsence monastique franciscaine, en particulier sur le site de l&rsquo;\u00cele Vierge.<\/p>\n<p><b>Les statues<\/b><br \/>\nL&rsquo;\u00e9glise renferme quelques belles statues <br \/>\nDans le transept gauche : une Vierge \u00e0 l&rsquo;Enfant, statue en bois poly\u00adchrome, repr\u00e9sentant N.-D. de Lilia. Cette statue n&rsquo;est \u00e0 cette place que depuis 1974. <br \/>\n<i>\u00e0 suivre &#8230;<\/i><\/p>\n<div align=center>\n<div class=\"flash\">\n      <object classid=\"clsid:d27cdb6e-ae6d-11cf-96b8-444553540000\" codebase=\"http:\/\/fpdownload.macromedia.com\/pub\/shockwave\/cabs\/flash\/swflash.cab#version=9,0,0,0\" width=\"500\" height=\"333\" id=\"tech\" align=\"middle\" ><param name=\"movie\" value=\"http:\/\/www.plouguerneau.net\/IMG\/chapelles\/lilia\/lilia.swf\" \/><param name=\"quality\" value=\"high\" \/><param name=\"allowFullScreen\" value=\"true\" \/><param name=\"wmode\" value=\"transparent\" \/><param name=\"allowScriptAccess\" value=\"always\" \/><param name=\"_flashcreator\" value=\"http:\/\/www.photo-flash-maker.com\" \/><param name=\"_flashhost\" value=\"http:\/\/www.go2album.com\" \/><embed src=\"http:\/\/www.plouguerneau.net\/IMG\/chapelles\/lilia\/lilia.swf\" width=\"500\" height=\"333\" quality=\"high\" allowFullScreen=\"true\" wmode=\"transparent\" allowScriptAccess=\"always\" name=\"tech\" align=\"middle\" type=\"application\/x-shockwave-flash\" pluginspage=\"http:\/\/www.macromedia.com\/go\/getflashplayer\" \/><\/object>\n    <\/div>\n<\/div>\n<p><\/p>\n<table width=100%>\n<tr>\n<td colspan=2>\n<b>Introun Varia, Patronez Lilia<\/b><\/p>\n<p><i>Diskan :<br \/>\nKanomp d&rsquo;an introun Varia,<br \/>\nMamm ha Patronez Lilia,<br \/>\nEnor ha gloar da Virviken !<br \/>\nHa Kasomp dezt hor peden.<br \/>\n<\/i>\n<\/td>\n<\/tr>\n<td width=50%>\n1<br \/>\nSavomp hor c&rsquo;halon, kristenien,<br \/>\nHa Kanomp holl a vouez hor penn<br \/>\nEvit enori ha pedi<br \/>\nAe Werc&rsquo;hez gloriuz Vari.<\/p>\n<\/td>\n<td>\n2<br \/>\nGwerc&rsquo;hez venniget, hon tud koz<br \/>\nA ouie goulen ho pennoz<br \/>\nHag o deus savet toat d&rsquo;ar mor<br \/>\nEur japel goant en hoc&rsquo;h enor.<\/p>\n<\/td>\n<\/tr>\n<tr>\n<td>\n3<br \/>\nDalc&rsquo;hit da daoler, ni ho ped,<br \/>\nHo pennoz warnomp holl bepred,<br \/>\nEvel ma taol war&rsquo;hon teven<br \/>\nTour Enez Werc&rsquo;h he skleriienn.<\/p>\n<\/td>\n<td>\n4<br \/>\nHo pennoz, Rouanez an Arvor,<br \/>\nDreist-holl d&rsquo;hon tud a vez war vor<br \/>\nDre bep seurt amzer o poania<br \/>\nDa c&rsquo;hounit deomp hon tamm bara.<\/p>\n<\/td>\n<\/tr>\n<tr>\n<td>\n5<br \/>\nHa pa deu gant an avel foll<br \/>\nHo bag e tro da vont da goll,<br \/>\nAstennit dezo, ni ho ped,<br \/>\nHo tourn madelezuz meurbet.<\/p>\n<\/td>\n<td>\n6<br \/>\nPa&rsquo;n deus ganeoc&rsquo;h lezet brema<br \/>\nGalloud ar burzudou brasa,<br \/>\nMirit atao d&rsquo;ho pugale<br \/>\nYec&rsquo;hed ar c&rsquo;horf hag an ene.<\/p>\n<\/td>\n<\/tr>\n<tr>\n<td>\n7<br \/>\nHag an Arvoriz au ouezo<br \/>\nMiret o c&rsquo;halon deoc&rsquo;h d&rsquo;o zro<br \/>\nHa diwar skouer ho vertuziou<br \/>\nPoania da vont war ho roudou.<\/p>\n<\/td>\n<\/tr>\n<\/table>\n<p>\n<i>Sources : \u00e9quipe paroissiale de Lilia, archives municipales<br \/><\/i>\n<\/div>\n","protected":false},"excerpt":{"rendered":"<p>Ci-dessous on peut \u00e9couter Yves-Pascal Castel nous parler de l&rsquo;\u00e9glise de Lilia sur R.C.F L&rsquo;\u00e9glise paroissiale de Lilia est consacr\u00e9e \u00e0 Notre-Dame. Un premier \u00e9difice en forme de croix latine [&hellip;]<\/p>\n","protected":false},"author":4,"featured_media":0,"parent":0,"menu_order":0,"comment_status":"closed","ping_status":"open","template":"","meta":{"ngg_post_thumbnail":0,"_EventAllDay":false,"_EventTimezone":"","_EventStartDate":"","_EventEndDate":"","_EventStartDateUTC":"","_EventEndDateUTC":"","_EventShowMap":false,"_EventShowMapLink":false,"_EventURL":"","_EventCost":"","_EventCostDescription":"","_EventCurrencySymbol":"","_EventCurrencyCode":"","_EventCurrencyPosition":"","_EventDateTimeSeparator":"","_EventTimeRangeSeparator":"","_EventOrganizerID":[],"_EventVenueID":[],"_OrganizerEmail":"","_OrganizerPhone":"","_OrganizerWebsite":"","_VenueAddress":"","_VenueCity":"","_VenueCountry":"","_VenueProvince":"","_VenueState":"","_VenueZip":"","_VenuePhone":"","_VenueURL":"","_VenueStateProvince":"","_VenueLat":"","_VenueLng":"","_VenueShowMap":false,"_VenueShowMapLink":false,"footnotes":""},"categories":[42],"tags":[],"class_list":["post-230","page","type-page","status-publish","hentry","category-eglises-et-chapelles"],"_links":{"self":[{"href":"https:\/\/appriou.bzh\/index.php\/wp-json\/wp\/v2\/pages\/230","targetHints":{"allow":["GET"]}}],"collection":[{"href":"https:\/\/appriou.bzh\/index.php\/wp-json\/wp\/v2\/pages"}],"about":[{"href":"https:\/\/appriou.bzh\/index.php\/wp-json\/wp\/v2\/types\/page"}],"author":[{"embeddable":true,"href":"https:\/\/appriou.bzh\/index.php\/wp-json\/wp\/v2\/users\/4"}],"replies":[{"embeddable":true,"href":"https:\/\/appriou.bzh\/index.php\/wp-json\/wp\/v2\/comments?post=230"}],"version-history":[{"count":0,"href":"https:\/\/appriou.bzh\/index.php\/wp-json\/wp\/v2\/pages\/230\/revisions"}],"wp:attachment":[{"href":"https:\/\/appriou.bzh\/index.php\/wp-json\/wp\/v2\/media?parent=230"}],"wp:term":[{"taxonomy":"category","embeddable":true,"href":"https:\/\/appriou.bzh\/index.php\/wp-json\/wp\/v2\/categories?post=230"},{"taxonomy":"post_tag","embeddable":true,"href":"https:\/\/appriou.bzh\/index.php\/wp-json\/wp\/v2\/tags?post=230"}],"curies":[{"name":"wp","href":"https:\/\/api.w.org\/{rel}","templated":true}]}}