{"id":250,"date":"2010-12-28T12:10:20","date_gmt":"2010-12-28T11:10:20","guid":{"rendered":"https:\/\/plouguerneau.net\/ile-venan\/"},"modified":"2010-12-28T12:10:20","modified_gmt":"2010-12-28T11:10:20","slug":"ile-venan","status":"publish","type":"page","link":"https:\/\/appriou.bzh\/index.php\/ile-venan\/","title":{"rendered":"Ile Venan"},"content":{"rendered":"<div align=\"justify\">\n<table>\n<tbody>\n<tr>\n<td><span style=\"font-size: small;\"><br \/>\nL&rsquo;\u00eele Venan ou Enez Venan en breton est une petite \u00eele qui se situe au nord de Plouguerneau, face \u00e0 l&rsquo;\u00eele Vierge.<\/span><\/td>\n<td><img decoding=\"async\" src=\"https:\/\/appriou.bzh\/wp-content\/uploads\/2010\/12\/iles_ilevenan_panneauilevenan.gif\" \/><\/td>\n<\/tr>\n<\/tbody>\n<\/table>\n<p><i>Cette \u00eele est int\u00e9ressante \u00e0 plus d&rsquo;un titre. A basse mer il est facile de la rejoindre \u00e0 partir des hameaux du Run, de Lostrouc&rsquo;h ou de Kelerdut.<\/p>\n<p><\/i><\/p>\n<div align=\"center\"><a title=\"Vue de l'\u00eele Venan depuis Lostrouc'h\" href=\"https:\/\/appriou.bzh\/wp-content\/uploads\/2010\/12\/iles_ilevenan_panoilevenan2.jpg\" target=\"blank\"><img fetchpriority=\"high\" decoding=\"async\" src=\"https:\/\/appriou.bzh\/wp-content\/uploads\/2010\/12\/iles_ilevenan_panoilevenan2p.jpg\" width=\"550\" height=\"113\" \/><\/a><\/div>\n<p>Un chemin la traverse de part en part et permet d&rsquo;acc\u00e9der rapidement \u00e0 la pointe occidentale qui fait face \u00e0 Enez Werc&rsquo;h et d\u00e9gage une vue magnifique sur le plateau de L\u00e9zent. l&rsquo;int\u00e9rieur de l&rsquo;\u00eele est couvert d&rsquo;une v\u00e9g\u00e9tation moyennement haute de gramin\u00e9es et de foug\u00e8res aigles. Pour faire d&rsquo;int\u00e9ressantes observations, il faut longer le pourtour de l&rsquo;\u00eele. Face au hameau du Run une dizaine d&rsquo;alignements rocheux sont les restes des anciens quais de d\u00e9chargement des bateaux go\u00e9moniers. Sur la c\u00f4te nord, en face de Kelerdut, s&rsquo;observent de belles plages fossiles. Tout \u00e0 fait au nord une lev\u00e9e de galets relie l&rsquo;\u00eele principale \u00e0 une petite annexe qui offre un exemple de la v\u00e9g\u00e9tation d&rsquo;une pointe rocheuse non pi\u00e9tin\u00e9e et non perturb\u00e9e par les hommes: arm\u00e9rie maritime, criste marine, lotier cornicul\u00e9, sil\u00e8ne, orpin des anglais, carotte commune s&rsquo;associent pour former au printemps un tapis de toutes les couleurs. Surtout on notera sur le revers du cordon de galets un beau peuplement de Douce-am\u00e8re. Cette plante est commmune dans la campagne sur les bords de chemins, mais ici, en milieu maritime expos\u00e9, elle se pr\u00e9sente sous une forme prostr\u00e9e relativement rare en Bretagne puisqu&rsquo;elle n&rsquo;a \u00e9t\u00e9 trouv\u00e9e que dans les archipels de Mol\u00e8ne, des Gl\u00e9nan, \u00e0 Sein et en quelques points de la c\u00f4te du L\u00e9on et des C\u00f4tes d&rsquo;Armor.<br \/>\nMouez Plougerne n\u00b024 &#8211; 1996<\/p>\n<div align=\"center\"><a title=\"Vue de l'\u00eele Venan depuis Lost an aod\" href=\"https:\/\/appriou.bzh\/wp-content\/uploads\/2010\/12\/iles_ilevenan_panoilevenan1.jpg\" target=\"blank\"><img decoding=\"async\" src=\"https:\/\/appriou.bzh\/wp-content\/uploads\/2010\/12\/iles_ilevenan_panoilevenan1p.jpg\" width=\"550\" height=\"113\" \/><\/a><\/div>\n<p>&nbsp;<\/p>\n<p>&nbsp;<\/p>\n<div align=\"center\">\n<table>\n<tbody>\n<tr>\n<td><span style=\"font-size: xx-small;\"><br \/>\n<a title=\"Arm\u00e9rie maritime\" href=\"https:\/\/appriou.bzh\/wp-content\/uploads\/2010\/12\/plantes_iles_armeriemaritime.jpg\" target=\"blank\"><img decoding=\"async\" src=\"https:\/\/appriou.bzh\/wp-content\/uploads\/2010\/12\/plantes_iles_parmeriemaritime.jpg\" \/><\/a><br \/>\n<i>Arm\u00e9rie maritime<\/i><\/span><\/td>\n<td><span style=\"font-size: xx-small;\"><br \/>\n<a title=\"Lotier cornicul\u00e9\" href=\"https:\/\/appriou.bzh\/wp-content\/uploads\/2010\/12\/plantes_iles_lotiercornicule.jpg\" target=\"blank\"><img decoding=\"async\" src=\"https:\/\/appriou.bzh\/wp-content\/uploads\/2010\/12\/plantes_iles_plotiercornicule.jpg\" \/><\/a><br \/>\n<i>Lotier cornicul\u00e9<\/i><\/span><\/td>\n<td><span style=\"font-size: xx-small;\"><br \/>\n<a title=\"Criste marine\" href=\"https:\/\/appriou.bzh\/wp-content\/uploads\/2010\/12\/plantes_iles_cristemarine.jpg\" target=\"blank\"><img decoding=\"async\" src=\"https:\/\/appriou.bzh\/wp-content\/uploads\/2010\/12\/plantes_iles_pcristemarine.jpg\" \/><\/a><br \/>\n<i>Criste marine<\/i><\/span><\/td>\n<\/tr>\n<tr>\n<td><span style=\"font-size: xx-small;\"><br \/>\n<a title=\"Orpin des anglais\" href=\"https:\/\/appriou.bzh\/wp-content\/uploads\/2010\/12\/plantes_iles_orpindesanglais.jpg\" target=\"blank\"><img decoding=\"async\" src=\"https:\/\/appriou.bzh\/wp-content\/uploads\/2010\/12\/plantes_iles_porpindesanglais.jpg\" \/><\/a><br \/>\n<i>Orpin des anglais<\/i><\/span><\/td>\n<td><\/td>\n<td><\/td>\n<\/tr>\n<\/tbody>\n<\/table>\n<\/div>\n<p><b><span style=\"color: blue;\">Comment se rendre \u00e0 l&rsquo;\u00eele Venan ?<\/span><\/b><\/p>\n<table>\n<tbody>\n<tr>\n<td>&nbsp;<\/p>\n<ul>\n<li>Au d\u00e9part du bourg de Plouguerneau,<\/li>\n<li>Prendre la direction de Saint Michel,<\/li>\n<li>A La Martyre, prendre \u00e0 gauche direction Lost an Aod,<\/li>\n<li>A Lost an Aod, stationner sur le parking face \u00e0 la sculpture de requin,<\/li>\n<li>Ou continuer jusqu&rsquo;\u00e0 Porz Krac&rsquo;h,<\/li>\n<li>A Porz Krac&rsquo;h, stationner sur le parking face \u00e0 la cale,<\/li>\n<li>Rejoindre l&rsquo;\u00eele Venan \u00e0 pied.<\/li>\n<li>Avant cette promenade il est important de se renseigner sur les horaires de mar\u00e9e !<\/li>\n<\/ul>\n<\/td>\n<td><iframe src=\"http:\/\/maps.google.fr\/maps?hl=fr&amp;q=Plouguerneau&amp;ie=UTF8&amp;hq=&amp;hnear=Plouguerneau,+Finist%C3%A8re,+Bretagne&amp;gl=fr&amp;t=h&amp;ll=48.629505,-4.553919&amp;spn=0.016848,0.025749&amp;z=14&amp;output=embed\" width=\"300\" height=\"300\" frameborder=\"0\" marginwidth=\"0\" marginheight=\"0\" scrolling=\"no\"><\/iframe><br \/>\n<small><a style=\"color: #0000ff; text-align: left;\" href=\"http:\/\/maps.google.fr\/maps?hl=fr&amp;q=Plouguerneau&amp;ie=UTF8&amp;hq=&amp;hnear=Plouguerneau,+Finist%C3%A8re,+Bretagne&amp;gl=fr&amp;t=h&amp;ll=48.629505,-4.553919&amp;spn=0.016848,0.025749&amp;z=14&amp;source=embed\" target=\"blank\">Agrandir le plan<\/a><\/small><\/td>\n<\/tr>\n<\/tbody>\n<\/table>\n<\/div>\n","protected":false},"excerpt":{"rendered":"<p>L&rsquo;\u00eele Venan ou Enez Venan en breton est une petite \u00eele qui se situe au nord de Plouguerneau, face \u00e0 l&rsquo;\u00eele Vierge. Cette \u00eele est int\u00e9ressante \u00e0 plus d&rsquo;un titre. [&hellip;]<\/p>\n","protected":false},"author":4,"featured_media":237,"parent":0,"menu_order":0,"comment_status":"closed","ping_status":"open","template":"","meta":{"ngg_post_thumbnail":0,"_EventAllDay":false,"_EventTimezone":"","_EventStartDate":"","_EventEndDate":"","_EventStartDateUTC":"","_EventEndDateUTC":"","_EventShowMap":false,"_EventShowMapLink":false,"_EventURL":"","_EventCost":"","_EventCostDescription":"","_EventCurrencySymbol":"","_EventCurrencyCode":"","_EventCurrencyPosition":"","_EventDateTimeSeparator":"","_EventTimeRangeSeparator":"","_EventOrganizerID":[],"_EventVenueID":[],"_OrganizerEmail":"","_OrganizerPhone":"","_OrganizerWebsite":"","_VenueAddress":"","_VenueCity":"","_VenueCountry":"","_VenueProvince":"","_VenueState":"","_VenueZip":"","_VenuePhone":"","_VenueURL":"","_VenueStateProvince":"","_VenueLat":"","_VenueLng":"","_VenueShowMap":false,"_VenueShowMapLink":false,"footnotes":""},"categories":[251],"tags":[],"class_list":["post-250","page","type-page","status-publish","has-post-thumbnail","hentry","category-patrimoine-naturel"],"_links":{"self":[{"href":"https:\/\/appriou.bzh\/index.php\/wp-json\/wp\/v2\/pages\/250","targetHints":{"allow":["GET"]}}],"collection":[{"href":"https:\/\/appriou.bzh\/index.php\/wp-json\/wp\/v2\/pages"}],"about":[{"href":"https:\/\/appriou.bzh\/index.php\/wp-json\/wp\/v2\/types\/page"}],"author":[{"embeddable":true,"href":"https:\/\/appriou.bzh\/index.php\/wp-json\/wp\/v2\/users\/4"}],"replies":[{"embeddable":true,"href":"https:\/\/appriou.bzh\/index.php\/wp-json\/wp\/v2\/comments?post=250"}],"version-history":[{"count":0,"href":"https:\/\/appriou.bzh\/index.php\/wp-json\/wp\/v2\/pages\/250\/revisions"}],"wp:featuredmedia":[{"embeddable":true,"href":"https:\/\/appriou.bzh\/index.php\/wp-json\/wp\/v2\/media\/237"}],"wp:attachment":[{"href":"https:\/\/appriou.bzh\/index.php\/wp-json\/wp\/v2\/media?parent=250"}],"wp:term":[{"taxonomy":"category","embeddable":true,"href":"https:\/\/appriou.bzh\/index.php\/wp-json\/wp\/v2\/categories?post=250"},{"taxonomy":"post_tag","embeddable":true,"href":"https:\/\/appriou.bzh\/index.php\/wp-json\/wp\/v2\/tags?post=250"}],"curies":[{"name":"wp","href":"https:\/\/api.w.org\/{rel}","templated":true}]}}