{"id":252,"date":"2011-01-31T17:51:16","date_gmt":"2011-01-31T16:51:16","guid":{"rendered":"https:\/\/plouguerneau.net\/ld-de-a-a-e\/"},"modified":"2025-01-27T10:12:05","modified_gmt":"2025-01-27T09:12:05","slug":"ld-de-a-a-e","status":"publish","type":"page","link":"https:\/\/appriou.bzh\/index.php\/ld-de-a-a-e\/","title":{"rendered":"LD de A \u00e0 E"},"content":{"rendered":"<table width=100% border=1 bordercolor=\"#dddddd\" cellpading=0 cellspacing=0 frame=BELOW rules=ROWS >\n<tr>\n<td width=23%><font size=2><font color=blue><b>Anteren<\/font><\/b><br \/>\nLat : <br \/>\nLong : <br \/>\n<i>R\u00e9f. EG : 1<br \/>\nR\u00e9f. YC : 2014<\/i><\/td>\n<td><a href=\"http:\/\/www.plouguerneau.net\/IMG\/croix\/dessin\/dessineg01.jpg \" target=blank><img decoding=\"async\" src=\"http:\/\/www.plouguerneau.net\/IMG\/croix\/dessin\/dessineg01p.jpg \" title=\"Anteren\"><\/a><\/td>\n<td><font size=2><i>Port\u00e9e disparue<\/i><\/td>\n<\/tr>\n<tr>\n<td width=23%><font size=2><font color=blue><b>Anteren<\/font><\/b><br \/>\nLat : 48\u00b036.184&rsquo;N<br \/>\nLong : 004\u00b026.839&rsquo;W<br \/>\n<i>R\u00e9f. EG : 2<br \/>\nR\u00e9f. YC : 2015<\/i><\/td>\n<td><a href=\"http:\/\/www.plouguerneau.net\/IMG\/croix\/a\/anteren2.jpg \" target=blank><img decoding=\"async\" src=\"http:\/\/www.plouguerneau.net\/IMG\/croix\/a\/anterenp2.jpg \" title=\"Anteren\"><\/a><\/td>\n<td><font size=2><\/td>\n<\/tr>\n<tr>\n<td width=23%><font size=2><font color=blue><b>Anteren<\/font><\/b><br \/>\nLat : 48\u00b036.028&rsquo;N<br \/>\nLong : 004\u00b027.029&rsquo;W<br \/>\n<i>R\u00e9f. EG : 3<br \/>\nR\u00e9f. YC : 2020<\/i><\/td>\n<td><a href=\"http:\/\/www.plouguerneau.net\/IMG\/croix\/a\/anteren3.jpg \" target=blank><img decoding=\"async\" src=\"http:\/\/www.plouguerneau.net\/IMG\/croix\/a\/anterenp3.jpg \" title=\"Anteren\"><\/a><\/td>\n<td><font size=2><\/td>\n<\/tr>\n<tr>\n<td width=23%><font size=2><font color=blue><b>Anteren<\/font><\/b><br \/>\nLat : 48\u00b036.119&rsquo;N<br \/>\nLong : 004\u00b026.647&rsquo;W<br \/>\n<i>R\u00e9f. EG : 4<br \/>\nR\u00e9f. YC : 2016<\/i><\/td>\n<td><a href=\"http:\/\/www.plouguerneau.net\/IMG\/croix\/a\/anteren4.jpg \" target=blank><img decoding=\"async\" src=\"http:\/\/www.plouguerneau.net\/IMG\/croix\/a\/anterenp4.jpg \" title=\"Anteren\"><\/a><\/td>\n<td><font size=2><\/td>\n<\/tr>\n<tr>\n<td width=23%><font size=2><font color=blue><b>Anteren<\/font><\/b><br \/>\nLat : 48\u00b036.083&rsquo;N<br \/>\nLong : 004\u00b026.860&rsquo;W<br \/>\n<i>R\u00e9f. EG : 5<br \/>\nR\u00e9f. YC : 2017<\/i><\/td>\n<td><a href=\"http:\/\/www.plouguerneau.net\/IMG\/croix\/a\/anteren5.jpg \" target=blank><img decoding=\"async\" src=\"https:\/\/appriou.bzh\/wp-content\/uploads\/2011\/01\/croix_a_anterenp51.jpg\" title=\"Anteren\"><\/a><\/td>\n<td><font size=2><\/td>\n<\/tr>\n<tr>\n<td width=23%><font size=2><font color=blue><b>Anteren<\/font><\/b><br \/>\nLat : 48\u00b036.070&rsquo;N<br \/>\nLong : 004\u00b026.891&rsquo;W<br \/>\n<i>R\u00e9f. EG : 6<br \/>\nR\u00e9f. YC : 2019<\/i><\/td>\n<td><a href=\"http:\/\/www.plouguerneau.net\/IMG\/croix\/a\/anteren6.jpg \" target=blank><img decoding=\"async\" src=\"http:\/\/www.plouguerneau.net\/IMG\/croix\/a\/anterenp61.jpg \" title=\"Anteren\"><\/a><\/td>\n<td><font size=2><\/td>\n<\/tr>\n<tr>\n<td width=23%><font size=2><font color=blue><b>Anteren<\/font><\/b><br \/>\nLat : 48\u00b035.987&rsquo;N<br \/>\nLong : 004\u00b026.613&rsquo;W<br \/>\n<i>R\u00e9f. EG : 7<br \/>\nR\u00e9f. YC : 2018<\/i><\/td>\n<td><a href=\"http:\/\/www.plouguerneau.net\/IMG\/croix\/a\/anteren7.jpg \" target=blank><img decoding=\"async\" src=\"http:\/\/www.plouguerneau.net\/IMG\/croix\/a\/anterenp71.jpg \" title=\"Anteren\"><\/a><\/td>\n<td><font size=2><\/td>\n<\/tr>\n<tr>\n<td width=23%><font size=2><font color=blue><b>Beg ar C&rsquo;hastell<\/font><\/b><br \/>\nLat : <br \/>\nLong : <br \/>\n<i>R\u00e9f. EG : 8<br \/>\nR\u00e9f. YC : 2077<\/i><\/td>\n<td><a href=\"http:\/\/www.plouguerneau.net\/IMG\/croix\/dessin\/dessineg08.jpg \" target=blank><img decoding=\"async\" src=\"http:\/\/www.plouguerneau.net\/IMG\/croix\/dessin\/dessineg08p.jpg \" title=\"Beg ar C'hastell\"><\/a><\/td>\n<td><font size=2><i>Port\u00e9e disparue<\/i><\/td>\n<\/tr>\n<tr>\n<td width=23%><font size=2><font color=blue><b>Carpont<\/font><\/b><br \/>\nLat : 48\u00b036.126&rsquo;N<br \/>\nLong : 004\u00b030.019&rsquo;W<br \/>\n<i>R\u00e9f. EG : 18<br \/>\nR\u00e9f. YC : 1979<\/i><\/td>\n<td><a href=\"http:\/\/www.plouguerneau.net\/IMG\/croix\/c\/carpont.jpg \" target=blank><img decoding=\"async\" src=\"http:\/\/www.plouguerneau.net\/IMG\/croix\/c\/carpontp.jpg \" title=\"Carpont\"><\/a><\/td>\n<td><font size=2><\/td>\n<\/tr>\n<tr>\n<td width=23%><font size=2><font color=blue><b>Chapel Christ<\/font><\/b><br \/>\nLat : 48\u00b037.435&rsquo;N<br \/>\nLong : 004\u00b027.523&rsquo;W<br \/>\n<i>R\u00e9f. EG : 19<br \/>\nR\u00e9f. YC : 1980<\/i><\/td>\n<td><a href=\"http:\/\/www.plouguerneau.net\/IMG\/croix\/c\/chapelchrist.jpg \" target=blank><img decoding=\"async\" src=\"http:\/\/www.plouguerneau.net\/IMG\/croix\/c\/chapelchristp.jpg \" title=\"Chapel Christ\"><\/a><\/td>\n<td><font size=2><\/td>\n<\/tr>\n<tr>\n<td width=23%><font size=2><font color=blue><b>Correjou<\/font><\/b><br \/>\nLat : 48\u00b037.625&prime; N<br \/>\nLong : 004\u00b030.829&prime; W<br \/>\n<i>R\u00e9f. EG : 20<br \/>\nR\u00e9f. YC : 1983<\/i><\/td>\n<td><a href=\"http:\/\/www.plouguerneau.net\/IMG\/croix\/c\/correjou.jpg \" target=blank><img decoding=\"async\" src=\"http:\/\/www.plouguerneau.net\/IMG\/croix\/c\/correjoup.jpg \" title=\"Correjou\"><\/a><\/td>\n<td>\n<div align=justify><font size=2>Cette croix pos\u00e9e sur un mur de propri\u00e9t\u00e9 est encastr\u00e9e dans un socle circulaire. Elle est \u00e0 f\u00fbt et bras octogonaux ses chanfreins sont concaves ce qui est assez rare pour \u00eatre signal\u00e9.<\/div>\n<\/td>\n<\/tr>\n<tr>\n<td width=23%><font size=2><font color=blue><b>Diouris<\/font><\/b><br \/>\nLat : 48\u00b034.262&rsquo;N<br \/>\nLong : 004\u00b027.169&rsquo;W<br \/>\n<i>R\u00e9f. EG : 21<br \/>\nR\u00e9f. YC : 1999<\/i><\/td>\n<td><a href=\"http:\/\/www.plouguerneau.net\/IMG\/croix\/d\/diouris.jpg \" target=blank><img decoding=\"async\" src=\"http:\/\/www.plouguerneau.net\/IMG\/croix\/d\/diourisp.jpg \" title=\"Diouris\"><\/a><\/td>\n<td>\n<div align=justify><font size=2><\/div>\n<\/td>\n<\/tr>\n<tr>\n<td width=23%><font size=2><font color=blue><b>Douar Nevez<\/font><\/b><br \/>\nLat : 48\u00b036.398&prime; N<br \/>\nLong : 004\u00b030.741&prime; W<br \/>\n<i>R\u00e9f. EG : 22<br \/>\nR\u00e9f. YC : 2085<\/i><\/td>\n<td><a href=\"http:\/\/www.plouguerneau.net\/IMG\/croix\/d\/douarnevez.jpg \" target=blank><img decoding=\"async\" src=\"http:\/\/www.plouguerneau.net\/IMG\/croix\/d\/douarnevezp.jpg \" title=\"Douar Nevez\"><\/a><\/td>\n<td>\n<div align=justify><font size=2>Cette croix est \u00e9galement appel\u00e9e \u00ab\u00a0<i>kroaz an imaj<\/i>\u00ab\u00a0. Le Christ, ici repr\u00e9sent\u00e9, est une image au sens ancien du terme. Cette croix en gros granit, mont\u00e9e sur socle, t\u00e9moigne de l&rsquo;anciennet\u00e9 du monument. Le f\u00fbt et les bras sont \u00e0 8 pans.<\/div>\n<\/td>\n<\/tr>\n<tr>\n<td><font size=2><font color=blue><b>Douar Uhel<\/font><\/b><br \/>\nLat : 48\u00b036&rsquo;379 N<br \/>\nLong : 004\u00b030&rsquo;920 W<br \/>\n<i>R\u00e9f. EG : 23<br \/>\nR\u00e9f. YC : 2084<\/i><\/td>\n<td><a href=\"http:\/\/www.plouguerneau.net\/IMG\/croix\/d\/douaruhel.jpg \" target=blank><img decoding=\"async\" src=\"http:\/\/www.plouguerneau.net\/IMG\/croix\/d\/douaruhelp.jpg \" title=\"Douar Uhel\"><\/a><\/td>\n<td>\n<div align=justify><font size=2>Eug\u00e8ne Guiriec se posait d\u00e9j\u00e0 la question : est-ce une st\u00e8le qui supporte la croix ? Cette croix qui fait corps avec un mur de limite de propri\u00e9t\u00e9 est un d\u00e9lice lorsqu&rsquo;elle est dans son \u00e9crin de verdure.<\/div>\n<\/td>\n<\/tr>\n<tr>\n<td><font size=2><font color=blue><b>Enez Cadec<\/font><\/b><br \/>\nLat : 48\u00b036&rsquo;127 N<br \/>\nLong : 004\u00b028&rsquo;155 W<br \/>\n<i>R\u00e9f. EG : 24<br \/>\nR\u00e9f. YC : 2000<\/i><\/td>\n<td><a href=\"http:\/\/www.plouguerneau.net\/IMG\/croix\/e\/enezcadec24.jpg \" target=blank><img decoding=\"async\" src=\"http:\/\/www.plouguerneau.net\/IMG\/croix\/e\/enezcadec24p.jpg \" title=\"Enez Cadec\"><\/a><\/td>\n<td>\n<div align=justify><font size=2>Le quartier d&rsquo;Enez Cadec a la particularit\u00e9 d&rsquo;abriter quatre croix. Toutes portent un nom, celle-ci se nomme \u00ab\u00a0<i>Kroaz al leur g\u00ear<\/i>\u00ab\u00a0<\/div>\n<\/td>\n<\/tr>\n<tr>\n<td><font size=2><font color=blue><b>Enez Cadec<\/font><\/b><br \/>\nLat : 48\u00b036.068&rsquo;N<br \/>\nLong : 004\u00b027.757&rsquo;W<br \/>\n<i>R\u00e9f. EG : 25<br \/>\nR\u00e9f. YC : 2001<\/i><\/td>\n<td><a href=\"http:\/\/www.plouguerneau.net\/IMG\/croix\/e\/enezcadec25.jpg \" target=blank><img decoding=\"async\" src=\"http:\/\/www.plouguerneau.net\/IMG\/croix\/e\/enezcadecp25.jpg \" title=\"Enez Cadec\"><\/a><\/td>\n<td>\n<div align=justify><font size=2>\n  <\/div>\n<\/td>\n<\/tr>\n<tr>\n<td><font size=2><font color=blue><b>Enez Cadec<\/font><\/b><br \/>\nLat : 48\u00b036&rsquo;294 N<br \/>\nLong : 004\u00b028&rsquo;408 W<br \/>\n<i>R\u00e9f. EG : 26<br \/>\nR\u00e9f. YC : 2002<\/i><\/td>\n<td><a href=\"http:\/\/www.plouguerneau.net\/IMG\/croix\/e\/enezcadec026.jpg \" target=blank><img decoding=\"async\" src=\"http:\/\/www.plouguerneau.net\/IMG\/croix\/e\/enezcadec026p.jpg \" title=\"Enez Cadec\"><\/a><\/td>\n<td>\n<div align=justify><font size=2>Cette tr\u00e8s belle croix se situe sur le bord de la route \u00e0 proximit\u00e9 imm\u00e9diate de la chapelle Sainte Anne. C&rsquo;est tout naturellement qu&rsquo;elle se nomme \u00ab\u00a0<i>Kroaz Santez Anna<\/i>\u00ab\u00a0. On lui pr\u00eate \u00e9galement le nom de \u00ab\u00a0<i>Kroaz Poulskao<\/i>\u00ab\u00a0. On distingue sur le f\u00fbt diverse croix latines. Sur la partie haute est repr\u00e9sent\u00e9e une croix en relief mont\u00e9e sur un piedestal. <\/div>\n<\/td>\n<\/tr>\n<tr>\n<td><font size=2><font color=blue><b>Enez Cadec<\/font><\/b><br \/>\nLat : 48\u00b036&rsquo;443 N<br \/>\nLong : 004\u00b028&rsquo;762 W<br \/>\n<i>R\u00e9f. EG : 27<br \/>\nR\u00e9f. YC : 1988<\/i><\/td>\n<td><a href=\"http:\/\/www.plouguerneau.net\/IMG\/croix\/e\/enezcadec27.jpg \" target=blank><img decoding=\"async\" src=\"http:\/\/www.plouguerneau.net\/IMG\/croix\/e\/enezcadec27p.jpg \" title=\"Enez Cadec\"><\/a><\/td>\n<td>\n<div align=justify><font size=2>Cette croix se situe \u00e0 la crois\u00e9e des chemins, il y en a cinq ! Elle se nomme \u00ab\u00a0<i>Kroaz ar c&rsquo;hollog<\/i>\u00ab\u00a0.  <\/div>\n<\/td>\n<\/tr>\n<\/table>\n","protected":false},"excerpt":{"rendered":"<p>Anteren Lat : Long : R\u00e9f. EG : 1 R\u00e9f. YC : 2014 Port\u00e9e disparue Anteren Lat : 48\u00b036.184&rsquo;N Long : 004\u00b026.839&rsquo;W R\u00e9f. EG : 2 R\u00e9f. YC : 2015 [&hellip;]<\/p>\n","protected":false},"author":4,"featured_media":0,"parent":0,"menu_order":0,"comment_status":"closed","ping_status":"open","template":"","meta":{"ngg_post_thumbnail":0,"_EventAllDay":false,"_EventTimezone":"","_EventStartDate":"","_EventEndDate":"","_EventStartDateUTC":"","_EventEndDateUTC":"","_EventShowMap":false,"_EventShowMapLink":false,"_EventURL":"","_EventCost":"","_EventCostDescription":"","_EventCurrencySymbol":"","_EventCurrencyCode":"","_EventCurrencyPosition":"","_EventDateTimeSeparator":"","_EventTimeRangeSeparator":"","_EventOrganizerID":[],"_EventVenueID":[],"_OrganizerEmail":"","_OrganizerPhone":"","_OrganizerWebsite":"","_VenueAddress":"","_VenueCity":"","_VenueCountry":"","_VenueProvince":"","_VenueState":"","_VenueZip":"","_VenuePhone":"","_VenueURL":"","_VenueStateProvince":"","_VenueLat":"","_VenueLng":"","_VenueShowMap":false,"_VenueShowMapLink":false,"footnotes":""},"categories":[40],"tags":[],"class_list":["post-252","page","type-page","status-publish","hentry","category-croix-et-calvaires"],"_links":{"self":[{"href":"https:\/\/appriou.bzh\/index.php\/wp-json\/wp\/v2\/pages\/252","targetHints":{"allow":["GET"]}}],"collection":[{"href":"https:\/\/appriou.bzh\/index.php\/wp-json\/wp\/v2\/pages"}],"about":[{"href":"https:\/\/appriou.bzh\/index.php\/wp-json\/wp\/v2\/types\/page"}],"author":[{"embeddable":true,"href":"https:\/\/appriou.bzh\/index.php\/wp-json\/wp\/v2\/users\/4"}],"replies":[{"embeddable":true,"href":"https:\/\/appriou.bzh\/index.php\/wp-json\/wp\/v2\/comments?post=252"}],"version-history":[{"count":0,"href":"https:\/\/appriou.bzh\/index.php\/wp-json\/wp\/v2\/pages\/252\/revisions"}],"wp:attachment":[{"href":"https:\/\/appriou.bzh\/index.php\/wp-json\/wp\/v2\/media?parent=252"}],"wp:term":[{"taxonomy":"category","embeddable":true,"href":"https:\/\/appriou.bzh\/index.php\/wp-json\/wp\/v2\/categories?post=252"},{"taxonomy":"post_tag","embeddable":true,"href":"https:\/\/appriou.bzh\/index.php\/wp-json\/wp\/v2\/tags?post=252"}],"curies":[{"name":"wp","href":"https:\/\/api.w.org\/{rel}","templated":true}]}}