{"id":268,"date":"2011-02-10T15:13:13","date_gmt":"2011-02-10T14:13:13","guid":{"rendered":"https:\/\/plouguerneau.net\/a-plouguerneau\/"},"modified":"2011-02-10T15:13:13","modified_gmt":"2011-02-10T14:13:13","slug":"a-plouguerneau","status":"publish","type":"page","link":"https:\/\/appriou.bzh\/index.php\/a-plouguerneau\/","title":{"rendered":"A Plouguerneau&#8230;"},"content":{"rendered":"<table width=100% border=1 bordercolor=\"#dddddd\" cellpading=4 cellspacing=0 frame=BELOW rules=ROWS>\n<tr>\n<td width=40%><font size=2><a href=\"http:\/\/www.arvrobagan.fr\" target=blank>Ar Vro Bagan<\/a><\/td>\n<td width=20%>\n<div align=center><img decoding=\"async\" src=\"https:\/\/appriou.bzh\/wp-content\/uploads\/2011\/02\/liens_arvrobagan.jpg\"><\/td>\n<td><FONT SIZE=2><\/p>\n<div align=center>\nzone artisanale Hellez<br \/>\n29880 Plouguerneau<br \/>\nT\u00e9l : 02 98 04 50 06<br \/>\nFax : 02 98 04 60 84\n<\/td>\n<\/tr>\n<tr>\n<td width=40%><font size=2><a href=\"http:\/\/avventuracircusfamily.eklablog.fr\/\" target=blank>Avventura Circus Family<\/a><\/td>\n<td width=20%>\n<div align=center><img decoding=\"async\" src=\"https:\/\/appriou.bzh\/wp-content\/uploads\/2011\/02\/liens_avventura.jpg\"><\/td>\n<td><FONT SIZE=2><\/p>\n<div align=center>\n<br \/>\n29880 Plouguerneau<br \/>\nT\u00e9l : 06 29 13 35 50<\/p>\n<p>Compagnie de Danse, Th\u00e9\u00e2tre et Marionnettes\n<\/td>\n<\/tr>\n<tr>\n<td><font size=2><a href=\"http:\/\/www.campinggreveblanche.com\/\" target=blank>Camping de la Gr\u00e8ve Blanche<\/a><\/td>\n<td>\n<div align=center><img decoding=\"async\" src=\"https:\/\/appriou.bzh\/wp-content\/uploads\/2011\/02\/liens_cgreveblanche.jpg\"><\/td>\n<td><FONT SIZE=2><\/p>\n<div align=center>\nSaint Michel<br \/>\n29880 Plouguerneau<br \/>\nT\u00e9l : 02 98 04 70 35\n<\/td>\n<\/tr>\n<tr>\n<td><font size=2><a href=\"http:\/\/www.ecomusee-plouguerneau.fr\/\" target=blank>Ecomus\u00e9e de Plouguerneau<\/a><\/td>\n<td>\n<div align=center><img decoding=\"async\" src=\"https:\/\/appriou.bzh\/wp-content\/uploads\/2011\/02\/liens_ecomuseeplg.jpg\"><\/td>\n<td><FONT SIZE=2><\/p>\n<div align=center>\nBP 35 &#8211; Route de Saint Michel<br \/>\n29880 Plouguerneau<br \/>\nT\u00e9l : 02 98 37 13 35<br \/>\nFax : 02 98 04 75 35\n<\/td>\n<\/tr>\n<tr>\n<td width=40%><font size=2><a href=\"http:\/\/genevieverobin29.free.fr\/\" target=blank>Genevi\u00e8ve Robin<\/a><\/td>\n<td width=20%>\n<div align=center><img decoding=\"async\" src=\"https:\/\/appriou.bzh\/wp-content\/uploads\/2011\/02\/liens_genevieverobin.jpg\"><\/td>\n<td><FONT SIZE=2><\/p>\n<div align=center>\n<br \/>\n29880 Plouguerneau<\/p>\n<p>\nGenevi\u00e8ve est metteur en sc\u00e8ne et actrice.<\/td>\n<\/tr>\n<tr>\n<td><font size=2><a href=\"http:\/\/www.iliz-koz.fr\/\" target=blank>Site m\u00e9di\u00e9val d&rsquo;Iliz-Koz<\/a><\/td>\n<td>\n<div align=center><img decoding=\"async\" src=\"https:\/\/appriou.bzh\/wp-content\/uploads\/2011\/02\/liens_ilizkoz.jpg\"><\/td>\n<td><FONT SIZE=2><\/p>\n<div align=center>\nIliz Koz<br \/>\n29880 Plouguerneau<br \/>\nT\u00e9l : Association : 02 98 04 71 84<br \/>\nOffice du tourisme : 02 98 04 70 93\n<\/td>\n<\/tr>\n<tr>\n<td><font size=2><a href=\"http:\/\/meteo-plouguerneau.fr.\/\" target=blank>M\u00e9t\u00e9o Plouguerneau<\/a><\/td>\n<td>\n<div align=center><img decoding=\"async\" src=\"https:\/\/appriou.bzh\/wp-content\/uploads\/2011\/02\/liens_meteoplg.jpg\"><\/td>\n<td><FONT SIZE=2><\/p>\n<div align=center>Site cr\u00e9\u00e9 par un passionn\u00e9&#8230;\n<\/td>\n<\/tr>\n<tr>\n<td><font size=2><a href=\"http:\/\/www.abers-tourisme.com\/\" target=blank>Office du tourisme des Abers<\/a><\/td>\n<td>\n<div align=center><img decoding=\"async\" src=\"https:\/\/appriou.bzh\/wp-content\/uploads\/2011\/02\/liens_otabers.jpg\"><\/td>\n<td><FONT SIZE=2><\/p>\n<div align=center>\nPlace de l&rsquo;Europe<br \/>\n29880 Plouguerneau<br \/>\nT\u00e9l : 02 98 04 70 93<\/p>\n<p>1 place de l&rsquo;\u00e9glise<br \/>\n29870 Lannilis<br \/>\nT\u00e9l : 02 98 04 05 43\n<\/td>\n<\/tr>\n<tr>\n<td><font size=2><a href=\"http:\/\/vedettes-des-abers.com\/\" target=blank>Vedettes des Abers<\/a><\/td>\n<td>\n<div align=center><img decoding=\"async\" src=\"https:\/\/appriou.bzh\/wp-content\/uploads\/2011\/02\/liens_vedettesabers.jpg\"><\/td>\n<td><FONT SIZE=2><\/p>\n<div align=center>\n2 Kervenni<br \/>\n29880 Plouguerneau<br \/>\nT\u00e9l : 02 98 04 74 94\n<\/td>\n<\/tr>\n<tr>\n<td><font size=2><a href=\"http:\/\/www.yannick-letty.fr\/\" target=blank>Yannick Letty, auteur<\/a><\/td>\n<td>\n<div align=center><img decoding=\"async\" src=\"https:\/\/appriou.bzh\/wp-content\/uploads\/2011\/02\/liens_yannickletty.jpg\"><\/td>\n<td><FONT SIZE=2><\/p>\n<div align=center>\nYannick Letty est auteur de romans policiers.<\/td>\n<\/tr>\n<tr>\n<td><font size=2><a href=\"https:\/\/appriou.bzh\/wp-content\/uploads\/2011\/02\/liens_saisonculturelle20112012.pdf\" target=blank>Saison culturelle 2011 2012 \u00e0 Plouguerneau<\/a><\/td>\n<td>\n<div align=center><img decoding=\"async\" src=\"https:\/\/appriou.bzh\/wp-content\/uploads\/2011\/02\/liens_sc20112012.jpg\"><\/td>\n<td><FONT SIZE=2><\/p>\n<div align=center>\nSaison culturelle 2011 2012.<\/td>\n<\/tr>\n<\/table>\n","protected":false},"excerpt":{"rendered":"<p>Ar Vro Bagan zone artisanale Hellez 29880 Plouguerneau T\u00e9l : 02 98 04 50 06 Fax : 02 98 04 60 84 Avventura Circus Family 29880 Plouguerneau T\u00e9l : 06 [&hellip;]<\/p>\n","protected":false},"author":4,"featured_media":0,"parent":0,"menu_order":0,"comment_status":"closed","ping_status":"open","template":"","meta":{"ngg_post_thumbnail":0,"_EventAllDay":false,"_EventTimezone":"","_EventStartDate":"","_EventEndDate":"","_EventStartDateUTC":"","_EventEndDateUTC":"","_EventShowMap":false,"_EventShowMapLink":false,"_EventURL":"","_EventCost":"","_EventCostDescription":"","_EventCurrencySymbol":"","_EventCurrencyCode":"","_EventCurrencyPosition":"","_EventDateTimeSeparator":"","_EventTimeRangeSeparator":"","_EventOrganizerID":[],"_EventVenueID":[],"_OrganizerEmail":"","_OrganizerPhone":"","_OrganizerWebsite":"","_VenueAddress":"","_VenueCity":"","_VenueCountry":"","_VenueProvince":"","_VenueState":"","_VenueZip":"","_VenuePhone":"","_VenueURL":"","_VenueStateProvince":"","_VenueLat":"","_VenueLng":"","_VenueShowMap":false,"_VenueShowMapLink":false,"footnotes":""},"categories":[263],"tags":[],"class_list":["post-268","page","type-page","status-publish","hentry","category-liens"],"_links":{"self":[{"href":"https:\/\/appriou.bzh\/index.php\/wp-json\/wp\/v2\/pages\/268","targetHints":{"allow":["GET"]}}],"collection":[{"href":"https:\/\/appriou.bzh\/index.php\/wp-json\/wp\/v2\/pages"}],"about":[{"href":"https:\/\/appriou.bzh\/index.php\/wp-json\/wp\/v2\/types\/page"}],"author":[{"embeddable":true,"href":"https:\/\/appriou.bzh\/index.php\/wp-json\/wp\/v2\/users\/4"}],"replies":[{"embeddable":true,"href":"https:\/\/appriou.bzh\/index.php\/wp-json\/wp\/v2\/comments?post=268"}],"version-history":[{"count":0,"href":"https:\/\/appriou.bzh\/index.php\/wp-json\/wp\/v2\/pages\/268\/revisions"}],"wp:attachment":[{"href":"https:\/\/appriou.bzh\/index.php\/wp-json\/wp\/v2\/media?parent=268"}],"wp:term":[{"taxonomy":"category","embeddable":true,"href":"https:\/\/appriou.bzh\/index.php\/wp-json\/wp\/v2\/categories?post=268"},{"taxonomy":"post_tag","embeddable":true,"href":"https:\/\/appriou.bzh\/index.php\/wp-json\/wp\/v2\/tags?post=268"}],"curies":[{"name":"wp","href":"https:\/\/api.w.org\/{rel}","templated":true}]}}