{"id":2691,"date":"2019-11-05T10:43:11","date_gmt":"2019-11-05T09:43:11","guid":{"rendered":"https:\/\/plouguerneau.net\/?p=2691"},"modified":"2025-01-16T10:29:35","modified_gmt":"2025-01-16T09:29:35","slug":"cartes-postales-14-18","status":"publish","type":"page","link":"https:\/\/appriou.bzh\/index.php\/cartes-postales-14-18\/","title":{"rendered":"Cartes Postales de 14-18"},"content":{"rendered":"\n<p><strong>les liens d&rsquo;acc\u00e8s aux documents sont plus bas<\/strong>, par ann\u00e9e et par mois<\/p>\n\n\n\n<p> <strong>La collection de cartes postales de Ren\u00e9 Abjean,<\/strong> membre de l&rsquo;association a \u00e9t\u00e9 num\u00e9ris\u00e9e par une dizaine de personnes de Plouguerneau d&rsquo;Hier et d\u2019Aujourd\u2019hui (PHA) durant l&rsquo;hiver 2018-2019. Un gros travail qui a permis de mettre en ligne environ 1200 cartes postales de l&rsquo;\u00e9poque pour le plaisir de tous.\u00a0 De ces correspondances Ren\u00e9 a fait un livre. <\/p>\n\n\n\n<figure class=\"wp-block-table\"><table class=\"\"><tbody><tr><td>Ann\u00e9e<\/td><td>Nb Scans<\/td><td>Nb Cartes postales<\/td><\/tr><tr><td>1914<\/td><td>150<\/td><td>75<\/td><\/tr><tr><td>1915<\/td><td>404<\/td><td>202<\/td><\/tr><tr><td>1916<\/td><td>632<\/td><td>316<\/td><\/tr><tr><td>1917<\/td><td>342<\/td><td>171<\/td><\/tr><tr><td>1918<\/td><td>268<\/td><td>134<\/td><\/tr><tr><td>1919<\/td><td>4<\/td><td>2<\/td><\/tr><tr><td>Divers<\/td><td>577<\/td><td>288,5<\/td><\/tr><tr><td><strong>Total<\/strong><\/td><td><strong>2377<\/strong><\/td><td><strong>1188,5<\/strong><\/td><\/tr><\/tbody><\/table><\/figure>\n\n\n\n<div class=\"wp-block-image\"><figure class=\"aligncenter is-resized\"><img fetchpriority=\"high\" decoding=\"async\" src=\"https:\/\/appriou.bzh\/wp-content\/uploads\/2019\/11\/livre.jpg\" alt=\"\" class=\"wp-image-2815\" width=\"338\" height=\"462\"\/><figcaption>Le livre<\/figcaption><\/figure><\/div>\n\n\n\n<p><strong>La Guerre finira bient\u00f4t 1914 &#8211; 1918 \u00e0 Plouguerneau et au front, <\/strong>un livre de Ren\u00e9 Abjean <strong><br><\/strong><\/p>\n\n\n\n<p><br> La guerre finira bient\u00f4t ? Lorsqu&rsquo;ils partent en 1914 vers un mur de fer et de feu, les fr\u00e8res Abjean en sont convaincus. Ils se doutent bien pourtant que la t\u00e2che ne sera pas facile : \u00ab je pars aujourd&rsquo;hui \u00e0 minuit. Le choc sera rude. \u00bb <br> Pendant toutes ces ann\u00e9es de guerre, Ren\u00e9-No\u00ebl Abjean va adresser plus de 700 cartes postales \u00e0 sa femme S\u00e9raphine et \u00e0 ses enfants. Il leur \u00e9crira pratiquement tous les jours, d&rsquo;une \u00e9criture minuscule, difficile \u00e0 d\u00e9chiffrer, au crayon ou parfois au crayon \u00e0 encre. Ren\u00e9-No\u00ebl Abjean ma\u00eetrise parfaitement le fran\u00e7ais, mais ses cartes sont entre-coup\u00e9es de phrases en breton pour d\u00e9signer secr\u00e8tement le lieu o\u00f9 la guerre l&rsquo;a conduit, au front ou \u00e0 l&rsquo;arri\u00e8re. Il lui arrive pour cela d&rsquo;\u00eatre censur\u00e9. <br> Dans sa correspondance, qui vient d&rsquo;\u00eatre retrouv\u00e9e dans un grenier, il raconte les \u00e9pisodes tragiques qu&rsquo;il a connus, mais aussi la vie routini\u00e8re pr\u00e8s des tranch\u00e9es ou \u00e0 l&rsquo;arri\u00e8re. En m\u00eame temps, les lettres qu&rsquo;il re\u00e7oit au front nous renseignent sur la vie \u00e0 Plouguerneau \u00e0 la m\u00eame \u00e9poque. <br> Ren\u00e9-No\u00ebl Abjean t\u00e9moigne de la mani\u00e8re dont ont \u00e9t\u00e9 v\u00e9cu dans le L\u00e9on les grands \u00e9v\u00e9nements de la premi\u00e8re moiti\u00e9 du XXe si\u00e8cle. Depuis, Plouguerneau a su mettre en place un jumelage fraternel avec la cit\u00e9 allemande d&rsquo;Edingen-Neckarhausen. <br> <em>Ren\u00e9-No\u00ebl Abjean (1879-1951) \u00e9tait issu d&rsquo;une famille profond\u00e9ment enracin\u00e9e dans l&rsquo;histoire de Plouguerneau, sur la c\u00f4te nord du Finist\u00e8re : les Abjean ont \u00e9t\u00e9 \u00e0 la t\u00eate de la commune pendant pr\u00e8s de deux si\u00e8cles. D\u00e8s 1906, Ren\u00e9-No\u00ebl est marqu\u00e9 par les \u00e9v\u00e9nements qui suivent la S\u00e9paration de l&rsquo;\u00c9glise et de l&rsquo;Etat : ce sont, \u00e9crit-il, des faits inoubliables dans la vie. Devenu lui-m\u00eame maire de Plouguerneau \u00e0 son retour du front en 1919, il le restera jusqu&rsquo;\u00e0 la seconde guerre mondiale : en conflit avec la Kommandantur, il est arr\u00eat\u00e9 en f\u00e9vrier 1941 et doit d\u00e9missionner.<\/em> <br> www.emgleobreiz.com <\/p>\n\n\n\n<p><strong>Pour consulter les documents voici les liens ci-dessous dans le tableau.<\/strong><\/p>\n\n\n\n<p>Les cartes sont class\u00e9es par ann\u00e9e et mois puis du 1<sup>ier<\/sup> au 31 .Vous pouvez avoir plus d&rsquo;informations (dates, lieux) en cliquant sur la photo puis sur le  \u24d8 en haut \u00e0 droite.<\/p>\n\n\n\n<p>Merci \u00e0 tous ceux qui ont particip\u00e9 \u00e0 ce collectage et surtout \u00e0 Ren\u00e9 Abjean qui a partag\u00e9 ce tr\u00e9sor.<\/p>\n\n\n\n<table style=\"border-collapse: collapse; width: 100%; height: 299px;\">\n<tbody>\n<tr style=\"height: 23px;\">\n<td style=\"width: 20%; height: 23px;\"><strong>1914<\/strong><\/td>\n<td style=\"width: 20%; height: 23px;\"><strong>1915<\/strong><\/td>\n<td style=\"width: 20%; height: 23px;\"><strong>1916<\/strong><\/td>\n<td style=\"width: 20%; height: 23px;\"><strong>1917<\/strong><\/td>\n<td style=\"width: 20%; height: 23px;\"><strong>1918<\/strong><\/td>\n<\/tr>\n<tr style=\"height: 23px;\">\n<td style=\"width: 20%; height: 23px;\">Janvier<\/td>\n<td style=\"width: 20%; height: 23px;\"><a href=\"https:\/\/photos.app.goo.gl\/vk8DA5H8LAYE5GYB9\" target=\"_blank\" rel=\"noopener noreferrer\">Janvier<\/a><\/td>\n<td style=\"width: 20%; height: 23px;\"><a href=\"https:\/\/photos.app.goo.gl\/2EJ5tKUiN8Uwfi2J8\" target=\"_blank\" rel=\"noopener noreferrer\">Janvier<\/a><\/td>\n<td style=\"width: 20%; height: 23px;\"><a href=\"https:\/\/photos.app.goo.gl\/KdAXwmSobiPLWyvn6\" target=\"_blank\" rel=\"noopener noreferrer\">Janvier<\/a><\/td>\n<td style=\"width: 20%; height: 23px;\"><a href=\"https:\/\/photos.app.goo.gl\/BTEci5QzKdGUmY5Y6\" target=\"_blank\" rel=\"noopener noreferrer\">Janvier<\/a><\/td>\n<\/tr>\n<tr style=\"height: 23px;\">\n<td style=\"width: 20%; height: 23px;\">F\u00e9vrier<\/td>\n<td style=\"width: 20%; height: 23px;\"><a href=\"https:\/\/photos.app.goo.gl\/E34pdbfaicbr4oxb7\" target=\"_blank\" rel=\"noopener noreferrer\">F\u00e9vrier<\/a><\/td>\n<td style=\"width: 20%; height: 23px;\"><a href=\"https:\/\/photos.app.goo.gl\/KghSNYEM6TPfYAg5A\" target=\"_blank\" rel=\"noopener noreferrer\">F\u00e9vrier<\/a><\/td>\n<td style=\"width: 20%; height: 23px;\"><a href=\"https:\/\/photos.app.goo.gl\/mX1FvbVnp469QXBdA\" target=\"_blank\" rel=\"noopener noreferrer\">F\u00e9vrier<\/a><\/td>\n<td style=\"width: 20%; height: 23px;\"><a href=\"https:\/\/photos.app.goo.gl\/Y7eRdjNhVw95xizJA\" target=\"_blank\" rel=\"noopener noreferrer\">F\u00e9vrier<\/a><\/td>\n<\/tr>\n<tr style=\"height: 23px;\">\n<td style=\"width: 20%; height: 23px;\">Mars<\/td>\n<td style=\"width: 20%; height: 23px;\"><a href=\"https:\/\/photos.app.goo.gl\/CLJw8mXB7pZByfwL7\" target=\"_blank\" rel=\"noopener noreferrer\">Mars<\/a><\/td>\n<td style=\"width: 20%; height: 23px;\"><a href=\"https:\/\/photos.app.goo.gl\/ZLsVV9sY7mrCnMqC8\" target=\"_blank\" rel=\"noopener noreferrer\">Mars<\/a><\/td>\n<td style=\"width: 20%; height: 23px;\"><a href=\"https:\/\/photos.app.goo.gl\/BdDFw8Sp9c53e19A9\" target=\"_blank\" rel=\"noopener noreferrer\">Mars<\/a><\/td>\n<td style=\"width: 20%; height: 23px;\"><a href=\"https:\/\/photos.app.goo.gl\/LPZ1ejmhnwnF1Tcn8\" target=\"_blank\" rel=\"noopener noreferrer\">Mars<\/a><\/td>\n<\/tr>\n<tr style=\"height: 23px;\">\n<td style=\"width: 20%; height: 23px;\">Avril<\/td>\n<td style=\"width: 20%; height: 23px;\"><a href=\"https:\/\/photos.app.goo.gl\/aG2HyW2TpsLoaFzb9\" target=\"_blank\" rel=\"noopener noreferrer\">Avril<\/a><\/td>\n<td style=\"width: 20%; height: 23px;\"><a href=\"https:\/\/photos.app.goo.gl\/wmXvKGUhtiC6Mmoo9\" target=\"_blank\" rel=\"noopener noreferrer\">Avril<\/a><\/td>\n<td style=\"width: 20%; height: 23px;\"><a href=\"https:\/\/photos.app.goo.gl\/CNNSD3rAycLGd8gv8\" target=\"_blank\" rel=\"noopener noreferrer\">Avril<\/a><\/td>\n<td style=\"width: 20%; height: 23px;\"><a href=\"https:\/\/photos.app.goo.gl\/n9Z1ZXujQqC2AmwJ7\" target=\"_blank\" rel=\"noopener noreferrer\">Avril<\/a><\/td>\n<\/tr>\n<tr style=\"height: 23px;\">\n<td style=\"width: 20%; height: 23px;\">Mai<\/td>\n<td style=\"width: 20%; height: 23px;\"><a href=\"https:\/\/photos.app.goo.gl\/3e4w6GJLSxcT9AHx6\" target=\"_blank\" rel=\"noopener noreferrer\">Mai<\/a><\/td>\n<td style=\"width: 20%; height: 23px;\"><a href=\"https:\/\/photos.app.goo.gl\/ktGCfaRVCb6ucBau9\" target=\"_blank\" rel=\"noopener noreferrer\">Mai<\/a><\/td>\n<td style=\"width: 20%; height: 23px;\"><a href=\"https:\/\/photos.app.goo.gl\/mWVH5deHmhS9x9o69\" target=\"_blank\" rel=\"noopener noreferrer\">Mai<\/a><\/td>\n<td style=\"width: 20%; height: 23px;\"><a href=\"https:\/\/photos.app.goo.gl\/46iuvC2ewzAHaqor7\" target=\"_blank\" rel=\"noopener noreferrer\">Mai<\/a><\/td>\n<\/tr>\n<tr style=\"height: 23px;\">\n<td style=\"width: 20%; height: 23px;\">Juin<\/td>\n<td style=\"width: 20%; height: 23px;\"><a href=\"https:\/\/photos.app.goo.gl\/Fi2eEqv78mbi29CE8\" target=\"_blank\" rel=\"noopener noreferrer\">Juin<\/a><\/td>\n<td style=\"width: 20%; height: 23px;\"><a href=\"https:\/\/photos.app.goo.gl\/U1v1tdjnperseLQcA\" target=\"_blank\" rel=\"noopener noreferrer\">Juin<\/a><\/td>\n<td style=\"width: 20%; height: 23px;\"><a href=\"https:\/\/photos.app.goo.gl\/1yfB6cc6o7W3AyAR6\" target=\"_blank\" rel=\"noopener noreferrer\">Juin<\/a><\/td>\n<td style=\"width: 20%; height: 23px;\">Juin<\/td>\n<\/tr>\n<tr style=\"height: 23px;\">\n<td style=\"width: 20%; height: 23px;\">Juillet<\/td>\n<td style=\"width: 20%; height: 23px;\"><a href=\"https:\/\/photos.app.goo.gl\/nNm6Hib1LhCZUPbN9\" target=\"_blank\" rel=\"noopener noreferrer\">Juillet<\/a><\/td>\n<td style=\"width: 20%; height: 23px;\"><a href=\"https:\/\/photos.app.goo.gl\/x31fru5WB9JyRDxB9\" target=\"_blank\" rel=\"noopener noreferrer\">Juillet<\/a><\/td>\n<td style=\"width: 20%; height: 23px;\"><a href=\"https:\/\/photos.app.goo.gl\/uDsWkNk2wgojaLdJA\" target=\"_blank\" rel=\"noopener noreferrer\">Juillet<\/a><\/td>\n<td style=\"width: 20%; height: 23px;\"><a href=\"https:\/\/photos.app.goo.gl\/gd1sGfkGUqyt4aFU6\" target=\"_blank\" rel=\"noopener noreferrer\">Juillet<\/a><\/td>\n<\/tr>\n<tr style=\"height: 23px;\">\n<td style=\"width: 20%; height: 23px;\"><a href=\"https:\/\/photos.app.goo.gl\/2bwhJd6wxtaBJtDj9\" target=\"_blank\" rel=\"noopener noreferrer\">Aout<\/a><\/td>\n<td style=\"width: 20%; height: 23px;\"><a href=\"https:\/\/photos.app.goo.gl\/Qt92UPGfMFDqJwPi8\" target=\"_blank\" rel=\"noopener noreferrer\">Aout<\/a><\/td>\n<td style=\"width: 20%; height: 23px;\"><a href=\"https:\/\/photos.app.goo.gl\/Kjkf6rLiKvUggAJ98\" target=\"_blank\" rel=\"noopener noreferrer\">Aout<\/a><\/td>\n<td style=\"width: 20%; height: 23px;\"><a href=\"https:\/\/photos.app.goo.gl\/wKbSRvUawDCR2XsQ9\" target=\"_blank\" rel=\"noopener noreferrer\">Aout<\/a><\/td>\n<td style=\"width: 20%; height: 23px;\"><a href=\"https:\/\/photos.app.goo.gl\/7uvfUtfaNnuvHqfz9\" target=\"_blank\" rel=\"noopener noreferrer\">Aout<\/a><\/td>\n<\/tr>\n<tr style=\"height: 23px;\">\n<td style=\"width: 20%; height: 23px;\"><a href=\"https:\/\/photos.app.goo.gl\/eo1v4pM12CwYSUPa9\" target=\"_blank\" rel=\"noopener noreferrer\">Septembre<\/a><\/td>\n<td style=\"width: 20%; height: 23px;\"><a href=\"https:\/\/photos.app.goo.gl\/f4VSNomg2BuXCytBA\" target=\"_blank\" rel=\"noopener noreferrer\">Septembre<\/a><\/td>\n<td style=\"width: 20%; height: 23px;\"><a href=\"https:\/\/photos.app.goo.gl\/KTMJHpVTVMbZixUw6\" target=\"_blank\" rel=\"noopener noreferrer\">Septembre<\/a><\/td>\n<td style=\"width: 20%; height: 23px;\"><a href=\"https:\/\/photos.app.goo.gl\/uWihxkBwKCnD6YBV6\" target=\"_blank\" rel=\"noopener noreferrer\">Septembre<\/a><\/td>\n<td style=\"width: 20%; height: 23px;\"><a href=\"https:\/\/photos.app.goo.gl\/TWk1EGoDDXC9UffP6\" target=\"_blank\" rel=\"noopener noreferrer\">Septembre<\/a><\/td>\n<\/tr>\n<tr style=\"height: 23px;\">\n<td style=\"width: 20%; height: 23px;\"><a href=\"https:\/\/photos.app.goo.gl\/D6VsYiQwKRSjJmat8\" target=\"_blank\" rel=\"noopener noreferrer\">Octobre<\/a><\/td>\n<td style=\"width: 20%; height: 23px;\"><a href=\"https:\/\/photos.app.goo.gl\/L51LAjfsgcSHjiDz5\" target=\"_blank\" rel=\"noopener noreferrer\">Octobre<\/a><\/td>\n<td style=\"width: 20%; height: 23px;\"><a href=\"https:\/\/photos.app.goo.gl\/neU6qmeLEMikfLgy9\" target=\"_blank\" rel=\"noopener noreferrer\">Octobre<\/a><\/td>\n<td style=\"width: 20%; height: 23px;\"><a href=\"https:\/\/photos.app.goo.gl\/Vj58CyVJhgSdWP8Y8\" target=\"_blank\" rel=\"noopener noreferrer\">Octobre<\/a><\/td>\n<td style=\"width: 20%; height: 23px;\">Octobre<\/td>\n<\/tr>\n<tr style=\"height: 23px;\">\n<td style=\"width: 20%; height: 23px;\"><a href=\"https:\/\/photos.app.goo.gl\/GE9aXVH4VxrbEhQY9\" target=\"_blank\" rel=\"noopener noreferrer\">Novembre<\/a><\/td>\n<td style=\"width: 20%; height: 23px;\"><a href=\"https:\/\/photos.app.goo.gl\/izttyzqtw6gXAi5B9\" target=\"_blank\" rel=\"noopener noreferrer\">Novembre<\/a><\/td>\n<td style=\"width: 20%; height: 23px;\"><a href=\"https:\/\/photos.app.goo.gl\/7cTqRqV6EHw86dYJ6\" target=\"_blank\" rel=\"noopener noreferrer\">Novembre<\/a><\/td>\n<td style=\"width: 20%; height: 23px;\"><a href=\"https:\/\/photos.app.goo.gl\/yoS2oquSGLzFLapx7\" target=\"_blank\" rel=\"noopener noreferrer\">Novembre<\/a><\/td>\n<td style=\"width: 20%; height: 23px;\"><a href=\"https:\/\/photos.app.goo.gl\/8hGK8KhQFpdpzF7x6\" target=\"_blank\" rel=\"noopener noreferrer\">Novembre<\/a><\/td>\n<\/tr>\n<tr style=\"height: 23px;\">\n<td style=\"width: 20%; height: 23px;\"><a href=\"https:\/\/photos.app.goo.gl\/L6GFTP94mP1BHjRQ8\" target=\"_blank\" rel=\"noopener noreferrer\">D\u00e9cembre<\/a><\/td>\n<td style=\"width: 20%; height: 23px;\"><a href=\"https:\/\/photos.app.goo.gl\/v5h2FSPCwKrSyPwJ8\" target=\"_blank\" rel=\"noopener noreferrer\">D\u00e9cembre<\/a><\/td>\n<td style=\"width: 20%; height: 23px;\"><a href=\"https:\/\/photos.app.goo.gl\/oFjneToGBAQo1VpQA\" target=\"_blank\" rel=\"noopener noreferrer\">D\u00e9cembre<\/a><\/td>\n<td style=\"width: 20%; height: 23px;\"><a href=\"https:\/\/photos.app.goo.gl\/nNHwVCvq1MXnTBwa9\" target=\"_blank\" rel=\"noopener noreferrer\">D\u00e9cembre<\/a><\/td>\n<td style=\"width: 20%; height: 23px;\">D\u00e9cembre<\/td>\n<\/tr>\n<\/tbody>\n<\/table>\n","protected":false},"excerpt":{"rendered":"<p>les liens d&rsquo;acc\u00e8s aux documents sont plus bas, par ann\u00e9e et par mois La collection de cartes postales de Ren\u00e9 Abjean, membre de l&rsquo;association a \u00e9t\u00e9 num\u00e9ris\u00e9e par une dizaine [&hellip;]<\/p>\n","protected":false},"author":5,"featured_media":1886,"parent":0,"menu_order":0,"comment_status":"open","ping_status":"closed","template":"","meta":{"ngg_post_thumbnail":0,"_EventAllDay":false,"_EventTimezone":"","_EventStartDate":"","_EventEndDate":"","_EventStartDateUTC":"","_EventEndDateUTC":"","_EventShowMap":false,"_EventShowMapLink":false,"_EventURL":"","_EventCost":"","_EventCostDescription":"","_EventCurrencySymbol":"","_EventCurrencyCode":"","_EventCurrencyPosition":"","_EventDateTimeSeparator":"","_EventTimeRangeSeparator":"","_EventOrganizerID":[],"_EventVenueID":[],"_OrganizerEmail":"","_OrganizerPhone":"","_OrganizerWebsite":"","_VenueAddress":"","_VenueCity":"","_VenueCountry":"","_VenueProvince":"","_VenueState":"","_VenueZip":"","_VenuePhone":"","_VenueURL":"","_VenueStateProvince":"","_VenueLat":"","_VenueLng":"","_VenueShowMap":false,"_VenueShowMapLink":false,"footnotes":""},"categories":[234],"tags":[216,218],"class_list":["post-2691","page","type-page","status-publish","has-post-thumbnail","hentry","category-14-18-1-plouguerneau-dans-la-grande-guerre","tag-14-18","tag-cartes-postales"],"_links":{"self":[{"href":"https:\/\/appriou.bzh\/index.php\/wp-json\/wp\/v2\/pages\/2691","targetHints":{"allow":["GET"]}}],"collection":[{"href":"https:\/\/appriou.bzh\/index.php\/wp-json\/wp\/v2\/pages"}],"about":[{"href":"https:\/\/appriou.bzh\/index.php\/wp-json\/wp\/v2\/types\/page"}],"author":[{"embeddable":true,"href":"https:\/\/appriou.bzh\/index.php\/wp-json\/wp\/v2\/users\/5"}],"replies":[{"embeddable":true,"href":"https:\/\/appriou.bzh\/index.php\/wp-json\/wp\/v2\/comments?post=2691"}],"version-history":[{"count":0,"href":"https:\/\/appriou.bzh\/index.php\/wp-json\/wp\/v2\/pages\/2691\/revisions"}],"wp:featuredmedia":[{"embeddable":true,"href":"https:\/\/appriou.bzh\/index.php\/wp-json\/wp\/v2\/media\/1886"}],"wp:attachment":[{"href":"https:\/\/appriou.bzh\/index.php\/wp-json\/wp\/v2\/media?parent=2691"}],"wp:term":[{"taxonomy":"category","embeddable":true,"href":"https:\/\/appriou.bzh\/index.php\/wp-json\/wp\/v2\/categories?post=2691"},{"taxonomy":"post_tag","embeddable":true,"href":"https:\/\/appriou.bzh\/index.php\/wp-json\/wp\/v2\/tags?post=2691"}],"curies":[{"name":"wp","href":"https:\/\/api.w.org\/{rel}","templated":true}]}}