{"id":2734,"date":"2019-10-04T09:21:12","date_gmt":"2019-10-04T07:21:12","guid":{"rendered":"https:\/\/plouguerneau.net\/?p=2734"},"modified":"2025-01-27T09:57:17","modified_gmt":"2025-01-27T08:57:17","slug":"pierre-tombale-rue-coin-colin","status":"publish","type":"page","link":"https:\/\/appriou.bzh\/index.php\/pierre-tombale-rue-coin-colin\/","title":{"rendered":"Pierre tombale rue Coin-Colin"},"content":{"rendered":"\n<p><strong>Une pierre tombale au bourg de Plouguerneau<\/strong><\/p>\n\n\n\n<p class=\"has-text-align-left\">Nombre\nde passants empruntent la petite rue Coin-Colin qui relie la rue Michel Le\nNobletz. Mais peu ont remarqu\u00e9 une pierre, portant des inscriptions, ins\u00e9r\u00e9e\ndans un mur. <\/p>\n\n\n\n<figure class=\"wp-block-image\"><a href=\"https:\/\/appriou.bzh\/wp-content\/uploads\/2019\/10\/3.-RueCoinColin-.jpg\"><img fetchpriority=\"high\" decoding=\"async\" width=\"1024\" height=\"763\" src=\"https:\/\/appriou.bzh\/wp-content\/uploads\/2019\/10\/3.-RueCoinColin--1024x763.jpg\" alt=\"\" class=\"wp-image-2737\" srcset=\"https:\/\/appriou.bzh\/wp-content\/uploads\/2019\/10\/3.-RueCoinColin--1024x763.jpg 1024w, https:\/\/appriou.bzh\/wp-content\/uploads\/2019\/10\/3.-RueCoinColin--2048x1527.jpg 2048w, https:\/\/appriou.bzh\/wp-content\/uploads\/2019\/10\/3.-RueCoinColin--768x573.jpg 768w, https:\/\/appriou.bzh\/wp-content\/uploads\/2019\/10\/3.-RueCoinColin--1536x1145.jpg 1536w\" sizes=\"(max-width: 1024px) 100vw, 1024px\" \/><\/a><figcaption>La rue Coin-Colin o\u00f9 l\u2019on peut distinguer la pierre tombale de Marie-Caroline<\/figcaption><\/figure>\n\n\n\n<p>Depuis\nquelques temps d\u00e9j\u00e0, je suis intrigu\u00e9 par la pr\u00e9sence d\u2019une pierre tombale dans\nle mur ext\u00e9rieur d\u2019un garage de la rue Coin-Colin. Elle se trouve \u00e0 hauteur\nd\u2019homme en position horizontale. La pierre tombale ne se laisse pas lire\nfacilement, le temps a fait son \u0153uvre. J\u2019ai essay\u00e9 plusieurs techniques pour\nfaire appara\u00eetre quelques \u00e9l\u00e9ments qui me permettraient d\u2019en savoir un peu\nplus. Mais ni la craie, ni l\u2019humidification de la pierre n\u2019ont donn\u00e9\nsatisfaction. J\u2019ai r\u00e9ussi \u00e0 contacter le fils de l\u2019ancien propri\u00e9taire (disparu\nl\u2019an pass\u00e9) sans trouver de r\u00e9ponse. Aid\u00e9 de Maurice, le cousin de ma femme,\nvenu d\u00e9couvrir les charmes de Plouguerneau et du Finist\u00e8re pendant ces\nderni\u00e8res vacances, j\u2019ai alors exp\u00e9riment\u00e9 une technique avec les ombres (de nuit\nen dirigeant une lumi\u00e8re venue du bas, favorisant les ombres). J\u2019ai r\u00e9alis\u00e9\nplusieurs photos sur lesquelles j\u2019ai alors pu distinguer une date&nbsp;: 1868\net deux lettres&nbsp;: MC. Les autres inscriptions \u00e9taient illisibles et\nsurmont\u00e9es par une croix sculpt\u00e9e et deux personnages un peu na\u00effs qui pouvaient\nconfirmer une tombe d\u2019un enfant (la pierre tombale est de petite taille). Elle\npr\u00e9sente aussi un petit b\u00e9nitier sculpt\u00e9. <\/p>\n\n\n\n<figure class=\"wp-block-gallery columns-2 is-cropped wp-block-gallery-2 is-layout-flex wp-block-gallery-is-layout-flex\"><ul class=\"blocks-gallery-grid\"><li class=\"blocks-gallery-item\"><figure><a href=\"https:\/\/appriou.bzh\/wp-content\/uploads\/2019\/10\/4.-PierreTombaleOrigine-1024x741.jpg\"><img decoding=\"async\" width=\"1024\" height=\"741\" src=\"https:\/\/appriou.bzh\/wp-content\/uploads\/2019\/10\/4.-PierreTombaleOrigine-1024x741.jpg\" alt=\"\" data-id=\"2738\" data-link=\"https:\/\/plouguerneau.net\/pierre-tombale-rue-coin-colin\/4-pierretombaleorigine\/\" class=\"wp-image-2738\" srcset=\"https:\/\/appriou.bzh\/wp-content\/uploads\/2019\/10\/4.-PierreTombaleOrigine-1024x741.jpg 1024w, https:\/\/appriou.bzh\/wp-content\/uploads\/2019\/10\/4.-PierreTombaleOrigine-768x555.jpg 768w, https:\/\/appriou.bzh\/wp-content\/uploads\/2019\/10\/4.-PierreTombaleOrigine-1536x1111.jpg 1536w, https:\/\/appriou.bzh\/wp-content\/uploads\/2019\/10\/4.-PierreTombaleOrigine.jpg 1969w\" sizes=\"(max-width: 1024px) 100vw, 1024px\" \/><\/a><figcaption class=\"blocks-gallery-item__caption\">La pierre tombale, telle qu\u2019elle se pr\u00e9sente dans le mur ext\u00e9rieur d\u2019un garage<\/figcaption><\/figure><\/li><li class=\"blocks-gallery-item\"><figure><a href=\"https:\/\/appriou.bzh\/wp-content\/uploads\/2019\/10\/1.-PierreTombaleMCBerder1868--641x1024.jpg\"><img decoding=\"async\" width=\"641\" height=\"1024\" src=\"https:\/\/appriou.bzh\/wp-content\/uploads\/2019\/10\/1.-PierreTombaleMCBerder1868--641x1024.jpg\" alt=\"\" data-id=\"2735\" data-link=\"https:\/\/plouguerneau.net\/pierre-tombale-rue-coin-colin\/1-pierretombalemcberder1868\/\" class=\"wp-image-2735\" srcset=\"https:\/\/appriou.bzh\/wp-content\/uploads\/2019\/10\/1.-PierreTombaleMCBerder1868--641x1024.jpg 641w, https:\/\/appriou.bzh\/wp-content\/uploads\/2019\/10\/1.-PierreTombaleMCBerder1868--768x1228.jpg 768w, https:\/\/appriou.bzh\/wp-content\/uploads\/2019\/10\/1.-PierreTombaleMCBerder1868--961x1536.jpg 961w, https:\/\/appriou.bzh\/wp-content\/uploads\/2019\/10\/1.-PierreTombaleMCBerder1868-.jpg 1064w\" sizes=\"(max-width: 641px) 100vw, 641px\" \/><\/a><figcaption class=\"blocks-gallery-item__caption\">La pierre tombale de Marie Caroline Berder, dispos\u00e9e \u00e0 la verticale et en partie d\u00e9chiffr\u00e9e.<\/figcaption><\/figure><\/li><\/ul><\/figure>\n\n\n\n<p><strong>Une fratrie de sept enfants<\/strong><\/p>\n\n\n\n<p>En\nconsultant les actes de d\u00e9c\u00e8s de Plouguerneau en 1868 sur le site des Archives\nD\u00e9partementales du Finist\u00e8re, j\u2019ai pu identifier une seule personne qui porte\nles initiales \u00ab&nbsp;MC&nbsp;\u00bb. Il s\u2019agit de Marie Caroline Berder, d\u00e9c\u00e9d\u00e9e le\n19 juillet 1868 \u00e0 Lann\u00e9beur, \u00ab&nbsp;section de Gorr\u00e9blou\u00e9&nbsp;\u00bb \u00e0 l\u2019\u00e2ge de\ncinq ans. Marie Caroline \u00e9tait la fille de Fran\u00e7ois Berder et de Marguerite\nSimon, cultivateurs \u00e0 Plouguerneau.<\/p>\n\n\n\n<figure class=\"wp-block-image\"><a href=\"https:\/\/appriou.bzh\/wp-content\/uploads\/2019\/10\/2.-M.CarolineBerder1868.jpg\"><img loading=\"lazy\" decoding=\"async\" width=\"1024\" height=\"465\" src=\"https:\/\/appriou.bzh\/wp-content\/uploads\/2019\/10\/2.-M.CarolineBerder1868-1024x465.jpg\" alt=\"\" class=\"wp-image-2736\" srcset=\"https:\/\/appriou.bzh\/wp-content\/uploads\/2019\/10\/2.-M.CarolineBerder1868-1024x465.jpg 1024w, https:\/\/appriou.bzh\/wp-content\/uploads\/2019\/10\/2.-M.CarolineBerder1868-768x349.jpg 768w, https:\/\/appriou.bzh\/wp-content\/uploads\/2019\/10\/2.-M.CarolineBerder1868.jpg 1351w\" sizes=\"(max-width: 1024px) 100vw, 1024px\" \/><\/a><figcaption>L\u2019acte de d\u00e9c\u00e8s de Caroline Berder (AD 29 en ligne)<\/figcaption><\/figure>\n\n\n\n<p>Le\ncouple s\u2019est mari\u00e9 \u00e0 Plouguerneau le 18 novembre 1858. <\/p>\n\n\n\n<p>Fran\u00e7ois\nMarie Berder est \u00e2g\u00e9 de 25 ans, (n\u00e9 le 10\/1\/1833 \u00e0 Plouguerneau) il est cultivateur\net fils d\u2019Herv\u00e9, cultivateur et de Marie Riou, cultivatrice, demeurant \u00e0 Lann\u00e9beur.\n<\/p>\n\n\n\n<p>Marguerite\nSimon a 26 ans (n\u00e9e le 3\/4\/1832 \u00e0 Plouguerneau), fille de Jean et de Marie Anne\nRoudaut, cultivateurs \u00e0 Kerhabo en Plouguerneau. Le couple a eu plusieurs\nenfants : Marie Anne, n\u00e9e en 1860 (d\u00e9c\u00e9d\u00e9e en 1937), Marie Jeanne, n\u00e9e en 1861\n(d\u00e9c\u00e9d\u00e9e en 1870), Marie Caroline, n\u00e9e en 1863 et d\u00e9c\u00e9d\u00e9e en 1868, Marie\nYvonne, n\u00e9e en 1869 (d\u00e9c\u00e9d\u00e9e en 1870), Yves, n\u00e9 en 1867, d\u00e9c\u00e9d\u00e9 en 1874, Jean,\nn\u00e9 en 1871, d\u00e9c\u00e9d\u00e9 en 1875 et Fran\u00e7ois Marie, n\u00e9 en 1875 et d\u00e9c\u00e9d\u00e9 en 1947. <\/p>\n\n\n\n<p>Les\nparents&nbsp;: Fran\u00e7ois Berder et Marguerite Simon sont d\u00e9c\u00e9d\u00e9s tous deux en\n1888 \u00e0 Lann\u00e9beur.<\/p>\n\n\n\n<figure class=\"wp-block-image\"><img loading=\"lazy\" decoding=\"async\" width=\"560\" height=\"138\" src=\"https:\/\/appriou.bzh\/wp-content\/uploads\/2019\/10\/5.-SignFrancoisBerder-.jpg\" alt=\"\" class=\"wp-image-2739\"\/><figcaption>Fran\u00e7ois Berder habitait Lann\u00e9beur<\/figcaption><\/figure>\n\n\n\n<p>Comment\net pourquoi cette pierre tombale s\u2019est-elle retrouv\u00e9e int\u00e9gr\u00e9e dans un mur du\nbourg, cela reste une myst\u00e8re. Peut-\u00eatre y a t\u2019il d\u2019autres exemples dans la\ncommune&nbsp;?\n\nNorbert\nL\u2019Hostis\n\n\n\n<\/p>\n\n\n\n<p>Article et photos de Norbert L&rsquo;hostis &#8211; Octobre 2019<\/p>\n","protected":false},"excerpt":{"rendered":"<p>Une pierre tombale au bourg de Plouguerneau Nombre de passants empruntent la petite rue Coin-Colin qui relie la rue Michel Le Nobletz. Mais peu ont remarqu\u00e9 une pierre, portant des [&hellip;]<\/p>\n","protected":false},"author":4,"featured_media":2738,"parent":0,"menu_order":0,"comment_status":"open","ping_status":"open","template":"","meta":{"ngg_post_thumbnail":0,"_EventAllDay":false,"_EventTimezone":"","_EventStartDate":"","_EventEndDate":"","_EventStartDateUTC":"","_EventEndDateUTC":"","_EventShowMap":false,"_EventShowMapLink":false,"_EventURL":"","_EventCost":"","_EventCostDescription":"","_EventCurrencySymbol":"","_EventCurrencyCode":"","_EventCurrencyPosition":"","_EventDateTimeSeparator":"","_EventTimeRangeSeparator":"","_EventOrganizerID":[],"_EventVenueID":[],"_OrganizerEmail":"","_OrganizerPhone":"","_OrganizerWebsite":"","_VenueAddress":"","_VenueCity":"","_VenueCountry":"","_VenueProvince":"","_VenueState":"","_VenueZip":"","_VenuePhone":"","_VenueURL":"","_VenueStateProvince":"","_VenueLat":"","_VenueLng":"","_VenueShowMap":false,"_VenueShowMapLink":false,"footnotes":""},"categories":[150],"tags":[],"class_list":["post-2734","page","type-page","status-publish","has-post-thumbnail","hentry","category-histoire-18e-et-19e-siecle"],"_links":{"self":[{"href":"https:\/\/appriou.bzh\/index.php\/wp-json\/wp\/v2\/pages\/2734","targetHints":{"allow":["GET"]}}],"collection":[{"href":"https:\/\/appriou.bzh\/index.php\/wp-json\/wp\/v2\/pages"}],"about":[{"href":"https:\/\/appriou.bzh\/index.php\/wp-json\/wp\/v2\/types\/page"}],"author":[{"embeddable":true,"href":"https:\/\/appriou.bzh\/index.php\/wp-json\/wp\/v2\/users\/4"}],"replies":[{"embeddable":true,"href":"https:\/\/appriou.bzh\/index.php\/wp-json\/wp\/v2\/comments?post=2734"}],"version-history":[{"count":0,"href":"https:\/\/appriou.bzh\/index.php\/wp-json\/wp\/v2\/pages\/2734\/revisions"}],"wp:featuredmedia":[{"embeddable":true,"href":"https:\/\/appriou.bzh\/index.php\/wp-json\/wp\/v2\/media\/2738"}],"wp:attachment":[{"href":"https:\/\/appriou.bzh\/index.php\/wp-json\/wp\/v2\/media?parent=2734"}],"wp:term":[{"taxonomy":"category","embeddable":true,"href":"https:\/\/appriou.bzh\/index.php\/wp-json\/wp\/v2\/categories?post=2734"},{"taxonomy":"post_tag","embeddable":true,"href":"https:\/\/appriou.bzh\/index.php\/wp-json\/wp\/v2\/tags?post=2734"}],"curies":[{"name":"wp","href":"https:\/\/api.w.org\/{rel}","templated":true}]}}