{"id":2882,"date":"2020-01-19T17:47:28","date_gmt":"2020-01-19T16:47:28","guid":{"rendered":"https:\/\/plouguerneau.net\/?p=2882"},"modified":"2025-01-27T09:57:16","modified_gmt":"2025-01-27T08:57:16","slug":"en-1751-les-fermiers-du-vicomte-de-coatquenan-a-plouguerneau-et-a-plouneour-trez","status":"publish","type":"page","link":"https:\/\/appriou.bzh\/index.php\/en-1751-les-fermiers-du-vicomte-de-coatquenan-a-plouguerneau-et-a-plouneour-trez\/","title":{"rendered":"En 1751, les fermiers du vicomte de Coatquenan \u00e0 Plouguerneau et \u00e0 Plouneour-Trez&#8230;"},"content":{"rendered":"\n<p> Ce document, \u00e0 consulter au format PDF, est la transcription d\u2019un aveu fourni \u00e0 la Cour royale de L\u00e9on \u00e0 Lesneven par Louis-Marie de Carn\u00e9 pour des terres, fiefs, seigneuries, juridictions, droits f\u00e9odaux et seigneuriaux dont il vient d\u2019h\u00e9riter.<br>Ces biens et titres proviennent de son p\u00e8re Charles-Fran\u00e7ois de Carn\u00e9, d\u00e9c\u00e9d\u00e9 \u00e0 Kerjar en Lanildut le 5 janvier 1751, et de sa grand-m\u00e8re paternelle Marie-Gabrielle de Keringar, d\u00e9c\u00e9d\u00e9e le 29 d\u00e9cembre 1745. \u00c0 l\u2019\u00e9poque Kerjar est une enclave de Lanidut dans la paroisse de Plourin et le manoir ne sera int\u00e9gr\u00e9 dans cette commune qu\u2019en 1850.<br>N\u00e9 au manoir de Kerjar le 31 janvier 1722, Louis-Marie est le fils a\u00een\u00e9 et l\u2019h\u00e9ritier principal noble de la succession des pr\u00e9c\u00e9dents. Il rend aussi cet aveu pour les demoiselles GuyonneGenevi\u00e8ve-Anne et Fran\u00e7oise-Marie et Charlotte-Gabrielle3 de Carn\u00e9, ses s\u0153urs cadettes. Tous ces h\u00e9ritiers demeurent au ch\u00e2teau de Kerjar.<br>Louis-Marie \u00e9pousera avant 1766 Claude Emmanuelle de Bullion de Montlou\u00ebt, fille d\u2019un chef d\u2019escadre des arm\u00e9es navales. Il mourra \u00e0 Kerjar le 8 avril 1781.  <br><\/p>\n\n\n\n<div class=\"wp-block-file\"><a id=\"wp-block-file--media-a08b5381-0985-4191-b425-bf7e2026b847\" href=\"https:\/\/plouguerneau.net\/wp-content\/uploads\/2020\/01\/aveu-carn\u00e9_1751_rev20200120.pdf\" target=\"_blank\" rel=\"noreferrer noopener\">En 1751, les fermiers du vicomte de Coatquenan \u00e0 Plouguerneau et \u00e0 Plouneour-Trez\u2026<\/a><a href=\"https:\/\/plouguerneau.net\/wp-content\/uploads\/2020\/01\/aveu-carn\u00e9_1751_rev20200120.pdf\" class=\"wp-block-file__button\" download aria-describedby=\"wp-block-file--media-a08b5381-0985-4191-b425-bf7e2026b847\">T\u00e9l\u00e9charger<\/a><\/div>\n","protected":false},"excerpt":{"rendered":"<p>Ce document, \u00e0 consulter au format PDF, est la transcription d\u2019un aveu fourni \u00e0 la Cour royale de L\u00e9on \u00e0 Lesneven par Louis-Marie de Carn\u00e9 pour des terres, fiefs, seigneuries, [&hellip;]<\/p>\n","protected":false},"author":8,"featured_media":2889,"parent":0,"menu_order":0,"comment_status":"open","ping_status":"open","template":"","meta":{"ngg_post_thumbnail":0,"_EventAllDay":false,"_EventTimezone":"","_EventStartDate":"","_EventEndDate":"","_EventStartDateUTC":"","_EventEndDateUTC":"","_EventShowMap":false,"_EventShowMapLink":false,"_EventURL":"","_EventCost":"","_EventCostDescription":"","_EventCurrencySymbol":"","_EventCurrencyCode":"","_EventCurrencyPosition":"","_EventDateTimeSeparator":"","_EventTimeRangeSeparator":"","_EventOrganizerID":[],"_EventVenueID":[],"_OrganizerEmail":"","_OrganizerPhone":"","_OrganizerWebsite":"","_VenueAddress":"","_VenueCity":"","_VenueCountry":"","_VenueProvince":"","_VenueState":"","_VenueZip":"","_VenuePhone":"","_VenueURL":"","_VenueStateProvince":"","_VenueLat":"","_VenueLng":"","_VenueShowMap":false,"_VenueShowMapLink":false,"footnotes":""},"categories":[150],"tags":[],"class_list":["post-2882","page","type-page","status-publish","has-post-thumbnail","hentry","category-histoire-18e-et-19e-siecle"],"_links":{"self":[{"href":"https:\/\/appriou.bzh\/index.php\/wp-json\/wp\/v2\/pages\/2882","targetHints":{"allow":["GET"]}}],"collection":[{"href":"https:\/\/appriou.bzh\/index.php\/wp-json\/wp\/v2\/pages"}],"about":[{"href":"https:\/\/appriou.bzh\/index.php\/wp-json\/wp\/v2\/types\/page"}],"author":[{"embeddable":true,"href":"https:\/\/appriou.bzh\/index.php\/wp-json\/wp\/v2\/users\/8"}],"replies":[{"embeddable":true,"href":"https:\/\/appriou.bzh\/index.php\/wp-json\/wp\/v2\/comments?post=2882"}],"version-history":[{"count":0,"href":"https:\/\/appriou.bzh\/index.php\/wp-json\/wp\/v2\/pages\/2882\/revisions"}],"wp:featuredmedia":[{"embeddable":true,"href":"https:\/\/appriou.bzh\/index.php\/wp-json\/wp\/v2\/media\/2889"}],"wp:attachment":[{"href":"https:\/\/appriou.bzh\/index.php\/wp-json\/wp\/v2\/media?parent=2882"}],"wp:term":[{"taxonomy":"category","embeddable":true,"href":"https:\/\/appriou.bzh\/index.php\/wp-json\/wp\/v2\/categories?post=2882"},{"taxonomy":"post_tag","embeddable":true,"href":"https:\/\/appriou.bzh\/index.php\/wp-json\/wp\/v2\/tags?post=2882"}],"curies":[{"name":"wp","href":"https:\/\/api.w.org\/{rel}","templated":true}]}}