{"id":295,"date":"2011-03-18T09:21:34","date_gmt":"2011-03-18T08:21:34","guid":{"rendered":"https:\/\/plouguerneau.net\/les-statuts\/"},"modified":"2025-01-27T10:16:59","modified_gmt":"2025-01-27T09:16:59","slug":"les-statuts","status":"publish","type":"page","link":"https:\/\/appriou.bzh\/index.php\/les-statuts\/","title":{"rendered":"Les statuts"},"content":{"rendered":"<div align=\"center\"><b><span style=\"font-size: medium;\">STATUT<br \/>\n(Assembl\u00e9e constitutive du 14 mars 2011)<\/span><\/b><\/div>\n<p>&nbsp;<\/p>\n<div align=\"justify\"><b>Article 1er<\/b><br \/>\nIl est fond\u00e9 entre les adh\u00e9rents aux pr\u00e9sents statuts une association r\u00e9gie par la loi du 1er juillet 1901 et le d\u00e9cret du 16 ao\u00fbt 1901, ayant pour titre\u00a0: <b>Plouguerneau d&rsquo;hier et d&rsquo;aujourd&rsquo;hui.<\/b><\/p>\n<p><b>Article 2<\/b><br \/>\nCette association a pour but\u00a0: de recenser et de mettre en valeur les diff\u00e9rents patrimoine\u00a0: humain, naturel, b\u00e2ti, de la commune de Plouguerneau.<\/p>\n<p><b>Article 3<\/b><br \/>\nLe si\u00e8ge social est fix\u00e9 \u00e0 la <b>Mairie de Plouguerneau\u00a0<\/b>:<br \/>\n<b>Mairie de Plouguerneau<br \/>\nBP 1<br \/>\n29880 Plouguerneau<\/b><br \/>\nIl pourra \u00eatre transf\u00e9r\u00e9 par simple d\u00e9cision du conseil d\u2019administration ; la ratification par l\u2019assembl\u00e9e g\u00e9n\u00e9rale sera n\u00e9cessaire.<\/p>\n<p><b>Article 4<\/b><br \/>\nL\u2019association se compose de :<br \/>\n1. Membres actifs ou adh\u00e9rents<br \/>\n2. Membres bienfaiteurs<br \/>\n3. Membres d\u2019honneur<\/p>\n<p><b>Article 5<\/b><br \/>\n<b>Admission<\/b><br \/>\nPour faire partie de l\u2019association, il faut \u00eatre agr\u00e9\u00e9 par le bureau qui statue, lors de chacune de ses r\u00e9unions, sur les demandes d\u2019admission pr\u00e9sent\u00e9es.<\/p>\n<p><b>Article 6<\/b><br \/>\n<b>Les membres<\/b><br \/>\nSont membres actifs ceux qui ont pris l\u2019engagement de verser annuellement une cotisation fix\u00e9e chaque ann\u00e9e par l\u2019assembl\u00e9e g\u00e9n\u00e9rale.<br \/>\nSont membres bienfaiteurs les personnes qui versent un droit d\u2019entr\u00e9e et une cotisation annuelle fix\u00e9e chaque ann\u00e9e par l\u2019assembl\u00e9e g\u00e9n\u00e9rale.<br \/>\nSont membres d\u2019honneur ceux qui ont rendu des services signal\u00e9s \u00e0 l\u2019association ; ils sont dispens\u00e9s de cotisation.<\/p>\n<p><b>Article 7<\/b><br \/>\n<b>Radiations<\/b><br \/>\nLa qualit\u00e9 de membre de l&rsquo;association se perd :<br \/>\n1. La d\u00e9mission ;<br \/>\n2. Le d\u00e9c\u00e8s ;<br \/>\n3. La radiation prononc\u00e9e par le conseil d&rsquo;administration pour non-paiement de la cotisation ou pour motif grave, l\u2019int\u00e9ress\u00e9 ayant \u00e9t\u00e9 invit\u00e9 par lettre recommand\u00e9e \u00e0 se pr\u00e9senter devant le bureau pour fournir des explications.<\/p>\n<p><b>Article 8<\/b><br \/>\n<b>Les ressources de l\u2019association comprennent<\/b> :<br \/>\n1. Le montant des droits d\u2019entr\u00e9e et de cotisations ;<br \/>\n2. Les subventions de l\u2019Etat, des r\u00e9gions, des d\u00e9partements et des communes.<br \/>\n3. Le b\u00e9n\u00e9fice des manifestations organis\u00e9es par l&rsquo;association.<\/p>\n<p><b>Article 9<\/b><br \/>\n<b>Conseil d\u2019administration<\/b><br \/>\nL&rsquo;association est dirig\u00e9e par un conseil de au moins trois membres, \u00e9lus pour deux ann\u00e9es par l&rsquo;assembl\u00e9e g\u00e9n\u00e9rale. Les membres sont r\u00e9\u00e9ligibles.<br \/>\nLe conseil d\u2019administration choisit parmi ses membres, \u00e0 main lev\u00e9, un bureau compos\u00e9 de :<br \/>\n1. Un(e) pr\u00e9sident(e) ;<br \/>\n2. Un(e) secr\u00e9taire et, s\u2019il y a lieu, un(e) secr\u00e9taire adjoint(e) ;<br \/>\n3. Un(e) tr\u00e9sorier(e) et, si besoin, un(e) tr\u00e9sorier(e) adjoint(e).<br \/>\nLe conseil est renouvel\u00e9 tous les deux ans.<br \/>\nEn cas de vacances, le conseil pourvoit provisoirement au remplacement de ses membres. Il est proc\u00e9d\u00e9 \u00e0 leur remplacement d\u00e9finitif par une assembl\u00e9e g\u00e9n\u00e9rale extraordinaire. Les pouvoirs des membres ainsi \u00e9lus prennent fin \u00e0 l\u2019\u00e9poque o\u00f9 devrait normalement expirer le mandat des membres remplac\u00e9s.<\/p>\n<p><b>Article 10<\/b><br \/>\n<b>R\u00e9union du conseil d\u2019administration<\/b><br \/>\nLe conseil se r\u00e9unit une fois au moins tous les six mois, sur convocation du pr\u00e9sident, ou sur la demande du quart de ses membres.<br \/>\nLes d\u00e9cisions sont prises \u00e0 la majorit\u00e9 des voix ; en cas de partage, la voix du pr\u00e9sident est pr\u00e9pond\u00e9rante.<br \/>\nTout membre du conseil qui, sans excuse, n\u2019aura pas assist\u00e9 \u00e0 trois r\u00e9unions cons\u00e9cutives pourra \u00eatre consid\u00e9r\u00e9 comme d\u00e9missionnaire.<\/p>\n<p><b>Article 11<\/b><br \/>\n<b>Assembl\u00e9e g\u00e9n\u00e9rale ordinaire<\/b><br \/>\nL&rsquo;assembl\u00e9e g\u00e9n\u00e9rale ordinaire comprend tous les membres de l\u2019association \u00e0 quelque titre qu\u2019ils soient affili\u00e9s. L\u2019assembl\u00e9e g\u00e9n\u00e9rale ordinaire se r\u00e9unit chaque ann\u00e9e au moins une fois par an. Quinze jours au moins avant la date fix\u00e9e, les membres de l\u2019association sont convoqu\u00e9s par les soins du secr\u00e9taire, par voix de courrier, courriel, presse, sms&#8230; L\u2019ordre du jour est indiqu\u00e9 sur les convocations.<br \/>\nLe pr\u00e9sident, assist\u00e9 des membres du bureau, pr\u00e9side l\u2019assembl\u00e9e et expose la situation morale de l\u2019association.<br \/>\nLe tr\u00e9sorier rend compte de sa gestion et soumet le bilan \u00e0 l\u2019approbation de l\u2019assembl\u00e9e.<br \/>\nIl est proc\u00e9d\u00e9, apr\u00e8s \u00e9puisement de l\u2019ordre du jour, au remplacement, \u00e0 main lev\u00e9e, des membres du conseil sortants.<br \/>\nNe devront \u00eatre trait\u00e9es, lors de l\u2019assembl\u00e9e g\u00e9n\u00e9rale, que les questions soumises \u00e0 l\u2019ordre du jour.<\/p>\n<p><b>Article 12<\/b><br \/>\n<b>Assembl\u00e9e g\u00e9n\u00e9rale extraordinaire<\/b><br \/>\nSi besoin est, ou sur la demande de la moiti\u00e9 plus un des membres inscrits, le pr\u00e9sident peut convoquer une assembl\u00e9e g\u00e9n\u00e9rale extraordinaire, suivant les formalit\u00e9s pr\u00e9vues par l\u2019article 11.<\/p>\n<p><b>Article 13<\/b><br \/>\n<b>R\u00e8glement int\u00e9rieur<\/b><br \/>\nUn r\u00e8glement int\u00e9rieur peut \u00eatre \u00e9tabli par le conseil d\u2019administration, qui le fait alors approuver par l\u2019assembl\u00e9e g\u00e9n\u00e9rale. Ce r\u00e8glement \u00e9ventuel pr\u00e9cise certains points des statuts, notamment ceux qui ont trait \u00e0 l\u2019administration interne de l\u2019association.<\/p>\n<p><b>Article 14<\/b><br \/>\n<b>Dissolution<\/b><br \/>\nEn cas de dissolution prononc\u00e9e par les deux tiers au moins des membres pr\u00e9sents \u00e0 l\u2019assembl\u00e9e g\u00e9n\u00e9rale, un ou plusieurs liquidateurs sont nomm\u00e9s par celle-ci et l\u2019actif, s\u2019il y a lieu, est d\u00e9volu conform\u00e9ment \u00e0 l\u2019article 9 de la loi du 1er juillet 1901 et au d\u00e9cret du 16 ao\u00fbt 1901.<\/p>\n<p><b>Article 15<\/b><br \/>\nL&rsquo;association est apolitique.<br \/>\nIl est strictement interdit de se prendre la t\u00eate.<\/p>\n<p><b>Les pr\u00e9sents statuts ont \u00e9t\u00e9 approuv\u00e9s par l\u2019assembl\u00e9e constitutive du : 14 mars 2011<\/b><\/p>\n<p><span style=\"font-size: small;\"><b>Pr\u00e9sident<\/b><br \/>\n<i>Dominique Cardinal<\/i><\/span><span style=\"font-size: small;\"><b>Tr\u00e9sorier <\/b><br \/>\n<i>Eric Corre<\/i><\/span><span style=\"font-size: small;\"><b>Secr\u00e9taire<\/b><br \/>\n<i>Isabelle Pillet<\/i><\/span><span style=\"font-size: small;\"><b>Secr\u00e9taire adjointe<\/b><br \/>\n<i>Genevi\u00e8ve Robin<\/i><\/span><\/div>\n<p><a href=\"https:\/\/appriou.bzh\/wp-content\/uploads\/2011\/03\/association_recepisseasso.pdf\" target=\"blank\">R\u00e9c\u00e9piss\u00e9 de d\u00e9claration de cr\u00e9ation<\/a><\/p>\n<p>Le bureau de l&rsquo;association : <a href=\"https:\/\/appriou.bzh\/wp-content\/uploads\/2011\/04\/association_PV_2012_sousprefet.pdf\" target=\"blank\">cliquer ici<\/a>, r\u00e9c\u00e9piss\u00e9 de la pr\u00e9fecture <a href=\"https:\/\/appriou.bzh\/wp-content\/uploads\/2011\/03\/association_PV_2012_modificationbureau.pdf\" target=\"blank\">cliquer ici<\/a><br \/>\n.<\/p>\n","protected":false},"excerpt":{"rendered":"<p>STATUT (Assembl\u00e9e constitutive du 14 mars 2011) &nbsp; Article 1er Il est fond\u00e9 entre les adh\u00e9rents aux pr\u00e9sents statuts une association r\u00e9gie par la loi du 1er juillet 1901 et [&hellip;]<\/p>\n","protected":false},"author":4,"featured_media":1843,"parent":0,"menu_order":0,"comment_status":"closed","ping_status":"closed","template":"","meta":{"ngg_post_thumbnail":0,"_EventAllDay":false,"_EventTimezone":"","_EventStartDate":"","_EventEndDate":"","_EventStartDateUTC":"","_EventEndDateUTC":"","_EventShowMap":false,"_EventShowMapLink":false,"_EventURL":"","_EventCost":"","_EventCostDescription":"","_EventCurrencySymbol":"","_EventCurrencyCode":"","_EventCurrencyPosition":"","_EventDateTimeSeparator":"","_EventTimeRangeSeparator":"","_EventOrganizerID":[],"_EventVenueID":[],"_OrganizerEmail":"","_OrganizerPhone":"","_OrganizerWebsite":"","_VenueAddress":"","_VenueCity":"","_VenueCountry":"","_VenueProvince":"","_VenueState":"","_VenueZip":"","_VenuePhone":"","_VenueURL":"","_VenueStateProvince":"","_VenueLat":"","_VenueLng":"","_VenueShowMap":false,"_VenueShowMapLink":false,"footnotes":""},"categories":[204],"tags":[],"class_list":["post-295","page","type-page","status-publish","has-post-thumbnail","hentry","category-presentation"],"_links":{"self":[{"href":"https:\/\/appriou.bzh\/index.php\/wp-json\/wp\/v2\/pages\/295","targetHints":{"allow":["GET"]}}],"collection":[{"href":"https:\/\/appriou.bzh\/index.php\/wp-json\/wp\/v2\/pages"}],"about":[{"href":"https:\/\/appriou.bzh\/index.php\/wp-json\/wp\/v2\/types\/page"}],"author":[{"embeddable":true,"href":"https:\/\/appriou.bzh\/index.php\/wp-json\/wp\/v2\/users\/4"}],"replies":[{"embeddable":true,"href":"https:\/\/appriou.bzh\/index.php\/wp-json\/wp\/v2\/comments?post=295"}],"version-history":[{"count":0,"href":"https:\/\/appriou.bzh\/index.php\/wp-json\/wp\/v2\/pages\/295\/revisions"}],"wp:featuredmedia":[{"embeddable":true,"href":"https:\/\/appriou.bzh\/index.php\/wp-json\/wp\/v2\/media\/1843"}],"wp:attachment":[{"href":"https:\/\/appriou.bzh\/index.php\/wp-json\/wp\/v2\/media?parent=295"}],"wp:term":[{"taxonomy":"category","embeddable":true,"href":"https:\/\/appriou.bzh\/index.php\/wp-json\/wp\/v2\/categories?post=295"},{"taxonomy":"post_tag","embeddable":true,"href":"https:\/\/appriou.bzh\/index.php\/wp-json\/wp\/v2\/tags?post=295"}],"curies":[{"name":"wp","href":"https:\/\/api.w.org\/{rel}","templated":true}]}}