{"id":298,"date":"2011-03-26T08:59:17","date_gmt":"2011-03-26T07:59:17","guid":{"rendered":"https:\/\/plouguerneau.net\/le-bourg-de-plouguerneau\/"},"modified":"2025-01-27T10:12:06","modified_gmt":"2025-01-27T09:12:06","slug":"le-bourg-de-plouguerneau","status":"publish","type":"page","link":"https:\/\/appriou.bzh\/index.php\/le-bourg-de-plouguerneau\/","title":{"rendered":"Le Bourg de Plouguerneau"},"content":{"rendered":"<p>Le calvaire de l&rsquo;Eglise de Plouguerneau date de la fin du XIX\u00e8me si\u00e8cle. C&rsquo;est au sculpteur Yann Larhantec que l&rsquo;on doit cette \u0153uvre, r\u00e9alis\u00e9e en kersanton, \u00e0 l&rsquo;occasion de la mission paroissiale de 1881. Les croix s\u00e9par\u00e9es sont toutes reli\u00e9es par un m\u00eame soubassement. La hauteur totale de l&rsquo;ensemble est de 9 m\u00e8tres. Au pied de la croix du Christ se trouve Marie-Madeleine en pleurs. La Vierge Marie et Saint Jean se situe sur les pilastres, en limite du mur d&rsquo;enceinte de l&rsquo;ensemble paroissial. Les f\u00fbts avec \u00e9cots sont surmont\u00e9s d&rsquo;un chapiteau de style roman. Les bases sont un ensemble de tores mont\u00e9s sur soubassement.<br \/>\nL&rsquo;inscription figurant sur la banderole du f\u00fbt supportant la croix de J\u00e9sus est :<br \/>\nSouvenir de la mission de 1881 et du Jubil\u00e9.<br \/>\n3 Pater 3 Ave 40 jours d&rsquo;indulgence<br \/>\nA l&rsquo;arri\u00e8re du socle se situe une fausse plaque sur laquelle est grav\u00e9e :<br \/>\nJ. Fav\u00e9 Cur\u00e9<br \/>\nF.M. Abjean Tr\u00e9sorier<br \/>\nF.M. Cabon Maire<\/p>\n<table style=\"height: 1190px;\" frame=\"BELOW\" rules=\"ROWS\" width=\"1053\" cellspacing=\"0\" border=\"1\">\n<tbody>\n<tr>\n<td width=\"23%\"><span style=\"font-size: small;\"><span style=\"color: blue;\"><b>Calvaire de l&rsquo;Eglise<\/b><\/span><br \/>\nLat : 48\u00b036.388&rsquo;N<br \/>\nLong : 004\u00b030.420&rsquo;W<br \/>\n<i>R\u00e9f. EG : 9<br \/>\nR\u00e9f. YC : 2079<\/i><\/span><\/td>\n<td><a href=\"http:\/\/www.plouguerneau.net\/IMG\/croix\/bourg\/calvaire.jpg\" target=\"blank\"><img decoding=\"async\" class=\"alignleft\" title=\"Calvaire de l'Eglise\" src=\"http:\/\/www.plouguerneau.net\/IMG\/croix\/bourg\/calvairep.jpg \"><\/a><\/td>\n<td>\n<div align=\"justify\"><span style=\"font-size: small;\">&nbsp;<\/span><\/div>\n<\/td>\n<\/tr>\n<tr>\n<td width=\"23%\"><span style=\"font-size: small;\"><span style=\"color: blue;\"><b>Parvis de l&rsquo;Eglise<\/b><\/span><br \/>\nLat : 48\u00b036.377&rsquo;N<br \/>\nLong : 004\u00b030.318&rsquo;W<br \/>\n<i>R\u00e9f. EG : 10<br \/>\nR\u00e9f. YC : 2081<\/i><\/span><\/td>\n<td><a href=\"http:\/\/www.plouguerneau.net\/IMG\/croix\/bourg\/parvis.jpg \" target=\"blank\"><img decoding=\"async\" title=\"Parvis de l'Eglise\" src=\"http:\/\/www.plouguerneau.net\/IMG\/croix\/bourg\/parvisp.jpg \"><\/a><\/td>\n<td><\/td>\n<\/tr>\n<tr>\n<td width=\"23%\"><span style=\"font-size: small;\"><span style=\"color: blue;\"><b>Rue de Guiss\u00e9ny<\/b><\/span><br \/>\nLat : 48\u00b036.431&rsquo;N<br \/>\nLong : 004\u00b030.274&rsquo;W<br \/>\n<i>R\u00e9f. EG : 11<br \/>\nR\u00e9f. YC : 2004<\/i><\/span><\/td>\n<td><a href=\"http:\/\/www.plouguerneau.net\/IMG\/croix\/bourg\/ruedeguisseny3.jpg \" target=\"blank\"><img decoding=\"async\" title=\"Rue de Guiss\u00e9ny\" src=\"http:\/\/www.plouguerneau.net\/IMG\/croix\/bourg\/ruedeguissenyp3.jpg \"><\/a><\/td>\n<td><\/td>\n<\/tr>\n<tr>\n<td width=\"23%\"><span style=\"font-size: small;\"><span style=\"color: blue;\"><b>Rue de Guiss\u00e9ny<\/b><\/span><br \/>\nLat : 48\u00b0&rsquo;N<br \/>\nLong : 004\u00b0&rsquo;W<br \/>\n<i>R\u00e9f. EG : 12<br \/>\nR\u00e9f. YC : 2005<\/i><\/span><\/td>\n<td><a href=\"http:\/\/www.plouguerneau.net\/IMG\/croix\/bourg\/ruedeguisseny1.jpg \" target=\"blank\"><img decoding=\"async\" title=\"Rue de Guiss\u00e9ny\" src=\"http:\/\/www.plouguerneau.net\/IMG\/croix\/bourg\/ruedeguissenyp01.jpg \"><\/a><\/td>\n<td><\/td>\n<\/tr>\n<tr>\n<td width=\"23%\"><span style=\"font-size: small;\"><span style=\"color: blue;\"><b>Rue de Guiss\u00e9ny<\/b><\/span><br \/>\nLat : 48\u00b036.433&rsquo;N<br \/>\nLong : 004\u00b030.201&rsquo;W<br \/>\n<i>R\u00e9f. EG : 13<br \/>\nR\u00e9f. YC : 2006<\/i><\/span><\/td>\n<td><a href=\"http:\/\/www.plouguerneau.net\/IMG\/croix\/bourg\/ruedeguisseny2.jpg \" target=\"blank\"><img decoding=\"async\" title=\"Rue de Guiss\u00e9ny\" src=\"http:\/\/www.plouguerneau.net\/IMG\/croix\/bourg\/ruedeguissenyp02.jpg \"><\/a><\/td>\n<td><\/td>\n<\/tr>\n<tr>\n<td width=\"23%\"><span style=\"font-size: small;\"><span style=\"color: blue;\"><b>Place aux cochons<\/b><\/span><br \/>\nLat : 48\u00b036.272&rsquo;N<br \/>\nLong : 004\u00b030.328&rsquo;W<br \/>\n<i>R\u00e9f. EG : 14<br \/>\nR\u00e9f. YC : 1994<\/i><\/span><\/td>\n<td><a href=\"http:\/\/www.plouguerneau.net\/IMG\/croix\/bourg\/placeauxcochons.jpg \" target=\"blank\"><img decoding=\"async\" title=\"Place aux cochons\" src=\"http:\/\/www.plouguerneau.net\/IMG\/croix\/bourg\/placeauxcochonsp.jpg \"><\/a><\/td>\n<td><\/td>\n<\/tr>\n<tr>\n<td width=\"23%\"><span style=\"font-size: small;\"><span style=\"color: blue;\"><b>Grand Rue<\/b><\/span><br \/>\nLat : 48\u00b036.311&rsquo;N<br \/>\nLong : 004\u00b030.399&rsquo;W<br \/>\n<i>R\u00e9f. EG : 15<br \/>\nR\u00e9f. YC : 2086<\/i><\/span><\/td>\n<td><a href=\"http:\/\/www.plouguerneau.net\/IMG\/croix\/bourg\/bourgfusilles.jpg \" target=\"blank\"><img decoding=\"async\" title=\"Grand Rue\" src=\"http:\/\/www.plouguerneau.net\/IMG\/croix\/bourg\/bourgfusillesp.jpg \"><\/a><\/td>\n<td><\/td>\n<\/tr>\n<tr>\n<td width=\"23%\"><span style=\"font-size: small;\"><span style=\"color: blue;\"><b>Cimeti\u00e8re<\/b><\/span><br \/>\nLat : 48\u00b036.298&rsquo;N<br \/>\nLong : 004\u00b030.479&rsquo;W<br \/>\n<i>R\u00e9f. EG : 16<br \/>\nR\u00e9f. YC : 2082<\/i><\/span><\/td>\n<td><a href=\"http:\/\/www.plouguerneau.net\/IMG\/croix\/bourg\/cimetiere.jpg \" target=\"blank\"><img decoding=\"async\" title=\"Cimeti\u00e8re\" src=\"http:\/\/www.plouguerneau.net\/IMG\/croix\/bourg\/cimetierep.jpg \"><\/a><\/td>\n<td><\/td>\n<\/tr>\n<tr>\n<td width=\"23%\"><span style=\"font-size: small;\"><span style=\"color: blue;\"><b>Rue du Verger<\/b><\/span><br \/>\nLat : 48\u00b036.377&rsquo;N<br \/>\nLong : 004\u00b030.318&rsquo;W<br \/>\n<i>R\u00e9f. EG : 17<br \/>\nR\u00e9f. YC : 2087<\/i><\/span><\/td>\n<td><a href=\"http:\/\/www.plouguerneau.net\/IMG\/croix\/bourg\/rueduverger.jpg \" target=\"blank\"><img decoding=\"async\" title=\"Rue du Verger\" src=\"http:\/\/www.plouguerneau.net\/IMG\/croix\/bourg\/rueduvergerp.jpg \"><\/a><\/td>\n<td><\/td>\n<\/tr>\n<\/tbody>\n<\/table>\n","protected":false},"excerpt":{"rendered":"<p>Le calvaire de l&rsquo;Eglise de Plouguerneau date de la fin du XIX\u00e8me si\u00e8cle. C&rsquo;est au sculpteur Yann Larhantec que l&rsquo;on doit cette \u0153uvre, r\u00e9alis\u00e9e en kersanton, \u00e0 l&rsquo;occasion de la [&hellip;]<\/p>\n","protected":false},"author":4,"featured_media":1915,"parent":0,"menu_order":0,"comment_status":"closed","ping_status":"open","template":"","meta":{"ngg_post_thumbnail":0,"_EventAllDay":false,"_EventTimezone":"","_EventStartDate":"","_EventEndDate":"","_EventStartDateUTC":"","_EventEndDateUTC":"","_EventShowMap":false,"_EventShowMapLink":false,"_EventURL":"","_EventCost":"","_EventCostDescription":"","_EventCurrencySymbol":"","_EventCurrencyCode":"","_EventCurrencyPosition":"","_EventDateTimeSeparator":"","_EventTimeRangeSeparator":"","_EventOrganizerID":[],"_EventVenueID":[],"_OrganizerEmail":"","_OrganizerPhone":"","_OrganizerWebsite":"","_VenueAddress":"","_VenueCity":"","_VenueCountry":"","_VenueProvince":"","_VenueState":"","_VenueZip":"","_VenuePhone":"","_VenueURL":"","_VenueStateProvince":"","_VenueLat":"","_VenueLng":"","_VenueShowMap":false,"_VenueShowMapLink":false,"footnotes":""},"categories":[40],"tags":[],"class_list":["post-298","page","type-page","status-publish","has-post-thumbnail","hentry","category-croix-et-calvaires"],"_links":{"self":[{"href":"https:\/\/appriou.bzh\/index.php\/wp-json\/wp\/v2\/pages\/298","targetHints":{"allow":["GET"]}}],"collection":[{"href":"https:\/\/appriou.bzh\/index.php\/wp-json\/wp\/v2\/pages"}],"about":[{"href":"https:\/\/appriou.bzh\/index.php\/wp-json\/wp\/v2\/types\/page"}],"author":[{"embeddable":true,"href":"https:\/\/appriou.bzh\/index.php\/wp-json\/wp\/v2\/users\/4"}],"replies":[{"embeddable":true,"href":"https:\/\/appriou.bzh\/index.php\/wp-json\/wp\/v2\/comments?post=298"}],"version-history":[{"count":0,"href":"https:\/\/appriou.bzh\/index.php\/wp-json\/wp\/v2\/pages\/298\/revisions"}],"wp:featuredmedia":[{"embeddable":true,"href":"https:\/\/appriou.bzh\/index.php\/wp-json\/wp\/v2\/media\/1915"}],"wp:attachment":[{"href":"https:\/\/appriou.bzh\/index.php\/wp-json\/wp\/v2\/media?parent=298"}],"wp:term":[{"taxonomy":"category","embeddable":true,"href":"https:\/\/appriou.bzh\/index.php\/wp-json\/wp\/v2\/categories?post=298"},{"taxonomy":"post_tag","embeddable":true,"href":"https:\/\/appriou.bzh\/index.php\/wp-json\/wp\/v2\/tags?post=298"}],"curies":[{"name":"wp","href":"https:\/\/api.w.org\/{rel}","templated":true}]}}