{"id":301,"date":"2011-04-17T18:38:50","date_gmt":"2011-04-17T16:38:50","guid":{"rendered":"https:\/\/plouguerneau.net\/notre-dame-de-delivrance\/"},"modified":"2025-01-27T10:14:24","modified_gmt":"2025-01-27T09:14:24","slug":"notre-dame-de-delivrance","status":"publish","type":"page","link":"https:\/\/appriou.bzh\/index.php\/notre-dame-de-delivrance\/","title":{"rendered":"Notre Dame de D\u00e9livrance"},"content":{"rendered":"<p>Notre Dame de D\u00e9livrance a \u00e9t\u00e9 construite en 1845, soit juste apr\u00e8s que le cimeti\u00e8re qui entourait l&rsquo;\u00e9glise Saint Pierre &#8211; Saint Paul soit d\u00e9m\u00e9nag\u00e9 sur le site actuel.<br \/>\nLa croix du cimeti\u00e8re porte la date de 1908.<\/p>\n<div align=\"center\">\n\t<object classid=\"clsid:d27cdb6e-ae6d-11cf-96b8-444553540000\" codebase=\"http:\/\/fpdownload.macromedia.com\/pub\/shockwave\/cabs\/flash\/swflash.cab#version=6,0,0,0\" width=\"500\" height=\"333\" id=\"tech\" align=\"middle\"><param name=\"allowScriptAccess\" value=\"sameDomain\" \/><param name=\"movie\" value=\"http:\/\/www.plouguerneau.net\/IMG\/chapelles\/nddelivrance\/nddellivrance.swf\" \/><param name=\"quality\" value=\"high\" \/><embed src=\"http:\/\/www.plouguerneau.net\/IMG\/chapelles\/nddelivrance\/nddellivrance.swf\"\" quality=\"high\" width=\"500\" height=\"333\" name=\"tech\" align=\"middle\" allowScriptAccess=\"sameDomain\" type=\"application\/x-shockwave-flash\" pluginspage=\"http:\/\/www.macromedia.com\/go\/getflashplayer\" \/><\/object>\n<\/div>\n<p>On trouve dans la chapelle quelques ex-voto s&rsquo;adressant \u00e0 Sainte Th\u00e9r\u00e8se, Sainte Bernadette ou encore \u00e0 Notre Dame de Lourdes.<\/p>\n","protected":false},"excerpt":{"rendered":"<p>Notre Dame de D\u00e9livrance a \u00e9t\u00e9 construite en 1845, soit juste apr\u00e8s que le cimeti\u00e8re qui entourait l&rsquo;\u00e9glise Saint Pierre &#8211; Saint Paul soit d\u00e9m\u00e9nag\u00e9 sur le site actuel. La [&hellip;]<\/p>\n","protected":false},"author":4,"featured_media":0,"parent":0,"menu_order":0,"comment_status":"closed","ping_status":"closed","template":"","meta":{"ngg_post_thumbnail":0,"_EventAllDay":false,"_EventTimezone":"","_EventStartDate":"","_EventEndDate":"","_EventStartDateUTC":"","_EventEndDateUTC":"","_EventShowMap":false,"_EventShowMapLink":false,"_EventURL":"","_EventCost":"","_EventCostDescription":"","_EventCurrencySymbol":"","_EventCurrencyCode":"","_EventCurrencyPosition":"","_EventDateTimeSeparator":"","_EventTimeRangeSeparator":"","_EventOrganizerID":[],"_EventVenueID":[],"_OrganizerEmail":"","_OrganizerPhone":"","_OrganizerWebsite":"","_VenueAddress":"","_VenueCity":"","_VenueCountry":"","_VenueProvince":"","_VenueState":"","_VenueZip":"","_VenuePhone":"","_VenueURL":"","_VenueStateProvince":"","_VenueLat":"","_VenueLng":"","_VenueShowMap":false,"_VenueShowMapLink":false,"footnotes":""},"categories":[42],"tags":[],"class_list":["post-301","page","type-page","status-publish","hentry","category-eglises-et-chapelles"],"_links":{"self":[{"href":"https:\/\/appriou.bzh\/index.php\/wp-json\/wp\/v2\/pages\/301","targetHints":{"allow":["GET"]}}],"collection":[{"href":"https:\/\/appriou.bzh\/index.php\/wp-json\/wp\/v2\/pages"}],"about":[{"href":"https:\/\/appriou.bzh\/index.php\/wp-json\/wp\/v2\/types\/page"}],"author":[{"embeddable":true,"href":"https:\/\/appriou.bzh\/index.php\/wp-json\/wp\/v2\/users\/4"}],"replies":[{"embeddable":true,"href":"https:\/\/appriou.bzh\/index.php\/wp-json\/wp\/v2\/comments?post=301"}],"version-history":[{"count":0,"href":"https:\/\/appriou.bzh\/index.php\/wp-json\/wp\/v2\/pages\/301\/revisions"}],"wp:attachment":[{"href":"https:\/\/appriou.bzh\/index.php\/wp-json\/wp\/v2\/media?parent=301"}],"wp:term":[{"taxonomy":"category","embeddable":true,"href":"https:\/\/appriou.bzh\/index.php\/wp-json\/wp\/v2\/categories?post=301"},{"taxonomy":"post_tag","embeddable":true,"href":"https:\/\/appriou.bzh\/index.php\/wp-json\/wp\/v2\/tags?post=301"}],"curies":[{"name":"wp","href":"https:\/\/api.w.org\/{rel}","templated":true}]}}