{"id":313,"date":"2011-05-14T08:00:03","date_gmt":"2011-05-14T06:00:03","guid":{"rendered":"https:\/\/plouguerneau.net\/et-ailleurs\/"},"modified":"2011-05-14T08:00:03","modified_gmt":"2011-05-14T06:00:03","slug":"et-ailleurs","status":"publish","type":"page","link":"https:\/\/appriou.bzh\/index.php\/et-ailleurs\/","title":{"rendered":"&#8230; et ailleurs !"},"content":{"rendered":"<table width=100% border=1 bordercolor=\"#dddddd\" cellpading=4 cellspacing=0 frame=BELOW rules=ROWS>\n<tr>\n<td width=40%><font size=2><a href=\"http:\/\/www.croix-finistere.com\/\" target=blank>Croix et Calvaires du Finist\u00e8re<\/a><\/td>\n<td width=20%>\n<div align=center><img decoding=\"async\" src=\"https:\/\/appriou.bzh\/wp-content\/uploads\/2011\/05\/jpg_Croix-plouguerneau.jpg\" height=100 width=150><\/td>\n<td><FONT SIZE=2><\/p>\n<div align=center>\nCe site est g\u00e9r\u00e9 par Y. Autret<br \/>29200 Brest\n<\/td>\n<\/tr>\n<tr>\n<td width=40%><font size=2><a href=\"http:\/\/quillesduleon.free.fr\/\" target=blank>C\u2019hoario\u00f9 Kilho\u00f9 Bro Leon<\/a><\/td>\n<td width=20%>\n<div align=center><img decoding=\"async\" src=\"https:\/\/appriou.bzh\/wp-content\/uploads\/2011\/05\/liens_quillesduleon.jpg\"><\/td>\n<td><FONT SIZE=2><\/p>\n<div align=center>\nlocal de TI AR VRO<br \/>\n29860 Lesneven<br \/>\nT\u00e9l : 02 98 83 30 41 \n<\/td>\n<\/tr>\n<tr>\n<td width=40%><font size=2><a href=\"http:\/\/fondation-patrimoine.org\/\" target=blank>Fondation du Patrimoine<\/a><\/td>\n<td width=10%>\n<div align=center><img decoding=\"async\" src=\"https:\/\/appriou.bzh\/wp-content\/uploads\/2011\/05\/liens_fondationdupatrimoine.jpg\"><\/td>\n<td><FONT SIZE=2><\/p>\n<div align=center>\n23-25, rue Charles Fourier<br \/>\n75013 PARIS<br \/>\nT\u00e9l : 01 53 67 76 00<br \/>\nFax : 01 40 70 11 70<br \/>\n\n<\/td>\n<\/tr>\n<tr>\n<td width=40%><font size=2><a href=\"http:\/\/www.radiobreizh.net\/bzh\/index.php\" target=blank>RadioBreizh.net<\/a><\/td>\n<td width=20%>\n<div align=center><img src=http:\/\/www.plouguerneau.net\/IMG\/png\/30cdea5371c01c6e8ee3cc0e3e67.png height=100 width=150><\/td>\n<td><FONT SIZE=2><\/p>\n<div align=center>\nPortail de radios bretonnes :<br \/>\nArvorig, RGB, Kerne et RKB<\/p>\n<p>\n<\/td>\n<\/tr>\n<tr>\n<td width=40%><font size=2><a href=\"http:\/\/www.sprev.org\/\" target=blank>Sauvegarde du Patrimoine Religieux En Vie &#8211; S.P.R.E.V<br \/>\n<\/a><\/td>\n<td width=20%>\n<div align=center><img decoding=\"async\" src=\"https:\/\/appriou.bzh\/wp-content\/uploads\/2011\/05\/liens_sprev.jpg\"><\/td>\n<td><FONT SIZE=2><\/p>\n<div align=center>\n41 bvd de Kerguelen <br \/>\n29101 Quimper <br \/>\nT\u00e9l : 02 98 64 58 81<br \/>\nFax : 02 98 95 71 66<br \/>\nCourriel : secretariat.sprev (at) wanadoo.fr\n<\/td>\n<\/tr>\n<\/table>\n","protected":false},"excerpt":{"rendered":"<p>Croix et Calvaires du Finist\u00e8re Ce site est g\u00e9r\u00e9 par Y. Autret29200 Brest C\u2019hoario\u00f9 Kilho\u00f9 Bro Leon local de TI AR VRO 29860 Lesneven T\u00e9l : 02 98 83 30 [&hellip;]<\/p>\n","protected":false},"author":4,"featured_media":0,"parent":0,"menu_order":0,"comment_status":"closed","ping_status":"open","template":"","meta":{"ngg_post_thumbnail":0,"_EventAllDay":false,"_EventTimezone":"","_EventStartDate":"","_EventEndDate":"","_EventStartDateUTC":"","_EventEndDateUTC":"","_EventShowMap":false,"_EventShowMapLink":false,"_EventURL":"","_EventCost":"","_EventCostDescription":"","_EventCurrencySymbol":"","_EventCurrencyCode":"","_EventCurrencyPosition":"","_EventDateTimeSeparator":"","_EventTimeRangeSeparator":"","_EventOrganizerID":[],"_EventVenueID":[],"_OrganizerEmail":"","_OrganizerPhone":"","_OrganizerWebsite":"","_VenueAddress":"","_VenueCity":"","_VenueCountry":"","_VenueProvince":"","_VenueState":"","_VenueZip":"","_VenuePhone":"","_VenueURL":"","_VenueStateProvince":"","_VenueLat":"","_VenueLng":"","_VenueShowMap":false,"_VenueShowMapLink":false,"footnotes":""},"categories":[263],"tags":[],"class_list":["post-313","page","type-page","status-publish","hentry","category-liens"],"_links":{"self":[{"href":"https:\/\/appriou.bzh\/index.php\/wp-json\/wp\/v2\/pages\/313","targetHints":{"allow":["GET"]}}],"collection":[{"href":"https:\/\/appriou.bzh\/index.php\/wp-json\/wp\/v2\/pages"}],"about":[{"href":"https:\/\/appriou.bzh\/index.php\/wp-json\/wp\/v2\/types\/page"}],"author":[{"embeddable":true,"href":"https:\/\/appriou.bzh\/index.php\/wp-json\/wp\/v2\/users\/4"}],"replies":[{"embeddable":true,"href":"https:\/\/appriou.bzh\/index.php\/wp-json\/wp\/v2\/comments?post=313"}],"version-history":[{"count":0,"href":"https:\/\/appriou.bzh\/index.php\/wp-json\/wp\/v2\/pages\/313\/revisions"}],"wp:attachment":[{"href":"https:\/\/appriou.bzh\/index.php\/wp-json\/wp\/v2\/media?parent=313"}],"wp:term":[{"taxonomy":"category","embeddable":true,"href":"https:\/\/appriou.bzh\/index.php\/wp-json\/wp\/v2\/categories?post=313"},{"taxonomy":"post_tag","embeddable":true,"href":"https:\/\/appriou.bzh\/index.php\/wp-json\/wp\/v2\/tags?post=313"}],"curies":[{"name":"wp","href":"https:\/\/api.w.org\/{rel}","templated":true}]}}