{"id":3355,"date":"2022-02-18T11:41:03","date_gmt":"2022-02-18T10:41:03","guid":{"rendered":"https:\/\/plouguerneau.net\/?p=3355"},"modified":"2025-01-27T09:57:16","modified_gmt":"2025-01-27T08:57:16","slug":"enez-terchdans-le-cadastre-napoleonien","status":"publish","type":"page","link":"https:\/\/appriou.bzh\/index.php\/enez-terchdans-le-cadastre-napoleonien\/","title":{"rendered":"ENEZ TERC\u2019H<br>dans le cadastre napol\u00e9onien"},"content":{"rendered":"\n<p>Situ\u00e9e \u00e0 l\u2019entr\u00e9e du chenal de l\u2019Aber Wrac\u2019h en face de l\u2019\u00eele C\u00e9zon en Land\u00e9da, et<br>accessible \u00e0 pied sec \u00e0 toutes les basses mers, cette \u00eele est la plus grande du littoral de<br>Plouguerneau.<br>Cependant, contrairement \u00e0 Stagadon et Venan, il semble qu\u2019elle ne fut jamais habit\u00e9e<br>de mani\u00e8re permanente depuis le d\u00e9but des temps modernes. Mais peut-\u00eatre, le fut-elle<br>dans des \u00e9poques ant\u00e9rieures ?<br>\u00c0 son sujet, la source \u00e9crite la plus ancienne que nous avons pu consulter est un aveu<br>de 1542 fourni par le vicomte de Coatquenan au Duc de Bretagne et Dauphin de<br>France.<br><\/p>\n\n\n\n<div data-wp-interactive=\"core\/file\" class=\"wp-block-file\"><object data-wp-bind--hidden=\"!state.hasPdfPreview\" hidden class=\"wp-block-file__embed\" data=\"https:\/\/plouguerneau.net\/wp-content\/uploads\/2022\/02\/20220106_enez-terch1840-1.pdf\" type=\"application\/pdf\" style=\"width:100%;height:600px\" aria-label=\"Contenu embarqu\u00e9 Contenu embarqu\u00e9 20220106_enez terc&apos;h~1840..\"><\/object><a id=\"wp-block-file--media-37d51176-3a22-4ebe-970e-3b032313eb70\" href=\"https:\/\/plouguerneau.net\/wp-content\/uploads\/2022\/02\/20220106_enez-terch1840-1.pdf\">20220106_enez terc&rsquo;h~1840<\/a><a href=\"https:\/\/plouguerneau.net\/wp-content\/uploads\/2022\/02\/20220106_enez-terch1840-1.pdf\" class=\"wp-block-file__button\" download aria-describedby=\"wp-block-file--media-37d51176-3a22-4ebe-970e-3b032313eb70\">T\u00e9l\u00e9charger<\/a><\/div>\n","protected":false},"excerpt":{"rendered":"<p>Situ\u00e9e \u00e0 l\u2019entr\u00e9e du chenal de l\u2019Aber Wrac\u2019h en face de l\u2019\u00eele C\u00e9zon en Land\u00e9da, etaccessible \u00e0 pied sec \u00e0 toutes les basses mers, cette \u00eele est la plus grande [&hellip;]<\/p>\n","protected":false},"author":8,"featured_media":3356,"parent":0,"menu_order":0,"comment_status":"open","ping_status":"open","template":"","meta":{"ngg_post_thumbnail":0,"_EventAllDay":false,"_EventTimezone":"","_EventStartDate":"","_EventEndDate":"","_EventStartDateUTC":"","_EventEndDateUTC":"","_EventShowMap":false,"_EventShowMapLink":false,"_EventURL":"","_EventCost":"","_EventCostDescription":"","_EventCurrencySymbol":"","_EventCurrencyCode":"","_EventCurrencyPosition":"","_EventDateTimeSeparator":"","_EventTimeRangeSeparator":"","_EventOrganizerID":[],"_EventVenueID":[],"_OrganizerEmail":"","_OrganizerPhone":"","_OrganizerWebsite":"","_VenueAddress":"","_VenueCity":"","_VenueCountry":"","_VenueProvince":"","_VenueState":"","_VenueZip":"","_VenuePhone":"","_VenueURL":"","_VenueStateProvince":"","_VenueLat":"","_VenueLng":"","_VenueShowMap":false,"_VenueShowMapLink":false,"footnotes":""},"categories":[150],"tags":[],"class_list":["post-3355","page","type-page","status-publish","has-post-thumbnail","hentry","category-histoire-18e-et-19e-siecle"],"_links":{"self":[{"href":"https:\/\/appriou.bzh\/index.php\/wp-json\/wp\/v2\/pages\/3355","targetHints":{"allow":["GET"]}}],"collection":[{"href":"https:\/\/appriou.bzh\/index.php\/wp-json\/wp\/v2\/pages"}],"about":[{"href":"https:\/\/appriou.bzh\/index.php\/wp-json\/wp\/v2\/types\/page"}],"author":[{"embeddable":true,"href":"https:\/\/appriou.bzh\/index.php\/wp-json\/wp\/v2\/users\/8"}],"replies":[{"embeddable":true,"href":"https:\/\/appriou.bzh\/index.php\/wp-json\/wp\/v2\/comments?post=3355"}],"version-history":[{"count":0,"href":"https:\/\/appriou.bzh\/index.php\/wp-json\/wp\/v2\/pages\/3355\/revisions"}],"wp:featuredmedia":[{"embeddable":true,"href":"https:\/\/appriou.bzh\/index.php\/wp-json\/wp\/v2\/media\/3356"}],"wp:attachment":[{"href":"https:\/\/appriou.bzh\/index.php\/wp-json\/wp\/v2\/media?parent=3355"}],"wp:term":[{"taxonomy":"category","embeddable":true,"href":"https:\/\/appriou.bzh\/index.php\/wp-json\/wp\/v2\/categories?post=3355"},{"taxonomy":"post_tag","embeddable":true,"href":"https:\/\/appriou.bzh\/index.php\/wp-json\/wp\/v2\/tags?post=3355"}],"curies":[{"name":"wp","href":"https:\/\/api.w.org\/{rel}","templated":true}]}}