{"id":3368,"date":"2022-02-18T14:18:27","date_gmt":"2022-02-18T13:18:27","guid":{"rendered":"https:\/\/plouguerneau.net\/?p=3368"},"modified":"2025-01-27T10:04:29","modified_gmt":"2025-01-27T09:04:29","slug":"la-redecouverte-dune-vallee-oubliee-mitoyenne-de-plouguerneau-et-de-kernilis","status":"publish","type":"page","link":"https:\/\/appriou.bzh\/index.php\/la-redecouverte-dune-vallee-oubliee-mitoyenne-de-plouguerneau-et-de-kernilis\/","title":{"rendered":"La red\u00e9couverte d\u2019une vall\u00e9e oubli\u00e9e mitoyenne de Plouguerneau et de Kernilis"},"content":{"rendered":"\n<p>Un modeste ruisseau s\u00e9pare les communes de Plouguerneau et de Kernilis sur pr\u00e8s de<br>quatre kilom\u00e8tres. Ses trois sources principales se trouvent vers les villages de Kerscao<br>au lieu dit Pradic an Tri Persoun, Treverroc et Toulran en Kernilis et il prend forme<br>vers le hameau du Naount en Plouguerneau.<br>\u00c0 la fin de la premi\u00e8re moiti\u00e9 du 20\u00e8me si\u00e8cle, le fond de son vallon \u00e9tait couvert de<br>pr\u00e9s. Les acc\u00e8s malais\u00e9s, chemins creux inadapt\u00e9s \u00e0 l\u2019av\u00e8nement du machinisme<br>agricole, firent que les herbages sont aujourd\u2019hui abandonn\u00e9s et couverts d\u2019une<br>v\u00e9g\u00e9tation difficilement p\u00e9n\u00e9trable.<br>Jadis, le petit cours d\u2019eau procurait suffisamment d\u2019\u00e9nergie pour faire tourner les roues<br>de plusieurs moulins. Pour la plupart tomb\u00e9s dans l\u2019oubli, ils \u00e9taient fr\u00e9quent\u00e9s par les<br>cultivateurs de Pellan, Kerives, Kerbrat et d\u2019autres villages de la paroisse de Kernilis,<br>et sans doute aussi Naount, Lannebeur et Kerbrat-an-Dour en Plouguerneau&#8230;.<\/p>\n\n\n\n<p><strong>Le document PDF complet de 42 pages est t\u00e9l\u00e9chargeable ci-dessous.<\/strong><br><\/p>\n\n\n\n<div data-wp-interactive=\"core\/file\" class=\"wp-block-file\"><object data-wp-bind--hidden=\"!state.hasPdfPreview\" hidden class=\"wp-block-file__embed\" data=\"https:\/\/plouguerneau.net\/wp-content\/uploads\/2022\/02\/20220219_moulins-vallee-oubliee.pdf\" type=\"application\/pdf\" style=\"width:100%;height:600px\" aria-label=\"Contenu embarqu\u00e9 Contenu embarqu\u00e9 20220219_moulins vall\u00e9e oubli\u00e9e..\"><\/object><a id=\"wp-block-file--media-d30e3fd4-6c89-48ef-83f6-877abbb02493\" href=\"https:\/\/plouguerneau.net\/wp-content\/uploads\/2022\/02\/20220219_moulins-vallee-oubliee.pdf\">20220219_moulins vall\u00e9e oubli\u00e9e<\/a><a href=\"https:\/\/plouguerneau.net\/wp-content\/uploads\/2022\/02\/20220219_moulins-vallee-oubliee.pdf\" class=\"wp-block-file__button\" download aria-describedby=\"wp-block-file--media-d30e3fd4-6c89-48ef-83f6-877abbb02493\">T\u00e9l\u00e9charger<\/a><\/div>\n","protected":false},"excerpt":{"rendered":"<p>Un modeste ruisseau s\u00e9pare les communes de Plouguerneau et de Kernilis sur pr\u00e8s dequatre kilom\u00e8tres. Ses trois sources principales se trouvent vers les villages de Kerscaoau lieu dit Pradic an [&hellip;]<\/p>\n","protected":false},"author":8,"featured_media":3371,"parent":0,"menu_order":0,"comment_status":"open","ping_status":"open","template":"","meta":{"ngg_post_thumbnail":0,"_EventAllDay":false,"_EventTimezone":"","_EventStartDate":"","_EventEndDate":"","_EventStartDateUTC":"","_EventEndDateUTC":"","_EventShowMap":false,"_EventShowMapLink":false,"_EventURL":"","_EventCost":"","_EventCostDescription":"","_EventCurrencySymbol":"","_EventCurrencyCode":"","_EventCurrencyPosition":"","_EventDateTimeSeparator":"","_EventTimeRangeSeparator":"","_EventOrganizerID":[],"_EventVenueID":[],"_OrganizerEmail":"","_OrganizerPhone":"","_OrganizerWebsite":"","_VenueAddress":"","_VenueCity":"","_VenueCountry":"","_VenueProvince":"","_VenueState":"","_VenueZip":"","_VenuePhone":"","_VenueURL":"","_VenueStateProvince":"","_VenueLat":"","_VenueLng":"","_VenueShowMap":false,"_VenueShowMapLink":false,"footnotes":""},"categories":[142],"tags":[],"class_list":["post-3368","page","type-page","status-publish","has-post-thumbnail","hentry","category-moulins"],"_links":{"self":[{"href":"https:\/\/appriou.bzh\/index.php\/wp-json\/wp\/v2\/pages\/3368","targetHints":{"allow":["GET"]}}],"collection":[{"href":"https:\/\/appriou.bzh\/index.php\/wp-json\/wp\/v2\/pages"}],"about":[{"href":"https:\/\/appriou.bzh\/index.php\/wp-json\/wp\/v2\/types\/page"}],"author":[{"embeddable":true,"href":"https:\/\/appriou.bzh\/index.php\/wp-json\/wp\/v2\/users\/8"}],"replies":[{"embeddable":true,"href":"https:\/\/appriou.bzh\/index.php\/wp-json\/wp\/v2\/comments?post=3368"}],"version-history":[{"count":0,"href":"https:\/\/appriou.bzh\/index.php\/wp-json\/wp\/v2\/pages\/3368\/revisions"}],"wp:featuredmedia":[{"embeddable":true,"href":"https:\/\/appriou.bzh\/index.php\/wp-json\/wp\/v2\/media\/3371"}],"wp:attachment":[{"href":"https:\/\/appriou.bzh\/index.php\/wp-json\/wp\/v2\/media?parent=3368"}],"wp:term":[{"taxonomy":"category","embeddable":true,"href":"https:\/\/appriou.bzh\/index.php\/wp-json\/wp\/v2\/categories?post=3368"},{"taxonomy":"post_tag","embeddable":true,"href":"https:\/\/appriou.bzh\/index.php\/wp-json\/wp\/v2\/tags?post=3368"}],"curies":[{"name":"wp","href":"https:\/\/api.w.org\/{rel}","templated":true}]}}