{"id":342,"date":"2011-05-16T18:08:07","date_gmt":"2011-05-16T16:08:07","guid":{"rendered":"https:\/\/plouguerneau.net\/papillons\/"},"modified":"2025-01-27T13:39:17","modified_gmt":"2025-01-27T12:39:17","slug":"papillons","status":"publish","type":"page","link":"https:\/\/appriou.bzh\/index.php\/papillons\/","title":{"rendered":"Papillons"},"content":{"rendered":"\n<p><span style=\"color: red;\"><i>En cours de r\u00e9daction<\/i><\/span><\/p>\n\n\n\n<figure class=\"wp-block-table\"><table class=\"has-fixed-layout\"><tbody><tr><td><span style=\"font-size: small;\"><span style=\"font-size: small;\"><span style=\"color: blue;\">Amaryllis<\/span><\/span><\/span>\n<div align=\"justify\"><i>Pyronia tithonus<\/i><br><span style=\"font-size: xx-small;\"><i>26\/06\/2011 &#8211; Lanvaon &#8211; Plouguerneau<br>26\/06\/2011 &#8211; Lesmel &#8211; Plouguerneau<\/i><\/span>\n<p>Famille : <br>Sous-famille : <br>Envergure : <br>P\u00e9riode de vol : juillet \u00e0 septembre<br>Plante nourrici\u00e8re : p\u00e2turin, brachypode&#8230;<\/p>\n<\/div>\n<\/td><td><figure><a href=\"https:\/\/appriou.bzh\/wp-content\/uploads\/2011\/05\/faune_papillons_rhopaloceres_amaryllis01.jpg\" target=\"blank\"><img decoding=\"async\" title=\"Aurore\" src=\"http:\/\/www.plouguerneau.net\/IMG\/faune\/papillons\/rhopaloceres\/amaryllisp01p.jpg\"><\/a><\/figure><br><span style=\"font-size: xx-small;\"><br><figure><a href=\"https:\/\/appriou.bzh\/wp-content\/uploads\/2011\/05\/faune_papillons_rhopaloceres_amaryllis02.jpg\" target=\"blank\"><img decoding=\"async\" title=\"Aurore\" src=\"https:\/\/appriou.bzh\/wp-content\/uploads\/2011\/05\/faune_papillons_rhopaloceres_amaryllisp02.jpg\"><\/a><\/figure> <\/span><\/td><\/tr><tr><td><span style=\"font-size: small;\"><span style=\"font-size: small;\"><span style=\"color: blue;\">Aurore<\/span><\/span><\/span>\n<div align=\"justify\"><i>Anthocharis cardamines<\/i><br><span style=\"font-size: xx-small;\"><i>16\/05\/2011 &#8211; Loguivi &#8211; Plouguerneau<br>16\/05\/2011 &#8211; Loguivi &#8211; Plouguerneau<\/i><\/span>\n<p>Rhopaloc\u00e8re<br>Famille : Pi\u00e9rid\u00e9s (Pieridae)<br>Sous-famille : Pierinae<br>Envergure : 38-48 mm<br>P\u00e9riode de vol : mars-juin<br>Plante nourrici\u00e8re : cardamine des pr\u00e9s<\/p>\n<\/div>\n<\/td><td><figure><a href=\"https:\/\/appriou.bzh\/wp-content\/uploads\/2011\/05\/faune_papillons_rhopaloceres_aurore01.jpg\" target=\"blank\"><img decoding=\"async\" title=\"Aurore\" src=\"https:\/\/appriou.bzh\/wp-content\/uploads\/2011\/05\/faune_papillons_rhopaloceres_aurore01p.jpg\"><\/a><\/figure><br><span style=\"font-size: xx-small;\"><br><figure><a href=\"https:\/\/appriou.bzh\/wp-content\/uploads\/2011\/05\/faune_papillons_rhopaloceres_aurore02.jpg\" target=\"blank\"><img decoding=\"async\" title=\"Aurore\" src=\"https:\/\/appriou.bzh\/wp-content\/uploads\/2011\/05\/faune_papillons_rhopaloceres_aurore02p.jpg\"><\/a><\/figure> <\/span><\/td><\/tr><tr><td><span style=\"font-size: small;\"><span style=\"font-size: small;\"><span style=\"color: blue;\">Azur\u00e9 de la bugrane<\/span><\/span><\/span>\n<div align=\"justify\"><i>Polyommatus icarus<\/i><br><span style=\"font-size: xx-small;\"><i>1 &#8211; 14\/05\/2011 &#8211; Sainte Marguerite &#8211; Land\u00e9da<br>2 &#8211; 08\/08\/2010 &#8211; Ile Venan &#8211; Plouguerneau<br>3 &#8211; 15\/05\/2011 &#8211; Kervili &#8211; Plouguerneau<\/i><\/span>\n<p>Rhopaloc\u00e8re<br>Famille : Lyc\u00e9nid\u00e9s (Lycaenidae)<br>Sous-famille : Polyommatinae<br>Envergure : 26-36 mm<br>P\u00e9riode de vol : avril-octobre<br>Plante nourrici\u00e8re :<\/p>\n<\/div>\n<\/td><td><figure><a href=\"https:\/\/appriou.bzh\/wp-content\/uploads\/2011\/05\/faune_papillons_rhopaloceres_azure01.jpg\" target=\"blank\"><img decoding=\"async\" title=\"Azur\u00e9 de la bugrane\" src=\"https:\/\/appriou.bzh\/wp-content\/uploads\/2011\/05\/faune_papillons_rhopaloceres_azure01p.jpg\"><\/a><\/figure><br><span style=\"font-size: xx-small;\">1<br><figure><a href=\"https:\/\/appriou.bzh\/wp-content\/uploads\/2011\/05\/faune_papillons_rhopaloceres_azure02.jpg\" target=\"blank\"><img decoding=\"async\" src=\"https:\/\/appriou.bzh\/wp-content\/uploads\/2011\/05\/faune_papillons_rhopaloceres_azure02p.jpg\"><\/a><\/figure><br>2<br><figure><a href=\"https:\/\/appriou.bzh\/wp-content\/uploads\/2011\/05\/faune_papillons_rhopaloceres_azure03.jpg\" target=\"blank\"><img decoding=\"async\" src=\"https:\/\/appriou.bzh\/wp-content\/uploads\/2011\/05\/faune_papillons_rhopaloceres_azure03p.jpg\"><\/a><\/figure><br>3<\/span><\/td><\/tr><tr><td><span style=\"font-size: small;\"><span style=\"font-size: small;\"><span style=\"color: blue;\">Machaon<\/span><\/span><\/span>\n<div align=\"justify\"><i>Papilio machaon<\/i><br><span style=\"font-size: xx-small;\"><i>1 &#8211; 14\/05\/2011 &#8211; Porz Crac&rsquo;h &#8211; Plouguerneau<br>2 &#8211; 08\/08\/2010 &#8211; Porz Crac&rsquo;h &#8211; Plouguerneau<\/i><\/span>\n<p>Rhopaloc\u00e8re<br>Famille : Papilionidae<br>Sous-famille : Papilionidae<br>Envergure : mm<br>P\u00e9riode de vol : avril \u00e0 septembre<br>Plante nourrici\u00e8re : Carottes, fenouil&#8230;<\/p>\n<p>Le machaon est un papillon prot\u00e9g\u00e9 dans certaine partie du monde, notamment en Allemagne, Hongrie, Inde, Moldavie, Roumanie, Slovaquie. Il est d\u00e9clar\u00e9 vuln\u00e9rable en Cor\u00e9e du Sud, c&rsquo;est \u00e0 dire qu&rsquo;il pourrait \u00eatre inscrit sur la liste des esp\u00e8ces en danger prochainement.<\/p>\n<\/div>\n<\/td><td><figure><a href=\"https:\/\/appriou.bzh\/wp-content\/uploads\/2011\/05\/faune_papillons_rhopaloceres_machaon01.jpg\" target=\"blank\"><img decoding=\"async\" title=\"Azur\u00e9 de la bugrane\" src=\"https:\/\/appriou.bzh\/wp-content\/uploads\/2011\/05\/faune_papillons_rhopaloceres_machaon01p.jpg\"><\/a><\/figure><br><span style=\"font-size: xx-small;\">1<br><figure><a href=\"https:\/\/appriou.bzh\/wp-content\/uploads\/2011\/05\/faune_papillons_rhopaloceres_machaon02.jpg\" target=\"blank\"><img decoding=\"async\" src=\"https:\/\/appriou.bzh\/wp-content\/uploads\/2011\/05\/faune_papillons_rhopaloceres_machaon02p.jpg\"><\/a><\/figure><br>2 <\/span><\/td><\/tr><tr><td><span style=\"font-size: small;\"><span style=\"font-size: small;\"><span style=\"color: blue;\">Paon du jour<\/span><\/span><\/span>\n<div align=\"justify\"><i>Inachis io<\/i><br><span style=\"font-size: xx-small;\"><i>19\/03\/2011 &#8211; Porz Gwen &#8211; Plouguerneau<\/i><\/span>\n<p>Rhopaloc\u00e8re<br>Famille : Nymphalid\u00e9s (Nymphalidae)<br>Sous-famille : Nymphalinae<br>Envergure : 54-60 mm<br>P\u00e9riode de vol : juin-octobre<br>Plante nourrici\u00e8re : Ortie<\/p>\n<\/div>\n<\/td><td><figure><a href=\"https:\/\/appriou.bzh\/wp-content\/uploads\/2011\/05\/faune_papillons_rhopaloceres_paondujour.jpg\" target=\"blank\"><img decoding=\"async\" src=\"https:\/\/appriou.bzh\/wp-content\/uploads\/2011\/05\/faune_papillons_rhopaloceres_paondujourp.jpg\"><\/a><\/figure><\/td><\/tr><tr><td><span style=\"font-size: small;\"><span style=\"font-size: small;\"><span style=\"color: blue;\">Pi\u00e9ride de la rave<\/span><\/span><\/span>\n<div align=\"justify\"><i>Pieris rapae<\/i><br><span style=\"font-size: xx-small;\"><i>16\/08\/2010 &#8211; Porz Krac&rsquo;h &#8211; Plouguerneau<\/i><\/span>\n<p>Rhopaloc\u00e8re<br>Famille : Pi\u00e9rid\u00e9s (Pieridae)<br>Sous-famille : Pierinae<br>Envergure : 46-54 mm<br>P\u00e9riode de vol : mars-octobre<br>Plante nourrici\u00e8re : brassicac\u00e9es (cresson, choux, moutarde&#8230;)<\/p>\n<\/div>\n<\/td><td><figure><a href=\"https:\/\/appriou.bzh\/wp-content\/uploads\/2011\/05\/faune_papillons_rhopaloceres_pieridedelarave01.jpg\" target=\"blank\"><img decoding=\"async\" src=\"https:\/\/appriou.bzh\/wp-content\/uploads\/2011\/05\/faune_papillons_rhopaloceres_pieridedelarave01p.jpg\"><\/a><\/figure><\/td><\/tr><tr><td><span style=\"font-size: small;\"><span style=\"font-size: small;\"><span style=\"color: blue;\">Robert le diable<\/span><\/span><\/span>\n<div align=\"justify\"><i>Polygonia c-album<\/i><br><span style=\"font-size: xx-small;\"><i>25\/06\/2011 &#8211; Saint Cava &#8211; Plouguerneau<\/i><\/span>\n<p>Famille : Nymphalid\u00e9s (Nymphalidae)<br>Sous-famille : Nymphalinae<br>Envergure : 22-35 mm<br>P\u00e9riode de vol : mars-octobre<br>Plante nourrici\u00e8re : Ortie, orme, noisetier, saule&#8230;<\/p>\n<\/div>\n<\/td><td><figure><a href=\"https:\/\/appriou.bzh\/wp-content\/uploads\/2011\/05\/faune_papillons_rhopaloceres_robertlediable.jpg\" target=\"blank\"><img decoding=\"async\" src=\"https:\/\/appriou.bzh\/wp-content\/uploads\/2011\/05\/faune_papillons_rhopaloceres_robertlediablep.jpg\"><\/a><\/figure><\/td><\/tr><tr><td><span style=\"font-size: small;\"><span style=\"font-size: small;\"><span style=\"color: blue;\">Tircis<\/span><\/span><\/span>\n<div align=\"justify\"><i>Pararge aegeria<\/i><br><span style=\"font-size: xx-small;\"><i>16\/05\/2011 &#8211; Lanvaon &#8211; Plouguerneau<\/i><\/span>\n<p>Rhopaloc\u00e8re<br>Famille : Nymphalid\u00e9s (Nymphalidae)<br>Sous-famille : Satyrinae<br>Envergure : <br>P\u00e9riode de vol : f\u00e9vrier-d\u00e9cembre<br>Plante nourrici\u00e8re : Gramin\u00e9es<\/p>\n<\/div>\n<\/td><td><figure><a href=\"https:\/\/appriou.bzh\/wp-content\/uploads\/2011\/05\/faune_papillons_rhopaloceres_tircis.jpg\" target=\"blank\"><img decoding=\"async\" src=\"https:\/\/appriou.bzh\/wp-content\/uploads\/2011\/05\/faune_papillons_rhopaloceres_tircisp.jpg\"><\/a><\/figure><\/td><\/tr><tr><td><span style=\"font-size: small;\"><span style=\"font-size: small;\"><span style=\"color: blue;\">Vulcain<\/span><\/span><\/span>\n<div align=\"justify\"><i>Vanessa atalanta<\/i><br><span style=\"font-size: xx-small;\"><i>12\/10\/2009 &#8211; Porz Krac&rsquo;h &#8211; Plouguerneau<\/i><\/span>\n<p>Rhopaloc\u00e8re<br>Famille : Nymphalid\u00e9s (Nymphalidae)<br>Sous-famille : Nymphalinae<br>Envergure : 52-62 mm<br>P\u00e9riode de vol : mars-octobre<br>Plante nourrici\u00e8re : Ortie<\/p>\n<\/div>\n<\/td><td><figure><a href=\"https:\/\/appriou.bzh\/wp-content\/uploads\/2011\/05\/faune_papillons_rhopaloceres_vulcain.jpg\" target=\"blank\"><img decoding=\"async\" src=\"https:\/\/appriou.bzh\/wp-content\/uploads\/2011\/05\/faune_papillons_rhopaloceres_vulcainp.jpg\"><\/a><\/figure><\/td><\/tr><\/tbody><\/table><\/figure>\n\n\n\n<p>En savoir plus : La fiche papillons du Groupe d&rsquo;Etude des Invert\u00e9br\u00e9s Armoricains : <a href=\"https:\/\/appriou.bzh\/wp-content\/uploads\/2011\/05\/faune_papillons_papillons.pdf\" target=\"blank\">GRETIA<\/a><\/p>\n","protected":false},"excerpt":{"rendered":"<p>En cours de r\u00e9daction Amaryllis Pyronia tithonus26\/06\/2011 &#8211; Lanvaon &#8211; Plouguerneau26\/06\/2011 &#8211; Lesmel &#8211; Plouguerneau Famille : Sous-famille : Envergure : P\u00e9riode de vol : juillet \u00e0 septembrePlante nourrici\u00e8re : [&hellip;]<\/p>\n","protected":false},"author":4,"featured_media":331,"parent":0,"menu_order":0,"comment_status":"closed","ping_status":"open","template":"","meta":{"ngg_post_thumbnail":0,"_EventAllDay":false,"_EventTimezone":"","_EventStartDate":"","_EventEndDate":"","_EventStartDateUTC":"","_EventEndDateUTC":"","_EventShowMap":false,"_EventShowMapLink":false,"_EventURL":"","_EventCost":"","_EventCostDescription":"","_EventCurrencySymbol":"","_EventCurrencyCode":"","_EventCurrencyPosition":"","_EventDateTimeSeparator":"","_EventTimeRangeSeparator":"","_EventOrganizerID":[],"_EventVenueID":[],"_OrganizerEmail":"","_OrganizerPhone":"","_OrganizerWebsite":"","_VenueAddress":"","_VenueCity":"","_VenueCountry":"","_VenueProvince":"","_VenueState":"","_VenueZip":"","_VenuePhone":"","_VenueURL":"","_VenueStateProvince":"","_VenueLat":"","_VenueLng":"","_VenueShowMap":false,"_VenueShowMapLink":false,"footnotes":""},"categories":[251],"tags":[],"class_list":["post-342","page","type-page","status-publish","has-post-thumbnail","hentry","category-patrimoine-naturel"],"_links":{"self":[{"href":"https:\/\/appriou.bzh\/index.php\/wp-json\/wp\/v2\/pages\/342","targetHints":{"allow":["GET"]}}],"collection":[{"href":"https:\/\/appriou.bzh\/index.php\/wp-json\/wp\/v2\/pages"}],"about":[{"href":"https:\/\/appriou.bzh\/index.php\/wp-json\/wp\/v2\/types\/page"}],"author":[{"embeddable":true,"href":"https:\/\/appriou.bzh\/index.php\/wp-json\/wp\/v2\/users\/4"}],"replies":[{"embeddable":true,"href":"https:\/\/appriou.bzh\/index.php\/wp-json\/wp\/v2\/comments?post=342"}],"version-history":[{"count":0,"href":"https:\/\/appriou.bzh\/index.php\/wp-json\/wp\/v2\/pages\/342\/revisions"}],"wp:featuredmedia":[{"embeddable":true,"href":"https:\/\/appriou.bzh\/index.php\/wp-json\/wp\/v2\/media\/331"}],"wp:attachment":[{"href":"https:\/\/appriou.bzh\/index.php\/wp-json\/wp\/v2\/media?parent=342"}],"wp:term":[{"taxonomy":"category","embeddable":true,"href":"https:\/\/appriou.bzh\/index.php\/wp-json\/wp\/v2\/categories?post=342"},{"taxonomy":"post_tag","embeddable":true,"href":"https:\/\/appriou.bzh\/index.php\/wp-json\/wp\/v2\/tags?post=342"}],"curies":[{"name":"wp","href":"https:\/\/api.w.org\/{rel}","templated":true}]}}