{"id":355,"date":"2011-05-18T13:17:56","date_gmt":"2011-05-18T11:17:56","guid":{"rendered":"https:\/\/plouguerneau.net\/libellules-et-demoiselles\/"},"modified":"2011-05-18T13:17:56","modified_gmt":"2011-05-18T11:17:56","slug":"libellules-et-demoiselles","status":"publish","type":"page","link":"https:\/\/appriou.bzh\/index.php\/libellules-et-demoiselles\/","title":{"rendered":"Libellules et demoiselles"},"content":{"rendered":"<p><font color=red><i>En cours de r\u00e9daction<\/i><\/font><br \/>\n<br \/>\nLes libellules sont apparues sur Terre il y a environ 285 millions d&rsquo;ann\u00e9es. Avant que ne disparaissent les dinosaures, elles pouvaient avoir une envergure de 70 cm. Les plus grandes libellules europ\u00e9ennes atteignent 11 cm d&rsquo;envergure. De l&rsquo;ordre des Odonates, cette classification offre deux sous-familles : les anisopt\u00e8res plus commun\u00e9ment appel\u00e9 libellules et les zygopt\u00e8res sont les demoiselles. Les deux sont dot\u00e9es d&rsquo;un corps allong\u00e9 et deux paires d&rsquo;ailes. La demoiselle se distingue des libellules par un corps plus effil\u00e9. Les ailes sont g\u00e9n\u00e9ralement repli\u00e9es au repos.<br \/>\n<font size=1>Sources diverses : Wikipedia<\/font><\/p>\n<table width=100% border=1 bordercolor=\"#dddddd\" cellpading=4 cellspacing=0 frame=BELOW rules=ROWS >\n<tr>\n<td width=70%><font size=2><font color=blue>Calopteryx vierge<\/font><\/p>\n<div align=justify><i>Calopteryx virgo<\/i><br \/>\n<font size=1><i>16\/05\/2011 &#8211; Perros &#8211; Plouguerneau<br \/>\n<\/i><\/font><\/p>\n<p>Zygopt\u00e8res <br \/>\nFamille : Calopterygidae<br \/>\nSous-famille : Calopteryx<br \/>\nEnvergure : maxi 70 mm<br \/>\nLongueur : 35-40 mm<\/p>\n<p>Le calopteryx vierge est une demoiselle. En Europe, elle est l&rsquo;unique repr\u00e9sentante de la sous-famille des calopteryx. La photo n\u00b03 montre une particularit\u00e9 de la demoiselle, les yeux ne se touchent pas et se situent sur les c\u00f4t\u00e9s de la t\u00eate.\n<\/td>\n<td><a href=\"https:\/\/appriou.bzh\/wp-content\/uploads\/2011\/05\/faune_odonates_demoiselles_calopteryx01.jpg\" target=blank><img decoding=\"async\" src=\"https:\/\/appriou.bzh\/wp-content\/uploads\/2011\/05\/faune_odonates_demoiselles_calopteryx01p.jpg\" title=\"Calopteryx vierge\"><\/><\/a><br \/>\n<font size=1>1<br \/>\n<a href=\"https:\/\/appriou.bzh\/wp-content\/uploads\/2011\/05\/faune_odonates_demoiselles_calopteryx02.jpg\" target=blank><img decoding=\"async\" src=\"https:\/\/appriou.bzh\/wp-content\/uploads\/2011\/05\/faune_odonates_demoiselles_calopteryx02p.jpg\" title=\"Calopteryx vierge\"><\/><\/a><br \/>\n2<br \/>\n<a href=\"https:\/\/appriou.bzh\/wp-content\/uploads\/2011\/05\/faune_odonates_demoiselles_calopteryx03.jpg\" target=blank><img decoding=\"async\" src=\"https:\/\/appriou.bzh\/wp-content\/uploads\/2011\/05\/faune_odonates_demoiselles_calopteryx03p.jpg\" title=\"Calopteryx vierge\"><\/a><br \/>\n3<br \/>\n<a href=\"https:\/\/appriou.bzh\/wp-content\/uploads\/2011\/05\/faune_odonates_demoiselles_calopteryx04.jpg\" target=blank><img decoding=\"async\" src=\"https:\/\/appriou.bzh\/wp-content\/uploads\/2011\/05\/faune_odonates_demoiselles_calopteryx04p.jpg\" title=\"Calopteryx vierge femelle\"><\/><\/a><br \/>\n4 &#8211; <i>Calopteryx vierge femelle<\/i>\n<\/td>\n<\/tr>\n<tr>\n<td width=70%><font size=2><font color=blue><\/font><\/p>\n<div align=justify><i><\/i><br \/>\n<font size=1><i>06\/06\/2011 &#8211; Vougot &#8211; Plouguerneau<br \/>\n<\/i><\/font><\/p>\n<p>Zygopt\u00e8res <br \/>\nFamille : <br \/>\nSous-famille : <br \/>\nEnvergure : maxi <br \/>\nLongueur : <\/p>\n<\/td>\n<td><a href=\"https:\/\/appriou.bzh\/wp-content\/uploads\/2011\/05\/faune_odonates_libellules_lib01.jpg\" target=blank><img decoding=\"async\" src=\"https:\/\/appriou.bzh\/wp-content\/uploads\/2011\/05\/faune_odonates_libellules_lib01p.jpg\" title=\"\"><\/><\/a><br \/>\n<font size=1>1<br \/>\n<a href=\"https:\/\/appriou.bzh\/wp-content\/uploads\/2011\/05\/faune_odonates_libellules_lib02.jpg\" target=blank><img decoding=\"async\" src=\"https:\/\/appriou.bzh\/wp-content\/uploads\/2011\/05\/faune_odonates_libellules_lib02p.jpg\" title=\"\"><\/><\/a><br \/>\n2\n<\/td>\n<\/tr>\n<\/table>\n","protected":false},"excerpt":{"rendered":"<p>En cours de r\u00e9daction Les libellules sont apparues sur Terre il y a environ 285 millions d&rsquo;ann\u00e9es. Avant que ne disparaissent les dinosaures, elles pouvaient avoir une envergure de 70 [&hellip;]<\/p>\n","protected":false},"author":4,"featured_media":0,"parent":0,"menu_order":0,"comment_status":"closed","ping_status":"open","template":"","meta":{"ngg_post_thumbnail":0,"_EventAllDay":false,"_EventTimezone":"","_EventStartDate":"","_EventEndDate":"","_EventStartDateUTC":"","_EventEndDateUTC":"","_EventShowMap":false,"_EventShowMapLink":false,"_EventURL":"","_EventCost":"","_EventCostDescription":"","_EventCurrencySymbol":"","_EventCurrencyCode":"","_EventCurrencyPosition":"","_EventDateTimeSeparator":"","_EventTimeRangeSeparator":"","_EventOrganizerID":[],"_EventVenueID":[],"_OrganizerEmail":"","_OrganizerPhone":"","_OrganizerWebsite":"","_VenueAddress":"","_VenueCity":"","_VenueCountry":"","_VenueProvince":"","_VenueState":"","_VenueZip":"","_VenuePhone":"","_VenueURL":"","_VenueStateProvince":"","_VenueLat":"","_VenueLng":"","_VenueShowMap":false,"_VenueShowMapLink":false,"footnotes":""},"categories":[251],"tags":[],"class_list":["post-355","page","type-page","status-publish","hentry","category-patrimoine-naturel"],"_links":{"self":[{"href":"https:\/\/appriou.bzh\/index.php\/wp-json\/wp\/v2\/pages\/355","targetHints":{"allow":["GET"]}}],"collection":[{"href":"https:\/\/appriou.bzh\/index.php\/wp-json\/wp\/v2\/pages"}],"about":[{"href":"https:\/\/appriou.bzh\/index.php\/wp-json\/wp\/v2\/types\/page"}],"author":[{"embeddable":true,"href":"https:\/\/appriou.bzh\/index.php\/wp-json\/wp\/v2\/users\/4"}],"replies":[{"embeddable":true,"href":"https:\/\/appriou.bzh\/index.php\/wp-json\/wp\/v2\/comments?post=355"}],"version-history":[{"count":0,"href":"https:\/\/appriou.bzh\/index.php\/wp-json\/wp\/v2\/pages\/355\/revisions"}],"wp:attachment":[{"href":"https:\/\/appriou.bzh\/index.php\/wp-json\/wp\/v2\/media?parent=355"}],"wp:term":[{"taxonomy":"category","embeddable":true,"href":"https:\/\/appriou.bzh\/index.php\/wp-json\/wp\/v2\/categories?post=355"},{"taxonomy":"post_tag","embeddable":true,"href":"https:\/\/appriou.bzh\/index.php\/wp-json\/wp\/v2\/tags?post=355"}],"curies":[{"name":"wp","href":"https:\/\/api.w.org\/{rel}","templated":true}]}}