{"id":359,"date":"2011-06-11T07:53:35","date_gmt":"2011-06-11T05:53:35","guid":{"rendered":"https:\/\/plouguerneau.net\/sauterelles\/"},"modified":"2011-06-11T07:53:35","modified_gmt":"2011-06-11T05:53:35","slug":"sauterelles","status":"publish","type":"page","link":"https:\/\/appriou.bzh\/index.php\/sauterelles\/","title":{"rendered":"Sauterelles"},"content":{"rendered":"<p><font color=red><i>En cours de r\u00e9daction<\/i><\/font><br \/>\n<\/p>\n<p>La grande sauterelle verte commune se rencontre en \u00e9t\u00e9 dans tous les habitats herbeux, y compris dans les jardins. Malgr\u00e9 sa taille impressionnante, elle reste tr\u00e8s discr\u00e8te. Quand on la d\u00e9range elle saute ou vole un peu plus loin. Il n&rsquo;est pas rare de la surprendre, \u00e0 la recherche de petites proies. Car,  elle est principalement carnivore.  Elle fait partie des pr\u00e9cieux auxiliaires  alli\u00e9s du jardinier. Les sauterelles se distinguent des criquets par leurs antennes. Pour le criquet, elles sont courtes et \u00e9paisses.  Pour la sauterelle, fines et \u00e9lanc\u00e9es.  Les femelles sont munies d&rsquo;un long \u00ab\u00a0sabre\u00a0\u00bb \u00e0 l&rsquo;extr\u00e9mit\u00e9 de leur abdomen. A la fin de l&rsquo;\u00e9t\u00e9, juste avant de mourir, elles s\u2019en serviront pour pondre leurs \u0153ufs dans la terre. Comme toutes les sauterelles ses tympans se situent sur ses pattes ant\u00e9rieures.<\/p>\n<table width=100% border=1 bordercolor=\"#dddddd\" cellpading=4 cellspacing=0 frame=BELOW rules=ROWS >\n<tr>\n<td width=70%><font size=2><font color=blue><\/font><\/p>\n<div align=justify><i><\/i><br \/>\n<font size=1><i><br \/>\n<\/i><\/font><\/p>\n<p>\nFamille : Tettigoniidae<br \/>\nSous-famille : viridissima<br \/>\nLongueur : mm<\/p>\n<\/td>\n<td><a href=\"https:\/\/appriou.bzh\/wp-content\/uploads\/2011\/06\/faune_sauterelles_saut01.jpg\" target=blank><img decoding=\"async\" src=\"https:\/\/appriou.bzh\/wp-content\/uploads\/2011\/06\/faune_sauterelles_saut01p.jpg\" title=\"\"><\/><\/a><br \/>\n<i><\/i>\n<\/td>\n<\/tr>\n<\/table>\n","protected":false},"excerpt":{"rendered":"<p>En cours de r\u00e9daction La grande sauterelle verte commune se rencontre en \u00e9t\u00e9 dans tous les habitats herbeux, y compris dans les jardins. Malgr\u00e9 sa taille impressionnante, elle reste tr\u00e8s [&hellip;]<\/p>\n","protected":false},"author":4,"featured_media":0,"parent":0,"menu_order":0,"comment_status":"closed","ping_status":"open","template":"","meta":{"ngg_post_thumbnail":0,"_EventAllDay":false,"_EventTimezone":"","_EventStartDate":"","_EventEndDate":"","_EventStartDateUTC":"","_EventEndDateUTC":"","_EventShowMap":false,"_EventShowMapLink":false,"_EventURL":"","_EventCost":"","_EventCostDescription":"","_EventCurrencySymbol":"","_EventCurrencyCode":"","_EventCurrencyPosition":"","_EventDateTimeSeparator":"","_EventTimeRangeSeparator":"","_EventOrganizerID":[],"_EventVenueID":[],"_OrganizerEmail":"","_OrganizerPhone":"","_OrganizerWebsite":"","_VenueAddress":"","_VenueCity":"","_VenueCountry":"","_VenueProvince":"","_VenueState":"","_VenueZip":"","_VenuePhone":"","_VenueURL":"","_VenueStateProvince":"","_VenueLat":"","_VenueLng":"","_VenueShowMap":false,"_VenueShowMapLink":false,"footnotes":""},"categories":[251],"tags":[],"class_list":["post-359","page","type-page","status-publish","hentry","category-patrimoine-naturel"],"_links":{"self":[{"href":"https:\/\/appriou.bzh\/index.php\/wp-json\/wp\/v2\/pages\/359","targetHints":{"allow":["GET"]}}],"collection":[{"href":"https:\/\/appriou.bzh\/index.php\/wp-json\/wp\/v2\/pages"}],"about":[{"href":"https:\/\/appriou.bzh\/index.php\/wp-json\/wp\/v2\/types\/page"}],"author":[{"embeddable":true,"href":"https:\/\/appriou.bzh\/index.php\/wp-json\/wp\/v2\/users\/4"}],"replies":[{"embeddable":true,"href":"https:\/\/appriou.bzh\/index.php\/wp-json\/wp\/v2\/comments?post=359"}],"version-history":[{"count":0,"href":"https:\/\/appriou.bzh\/index.php\/wp-json\/wp\/v2\/pages\/359\/revisions"}],"wp:attachment":[{"href":"https:\/\/appriou.bzh\/index.php\/wp-json\/wp\/v2\/media?parent=359"}],"wp:term":[{"taxonomy":"category","embeddable":true,"href":"https:\/\/appriou.bzh\/index.php\/wp-json\/wp\/v2\/categories?post=359"},{"taxonomy":"post_tag","embeddable":true,"href":"https:\/\/appriou.bzh\/index.php\/wp-json\/wp\/v2\/tags?post=359"}],"curies":[{"name":"wp","href":"https:\/\/api.w.org\/{rel}","templated":true}]}}