{"id":373,"date":"2011-07-17T16:50:09","date_gmt":"2011-07-17T14:50:09","guid":{"rendered":"https:\/\/plouguerneau.net\/saint-vincent-de-paul\/"},"modified":"2025-01-27T10:06:05","modified_gmt":"2025-01-27T09:06:05","slug":"saint-vincent-de-paul","status":"publish","type":"page","link":"https:\/\/appriou.bzh\/index.php\/saint-vincent-de-paul\/","title":{"rendered":"Saint Vincent de Paul"},"content":{"rendered":"\n<div align=center><font size=3><font color=blue><b>SAINT VINCENT DE PAUL<br \/>\nAp\u00f4tre de la Charit\u00e9<br \/><\/b><\/font><\/font><\/div>\n<table>\n<tr>\n<td width=70%><font size=2><\/p>\n<div align=justify>\nSaint VINCENT de PAUL est l&rsquo;un des Saints les plus populaires de France. Il est le symbole m\u00eame de la charit\u00e9 chr\u00e9tienne qui voit dans le visage de tout \u00eatre souffrant les traits du Seigneur.<br \/>\n\tIl est  n\u00e9 le 24 avril 1581 \u00e0 Pouy (Landes), village qui a pris aujourd&rsquo;hui son nom, dans une famille paysanne, de condition modeste et tr\u00e8s chr\u00e9tienne.<br \/>\nDe bonne heure, Vincent, comme ses cinq fr\u00e8res et s\u0153urs, fut employ\u00e9 aux travaux de la ferme et souvent il allait dans les p\u00e2turages garder les troupeaux de son p\u00e8re. Mais la ferveur qu&rsquo;il montre \u00e0 apprendre le cat\u00e9chisme am\u00e8ne le Cur\u00e9 du village \u00e0 conseiller \u00e0 ses parents de l&rsquo;envoyer \u00e0 Dax, chez les Cordeliers, pour poursuivre ses \u00e9tudes.<br \/>\nC&rsquo;\u00e9tait  en 1595. C&rsquo;est alors que grandit en lui le d\u00e9sir  de devenir pr\u00eatre. Encourag\u00e9 par son p\u00e8re, qui vend une paire de b\u0153ufs pour assurer ses frais de s\u00e9jour, il se rend \u00e0 l&rsquo;Universit\u00e9 de Toulouse en 1597. Il est ordonn\u00e9 en 1600, \u00e0 l&rsquo;\u00e2ge de 19 ans.\n<\/td>\n<td>\n<div align= center>\n<img decoding=\"async\" src=\"https:\/\/appriou.bzh\/wp-content\/uploads\/2010\/10\/petitssaints_stvincentdepaul.jpg\" title=\"Saint Vincent de Paul\"><\/div>\n<\/td>\n<\/tr>\n<\/table>\n<p>Tout jeune pr\u00eatre, VINCENT semble anim\u00e9 par le  d\u00e9sir de rembourser, au plus t\u00f4t, les dettes contract\u00e9es par son p\u00e8re, et aussi par lui pour assurer les frais d&rsquo;\u00e9tudes.<br \/>\n\tSon intention est de monter \u00e0 Paris pour faire carri\u00e8re. Une anecdote semble confirmer cet \u00e9tat d&rsquo;esprit; l&rsquo;actuel Cur\u00e9 d&rsquo;une petite paroisse du Sud-Ouest, disait r\u00e9cemment \u00e0 un visiteur et avec beaucoup d&rsquo;humour, qu&rsquo;il \u00e9tait meilleur que Saint Vincent de Paul. Ce dernier, selon lui, aurait refus\u00e9 sa nomination \u00e0 cette paroisse qu&rsquo;il n&rsquo;estimait pas assez rentable sur le plan financier. Ce n&rsquo;est que plus tard que VINCENT fut amen\u00e9 \u00e0 d\u00e9couvrir la futilit\u00e9 des richesses de ce monde et les besoins immenses des pauvres de son \u00e9poque. C&rsquo;est alors qu&rsquo;il effectua une v\u00e9ritable conversion. Et c&rsquo;est l\u00e0 que se situe toute saintet\u00e9.<br \/>\n\tLes voies du Seigneur sont imp\u00e9n\u00e9trables, et VINCENT, \u00e0 24 ans fait une exp\u00e9rience qui le marquera pour la vie. Cette ann\u00e9e-l\u00e0 en effet, il d\u00e9cide de se rendre \u00e0 Marseille, pour r\u00e9cup\u00e9rer l&rsquo;argent d&rsquo;un petit h\u00e9ritage. Pour le retour, il prend place \u00e0 bord d&rsquo;un navire qui devait le d\u00e9barquer \u00e0 Narbonne. Mais durant la travers\u00e9e, son navire est captur\u00e9 par un bateau corsaire turc, qui fait prisonnier l&rsquo;\u00e9quipage et les passagers pour les r\u00e9duire en esclavage.<br \/>\n\tVINCENT et ses camarades sont conduits \u00e0 Tunis et vendus sur le march\u00e9 aux esclaves. VINCENT est achet\u00e9 en premier lieu par un p\u00eacheur. Mais comme il souffre du mal de mer et est souvent malade, son ma\u00eetre le revend rapidement comme on vend aujourd&rsquo;hui une b\u00eate de somme. VINCENT a la chance d&rsquo;\u00eatre achet\u00e9 par un vieil homme, \u00e0 la fois m\u00e9decin et alchimiste, qui l&rsquo;int\u00e9resse \u00e0 ses travaux. Malheureusement ce brave ma\u00eetre meurt en 1606 et ses h\u00e9ritiers revendent VINCENT \u00e0 un cultivateur originaire de Nice et converti \u00e0 l&rsquo;Islam pour \u00e9viter le sort des captifs.<br \/>\n\tLa foi de VINCENT, qui, chaque jour, priait la Ste Vierge, finit par \u00e9mouvoir le ren\u00e9gat qui d\u00e9cide un jour de retourner en France avec son esclave. Tous deux quittent une nuit, la c\u00f4te tunisienne et d\u00e9barquent \u00e0 Aigues-Mortes d&rsquo;o\u00f9 ils gagnent Avignon.<br \/>\n\tL&rsquo;Apostat est r\u00e9int\u00e9gr\u00e9 dans l&rsquo;Eglise Catholique avant d&rsquo;\u00eatre admis dans un couvent \u00e0 Rome. VINCENT qui l&rsquo;accompagne, s\u00e9journe quelques temps dans la capitale romaine et en profite pour suivre des cours de th\u00e9ologie, se faisant remarquer par son intelligence, son bon sens et sa profonde pi\u00e9t\u00e9. En 1608, on lui confie une mission confidentielle pour le Roi Henri IV. Ce dernier le nomme bient\u00f4t aum\u00f4nier de la reine Marguerite  de Valois.<br \/>\n\tCette derni\u00e8re charge VINCENT de visiter les malades de l&rsquo;h\u00f4pital de la  Charit\u00e9. Durant cette p\u00e9riode de sa vie, il a l&rsquo;occasion de rencontrer de riches seigneurs et aussi des pr\u00eatres c\u00e9l\u00e8bres, tel le Cardinal Pierre de BERULLE, qui fut l&rsquo;un des principaux artisans de la Renaissance catholique en France, au 17\u00e8me si\u00e8cle.<br \/>\n\tEn 1612, VINCENT est nomm\u00e9 Cur\u00e9 de Clichy. Sa grande bont\u00e9, sa simplicit\u00e9 gagnent tr\u00e8s vite le c\u0153ur de ses paroissiens.<br \/>\n\tEn 1613, Mgr de BERULLE lui demande d&rsquo;accepter le poste de pr\u00e9cepteur des enfants de M. de GONDI, g\u00e9n\u00e9ral des gal\u00e8res et commandant en chef des Flottes royales. Malgr\u00e9 ses r\u00e9ticences, car il pr\u00e9f\u00e9rait la  compagnie des humbles \u00e0 celles des puissants, VINCENT se soumet , exerce sa t\u00e2che avec une telle pi\u00e9t\u00e9 qu&rsquo;il r\u00e9ussit m\u00eame \u00e0 convaincre M. de GONDI de renoncer \u00e0 la pratique du duel.<br \/>\n\tA l&rsquo;occasion d&rsquo;un voyage sur les propri\u00e9t\u00e9s du g\u00e9n\u00e9ral, en Picardie, VINCENT prend conscience de la mis\u00e8re physique et spirituelle des paysans et  d\u00e9cide alors de se consacrer \u00e0 Dieu dans les pauvres.<br \/>\n\tIl accepte donc en 1617, sa nomination comme Cur\u00e9 de Chatillon-les-Dombes, dans la r\u00e9gion de Lyon; c&rsquo;est une paroisse pauvre dont la population a abandonn\u00e9 toute pratique religieuse.<br \/>\nApr\u00e8s avoir mis en \u00e9tat l&rsquo;\u00e9glise d\u00e9labr\u00e9e, il commence la conqu\u00eate des habitants, en organisant de belles messes et en pr\u00eachant avec \u00e9motion et simplicit\u00e9. Il sert les pauvres avec diligence mais aussi avec un sens pouss\u00e9 de l&rsquo;organisation. \u00ab\u00a0La mani\u00e8re de donner vaut mieux que ce qu&rsquo;on donne\u00a0\u00bb aimait-il \u00e0 r\u00e9p\u00e9ter. \u2013 \u00ab\u00a0Servez les pauvres avec respect et d\u00e9licatesse\u00a0\u00bb.<br \/>\n\tMais en 1618, \u00e0 la grande d\u00e9solation de ses paroissiens, il est rappel\u00e9 \u00e0 Paris et se fait missionnaire sur les terres du comt\u00e9 de M. de CONTI. Il est nomm\u00e9 aum\u00f4nier g\u00e9n\u00e9ral des gal\u00e8res en 1619.<br \/>\n\tC&rsquo;est  \u00e0 cette \u00e9poque qu&rsquo;il fait la connaissance de Saint Fran\u00e7ois de Sales et qu&rsquo;il devient son ami.<br \/>\n\tTout en multipliant les actions en faveur des d\u00e9sh\u00e9rit\u00e9s, des paysans et des enfants trouv\u00e9s (tr\u00e8s nombreux en ce temps) VINCENT accepte de devenir le Sup\u00e9rieur de la  Visitation et le principal du Coll\u00e8ge des Bons Enfants. Il s&rsquo;int\u00e9resse de tr\u00e8s pr\u00e8s au sort des gal\u00e9riens, condamnant les abus et  r\u00e9clamant un traitement plus humain pour les malheureux condamn\u00e9s.<br \/>\n\tGr\u00e2ce aux dons de la famille GONDI, il cr\u00e9e une mission permanente aupr\u00e8s des paysans et dirige une \u00e9quipe sp\u00e9cialis\u00e9s dans l&rsquo;apostolat rural.<br \/>\n\tC&rsquo;est la Soci\u00e9t\u00e9 des Pr\u00eatres de la Mission, dite des \u00ab\u00a0Lazaristes\u00a0\u00bb, parce qu&rsquo;en 1632, ils s&rsquo;\u00e9tabliront dans le Prieur\u00e9 de Saint Lazare . Parall\u00e8lement, VINCENT multiplie les  retraites d&rsquo;ordinants pour pr\u00e9parer les futurs pr\u00eatres et il participe aux conf\u00e9rences eccl\u00e9siastiques du mardi, contribuant ainsi au renouveau religieux en France. Pour venir au secours de tous les malheureux, il regroupe les confr\u00e9ries des dames de Charit\u00e9, sous l&rsquo;autorit\u00e9 de Louise de Marillac, puis avec cette derni\u00e8re, en 1633, il fonde la communaut\u00e9 des Filles de la Charit\u00e9, promise \u00e0 un essor consid\u00e9rable et \u00e0 une popularit\u00e9 sans \u00e9gale.<br \/>\n\tSon extraordinaire activit\u00e9 sur le plan de la charit\u00e9 ne l&#8217;emp\u00eache pas d&rsquo;exercer une grande influence dans le domaine religieux gr\u00e2ce \u00e0 la compagnie du Saint Sacrement.<br \/>\n\tLes \u0153uvres capitales se multiplient sous ses pas :<br \/>\n&#8211; Charit\u00e9 de l&rsquo;H\u00f4tel Dieu (1634)<br \/>\n&#8211; Fondation du s\u00e9minaire de la mission (1637)<br \/>\n&#8211; \u0152uvre des enfants trouv\u00e9s (1638)<br \/>\n&#8211; Secours \u00e0 la Lorraine et \u0152uvre des gal\u00e9riens en 1639.<\/p>\n<p>\tEn 1943, il assiste Louis XIII mourant et devient directeur de conscience de la R\u00e9gente Anne d&rsquo;Autriche.<br \/>\n\tDurant la Fronde, il fait des prodiges pour all\u00e9ger la mis\u00e8re des provinces.<br \/>\nSaint VINCENT de PAUL meurt le 27 septembre 1660. Son dernier geste fut de baiser le crucifix, en pronon\u00e7ant distinctement  :   \u00ab\u00a0CONFIDO \u00a0\u00bb   (J&rsquo;ai confiance).<br \/>\nD\u00e9clar\u00e9 Bienheureux en 1724, il fut canonis\u00e9 en 1737. Son corps repose actuellement \u00e0 Paris, dans la Chapelle des \u00ab\u00a0Lazaristes\u00a0\u00bb.<br \/>\n                   En 1885, le Pape l&rsquo;a d\u00e9clar\u00e9 Patron de toutes les \u0152uvres charitables.<br \/>\n\tPeu de Saints ont eu une vie aussi active et aussi f\u00e9conde. Son inlassable activit\u00e9, son g\u00e9nie de l&rsquo;organisation, son bon sens qu&rsquo;\u00e9clairait sa bonhomie gasconne, son intelligence des pauvres, sa saintet\u00e9 de pr\u00eatre, l&rsquo;importance et la p\u00e9rennit\u00e9 de ses fondations font de ST VINCENT de PAUL la plus haute figure chr\u00e9tienne du 17\u00e8me si\u00e8cle.<br \/>\n\tIl a tout r\u00e9alis\u00e9 simplement, \u00ab\u00a0sans enjamber sur la Providence\u00a0\u00bb, comme il aimait \u00e0 le r\u00e9p\u00e9ter.<br \/>\n\tSon \u00e2me \u00e9tait \u00ab\u00a0toute d\u00e9tremp\u00e9e de charit\u00e9 chr\u00e9tienne\u00a0\u00bb.<br \/>\nComme disait le Saint :  \u00ab\u00a0DIEU EST CHARITE\u00a0\u00bb. \u00ab\u00a0PLUS IL Y A DE CHARITE DANS UN HOMME, PLUS DIEU Y VIT.\u00a0\u00bb<\/p>\n<p>\nTexte de <b>No\u00ebl L&rsquo;Hour<\/b><\/p>\n<p><\/p>\n","protected":false},"excerpt":{"rendered":"<p>SAINT VINCENT DE PAUL Ap\u00f4tre de la Charit\u00e9 Saint VINCENT de PAUL est l&rsquo;un des Saints les plus populaires de France. Il est le symbole m\u00eame de la charit\u00e9 chr\u00e9tienne [&hellip;]<\/p>\n","protected":false},"author":2,"featured_media":0,"parent":0,"menu_order":0,"comment_status":"closed","ping_status":"open","template":"","meta":{"ngg_post_thumbnail":0,"_EventAllDay":false,"_EventTimezone":"","_EventStartDate":"","_EventEndDate":"","_EventStartDateUTC":"","_EventEndDateUTC":"","_EventShowMap":false,"_EventShowMapLink":false,"_EventURL":"","_EventCost":"","_EventCostDescription":"","_EventCurrencySymbol":"","_EventCurrencyCode":"","_EventCurrencyPosition":"","_EventDateTimeSeparator":"","_EventTimeRangeSeparator":"","_EventOrganizerID":[],"_EventVenueID":[],"_OrganizerEmail":"","_OrganizerPhone":"","_OrganizerWebsite":"","_VenueAddress":"","_VenueCity":"","_VenueCountry":"","_VenueProvince":"","_VenueState":"","_VenueZip":"","_VenuePhone":"","_VenueURL":"","_VenueStateProvince":"","_VenueLat":"","_VenueLng":"","_VenueShowMap":false,"_VenueShowMapLink":false,"footnotes":""},"categories":[44],"tags":[],"class_list":["post-373","page","type-page","status-publish","hentry","category-les-petits-saints"],"_links":{"self":[{"href":"https:\/\/appriou.bzh\/index.php\/wp-json\/wp\/v2\/pages\/373","targetHints":{"allow":["GET"]}}],"collection":[{"href":"https:\/\/appriou.bzh\/index.php\/wp-json\/wp\/v2\/pages"}],"about":[{"href":"https:\/\/appriou.bzh\/index.php\/wp-json\/wp\/v2\/types\/page"}],"author":[{"embeddable":true,"href":"https:\/\/appriou.bzh\/index.php\/wp-json\/wp\/v2\/users\/2"}],"replies":[{"embeddable":true,"href":"https:\/\/appriou.bzh\/index.php\/wp-json\/wp\/v2\/comments?post=373"}],"version-history":[{"count":0,"href":"https:\/\/appriou.bzh\/index.php\/wp-json\/wp\/v2\/pages\/373\/revisions"}],"wp:attachment":[{"href":"https:\/\/appriou.bzh\/index.php\/wp-json\/wp\/v2\/media?parent=373"}],"wp:term":[{"taxonomy":"category","embeddable":true,"href":"https:\/\/appriou.bzh\/index.php\/wp-json\/wp\/v2\/categories?post=373"},{"taxonomy":"post_tag","embeddable":true,"href":"https:\/\/appriou.bzh\/index.php\/wp-json\/wp\/v2\/tags?post=373"}],"curies":[{"name":"wp","href":"https:\/\/api.w.org\/{rel}","templated":true}]}}