{"id":374,"date":"2011-07-17T17:05:00","date_gmt":"2011-07-17T15:05:00","guid":{"rendered":"https:\/\/plouguerneau.net\/saint-francois-dassise\/"},"modified":"2025-01-27T10:05:13","modified_gmt":"2025-01-27T09:05:13","slug":"saint-francois-dassise","status":"publish","type":"page","link":"https:\/\/appriou.bzh\/index.php\/saint-francois-dassise\/","title":{"rendered":"Saint Fran\u00e7ois d&rsquo;Assise"},"content":{"rendered":"\n<div align=center><font size=3><font color=blue><b>SAINT FRANCOIS D&rsquo;ASSISE<br \/>\nnouveau \u00ab\u00a0petit-saint\u00a0\u00bb<br \/><\/b><\/font><\/font><\/div>\n<table>\n<tr>\n<td width=70%><font size=2><\/p>\n<div align=justify>\nLa communaut\u00e9 \u00ab\u00a0 des petits saints\u00a0\u00bb de Plouguerneau accueille son petit dernier.<br \/>\n<br \/>\nLa nouvelle de la cr\u00e9ation de ce nouveau `Petit Saint&rsquo; n&rsquo;\u00e9tonnera que ceux qui ne sont pas anciens de cette v\u00e9n\u00e9rable institution qu&rsquo;est le Coll\u00e8ge Saint-Fran\u00e7ois de Lesneven. En effet, tous ceux d&rsquo;entre nous qui y avons pass\u00e9 nos ann\u00e9es d&rsquo;adolescence \u00e0 \u00e9tudier sous le regard bienveillant de Saint Fran\u00e7ois d&rsquo;Assise- et nombreuses sont les familles de Plouguerneau qui, depuis plus d&rsquo;un si\u00e8cle et demi, ont confi\u00e9, et continuent de confier au \u00ab Coll\u00e8ge \u00bb l&rsquo;\u00e9ducation de leurs enfants &#8211; ne pourront qu&rsquo;appr\u00e9cier une telle initiative. Sans nul doute, il y avait l\u00e0 une lacune \u00e0 combler.<br \/>\n\n<\/td>\n<td>\n<div align= center>\n<img decoding=\"async\" src=\"https:\/\/appriou.bzh\/wp-content\/uploads\/2010\/10\/petitssaints_stfrancoisdassise.jpg\" title=\"Saint Fran\u00e7ois d'Assise\"><\/div>\n<\/td>\n<\/tr>\n<\/table>\n<p>Loin de moi l&rsquo;intention d&rsquo;introduire une notion n\u00e9gative, mais il n&rsquo;est pas impossible que l&rsquo;id\u00e9e soit n\u00e9e d&rsquo;un petit sentiment de jalousie. En effet, il y a maintenant quelques ann\u00e9es le P\u00e8re Fran\u00e7ois Boucher, Sal\u00e9sien de Dom Bosco, originaire du Grouanec, sugg\u00e9ra de cr\u00e9er un `Petit Saint&rsquo; pour repr\u00e9senter Saint Jean Bosco, qui a patronn\u00e9 les \u00e9tudes de plusieurs jeunes de notre r\u00e9gion, tant \u00e0 Coat An-Doc&rsquo;h qu&rsquo;\u00e0 l&rsquo;Institut Lemonnier \u00e0 Caen. Un groupe se constitua rapidement et d\u00e9sormais Dom Bosco sillonne tous les ans la campagne plouguern\u00e9enne lors du pardon du 15 ao\u00fbt. On pourrait donc y voir une des nombreuses raisons qui ont incit\u00e9 l&rsquo;abb\u00e9 Fran\u00e7ois Moysan, (ancien vicaire g\u00e9n\u00e9ral du dioc\u00e8se de Quimper et ancien \u00e9l\u00e8ve du Coll\u00e8ge Saint-Fran\u00e7ois \u00e0 souffler \u00e0 l&rsquo;oreille de l&rsquo;abb\u00e9 Claude Chapelain, cur\u00e9 de la paroisse, qu&rsquo;un Saint Fran\u00e7ois d&rsquo;Assise avait tout naturellement sa place dans cette communaut\u00e9 des \u00ab\u00a0Petits Saints\u00a0\u00bb. Personnellement, je ne vois aucun mal \u00e0 ce genre de rivalit\u00e9. Bien au contraire, je suis ravi de constater que l&rsquo;id\u00e9e a fait son chemin et est parvenue \u00e0 son aboutissement. Il se trouve que je suis ancien \u00e9l\u00e8ve \u00e0 la fois de Coat et de Saint Fran\u00e7ois.<\/p>\n<p>Certains esprits chagrins trouveront peut-\u00eatre \u00e0 redire \u00e0 cette entorse \u00e0 l&rsquo;histoire, ou \u00e0 la tradition. Selon cette derni\u00e8re, les \u00ab\u00a0Petits Saints\u00a0\u00bb furent cr\u00e9\u00e9s au nombre de trente-trois (le chiffre parfait ?) vers l&rsquo;an 1640, \u00ab apr\u00e8s que la population plouguem\u00e9enne  fut \u00e9pargn\u00e9e par la peste, \u00e0 la suite d&rsquo;un voeu qu&rsquo;elle aurait prononc\u00e9 \u00bb. Mais les traditions sont faites pour qu&rsquo;on les fasse vivre, et nos anc\u00eatres l&rsquo;auront bien compris en ajoutant d&rsquo;autres \u00ab\u00a0Petits Saints\u00a0\u00bb au fil des si\u00e8cles, car il est ind\u00e9niable que c&rsquo;est l\u00e0 l&rsquo;expression d&rsquo;une foi populaire &#8211; celle qui fit les b\u00e2tisseurs de cath\u00e9drales &#8211; qui doit \u00eatre perp\u00e9tu\u00e9e \u00e0 travers les g\u00e9n\u00e9rations.<\/p>\n<p>C&rsquo;est dans cet esprit que sont n\u00e9s quelques nouveaux \u00ab\u00a0petits-saints\u00a0\u00bb ces derni\u00e8res ann\u00e9es. Certaines donations sont dues \u00e0 l&rsquo;initiative de groupes. Il y eut tout d&rsquo;abord Saint Gouesnou, que portent fi\u00e8rement les gens du Grouanec, et principalement ceux du Naount. A Plouguerneau, il \u00e9tait \u00e9galement tout naturel qu&rsquo;il y ait un Dom Michel le Nobletz. D&rsquo;autres sont l&rsquo;aboutissement de projets plus ou moins personnels. C&rsquo;est ainsi qu&rsquo;est n\u00e9 Saint Augustin, dont la paternit\u00e9 revient \u00e0 Goulven Madec, celui-l\u00e0 m\u00eame auquel nous devons une remarquable vie de Saint Augustin, document publi\u00e9 dans un num\u00e9ro sp\u00e9cial du 15 ao\u00fbt. Puis est venu le P\u00e8re Maunoir, le disciple de Dom Michel le Nobletz, et dont nous nous sommes enrichis gr\u00e2ce \u00e0 Fanch Morvannou. Et enfin, il faut encore citer Jeanne Jugan, fondatrice des \u00ab\u00a0Petites Soeurs des Pauvres\u00a0\u00bb. Nous sera-t-il permis de rappeler que ces derni\u00e8res ont r\u00e9cemment \u00e9t\u00e9 distingu\u00e9es par le Pr\u00e9sident Jacques Chirac pour leur travail aupr\u00e8s des plus d\u00e9sh\u00e9rit\u00e9s de notre soci\u00e9t\u00e9, et aussi parce que leur pr\u00e9sence attentionn\u00e9e \u00e0 permis d&rsquo;\u00e9viter qu&rsquo;il y ait, dans leurs hospices, un seul d\u00e9c\u00e8s d\u00fb \u00e0 la tristement c\u00e9l\u00e8bre canicule.<br \/>\nEt c&rsquo;est bien dans cet esprit aussi que l&rsquo;id\u00e9e d&rsquo;un Saint Fran\u00e7ois d&rsquo;Assise a fait son chemin. Le projet a m\u00fbri au sein d&rsquo;un groupe de ces \u00ab\u00a0anciens\u00a0\u00bb qui, contre vents et mar\u00e9es, n&rsquo;ont jamais perdu le contact. Je veux parler de quelques-uns des joueurs qui composaient l&rsquo;\u00e9quipe de football qui ramena la coupe de France \u00e0 Saint Fran\u00e7ois en 1952. Tr\u00e8s rapidement le groupe s&rsquo;est \u00e9toff\u00e9, ce qui permet \u00e0 notre nouveau \u00ab\u00a0petit-saint\u00a0\u00bb de voir le jour.<\/p>\n<p>Mais il est imp\u00e9ratif que d&rsquo;autres viennent encore se joindre \u00e0 nous. C&rsquo;est la volont\u00e9 de l&rsquo;abb\u00e9 Chapalain que les groupes de porteurs soient suffisamment \u00e9toff\u00e9s et autog\u00e9r\u00e9s. En effet, en l&rsquo;absence de porteurs, n&rsquo;importe quel \u00ab\u00a0petit-saint\u00a0\u00bb restera sur son banc \u00e0 regarder ses compagnons partir \u00e0 travers la campagne plouguern\u00e9enne. C&rsquo;est d&rsquo;ailleurs ce qui faillit arriver \u00e0 Sainte Barbe. Les pompiers n&rsquo;\u00e9tant pas l\u00e0 pour la porter, il fallut faire appel, si je puis dire, au Samu &#8211; c&rsquo;est-\u00e0-dire \u00e0 des volontaires. Il semblerait aussi que le P\u00e8re Maunoir aurait tout int\u00e9r\u00eat \u00e0 aiguillonner la conscience de quelques bretonnants suppl\u00e9mentaires s&rsquo;il veut continuer de suivre Dom Michel.<\/p>\n<p>Il ne faudrait pas qu&rsquo;une telle m\u00e9saventure arrive \u00e0 notre Saint Fran\u00e7ois. En mettant bout \u00e0 bout toutes les g\u00e9n\u00e9rations d&rsquo;anciens, nous sommes largement assez nombreux pour que la rel\u00e8ve soit assur\u00e9e. J&rsquo;esp\u00e8re que notre message parviendra au plus grand nombre, d&rsquo;abord \u00e0 ceux qui habitent notre commune, mais aussi tous les autres, par le biais de leurs parents ou grands-parents. Nous comptons sur tous et sur toutes. J&rsquo;ai bien dit \u00ab tous et toutes \u00bb. Depuis quelques d\u00e9cennies, en effet, le Coll\u00e8ge Saint-Fran\u00e7ois &#8211; devenu depuis Lyc\u00e9e Saint Fran\u00e7ois &#8211; Notre Dame &#8211; est mixte, et il a d\u00e9j\u00e0 accueilli un grand nombre de jeunes filles. Et nous lan\u00e7ons aussi cet appel \u00e0 l&rsquo;adresse des \u00e9l\u00e8ves actuels de notre ancienne institution.<br \/>\nDepuis quelque temps, le c\u00e9l\u00e8bre Cantique \u00e0 Saint Fran\u00e7ois n&rsquo;est plus chant\u00e9 au Coll\u00e8ge. Sans doute, les oreilles du saint ne supportaient-elles plus d&rsquo;entendre toute l&rsquo;assembl\u00e9e de la chapelle \u00ab\u00a0hurler\u00a0\u00bb les paroles \u00e0 s&rsquo;en d\u00e9crocher la m\u00e2choire. Mais nous aurions grand plaisir \u00e0 l&rsquo;apprendre \u00e0 tous ceux et toutes celles qui souhaiteraient \u00eatre des n\u00f4tres. Et pour compl\u00e9ter cette page, je me permets de joindre les paroles du cantique.<\/p>\n<p>\nTexte de <b>Jo Le Gad,<\/b><br \/>\n ancien \u00e9l\u00e8ve et ancien professeur<\/p>\n<p>\n<b>CANTIQUE A SAINT FRAN\u00c7OIS<\/b><br \/>\nRefrain<br \/>\nFran\u00e7ois, le pauvre du Seigneur,<br \/>\nLe moine aux s\u00e9raphiques flammes, <br \/>\nPar piti\u00e9 pour nos pauvres \u00e2mes, <br \/>\nViens \u00e0 nous avec ton grand c\u0153ur, Fran\u00e7ois, le Pauvre du Seigneur.<br \/>\nSais-tu que le si\u00e8cle o\u00f9 nous sommes<br \/>\nA besoin dan saint comme toi !<br \/>\nPartout la haine saure les hommes,<br \/>\nPartout le m\u00e9pris de la Foi<br \/>\nSi tu revenais sur la terre,<br \/>\nA voir J\u00e9sus-Christ blasph\u00e9m\u00e9, <br \/>\nDe quels cris tu crierais, P\u00e8re<br \/>\nL\u2019Amour, l&rsquo;Amour n&rsquo;est pas aim\u00e9 ;<br \/>\nDis-nous donc? la douceur de vivre<br \/>\nEn s&rsquo;armant beaucoup ici-bas ;<br \/>\nSi nous pourrions lire en ton livre, <br \/>\nEt marcher nos pas dans tes pas <br \/>\nApprends-nous l&rsquo;aimable langage <br \/>\nPar quoi, tu charmais les oiseaux,<br \/>\nLe soleil, et le loup sauvage,<br \/>\nEt les poissons, et les ruisseaux.<br \/>\nQue ton nom huit fois s\u00e9culaire,<br \/>\n0 glorieux Stigmatis\u00e9,<br \/>\nRedonne \u00e0 notre pauvre terre<br \/>\nL&rsquo;\u00e9lan que l&rsquo;Enfer a bris\u00e9<br \/>\nQue par toi la Paix refleurisse<br \/>\nJusqu&rsquo;au c\u0153ur de l&rsquo;Humanit\u00e9 .<br \/>\nObtiens que J\u00e9sus nous b\u00e9nisse,<br \/>\n0 grand Saint de la Charit\u00e9.<\/p>\n","protected":false},"excerpt":{"rendered":"<p>SAINT FRANCOIS D&rsquo;ASSISE nouveau \u00ab\u00a0petit-saint\u00a0\u00bb La communaut\u00e9 \u00ab\u00a0 des petits saints\u00a0\u00bb de Plouguerneau accueille son petit dernier. La nouvelle de la cr\u00e9ation de ce nouveau `Petit Saint&rsquo; n&rsquo;\u00e9tonnera que ceux [&hellip;]<\/p>\n","protected":false},"author":4,"featured_media":0,"parent":0,"menu_order":0,"comment_status":"closed","ping_status":"open","template":"","meta":{"ngg_post_thumbnail":0,"_EventAllDay":false,"_EventTimezone":"","_EventStartDate":"","_EventEndDate":"","_EventStartDateUTC":"","_EventEndDateUTC":"","_EventShowMap":false,"_EventShowMapLink":false,"_EventURL":"","_EventCost":"","_EventCostDescription":"","_EventCurrencySymbol":"","_EventCurrencyCode":"","_EventCurrencyPosition":"","_EventDateTimeSeparator":"","_EventTimeRangeSeparator":"","_EventOrganizerID":[],"_EventVenueID":[],"_OrganizerEmail":"","_OrganizerPhone":"","_OrganizerWebsite":"","_VenueAddress":"","_VenueCity":"","_VenueCountry":"","_VenueProvince":"","_VenueState":"","_VenueZip":"","_VenuePhone":"","_VenueURL":"","_VenueStateProvince":"","_VenueLat":"","_VenueLng":"","_VenueShowMap":false,"_VenueShowMapLink":false,"footnotes":""},"categories":[44],"tags":[],"class_list":["post-374","page","type-page","status-publish","hentry","category-les-petits-saints"],"_links":{"self":[{"href":"https:\/\/appriou.bzh\/index.php\/wp-json\/wp\/v2\/pages\/374","targetHints":{"allow":["GET"]}}],"collection":[{"href":"https:\/\/appriou.bzh\/index.php\/wp-json\/wp\/v2\/pages"}],"about":[{"href":"https:\/\/appriou.bzh\/index.php\/wp-json\/wp\/v2\/types\/page"}],"author":[{"embeddable":true,"href":"https:\/\/appriou.bzh\/index.php\/wp-json\/wp\/v2\/users\/4"}],"replies":[{"embeddable":true,"href":"https:\/\/appriou.bzh\/index.php\/wp-json\/wp\/v2\/comments?post=374"}],"version-history":[{"count":0,"href":"https:\/\/appriou.bzh\/index.php\/wp-json\/wp\/v2\/pages\/374\/revisions"}],"wp:attachment":[{"href":"https:\/\/appriou.bzh\/index.php\/wp-json\/wp\/v2\/media?parent=374"}],"wp:term":[{"taxonomy":"category","embeddable":true,"href":"https:\/\/appriou.bzh\/index.php\/wp-json\/wp\/v2\/categories?post=374"},{"taxonomy":"post_tag","embeddable":true,"href":"https:\/\/appriou.bzh\/index.php\/wp-json\/wp\/v2\/tags?post=374"}],"curies":[{"name":"wp","href":"https:\/\/api.w.org\/{rel}","templated":true}]}}