{"id":389,"date":"2012-01-30T10:35:55","date_gmt":"2012-01-30T09:35:55","guid":{"rendered":"https:\/\/plouguerneau.net\/dolmen-de-lilia\/"},"modified":"2012-01-30T10:35:55","modified_gmt":"2012-01-30T09:35:55","slug":"dolmen-de-lilia","status":"publish","type":"page","link":"https:\/\/appriou.bzh\/index.php\/dolmen-de-lilia\/","title":{"rendered":"Dolmen de Lilia"},"content":{"rendered":"<div align=\"justify\">\n<p>Un dolmen n&rsquo;est ni plus ni moins qu&rsquo;une galerie menant \u00e0 une s\u00e9pulture. L&rsquo;image commune que l&rsquo;on s&rsquo;en fait actuellement est celle d&rsquo;une table reposant sur des pieds. En r\u00e9alit\u00e9 cette image n&rsquo;est autre que celle d&rsquo;un monument m\u00e9galithique fortement d\u00e9t\u00e9rior\u00e9e. Originellement un dolmen est constitu\u00e9 d&rsquo;orthostates ou piliers, de dalles de chevet et de dalles de couverture. Tout autour du monument est ajout\u00e9 du remblai (bien souvent disparu) afin de former un tumulus. Le premier \u00e0 penser, ou tout du moins \u00e0 l&rsquo;\u00e9crire, qu&rsquo;il s&rsquo;agit d&rsquo;une chambre mortuaire est Pierre Jean-Baptiste Legrand d\u2019Aussy (1737-1800). Jusqu&rsquo;\u00e0 cette \u00e9poque on pensait qu&rsquo;il pouvait s&rsquo;agir de table de sacrifice.<\/p>\n<div align=\"center\"><img decoding=\"async\" title=\"Le dolmen de Lilia\" src=\"https:\/\/appriou.bzh\/wp-content\/uploads\/2012\/01\/archeologie_dolmen_dolmen3.jpg\" \/><\/div>\n<p>&nbsp;<\/p>\n<div align=\"center\"><img decoding=\"async\" title=\"Le dolmen de Lilia\" src=\"https:\/\/appriou.bzh\/wp-content\/uploads\/2012\/01\/archeologie_dolmen_dolmendessin.jpg\" \/><br \/>\n<i>Reproduction du plan se situant \u00e0 proximit\u00e9 &#8211; DC<\/i><\/div>\n<p><i>Les photos et dessins du d\u00e9but du XXe si\u00e8cle montrent que le dolmen de Lilia est sensiblement dans le m\u00eame \u00e9tat depuis au moins un si\u00e8cle. Seule la construction d&rsquo;une maison \u00e0 modifi\u00e9 l&rsquo;environnement proche puisque les terrassements ont \u00e9t\u00e9 effectu\u00e9s jusqu&rsquo;au ras des piliers et \u00e0 une profondeur plus importante que la base des fosses de calage de ces supports, ce qui a provoqu\u00e9 une l\u00e9g\u00e8re \u00e9rosion des sols et la mise au jour de silex taill\u00e9s et de tessons de poterie n\u00e9olithique mais aussi un tesson d&rsquo;un vase campaniforme dont on peut proposer une reconstitution th\u00e9orique, ce qui suppose une r\u00e9utilisation du monument dans la deuxi\u00e8me moiti\u00e9 du troisi\u00e8me mill\u00e9naire avant J.C. par les hommes du Chalcolithique, ce qui est, somme toute, tr\u00e8s fr\u00e9quent. Ce dolmen ne semble pas avoir \u00e9t\u00e9 fouill\u00e9 enti\u00e8rement et constitue donc une r\u00e9serve arch\u00e9ologique importante. Vu l&rsquo;\u00e9tat du monument, il est difficile d&rsquo;\u00eatre formel sur l&rsquo;architecture du m\u00e9galithe mais elle semble toutefois pouvoir se rapporter \u00e0 celle des all\u00e9es couvertes comportant une cella. L&rsquo;axe de cette all\u00e9e couverte serait SSO-NNE, l&rsquo;entr\u00e9e se trouvant dans le secteur nord, ce qui n&rsquo;est pas tr\u00e8s courant et la cella \u00e9tant situ\u00e9e de l&rsquo;autre c\u00f4t\u00e9 de la dalle de chevet. Cette s\u00e9pulture collective peut-\u00eatre dat\u00e9e de la fin du N\u00e9olithique, c&rsquo;est \u00e0 dire du troisi\u00e8me mill\u00e9naire avant J.C.<br \/>\nCf. panneau explicatif se situant \u00e0 proximit\u00e9 du monument et r\u00e9dig\u00e9 par Monsieur Le Goffic. <\/i><\/p>\n<table>\n<tbody>\n<tr>\n<td>\n<div align=\"justify\"><b>Campaniforme<\/b> veut dire litt\u00e9ralement \u00ab\u00a0en forme de cloche\u00a0\u00bb. La culture campaniforme trouverait ses racines dans la p\u00e9ninsule ib\u00e9rique, bien que certain pensent qu&rsquo;il puisse s&rsquo;agir d&rsquo;un continuit\u00e9 de la culture germanique de la c\u00e9ramique cord\u00e9e. Elle se propage \u00e0 compter du troisi\u00e8me mill\u00e9naire avant notre \u00e8re. La carte ci-contre montre l&rsquo;expansion maximale de cette culture.<\/div>\n<\/td>\n<td><img decoding=\"async\" title=\"Expansion de la culture campaniforme\" src=\"https:\/\/appriou.bzh\/wp-content\/uploads\/2012\/01\/archeologie_culture_campaniforme.jpg\" \/><br \/>\n<i>Document wikipedia.org<\/i><\/td>\n<\/tr>\n<tr>\n<td>\n<div align=\"justify\">La p\u00e9riode <b>chalcolithique<\/b> fait partie de la protohistoire. Elle se situe entre le n\u00e9olithique et l&rsquo;\u00e2ge de bronze. Le terme vient du grec khalkos (cuivre) et lithos (pierre). Cette d\u00e9nomination laisse \u00e0 penser que les hommes de cette p\u00e9riode \u00e9tablissent le lien entre la pierre et le cuivre. Mais attention, il n&rsquo;est pas question de parler d&rsquo;\u00e2ge du cuivre !<\/div>\n<\/td>\n<td><img decoding=\"async\" title=\"\" src=\"https:\/\/appriou.bzh\/wp-content\/uploads\/2012\/01\/archeologie_culture_urnechalcolithique.jpg\" \/><br \/>\n<i>Urne Chalcolithique &#8211; Document Agropolis Museum<\/i><\/td>\n<\/tr>\n<\/tbody>\n<\/table>\n<p>&nbsp;<\/p>\n<div align=\"center\"><img decoding=\"async\" title=\"Le dolmen de Lilia\" src=\"https:\/\/plouguerneau.net\/wp-content\/uploads\/2012\/01\/archeologie_dolmen_dolmen1.jpg\" \/><\/div>\n<p>&nbsp;<\/p>\n<table>\n<tbody>\n<tr>\n<td><img decoding=\"async\" src=\"https:\/\/appriou.bzh\/wp-content\/uploads\/2010\/10\/site_monumenthistorique.jpg\" \/><\/td>\n<td>&nbsp;<\/p>\n<div align=\"justify\">\n<p>Le dolmen de Lilia est class\u00e9 monument historique depuis le 3 juillet 1959 (r\u00e9f. PA00090249).<\/p>\n<\/div>\n<\/td>\n<\/tr>\n<\/tbody>\n<\/table>\n<p>&nbsp;<\/p>\n<p>Base M\u00e9rim\u00e9e<\/p>\n<table border=\"1\" frame=\"VOID\" rules=\"NONE\" cellspacing=\"0\">\n<tbody>\n<tr>\n<td width=\"145\" height=\"32\"><span style=\"color: #ff0000; font-family: Times New Roman;\">\u00a0<\/span><\/td>\n<td width=\"386\"><b>Monuments historiques<\/b><\/td>\n<\/tr>\n<tr>\n<td height=\"17\"><span style=\"color: #999937; font-family: Times New Roman;\">\u00e9difice \/ site<\/span><\/td>\n<td>Dolmen de Lilia<\/td>\n<\/tr>\n<tr>\n<td height=\"17\"><span style=\"color: #999937; font-family: Times New Roman;\">localisation<\/span><\/td>\n<td><a href=\"http:\/\/www.culture.gouv.fr\/public\/mistral\/merimee_fr?ACTION=CHERCHER&amp;FIELD_98=LOCA&amp;VALUE_98=Bretagne%20&amp;DOM=Tous&amp;REL_SPECIFIC=3\">Bretagne\u00a0<\/a>;<a href=\"http:\/\/www.culture.gouv.fr\/public\/mistral\/merimee_fr?ACTION=CHERCHER&amp;FIELD_98=LOCA&amp;VALUE_98=%20Finist%E8re%20&amp;DOM=Tous&amp;REL_SPECIFIC=3\">\u00a0Finist\u00e8re\u00a0<\/a>;<a href=\"http:\/\/www.culture.gouv.fr\/public\/mistral\/merimee_fr?ACTION=CHERCHER&amp;FIELD_98=LOCA&amp;VALUE_98=%20Plouguerneau&amp;DOM=Tous&amp;REL_SPECIFIC=3\" target=\"_blank\" rel=\"noopener\">\u00a0Plouguerneau<\/a><\/td>\n<\/tr>\n<tr>\n<td height=\"17\"><span style=\"color: #999937; font-family: Times New Roman;\">lieu-dit<\/span><\/td>\n<td>Lilia-Parc-ar-Roc&rsquo;h<\/td>\n<\/tr>\n<tr>\n<td height=\"17\"><span style=\"color: #999937; font-family: Times New Roman;\">d\u00e9nomination<\/span><\/td>\n<td><a href=\"http:\/\/www.culture.gouv.fr\/public\/mistral\/merimee_fr?ACTION=CHERCHER&amp;FIELD_98=DENO&amp;VALUE_98=dolmen&amp;DOM=Tous&amp;REL_SPECIFIC=3\">dolmen<\/a><\/td>\n<\/tr>\n<tr>\n<td height=\"17\"><span style=\"color: #999937; font-family: Times New Roman;\">\u00e9poque de construction<\/span><\/td>\n<td>N\u00e9olithique<\/td>\n<\/tr>\n<tr>\n<td height=\"17\"><span style=\"color: #999937; font-family: Times New Roman;\">propri\u00e9t\u00e9<\/span><\/td>\n<td>propri\u00e9t\u00e9 de la commune<\/td>\n<\/tr>\n<tr>\n<td height=\"17\"><span style=\"color: #999937; font-family: Times New Roman;\">protection MH<\/span><\/td>\n<td>1959\/07\/03 : class\u00e9 MH<\/td>\n<\/tr>\n<tr>\n<td height=\"17\"><span style=\"color: #999937; font-family: Times New Roman;\">\u00a0<\/span><\/td>\n<td>Dolmen de Lilia (cad. O 1240) : classement par arr\u00eat\u00e9 du 3 juillet 1959<\/td>\n<\/tr>\n<tr>\n<td height=\"17\"><span style=\"color: #999937; font-family: Times New Roman;\">int\u00e9r\u00eat de l&rsquo;oeuvre<\/span><\/td>\n<td>N\u00b0 site arch\u00e9ologique : 29 195 1 AP (tombe \u00e0 couloir).<\/td>\n<\/tr>\n<tr>\n<td height=\"17\"><span style=\"color: #999937; font-family: Times New Roman;\">type d&rsquo;\u00e9tude<\/span><\/td>\n<td>Recensement immeubles MH<\/td>\n<\/tr>\n<tr>\n<td height=\"17\"><span style=\"color: #999937; font-family: Times New Roman;\">r\u00e9f\u00e9rence<\/span><\/td>\n<td>PA00090249<\/td>\n<\/tr>\n<tr>\n<td height=\"17\"><span style=\"color: #999937; font-family: Times New Roman;\">\u00a0<\/span><\/td>\n<td>\u00a9 Monuments historiques, 1992<\/td>\n<\/tr>\n<tr>\n<td height=\"17\"><span style=\"color: #999937; font-family: Times New Roman;\">date versement<\/span><\/td>\n<td>1993\/08\/24<\/td>\n<\/tr>\n<tr>\n<td height=\"17\"><span style=\"color: #999937; font-family: Times New Roman;\">date mise \u00e0 jour<\/span><\/td>\n<td>2005\/07\/21<\/td>\n<\/tr>\n<\/tbody>\n<\/table>\n<\/div>\n","protected":false},"excerpt":{"rendered":"<p>Un dolmen n&rsquo;est ni plus ni moins qu&rsquo;une galerie menant \u00e0 une s\u00e9pulture. L&rsquo;image commune que l&rsquo;on s&rsquo;en fait actuellement est celle d&rsquo;une table reposant sur des pieds. En r\u00e9alit\u00e9 [&hellip;]<\/p>\n","protected":false},"author":4,"featured_media":385,"parent":0,"menu_order":0,"comment_status":"closed","ping_status":"open","template":"","meta":{"ngg_post_thumbnail":0,"_EventAllDay":false,"_EventTimezone":"","_EventStartDate":"","_EventEndDate":"","_EventStartDateUTC":"","_EventEndDateUTC":"","_EventShowMap":false,"_EventShowMapLink":false,"_EventURL":"","_EventCost":"","_EventCostDescription":"","_EventCurrencySymbol":"","_EventCurrencyCode":"","_EventCurrencyPosition":"","_EventDateTimeSeparator":"","_EventTimeRangeSeparator":"","_EventOrganizerID":[],"_EventVenueID":[],"_OrganizerEmail":"","_OrganizerPhone":"","_OrganizerWebsite":"","_VenueAddress":"","_VenueCity":"","_VenueCountry":"","_VenueProvince":"","_VenueState":"","_VenueZip":"","_VenuePhone":"","_VenueURL":"","_VenueStateProvince":"","_VenueLat":"","_VenueLng":"","_VenueShowMap":false,"_VenueShowMapLink":false,"footnotes":""},"categories":[246],"tags":[],"class_list":["post-389","page","type-page","status-publish","has-post-thumbnail","hentry","category-megalithe"],"_links":{"self":[{"href":"https:\/\/appriou.bzh\/index.php\/wp-json\/wp\/v2\/pages\/389","targetHints":{"allow":["GET"]}}],"collection":[{"href":"https:\/\/appriou.bzh\/index.php\/wp-json\/wp\/v2\/pages"}],"about":[{"href":"https:\/\/appriou.bzh\/index.php\/wp-json\/wp\/v2\/types\/page"}],"author":[{"embeddable":true,"href":"https:\/\/appriou.bzh\/index.php\/wp-json\/wp\/v2\/users\/4"}],"replies":[{"embeddable":true,"href":"https:\/\/appriou.bzh\/index.php\/wp-json\/wp\/v2\/comments?post=389"}],"version-history":[{"count":0,"href":"https:\/\/appriou.bzh\/index.php\/wp-json\/wp\/v2\/pages\/389\/revisions"}],"wp:featuredmedia":[{"embeddable":true,"href":"https:\/\/appriou.bzh\/index.php\/wp-json\/wp\/v2\/media\/385"}],"wp:attachment":[{"href":"https:\/\/appriou.bzh\/index.php\/wp-json\/wp\/v2\/media?parent=389"}],"wp:term":[{"taxonomy":"category","embeddable":true,"href":"https:\/\/appriou.bzh\/index.php\/wp-json\/wp\/v2\/categories?post=389"},{"taxonomy":"post_tag","embeddable":true,"href":"https:\/\/appriou.bzh\/index.php\/wp-json\/wp\/v2\/tags?post=389"}],"curies":[{"name":"wp","href":"https:\/\/api.w.org\/{rel}","templated":true}]}}