{"id":395,"date":"2011-09-22T10:33:19","date_gmt":"2011-09-22T08:33:19","guid":{"rendered":"https:\/\/plouguerneau.net\/saint-antoine\/"},"modified":"2025-01-27T10:05:13","modified_gmt":"2025-01-27T09:05:13","slug":"saint-antoine","status":"publish","type":"page","link":"https:\/\/appriou.bzh\/index.php\/saint-antoine\/","title":{"rendered":"Saint Antoine"},"content":{"rendered":"\n<div align=center><font size=3><font color=blue><b>SAINT ANTOINE (SANT ANTON)<br \/>\nP\u00e8re des ermites<\/b><\/font><\/font><\/div>\n<table>\n<tr>\n<td width=70%><font size=2><\/p>\n<div align=justify>\nBeaucoup ont cru voir dans la statuette de St Antoine qui figure dans la collection des Petits Saints de Plouguerneau la repr\u00e9sentation du c\u00e9l\u00e8bre St Antoine de Padoue. Notre St Antoine est repr\u00e9sent\u00e9 v\u00eatu d&rsquo;un v\u00eatement de bure, portant une longue barbe, tenant entre les mains un livre ouvert, autour du cou un chapelet termin\u00e9 par une croix grecque, \u00e0 ses pieds un porc.<br \/>\nIl s&rsquo;agit, en fait, d&rsquo;ANTOINE ,dit LE GRAND ou ABBE, n\u00e9 \u00e0 Qu\u00e9man, en Haute Egypte, en l&rsquo;an 251 dans une riche famille chr\u00e9tienne. Ses parents meurent alors qu&rsquo;il a 18 ans .A l&rsquo;\u00e2ge de 20 ans il est converti en entendant, au cours d&rsquo;une messe, les paroles de l&rsquo;Evangile de St Mathieu: \u00ab\u00a0Si tu veux \u00eatre parfait, va, vends tout ce que tu as et donne le aux pauvres.. Il vend alors tous ses biens, les donne aux pauvres et devient l&rsquo;\u00e9l\u00e8ve d&rsquo;un saint homme qui lui apprend la pri\u00e8re, la Parole de Dieu et le travail manuel.<\/p>\n<\/td>\n<td>\n<div align= center>\n<img decoding=\"async\" src=\"https:\/\/appriou.bzh\/wp-content\/uploads\/2010\/10\/petitssaints_stantoine.jpg\" title=\"Saint Antoine\"><\/div>\n<\/td>\n<\/tr>\n<\/table>\n<p>\tIl se retire ensuite dans le d\u00e9sert de Th\u00e9ba\u00efde et y demeure dans le plus grand la d\u00e9nuement pendant 16 ann\u00e9es. Il est souvent harcel\u00e9 par de terribles tentations, celles de l&rsquo;argent, de la chair et de l&rsquo;orgueil. Il est rejoint par de nombreux disciples qui vivent en communaut\u00e9 une existence aust\u00e8re. Il est sollicit\u00e9 fr\u00e9quemment par de nombreux croyants qui souhaitent sa protection.<br \/>\n\tLa r\u00e9putation d&rsquo;ANTOINE gagne tout le pays et m\u00eame au del\u00e0. En 311 sous la pers\u00e9cution de l&#8217;empereur Maximin Da\u00efa, il quitte le d\u00e9sert pour aller r\u00e9conforter \u00e0 Alexandrie les chr\u00e9tiens pers\u00e9cut\u00e9s, emprisonn\u00e9s ou condamn\u00e9s aux travaux forc\u00e9s. De m\u00eame, il reviendra \u00e0 Alexandrie pour aider le patriarche \u00e0 combattre l&rsquo;h\u00e9r\u00e9sie arienne, du nom d&rsquo;Arias qui niait l&rsquo;unit\u00e9 et la consubstantialit\u00e9 des trois personnes de la Sainte Trinit\u00e9 et par cons\u00e9quent la divinit\u00e9 de J\u00e9sus-Christ.<br \/>\n\tRevenu au d\u00e9sert, et apr\u00e8s avoir fond\u00e9 de nombreux monast\u00e8res, il s&rsquo;installe pr\u00e9s de la Mer Rouge au pied du Mont Quelzoum. Il y cr\u00e9e une communaut\u00e9 qui est \u00e0 l&rsquo;origine de l&rsquo;actuel monast\u00e8re copte de St Antoine.<br \/>\n\tSt Antoine est mort \u00e0 un \u00e2ge tr\u00e8s avanc\u00e9, vers 350 dit-on, en disant \u00e0 ses disciples \u00ab\u00a0Vivez comme si vous deviez mourir chaque jour. Efforcez-vous d&rsquo;imiter les Saints \u00ab\u00a0.<br \/>\n\tSt Antoine est v\u00e9n\u00e9r\u00e9 comme le patron des animaux domestiques en raison du pouvoir qu&rsquo;il exer\u00e7a sur eux durant sa vie. Il \u00e9tait invoqu\u00e9 aussi contre le feu St Antoine, expression d\u00e9signant une \u00e9pid\u00e9mie due \u00e0 une intoxication par le seigle ergot\u00e9 et caract\u00e9ris\u00e9e par des gangr\u00e8nes.<br \/>\nIl est g\u00e9n\u00e9ralement repr\u00e9sent\u00e9 en pri\u00e8re, tent\u00e9 par le diable, avec \u00e0 ses pieds un porc qui rappelle un privil\u00e8ge des Hospitaliers de St Antoine: au Moyen Age, ceux ci avaient le droit de laisser leurs porcs errer dans les rues avec une clochette.<br \/>\n\tLa f\u00eate de St Antoine, p\u00e8re des ermites, a \u00e9t\u00e9 c\u00e9l\u00e9br\u00e9e le 17 janvier d\u00e9s le d\u00e9but du V\u00e8me  si\u00e8cle en Orient. Son culte n&rsquo;est apparu en Occident qu&rsquo;au 9\u00e8me si\u00e8cle. Sa vie, \u00e9crite par son ami Athanase, patriarche d&rsquo;Alexandrie, a contribu\u00e9 notamment \u00e0 la conversion de St Augustin et de St Martin.<\/p>\n<p>\tSt Antoine Le Grand a donn\u00e9 son nom \u00e0 St Antoine de Padoue.<br \/>\n\tCe dernier est sans aucun doute plus connu. Ceux qui ont pour lui une v\u00e9n\u00e9ration particuli\u00e8re trouveront ci-apr\u00e8s une br\u00e8ve \u00e9tude sur sa vie et son \u0153uvre.<\/p>\n<div align=center>* * * *<\/div>\n<div align=center><font size=3><font color=blue><b>SAINT ANTOINE DE PADOUE<br \/>Un saint pour les pauvres et les \u00e9rudits<\/b><\/font><\/font><\/div>\n<p> On a f\u00eat\u00e9 en 1995 le huiti\u00e8me centenaire de la naissance de St Antoine, un saint \u00e9rudit mais aussi un saint solidaire de la mis\u00e8re de ses contemporains. St Antoine n&rsquo;est donc pas simplement celui que l&rsquo;on invoque pour retrouver les objets perdus. C&rsquo;est un saint populaire dont la silhouette en robe de bure, tenant l&rsquo;enfant J\u00e9sus d&rsquo;une main et de l&rsquo;autre une fleur de lys ou un livre sacr\u00e9 est bien connue.<br \/>\n\tII est n\u00e9 \u00e0 Lisbonne, au Portugal, en 1195 d&rsquo;une famille croyante de chevaliers attach\u00e9s \u00e0 la personne du roi. Il porte alors le pr\u00e9nom de Fernand. A 15 ans, il commence son noviciat au monast\u00e8re de St Vincent de Fira, chez les chanoines de St Augustin .Il est envoy\u00e9 en 1212 au c\u00e9l\u00e8bre monast\u00e8re de Ste Croix de Co\u00efmbre o\u00f9 il passe huit ans de sa vie, cultivant son intelligence par des \u00e9tudes intenses et se livrant \u00e0 de longues m\u00e9ditations. Il apprend alors \u00e0 tout donner pour des valeurs s\u00fbres.<br \/>\n\tFr\u00e8re h\u00f4telier \u00e0 Co\u00efmbre, il est appel\u00e9 un jour \u00e0 prier pour 5 franciscains morts en mission au Maroc. Boulevers\u00e9 par le sort de ces martyrs, il demande \u00e0 rev\u00eatir la bure de l&rsquo;ordre des Franciscains et sollicite l&rsquo;autorisation de partir en terre d&rsquo;Islam. C&rsquo;est l&rsquo;\u00e9poque o\u00f9 l&rsquo;ordre des Franciscains se d\u00e9veloppe et s&rsquo;implante au Portugal.<\/p>\n<p>Fernand re\u00e7oit l&rsquo;habit et prend le nom d&rsquo;Antoine, en souvenir de St Antoine le Grand, c\u00e9l\u00e8bre anachor\u00e8te de la Th\u00e9ba\u00efde. Il part pour le Maroc mais tombe malade et il est contraint de rentrer. Le bateau qui le ram\u00e8ne au Portugal est pouss\u00e9 par la temp\u00eate vers la Sicile et \u00e9choue \u00e0 Messine. Antoine y rejoint la communaut\u00e9 franciscaine pour \u00eatre soign\u00e9. Il effectue ensuite un s\u00e9jour \u00e0 Assise, patrie de St Fran\u00e7ois avant d&rsquo;\u00eatre nomm\u00e9 fr\u00e8re mineur dans la province de Romagne. Il passe quelques mois dans un ermitage puis il est appel\u00e9 \u00e0 Monte Paolo pour la c\u00e9l\u00e9bration des offices. Il continue cependant \u00e0 mener la vie d&rsquo;un simple moine, s&rsquo;occupant des travaux de la maison.<\/p>\n<p>Le 24 septembre 1222 marque un tournant d\u00e9cisif dans sa vie: on lui demande en effet de remplacer un pr\u00e9dicateur pour prononcer une conf\u00e9rence spirituelle. C&rsquo;est alors qu&rsquo;on d\u00e9couvre ses talents de pr\u00eacheur, car sa pr\u00e9dication a \u00e9t\u00e9 comprise par les plus simples. Son sup\u00e9rieur le nomme aussit\u00f4t pr\u00e9dicateur pour toute la province de Romagne. Il parcourt d\u00e9sormais villes et villages pour dire la parole de Dieu.<\/p>\n<p>II fonde en 1223 une maison d&rsquo;\u00e9tudes \u00e0 Bologne avec l&rsquo;autorisation de St Fran\u00e7ois qui lui recommande cependant, de ne pas \u00e9teindre en lui l&rsquo;esprit de pri\u00e8re et de d\u00e9votion. Il est bient\u00f4t dans le sud de la France o\u00f9 s\u00e9vit l&rsquo;h\u00e9r\u00e9sie cathare.<\/p>\n<p>Il fonde le couvent de Brive-la-Gaillarde et accomplit, dit on, dans la r\u00e9gion de nombreux miracles. En 1224\/25, il passe \u00e0 Narbonne et fait na\u00eetre de ferventes communaut\u00e9s. Il est rappel\u00e9 en Italie en 1227 et nomm\u00e9 sup\u00e9rieur de la r\u00e9gion de Romagne.<\/p>\n<p>Il vient en aide aux plus pauvres, n&rsquo;h\u00e9sitant pas \u00e0 s&rsquo;attaquer aux usuriers. Il r\u00e9ussit m\u00eame \u00e0 faire modifier une loi qui condamnait \u00e0 la prison \u00e0 vie les pauvres endett\u00e9s. Il invente \u00e0 cette \u00e9poque la corbeille des pauvres: dans chaque communaut\u00e9 chr\u00e9tienne, on collecte de l&rsquo;argent qui est redistribu\u00e9 d\u00e9s le lendemain aux plus n\u00e9cessiteux.<\/p>\n<p>La pr\u00e9dication d&rsquo;Antoine, \u00e0 partir du texte de l&rsquo; Evangile, est simple; vivante, \u00e9maill\u00e9e d&rsquo;exemples tir\u00e9s de la vie quotidienne. Il d\u00e9nonce avec vigueur les injustices \u00e0 l&rsquo;\u00e9gard des pauvres et des travailleurs. Ceux qui s&rsquo;adressent \u00e0 lui ne lui demandent pas seulement de retrouver un objet perdu; on sollicite son intercession pour retrouver la paix du coeur, la foi, le courage de sortir de son p\u00e9ch\u00e9, l &lsquo;entente dans la famille, la gu\u00e9rison des malades.<br \/>\nUne l\u00e9gende nous est parvenue \u00e0 son sujet, celle de Zacharie le Guillard. Ce dernier \u00e9tait un riche commer\u00e7ant juif qui ne croyait pas \u00e0 la pr\u00e9sence r\u00e9elle de Dieu dans l&rsquo;Eucharistie. Il se moquait de la pr\u00e9dication d&rsquo;Antoine et lui lan\u00e7a un jour un d\u00e9fi: si mon \u00e2ne s&rsquo;agenouille devant l&rsquo;Eucharistie, je croirai en ce que tu dis! Le jour venu, devant la foule rassembl\u00e9e sur la place du march\u00e9, Zacharie conduisit son \u00e2ne qu&rsquo;il avait fait je\u00fbner pendant 3 jours, \u00e0 \u00e9gale distance de l&rsquo;Eucharistie et d&rsquo;un sac d&rsquo;avoine fra\u00eeche. Et l&rsquo;\u00e2ne, d\u00e9daignant l&rsquo;avoine, s&rsquo;avan\u00e7a vers St Antoine et s&rsquo;agenouilla devant l&rsquo;Eucharistie. Zacharie se convertit sur le champ. Une \u00e9glise \u00e0 Bourges, St Pierre le Guillard, semble attester que le miracle s&rsquo;est produit dans cette ville.<br \/>\nOn raconte aussi qu&rsquo;un jour, St Antoine s&rsquo;adressa aux poissons de la mer devant une foule m\u00e9dus\u00e9e qui avait refus\u00e9 de l&rsquo;\u00e9couter.<br \/>\nEn 1230, Antoine se rend dans la r\u00e9gion de Padoue et c&rsquo;est l\u00e0 qu&rsquo;il meurt l&rsquo;ann\u00e9e suivante, \u00e0 l&rsquo;\u00e2ge de 36 ans. A sa mort, les foules le consid\u00e8rent d\u00e9j\u00e0 comme un Saint. Il a \u00e9t\u00e9 canonis\u00e9 d\u00e8s 1232 par le Pape Gr\u00e9goire IX. Il a \u00e9t\u00e9 reconnu docteur de l&rsquo;Eglise en 1946 par Pie XII. Il est f\u00eat\u00e9 dans l&rsquo;\u00e9glise Universelle le 13 juin.<\/p>\n<p>Comme l&rsquo;a \u00e9crit Jean-Paul II, les \u00e9crits de St Antoine, si riches de doctrine biblique mais \u00e9galement si intens\u00e9ment porteurs d&rsquo;exhortations spirituelles et morales, sont aujourd&rsquo;hui encore un mod\u00e8le et un guide pour la pr\u00e9dication.<br \/>\nSt Antoine a b\u00e2ti sa vie sur le Christ. Il a montr\u00e9 une telle intelligence de la Parole de Dieu qu&rsquo;on a pu dire de lui : \u00a0\u00bb Il est l&rsquo;arche du Testament et l&rsquo;\u00e9crin contenant la divine \u00e9criture \u00ab\u00a0.N\u00e9e de la soif de Dieu, sa th\u00e9ologie est le rayonnement de l&rsquo;amour du Christ. Th\u00e9ologien de l&rsquo; Enfant et Livre, fr\u00e8re des pauvres et ami de toute cr\u00e9ature, St Antoine n&rsquo;est pas derri\u00e8re nous, il est en avant sur la route du deuxi\u00e8me mill\u00e9naire.<\/p>\n<p>\nTexte de <b>No\u00ebl L&rsquo;Hour<\/b><\/p>\n<p> <\/p>\n","protected":false},"excerpt":{"rendered":"<p>SAINT ANTOINE (SANT ANTON) P\u00e8re des ermites Beaucoup ont cru voir dans la statuette de St Antoine qui figure dans la collection des Petits Saints de Plouguerneau la repr\u00e9sentation du [&hellip;]<\/p>\n","protected":false},"author":4,"featured_media":0,"parent":0,"menu_order":0,"comment_status":"closed","ping_status":"open","template":"","meta":{"ngg_post_thumbnail":0,"_EventAllDay":false,"_EventTimezone":"","_EventStartDate":"","_EventEndDate":"","_EventStartDateUTC":"","_EventEndDateUTC":"","_EventShowMap":false,"_EventShowMapLink":false,"_EventURL":"","_EventCost":"","_EventCostDescription":"","_EventCurrencySymbol":"","_EventCurrencyCode":"","_EventCurrencyPosition":"","_EventDateTimeSeparator":"","_EventTimeRangeSeparator":"","_EventOrganizerID":[],"_EventVenueID":[],"_OrganizerEmail":"","_OrganizerPhone":"","_OrganizerWebsite":"","_VenueAddress":"","_VenueCity":"","_VenueCountry":"","_VenueProvince":"","_VenueState":"","_VenueZip":"","_VenuePhone":"","_VenueURL":"","_VenueStateProvince":"","_VenueLat":"","_VenueLng":"","_VenueShowMap":false,"_VenueShowMapLink":false,"footnotes":""},"categories":[44],"tags":[],"class_list":["post-395","page","type-page","status-publish","hentry","category-les-petits-saints"],"_links":{"self":[{"href":"https:\/\/appriou.bzh\/index.php\/wp-json\/wp\/v2\/pages\/395","targetHints":{"allow":["GET"]}}],"collection":[{"href":"https:\/\/appriou.bzh\/index.php\/wp-json\/wp\/v2\/pages"}],"about":[{"href":"https:\/\/appriou.bzh\/index.php\/wp-json\/wp\/v2\/types\/page"}],"author":[{"embeddable":true,"href":"https:\/\/appriou.bzh\/index.php\/wp-json\/wp\/v2\/users\/4"}],"replies":[{"embeddable":true,"href":"https:\/\/appriou.bzh\/index.php\/wp-json\/wp\/v2\/comments?post=395"}],"version-history":[{"count":0,"href":"https:\/\/appriou.bzh\/index.php\/wp-json\/wp\/v2\/pages\/395\/revisions"}],"wp:attachment":[{"href":"https:\/\/appriou.bzh\/index.php\/wp-json\/wp\/v2\/media?parent=395"}],"wp:term":[{"taxonomy":"category","embeddable":true,"href":"https:\/\/appriou.bzh\/index.php\/wp-json\/wp\/v2\/categories?post=395"},{"taxonomy":"post_tag","embeddable":true,"href":"https:\/\/appriou.bzh\/index.php\/wp-json\/wp\/v2\/tags?post=395"}],"curies":[{"name":"wp","href":"https:\/\/api.w.org\/{rel}","templated":true}]}}