{"id":397,"date":"2011-09-22T11:20:36","date_gmt":"2011-09-22T09:20:36","guid":{"rendered":"https:\/\/plouguerneau.net\/saint-gouesnou\/"},"modified":"2025-01-27T10:05:13","modified_gmt":"2025-01-27T09:05:13","slug":"saint-gouesnou","status":"publish","type":"page","link":"https:\/\/appriou.bzh\/index.php\/saint-gouesnou\/","title":{"rendered":"Saint Gouesnou"},"content":{"rendered":"<p>&nbsp;<\/p>\n<div align=\"center\"><span style=\"font-size: medium;\"><span style=\"color: blue;\"><b>SAINT GOUESNOU &#8211; SANT GOUENOU<br \/>\nEv\u00eaque ou Abb\u00e9<\/b><\/span><\/span><\/div>\n<p>&nbsp;<\/p>\n<table>\n<tbody>\n<tr>\n<td width=\"70%\">&nbsp;<\/p>\n<div align=\"justify\">La foi n&rsquo;a aucune valeur sans les \u0153uvres. Quand nous para\u00eetrons devant notre Juge, il ne nous suffira pas de dire\u00a0\u00bb J&rsquo;\u00e9tais chr\u00e9tien, j&rsquo;avais la foi\u00a0\u00bb. Il nous faudra ajouter imm\u00e9diatement: \u00ab\u00a0et parce que j&rsquo;avais la foi, j&rsquo;ai d\u00e9tourn\u00e9 mon c\u0153ur des plaisirs de ce monde, j&rsquo;ai combattu mes mauvaises tendances, j&rsquo;ai ma\u00eetris\u00e9 mon savoir, j&rsquo;ai pein\u00e9, j&rsquo;ai fait l&rsquo;aum\u00f4ne et je n&rsquo;ai n\u00e9glig\u00e9 aucun de mes devoirs\u00a0\u00bb.<br \/>\nCelui qui pourra parler ainsi \u00e0 l&rsquo;heure de la mort s&rsquo;entendra dire par le Grand Juge:\u00a0\u00bb heureux et fid\u00e8le serviteur, entre dans la joie de ton Seigneur\u00a0\u00bb.<br \/>\nJ.M. Perrot<\/div>\n<\/td>\n<td>\n<div align=\"center\"><img decoding=\"async\" title=\"Saint Gouesnou\" src=\"http:\/\/www.plouguerneau.net\/IMG\/petitssaints\/stgouesnou.jpg\" \/><\/div>\n<\/td>\n<\/tr>\n<\/tbody>\n<\/table>\n<p>Ar Feiz a zo didalvez heb an oberou. Pa&rsquo;z aimp dirak hor barner, ne vezo ket awalc&rsquo; d&rsquo;eomp gellout lavaret:\u00a0\u00bbkristen oan;feiz am boa\u00a0\u00bb red e vezo d&rsquo;eomp beza goest da lavaret kerkent:\u00a0\u00bb hag o veza mam boa feiz, am eu distaget va c&rsquo;halon, diouz traou touellus ar bed; am eus stourmet ouz va zechou fall, am eus donveet va skianchou, am eus yunet, am eus pedet, am eus great aluzen, n&rsquo;am eus laosket a gostez hini eus va deveriou\u00a0\u00bb.<br \/>\nKement hinia c&rsquo;hello komz en doare ze var e vero, a vezo lavaret d&rsquo;ezan gant ar barner bras:\u00a0\u00bb Euge serve bone, intra in gaudium Dimini tui: Deus, servicher mad, sav e levenez da Aotrou\u00a0\u00bb.<\/p>\n<p>Un saint Gouesnou , de belle facture, est venu l&rsquo;ann\u00e9e derni\u00e8re, en l&rsquo;an 2.000, prendre place parmi les petits saints de Plouguerneau. On sait qu&rsquo;au Naount une fontaine Saint Gouesnou, datant du 16i\u00e8me ou 17i\u00e8me si\u00e8cle, abrite une statue du saint en kersantite . Cette fontaine d\u00e9pendait d&rsquo;une chapelle sans doute seigneuriale, disparue dit-on au 19i\u00e8me si\u00e8cle. Un champ proche est appel\u00e9 Park ar Chapel. Le mur de la fontaine pr\u00e9sente un \u00e9cusson illisible. L&rsquo;eau de la fontaine se jette dans un lavoir avant de gagner une prairie voisine. Tous les ans, l&rsquo;apr\u00e8s midi de l&rsquo;Ascension, les habitants du Naount c\u00e9l\u00e8brent les v\u00eapres autour de la fontaine, avant de se livrer aux joies de leur Pardon .<br \/>\nJe me souviens que la veille de la Grande Marche du 15 ao\u00fbt 2000 j&rsquo;ai entendu notre cur\u00e9 M. Chapalain dire \u00e0 l&rsquo;abb\u00e9 Gouven Madec: \u00a0\u00bb Le temps menace pour demain. Demain nous allons marcher pour la premi\u00e8re fois avec saint Gouesnou qui est un saint \u00ab\u00a0pissous\u00a0\u00bb. Alors il faut qu&rsquo;Augustin l&#8217;emporte sur Gouesnou pour ne pas g\u00e2cher notre procession\u00a0\u00bb. Quelle r\u00e9putation pour un saint qui est honor\u00e9, pr\u00e8s de Brest, dans la paroisse qui porte son nom!<br \/>\nLa vie de saint Gouesnou fut \u00e9crite en 1019 \u00e0 Saint Pol de L\u00e9on par un pr\u00eatre du nom de Guillaume qui \u00e9tait chapelain ou aum\u00f4nier d&rsquo;Eudon, \u00e9v\u00eaque du L\u00e9on. Mais d\u00e9j\u00e0 en 884, il \u00e9tait cit\u00e9 dans une vie de saint Pol sous le nom de Woednovius ou To-Woedicus. On ignore s&rsquo;il fut \u00e9v\u00eaque du L\u00e9on. La vie de saint Herv\u00e9 en 897 ne note Goesnovius que comme saint abb\u00e9.On voit donc que bien des doutes subsistent sur l&rsquo;identit\u00e9 exacte et les fonctions de saint Gouesnou, faute de documents probants. Des d\u00e9tails de sa vie ont \u00e9t\u00e9 fournis par Albert le Grand qui le situe dans la premi\u00e8re moiti\u00e9 du 6\u00b0 si\u00e8cle.<br \/>\nSelon sa biographie \u00e9crite donc en 1019 et repris ult\u00e9rieurement par Albert le Grand et le p\u00e8re Lobineau, Gouesnou est n\u00e9 en Grande Bretagne. Il aurait perdu sa m\u00e8re alors qu&rsquo;il \u00e9tait tout jeune. A 18 ans, il assiste \u00e0 l&rsquo;invasion de son pays par les anglo-saxons. Son p\u00e8re Tugdon, son fr\u00e8re Majan, sa s\u0153ur Tugdona et lui-m\u00eame quittent alors la Grande Bretagne et se r\u00e9fugient en Armorique, comme beaucoup de leurs compatriotes.<br \/>\nLa toponymie atteste bien du passage et du s\u00e9jour de Gouesnou et de sa famille dans notre r\u00e9gion.<br \/>\nLa famille d\u00e9barque pr\u00e8s de Landeda o\u00f9 la chapelle Broennou rappelle leur passage et elle s&rsquo;installe aux environs de Lannilis o\u00f9 l&rsquo;on rencontre un Loc-Tudon, avant de reprendre la route vers le sud. Elle s\u00e9journe entre Brest et Guipavas, o\u00f9 un carrefour s&rsquo;appelle encore Coataudon et o\u00f9 une chapelle porte le nom de Saint Tudon.<br \/>\nTugdon et ses enfants d\u00e9cident alors de distribuer tous leurs biens aux pauvres et de consacrer leur vie \u00e0 Dieu.<br \/>\nTugdona est plac\u00e9e dans un couvent de loc-Ronan-ar-Fanq( pr\u00e8s de Saint-Renan). Son p\u00e8re se retire dans la for\u00eat de Guipavas avant de rejoindre Plou Abennoc ( Plabennec) et plus tard dans la paroisse de Lan-Belluoc, devenue plus tard Lambezellec.<br \/>\nMajan quant \u00e0 lui part vers l&rsquo;Ouest et s&rsquo;installe \u00e0 Plouguin dans un lieu appel\u00e9 depuis Loc-Majan, pr\u00e8s du ch\u00e2teau de Tr\u00e9mazan.<br \/>\nPour sa part Gouesnou se retire dans une autre retraite qui prend le nom de Lan Goueznou. Il \u00e9difie un petit ermitage et \u00a0\u00bb vaque \u00e0 pri\u00e8res, jeunes et oraisons\u00a0\u00bb.<br \/>\nSelon la l\u00e9gende, le seigneur des lieux, nomm\u00e9 Comorre, chassant un jour sur ses terres, d\u00e9couvre l&rsquo;ermitage et curieux de conna\u00eetre son occupant, frappe \u00e0 la porte. Il prend le saint en affection et d\u00e9cide de lui offrir, pour b\u00e2tir un monast\u00e8re, autant de terre qu&rsquo;il pourrait entourer d&rsquo;un foss\u00e9 en un jour. Gouesnou accepte le don. Il prend une houe et la tra\u00eenant \u00e0 terre, il marche \u00ab\u00a0environ 2 lieues de Bretagne\u00a0\u00bb, formant un carr\u00e9 de 800 m\u00e8tres de c\u00f4t\u00e9. Au fur et \u00e0 mesure de sa marche, la terre se soul\u00e8ve de part et d&rsquo;autre de sa houe, formant ainsi un foss\u00e9. Le Minihy, c&rsquo;est le chemin que parcourt chaque ann\u00e9e la procession du jeudi de l&rsquo;Ascension.<br \/>\nLe comte Comorre, t\u00e9moin du miracle, fait b\u00e2tir \u00e0 ses frais un monast\u00e8re sur des plans \u00e9tablis par Majan que son fr\u00e8re Gouesnou avait appel\u00e9. Une source d&rsquo;eau vive, d\u00e9couverte par le saint, fournit aux ouvriers et plus tard \u00e0 la communaut\u00e9 toute l&rsquo;eau n\u00e9cessaire. Cette fontaine miraculeuse est \u00e0 quelques dix m\u00e8tres du portail ouest de l&rsquo;\u00e9glise de Gouesnou.<br \/>\nLe monast\u00e8re achev\u00e9 en 642 fut consacr\u00e9 par saint Houardon, \u00e9v\u00eaque du L\u00e9on. Trois ans plus tard, le m\u00eame \u00e9v\u00eaque appela saint Gouesnou \u00e0 St P\u00f4l de L\u00e9on et voulut l&rsquo;attacher \u00e0 sa personne. Mais le saint obtient rapidement l&rsquo;autorisation de retourner dans son cher ermitage.<br \/>\nLa l\u00e9gende raconte aussi que le saint, tr\u00e8s misogyne, refusait aux femmes l&rsquo;entr\u00e9e du monast\u00e8re, exception faite pour l&rsquo;\u00e9glise. Une grande pierre marquait la limite qu&rsquo;elles ne pouvaient franchir sous peine de tomber mortes.<\/p>\n<p>Pendant la construction de son monast\u00e8re, Gouesnou allait fr\u00e9quemment qu\u00e9mander de la nourriture dans les villages voisins. Un jour, il demanda \u00e0 une femme un peu de fromage mais elle pr\u00e9tendit qu&rsquo;elle n&rsquo;en avait point. Le saint lui r\u00e9pondit: \u00ab\u00a0Tu mens mais tu dis la v\u00e9rit\u00e9 sans le savoir. Tu crois avoir le fromage que tu m&rsquo;a refus\u00e9, mais tu n&rsquo;en as point!\u00a0\u00bb Apr\u00e8s le d\u00e9part de Gouesnou, la femme alla ouvrir son placard et trouva tous ses fromages transform\u00e9s en gros cailloux !<br \/>\nSelon Albert le Grand, saint Houardon, pressentant sa mort, pria Gouesnou de venir l&rsquo;assister dans ses derniers jours. Puis il demanda \u00e0 ses chanoines de l&rsquo;\u00e9lire comme \u00e9v\u00eaque, ce qui aurait \u00e9t\u00e9 fait en 650. Gouesnou aurait dirig\u00e9 le dioc\u00e8se pendant 24 ans.<br \/>\nEn 675, alors qu&rsquo;en compagnie de son fr\u00e8re Majan, il visitait un monast\u00e8re en construction \u00e0 Kemperl\u00e9, il vint \u00e0 parler du monast\u00e8re b\u00e2ti pour lui \u00e0 Gouesnou et \u00e0 louer son architecture. Le ma\u00eetre architecte de Kemperl\u00e9, ulc\u00e9r\u00e9 de ces \u00e9loges, en con\u00e7ut une violente haine contre l&rsquo;\u00e9v\u00eaque. Etant mont\u00e9 sur un \u00e9chafaudage dress\u00e9 pour permettre le lambrissage de l&rsquo;\u00e9glise, il laissa tomber( comme par m\u00e9garde) son marteau sur t\u00eate du pr\u00e9lat. Ce dernier mourut quelques heures plus tard, le 5 octobre 675, non sans avoir d\u00e9fendu de punir le responsable de sa mort.<br \/>\nUne autre l\u00e9gende \u00e9voque des miracles accomplis par le Saint apr\u00e8s sa mort: saint Majan vient r\u00e9clamer les reliques de son fr\u00e8re qui ont \u00e9t\u00e9 m\u00e9lang\u00e9es \u00e0 dessein avec de nombreux autres ossements. Apr\u00e8s avoir pri\u00e9 toute la nuit, Majan d\u00e9ploie une pi\u00e8ce de drap devant les ossements: ceux de saint Gouesnou, y compris son crane d\u00e9fonc\u00e9 par le marteau, viennent s&rsquo;y rassembler !<br \/>\nUne partie de reliques fut d\u00e9pos\u00e9e dans la cath\u00e9drale de st Pol de L\u00e9on, l&rsquo;autre dans l&rsquo;\u00e9glise de Gouesnou.<\/p>\n<p>Dans la liste des \u00e9v\u00eaque de L\u00e9on, Gouesnou occupe la 8i\u00e9me place mais l&rsquo;authenticit\u00e9 de cette liste est mise en cause et rien ne prouve que le saint ait succ\u00e9d\u00e9 \u00e0 St Houardon ou m\u00eame qu&rsquo;il ait \u00e9t\u00e9 \u00e9v\u00eaque.<br \/>\nL&rsquo;\u00e9glise de Gouesnou est d\u00e9di\u00e9e au saint r\u00e9put\u00e9 pour gu\u00e9rir les rhumatismes. De style renaissance, elle s&rsquo;entoure d&rsquo;un cimeti\u00e8re en enclos, d&rsquo;un bel arc de triomphe et dans le parc en contrebas d&rsquo;une fontaine semblable \u00e0 celle du Naount. Dans l&rsquo;\u00e9glise, un petit os provenant dit-on d&rsquo;un doigt de saint Gouesnou est encore conserv\u00e9 dans un \u00e9tui d&rsquo;argent.<br \/>\nSaint Gouesnou est f\u00eat\u00e9 g\u00e9n\u00e9ralement le 25 octobre.<\/p>\n<p>Texte de <b>No\u00ebl L&rsquo;Hour<\/b><\/p>\n","protected":false},"excerpt":{"rendered":"<p>&nbsp; SAINT GOUESNOU &#8211; SANT GOUENOU Ev\u00eaque ou Abb\u00e9 &nbsp; &nbsp; La foi n&rsquo;a aucune valeur sans les \u0153uvres. Quand nous para\u00eetrons devant notre Juge, il ne nous suffira pas [&hellip;]<\/p>\n","protected":false},"author":4,"featured_media":1867,"parent":0,"menu_order":0,"comment_status":"closed","ping_status":"open","template":"","meta":{"ngg_post_thumbnail":0,"_EventAllDay":false,"_EventTimezone":"","_EventStartDate":"","_EventEndDate":"","_EventStartDateUTC":"","_EventEndDateUTC":"","_EventShowMap":false,"_EventShowMapLink":false,"_EventURL":"","_EventCost":"","_EventCostDescription":"","_EventCurrencySymbol":"","_EventCurrencyCode":"","_EventCurrencyPosition":"","_EventDateTimeSeparator":"","_EventTimeRangeSeparator":"","_EventOrganizerID":[],"_EventVenueID":[],"_OrganizerEmail":"","_OrganizerPhone":"","_OrganizerWebsite":"","_VenueAddress":"","_VenueCity":"","_VenueCountry":"","_VenueProvince":"","_VenueState":"","_VenueZip":"","_VenuePhone":"","_VenueURL":"","_VenueStateProvince":"","_VenueLat":"","_VenueLng":"","_VenueShowMap":false,"_VenueShowMapLink":false,"footnotes":""},"categories":[44],"tags":[],"class_list":["post-397","page","type-page","status-publish","has-post-thumbnail","hentry","category-les-petits-saints"],"_links":{"self":[{"href":"https:\/\/appriou.bzh\/index.php\/wp-json\/wp\/v2\/pages\/397","targetHints":{"allow":["GET"]}}],"collection":[{"href":"https:\/\/appriou.bzh\/index.php\/wp-json\/wp\/v2\/pages"}],"about":[{"href":"https:\/\/appriou.bzh\/index.php\/wp-json\/wp\/v2\/types\/page"}],"author":[{"embeddable":true,"href":"https:\/\/appriou.bzh\/index.php\/wp-json\/wp\/v2\/users\/4"}],"replies":[{"embeddable":true,"href":"https:\/\/appriou.bzh\/index.php\/wp-json\/wp\/v2\/comments?post=397"}],"version-history":[{"count":0,"href":"https:\/\/appriou.bzh\/index.php\/wp-json\/wp\/v2\/pages\/397\/revisions"}],"wp:featuredmedia":[{"embeddable":true,"href":"https:\/\/appriou.bzh\/index.php\/wp-json\/wp\/v2\/media\/1867"}],"wp:attachment":[{"href":"https:\/\/appriou.bzh\/index.php\/wp-json\/wp\/v2\/media?parent=397"}],"wp:term":[{"taxonomy":"category","embeddable":true,"href":"https:\/\/appriou.bzh\/index.php\/wp-json\/wp\/v2\/categories?post=397"},{"taxonomy":"post_tag","embeddable":true,"href":"https:\/\/appriou.bzh\/index.php\/wp-json\/wp\/v2\/tags?post=397"}],"curies":[{"name":"wp","href":"https:\/\/api.w.org\/{rel}","templated":true}]}}