{"id":398,"date":"2011-09-22T11:28:29","date_gmt":"2011-09-22T09:28:29","guid":{"rendered":"https:\/\/plouguerneau.net\/saint-claude\/"},"modified":"2025-01-27T10:05:13","modified_gmt":"2025-01-27T09:05:13","slug":"saint-claude","status":"publish","type":"page","link":"https:\/\/appriou.bzh\/index.php\/saint-claude\/","title":{"rendered":"Saint Claude"},"content":{"rendered":"<div align=\"center\"><span style=\"font-size: medium;\"><span style=\"color: blue;\"><b>SAINT CLAUDE (ST-GLAODA)<br \/>\n<\/b><\/span><\/span><\/div>\n<p>&nbsp;<\/p>\n<table>\n<tbody>\n<tr>\n<td width=\"70%\">&nbsp;<\/p>\n<div align=\"justify\">Le culte des Saints est fait d&rsquo;amour,<br \/>\nd&rsquo;admiration et aussi de gratitude.<br \/>\nLa tradition et la pi\u00e9t\u00e9 nous ont l\u00e9gu\u00e9<br \/>\nquelques dizaines de saints intercesseurs.<br \/>\nPuisse l&rsquo;antique pri\u00e8re des p\u00e8lerins de<br \/>\nSt-Claude jaillir de nos c\u0153urs: \u00ab\u00a0Pr\u00e9servez<br \/>\nnous du mensonge et de l&rsquo;erreur. Que nos<br \/>\nc\u0153urs soient purs dans cette vie, pour<br \/>\nservir de temple au Seigneur !\u00a0\u00bbDans la collection des Petits Saints de Plouguerneau figure une statuette de St-Claude qui est rev\u00eatu de l&rsquo;habit \u00e9piscopal mais auquel manque sa crosse. Une statue du saint se trouve \u00e9galement dans la chapelle de K\u00e9roudern, o\u00f9 elle voisine avec celles de St-Jean et de Ste-Marguerite. Cette chapelle construite vers 1581 existait du temps de Dom Michel Le Nobletz. Ce dernier est n\u00e9 \u00e0 K\u00e9roudern et son fr\u00e8re a\u00een\u00e9, seigneur des lieux, se pr\u00e9nommait Claude.<\/p>\n<\/div>\n<\/td>\n<td>\n<div align=\"center\"><img decoding=\"async\" title=\"Saint Claude\" src=\"https:\/\/appriou.bzh\/wp-content\/uploads\/2010\/10\/petitssaints_stclaude.jpg\" \/><\/div>\n<\/td>\n<\/tr>\n<\/tbody>\n<\/table>\n<p>Saint Claude est n\u00e9 \u00e0 Salins, dans le Jura, \u00e0 l&rsquo;\u00e9poque du bon roi Dagobert. La date de sa naissance varie selon les auteurs mais se situe vraisemblablement aux environs de l&rsquo;an 600. Les parents de Claude habitaient l&rsquo;un des six ch\u00e2teaux forts qui gardaient la ville de Salins. Son p\u00e8re \u00e9tait gouverneur des provinces de Scodingue et de Fransjurane. C&rsquo;\u00e9tait un homme d&rsquo;origine romaine, patient, lettr\u00e9 et loyal qui n&rsquo;avait, dit-on, qu&rsquo;un seul d\u00e9faut, celui d&rsquo;\u00eatre charg\u00e9 d&#8217;embonpoint. Comme son \u00e9pouse, il \u00e9tait bon chr\u00e9tien et tous deux transmirent leur foi \u00e0 leur fils. Ce dernier allait prier \u00e0 l&rsquo;oratoire chaque fois qu&rsquo;il le pouvait et il v\u00e9n\u00e9rait particuli\u00e8rement le grand ap\u00f4tre St-Andr\u00e9, St-Symphorien, martyr d&rsquo;Autun, et Ste Clotilde qui avait persuad\u00e9 Clovis de se convertir au christianisme.<\/p>\n<p>Tr\u00e8s jeune, Claude fut envoy\u00e9 dans un monast\u00e8re pour poursuivre sa formation, \u00e9tudiant en latin les textes de la Bible, ceux des anciens docteurs de l&rsquo;Eglise et de certains \u00e9crivains profanes. Sa foi fut fortifi\u00e9e par l&rsquo;exemple de la vie pieuse, charitable et mortifi\u00e9e des moines. Aussi, \u00e0 l&rsquo;approche de ses 20 ans, il d\u00e9sira devenir pr\u00eatre et il partit pour Besan\u00e7on, si\u00e8ge de l&rsquo;archev\u00each\u00e9. La cath\u00e9drale de la ville \u00e9tait d\u00e9di\u00e9e \u00e0 St Etienne, premier martyr, et le clerg\u00e9 assez nombreux \u00e9tait dirig\u00e9 par l&rsquo;\u00e9v\u00eaque Donat, premier enfant du duc de Bourgogne.<\/p>\n<p>Tr\u00e8s vite, Claude se fit remarquer par sa pi\u00e9t\u00e9 et sa modestie et il fut \u00e9lu rapidement chanoine de la cath\u00e9drale. En l&rsquo;an 626, l&rsquo;\u00e9v\u00eaque St -Gervais, qui avait succ\u00e9d\u00e9 \u00e0 Mgr Donat, mourut. Selon la coutume, les chr\u00e9tiens de Besan\u00e7on, clerg\u00e9 et fid\u00e8les, se r\u00e9unirent pour \u00e9lire un nouvel \u00e9v\u00eaque. Mais ils n&rsquo;arrivaient \u00e0 s&rsquo;entendre et les discussions se poursuivaient dans le brouhaha et le tumulte quand soudain, dit-on, ils entendirent une voix c\u00e9leste \u00ab\u00a0C&rsquo;est Claude qui doit \u00eatre votre \u00e9v\u00eaque !\u00a0\u00bb. Ils s&rsquo;inclin\u00e8rent tous devant la volont\u00e9 divine.<\/p>\n<p>En ces temps l\u00e0, les devoirs et obligations des \u00e9v\u00eaques \u00e9taient tr\u00e8s lourds : ils s&rsquo;occupaient bien s\u00fbr du clerg\u00e9 et des fid\u00e8les mais ils jouaient aussi un r\u00f4le social consid\u00e9rable, car ils prenaient en charge les pauvres, les malades, les veuves et les orphelins de leur dioc\u00e8se. Claude s&rsquo;attacha courageusement \u00e0 sa nouvelle fonction, visitant sans cesse son dioc\u00e8se, s&rsquo;occupant personnellement des n\u00e9cessiteux, pr\u00eachant la paix et la r\u00e9conciliation dans les villes et les villages.<\/p>\n<p>Il exer\u00e7a ses fonctions avec pi\u00e9t\u00e9 pendant 7 ans. Un jour il comprit que sa mission \u00e9tait termin\u00e9e et il renon\u00e7a \u00e0 sa charge pour consacrer d\u00e9sormais tout son temps \u00e0 la pri\u00e8re et \u00e0 la p\u00e9nitence. Il se retira dans le monast\u00e8re de Condat, dans le Jura, monast\u00e8re devenu le si\u00e8ge d&rsquo;une \u00e9cole monastique c\u00e9l\u00e8bre dans toute la Gaule.<\/p>\n<p>Il demeura \u00e0 Condat jusqu&rsquo;\u00e0 son dernier jour. Nomm\u00e9 Abb\u00e9 vers 638, il forma de nombreux disciples mais s&rsquo;attacha principalement \u00e0 secourir les mis\u00e8res des gens d&rsquo;alentour. Il mourut, raconte un livre ancien, \u00e0 pr\u00e8s de 90 ans et son corps fut d\u00e9pos\u00e9 dans l&rsquo;\u00e9glise de St Oyend . Plusieurs ann\u00e9es apr\u00e8s, il fut retrouv\u00e9 intact et sans aucun signe de corruption. La d\u00e9votion envers le Saint devint de plus en plus forte et, de tous c\u00f4t\u00e9s, p\u00e8lerins et malades accoururent pour lui t\u00e9moigner leur confiance, souvent r\u00e9compens\u00e9e par des miracles. Une ville s&rsquo;\u00e9leva bient\u00f4t autour du monast\u00e8re, \u00e0 laquelle on donna le nom du Saint.<\/p>\n<p>Ses reliques circul\u00e8rent dans les r\u00e9gions environnantes et \u00e0 leur passage se multipli\u00e8rent les conversions et les gu\u00e9risons. Tr\u00e8s vite la r\u00e9putation du Saint s&rsquo;\u00e9tendit \u00e0 toute la France. Le roi lui-m\u00eame, Louis XI, gu\u00e9ri \u00e0 la suite d&rsquo;un v\u0153u, visita le monast\u00e8re, de m\u00eame qu&rsquo;Anne de Bretagne. Elle fit le p\u00e8lerinage pour obtenir de Dieu la naissance d&rsquo;un enfant qu&rsquo;elle promit de pr\u00e9nommer Claude.<\/p>\n<p>Vers 1760, le corps du Saint fut transport\u00e9 dans la cath\u00e9drale de la ville et, \u00e0 cette occasion, il fut examin\u00e9 par plusieurs m\u00e9decins et chirurgiens, en pr\u00e9sence de l&rsquo;\u00e9v\u00eaque. Ils constat\u00e8rent l&rsquo;incorruptibilit\u00e9 du corps et conclurent \u00e0 une intervention surnaturelle et miraculeuse.<br \/>\nMalheureusement, pendant la R\u00e9volution, vers 1794, des fanatiques enlev\u00e8rent le corps de sa ch\u00e2sse pour le br\u00fbler. Quelques reliques furent sauv\u00e9es par un cordonnier, Fran\u00e7ois Jacquet, et sont encore v\u00e9n\u00e9r\u00e9es dans la cath\u00e9drale de St-Claude.<\/p>\n<p>Puissions nous toujours, \u00e0 l&rsquo;exemple de Saint Claude, pratiquer la charit\u00e9 dans l&rsquo;humilit\u00e9.<\/p>\n<p>Texte de <b>No\u00ebl L&rsquo;Hour<\/b><\/p>\n","protected":false},"excerpt":{"rendered":"<p>SAINT CLAUDE (ST-GLAODA) &nbsp; &nbsp; Le culte des Saints est fait d&rsquo;amour, d&rsquo;admiration et aussi de gratitude. La tradition et la pi\u00e9t\u00e9 nous ont l\u00e9gu\u00e9 quelques dizaines de saints intercesseurs. [&hellip;]<\/p>\n","protected":false},"author":4,"featured_media":169,"parent":0,"menu_order":0,"comment_status":"closed","ping_status":"open","template":"","meta":{"ngg_post_thumbnail":0,"_EventAllDay":false,"_EventTimezone":"","_EventStartDate":"","_EventEndDate":"","_EventStartDateUTC":"","_EventEndDateUTC":"","_EventShowMap":false,"_EventShowMapLink":false,"_EventURL":"","_EventCost":"","_EventCostDescription":"","_EventCurrencySymbol":"","_EventCurrencyCode":"","_EventCurrencyPosition":"","_EventDateTimeSeparator":"","_EventTimeRangeSeparator":"","_EventOrganizerID":[],"_EventVenueID":[],"_OrganizerEmail":"","_OrganizerPhone":"","_OrganizerWebsite":"","_VenueAddress":"","_VenueCity":"","_VenueCountry":"","_VenueProvince":"","_VenueState":"","_VenueZip":"","_VenuePhone":"","_VenueURL":"","_VenueStateProvince":"","_VenueLat":"","_VenueLng":"","_VenueShowMap":false,"_VenueShowMapLink":false,"footnotes":""},"categories":[44],"tags":[],"class_list":["post-398","page","type-page","status-publish","has-post-thumbnail","hentry","category-les-petits-saints"],"_links":{"self":[{"href":"https:\/\/appriou.bzh\/index.php\/wp-json\/wp\/v2\/pages\/398","targetHints":{"allow":["GET"]}}],"collection":[{"href":"https:\/\/appriou.bzh\/index.php\/wp-json\/wp\/v2\/pages"}],"about":[{"href":"https:\/\/appriou.bzh\/index.php\/wp-json\/wp\/v2\/types\/page"}],"author":[{"embeddable":true,"href":"https:\/\/appriou.bzh\/index.php\/wp-json\/wp\/v2\/users\/4"}],"replies":[{"embeddable":true,"href":"https:\/\/appriou.bzh\/index.php\/wp-json\/wp\/v2\/comments?post=398"}],"version-history":[{"count":0,"href":"https:\/\/appriou.bzh\/index.php\/wp-json\/wp\/v2\/pages\/398\/revisions"}],"wp:featuredmedia":[{"embeddable":true,"href":"https:\/\/appriou.bzh\/index.php\/wp-json\/wp\/v2\/media\/169"}],"wp:attachment":[{"href":"https:\/\/appriou.bzh\/index.php\/wp-json\/wp\/v2\/media?parent=398"}],"wp:term":[{"taxonomy":"category","embeddable":true,"href":"https:\/\/appriou.bzh\/index.php\/wp-json\/wp\/v2\/categories?post=398"},{"taxonomy":"post_tag","embeddable":true,"href":"https:\/\/appriou.bzh\/index.php\/wp-json\/wp\/v2\/tags?post=398"}],"curies":[{"name":"wp","href":"https:\/\/api.w.org\/{rel}","templated":true}]}}