{"id":399,"date":"2011-09-22T11:35:25","date_gmt":"2011-09-22T09:35:25","guid":{"rendered":"https:\/\/plouguerneau.net\/saint-eloi\/"},"modified":"2025-01-27T10:05:13","modified_gmt":"2025-01-27T09:05:13","slug":"saint-eloi","status":"publish","type":"page","link":"https:\/\/appriou.bzh\/index.php\/saint-eloi\/","title":{"rendered":"Saint Eloi"},"content":{"rendered":"<div align=\"center\"><span style=\"font-size: medium;\"><span style=\"color: blue;\"><b>SAINT ELOI ET SANT ALAR<\/p>\n<p>SANT ALAR &#8211; Protecteur des chevaux<br \/>\n<\/b><\/span><\/span><\/div>\n<p>&nbsp;<\/p>\n<table>\n<tbody>\n<tr>\n<td width=\"70%\">&nbsp;<\/p>\n<div align=\"justify\">Dans la collection des Petits Saints de Plouguerneau figure un beau Saint Eloi, ministre de deux rois de France, ma\u00eetre en orf\u00e8vrerie et consid\u00e9r\u00e9 comme le patron des orf\u00e8vres et de toutes les professions qui font usage d\u2019un marteau. Et pourtant, beaucoup de personnes chez nous confondent St Eloi et Sant Alar, protecteur des chevaux. Le breton a toujours \u00e9t\u00e9 proche de la nature et les animaux sont facilement m\u00eal\u00e9s \u00e0 l\u2019hagiographie de notre province. Le paysan breton a toujours cherch\u00e9 des protecteurs pour ses b\u00eates et il a charg\u00e9 Sant ALAR des chevaux. Qui dit chevaux dit mar\u00e9chal-ferrant, donc usage du marteau. C\u2019est sans doute le lien entre les deux saints. Il existe entre eux, dans l\u2019inconscient collectif la m\u00eame confusion qu\u2019entre l\u2019Archange St Michel et dom Michel Le Nobletz.<\/div>\n<\/td>\n<td>\n<div align=\"center\"><img decoding=\"async\" title=\"Saint Eloi\" src=\"https:\/\/appriou.bzh\/wp-content\/uploads\/2010\/10\/petitssaints_steloi.jpg\" \/><\/div>\n<\/td>\n<\/tr>\n<\/tbody>\n<\/table>\n<p>&nbsp;<\/p>\n<p>Sant ALAR est un saint inconnu qui n\u2019appara\u00eet nulle part ailleurs que dans la tradition populaire.De nombreuses chapelles lui sont d\u00e9di\u00e9es dans notre dioc\u00e8se (citons par exemple Plouarzel, Ploudaniel, Nizon, Plouigneau, Gou\u00e9zec). Il est f\u00eat\u00e9, dit le Propre de Quimper et L\u00e9on, au mois de juin et toujours \u00e0 l\u2019occasion des pardons de chevaux.<\/p>\n<p>Sant ALAR a probablement couvert de son nom des rites pa\u00efens qu\u2019il a christianis\u00e9s. Sa vie \u00e9tant oubli\u00e9e, c\u2019est peut-\u00eatre apr\u00e8s les invasions normandes, quand la Bretagne se tourne r\u00e9solument vers la France, qu\u2019il a d\u00fb c\u00e9der la place au grand St-Eloi.Seul son nom est rest\u00e9 rev\u00eatu des ornements de ce dernier.<\/p>\n<p>On conna\u00eet \u00e0 son sujet diverses l\u00e9gendes\u00a0: celle racont\u00e9e par Jacques Voragine rapporte qu\u2019\u00e9tant apprenti chez un mar\u00e9chal-ferrant, Alar se voit confier le soin de ferrer la patte d\u2019un cheval. Ne pouvant le faire en raison de l\u2019agitation de l\u2019animal, il d\u00e9cide de lui couper le pied pour placer plus facilement le fer. Grosse col\u00e8re de son ma\u00eetre\u00a0! Pour l\u2019apaiser, Alar remet tout simplement le pied \u00e0 sa place et le cheval repart de plus belle.<\/p>\n<div align=\"center\"><span style=\"font-size: medium;\"><span style=\"color: blue;\"><b><br \/>\nSAINT ELOI &#8211; Ministre, Ev\u00eaque et H\u00e9ros de chansons populaires<br \/>\n<\/b><\/span><\/span><\/div>\n<p>Popularis\u00e9 par la chanson, le bon Saint-ELOI n\u2019est pas un personnage de l\u00e9gende mais l\u2019une des personnalit\u00e9s les plus marquantes et les plus connues de son \u00e9poque. Une charte et des monnaies conserv\u00e9es jusqu&rsquo;\u00e0 nos jours sont sign\u00e9es de lui.<\/p>\n<p>Il est n\u00e9 vers 588 dans le petit village de Chatelac, aux environs de Limoges, dans une vieille famille gallo-romaine. Tout jeune, il est envoy\u00e9 par son p\u00e8re en apprentissage \u00e0 la Monnaie de Limoges dirig\u00e9e par le ma\u00eetre orf\u00e8vre ABBON. Il fait en peu de temps de rapides progr\u00e8s et ses premi\u00e8res \u0153uvres r\u00e9v\u00e8lent un talent pr\u00e9coce.<\/p>\n<p>Quelques ann\u00e9es plus tard, sa r\u00e9putation s\u2019est \u00e9tendue \u00e0 une grande partie du royaume et le roi Clotaire II le fait mander \u00e0 Paris et il le nomme adjoint du Tr\u00e9sorier royal. Excellent artisan, ELOI est aussi scrupuleusement honn\u00eate\u00a0: ayant re\u00e7u, pour faire un tr\u00f4ne au roi, une trop grande quantit\u00e9 d\u2019or, il en fabrique un deuxi\u00e8me au lieu de garder pour lui l\u2019or restant. Le roi le prend alors \u00e0 son service comme argentier du royaume. Il devient l\u2019un des principaux conseillers de Clotaire, qui meurt en 620, puis de son successeur DAGOBERT, d\u00e9c\u00e9d\u00e9 \u00e0 son tour en 639. Ces deux rois surent s\u2019entourer d\u2019hommes de valeur, St-Didier, futur \u00e9v\u00eaque de Cahors, St-Ouen, futur \u00e9v\u00eaque de Rouen.<\/p>\n<p>ELOI m\u00e8ne \u00e0 bien des missions diplomatiques, consolidant par exemple la paix entre JUDICAEL, roi de Bretagne et DAGOBERT. Mon\u00e9taire remarquable, il frappe des monnaies de qualit\u00e9 et tente de mettre fin \u00e0 l\u2019anarchie qui r\u00e8gne alors dans ce domaine. Mais ses contemporains l\u2019admirent surtout pour ses travaux d\u2019orf\u00e8vrerie\u00a0: il a orn\u00e9 de nombreux tombeaux dont celui de St Martin.<\/p>\n<p>Eloi vit simplement, porte un calice, fait beaucoup d\u2019aum\u00f4nes, rach\u00e8te beaucoup de prisonniers vendus en Gaule par les arm\u00e9es fran\u00e7aises. Il \u00e9rige un monast\u00e8re d\u2019hommes sur son domaine de Solignac qui lui a \u00e9t\u00e9 c\u00e9d\u00e9 par le roi et fonde \u00e0 Paris un couvent de moniales. On lui attribue d\u00e9j\u00e0 des miracles et des gu\u00e9risons. A la mort du roi Dagobert, il quitte la cour et re\u00e7oit le sacerdoce en 639.<\/p>\n<p>Sacr\u00e9 \u00e9v\u00eaque de Noyon, il sait s\u2019adresser aux fid\u00e8les en termes simples et directs. Il fonde des h\u00f4pitaux, b\u00e2tit des monast\u00e8res et s\u2019attache avec courage et pers\u00e9v\u00e9rance \u00e0 la conversion des pa\u00efens encore nombreux dans son vaste dioc\u00e8se dont font partie les r\u00e9gions de Lille, de Gand et de Courtrai (en Belgique). Il se d\u00e9sole par ailleurs de voir le d\u00e9sordre s\u2019installer dans le royaume apr\u00e8s la mort du roi Dagobert. Energique, entreprenant, il exige beaucoup de tous et m\u00eame des saints\u00a0: lors d\u2019un incendie \u00e0 Paris, il demande \u00e0 St Martin de prot\u00e9ger l\u2019\u00e9glise qui lui est d\u00e9di\u00e9e et il ajoute\u00a0: \u00ab\u00a0Si tu la laisses br\u00fbler, je ne la reconstruirai pas\u00a0\u00bb. L\u2019\u00e9glise restera intacte.<\/p>\n<p>St Eloi meurt vers 660, dans la joie dit-on, en pensant \u00e0 la vie \u00e9ternelle qui l\u2019attend. La reine Mathilde, ses fils et une foule immense accourent \u00e0 ses obs\u00e8ques. La reine d\u00e9cide de transporter son corps \u00e0 son abbaye de Chelles mais le cercueil devient si lourd qu\u2019on ne peut le bouger.Le corps du saint, exhum\u00e9 un an plus tard, est retrouv\u00e9 intact.<\/p>\n<p>D\u00e9s sa mort, St ELOI dont la vie a \u00e9t\u00e9 d\u00e9crite par St Ouen, son ami, archev\u00eaque de Rouen, a \u00e9t\u00e9 honor\u00e9 d\u2019un culte particulier tant \u00e0 Paris que dans le nord de la France et en Belgique, puis ensuite dans d\u2019autres provinces.<\/p>\n<p>Il est le saint patron des orf\u00e8vres et de tous les ouvriers qui font usage du marteau (horlogers, serruriers, chaudronniers, etc&#8230;).<\/p>\n<p>St Eloi est enterr\u00e9 dans l\u2019\u00e9glise St Leu de Noyon. Sa statuette parmi les petits saints de Plouguerneau le repr\u00e9sente rev\u00eatu de l&rsquo;habit \u00e9piscopal et tenant un marteau de la main droite.<\/p>\n<p>Texte de <b>No\u00ebl L&rsquo;Hour<\/b><\/p>\n","protected":false},"excerpt":{"rendered":"<p>SAINT ELOI ET SANT ALAR SANT ALAR &#8211; Protecteur des chevaux &nbsp; &nbsp; Dans la collection des Petits Saints de Plouguerneau figure un beau Saint Eloi, ministre de deux rois [&hellip;]<\/p>\n","protected":false},"author":4,"featured_media":198,"parent":0,"menu_order":0,"comment_status":"closed","ping_status":"open","template":"","meta":{"ngg_post_thumbnail":0,"_EventAllDay":false,"_EventTimezone":"","_EventStartDate":"","_EventEndDate":"","_EventStartDateUTC":"","_EventEndDateUTC":"","_EventShowMap":false,"_EventShowMapLink":false,"_EventURL":"","_EventCost":"","_EventCostDescription":"","_EventCurrencySymbol":"","_EventCurrencyCode":"","_EventCurrencyPosition":"","_EventDateTimeSeparator":"","_EventTimeRangeSeparator":"","_EventOrganizerID":[],"_EventVenueID":[],"_OrganizerEmail":"","_OrganizerPhone":"","_OrganizerWebsite":"","_VenueAddress":"","_VenueCity":"","_VenueCountry":"","_VenueProvince":"","_VenueState":"","_VenueZip":"","_VenuePhone":"","_VenueURL":"","_VenueStateProvince":"","_VenueLat":"","_VenueLng":"","_VenueShowMap":false,"_VenueShowMapLink":false,"footnotes":""},"categories":[44],"tags":[],"class_list":["post-399","page","type-page","status-publish","has-post-thumbnail","hentry","category-les-petits-saints"],"_links":{"self":[{"href":"https:\/\/appriou.bzh\/index.php\/wp-json\/wp\/v2\/pages\/399","targetHints":{"allow":["GET"]}}],"collection":[{"href":"https:\/\/appriou.bzh\/index.php\/wp-json\/wp\/v2\/pages"}],"about":[{"href":"https:\/\/appriou.bzh\/index.php\/wp-json\/wp\/v2\/types\/page"}],"author":[{"embeddable":true,"href":"https:\/\/appriou.bzh\/index.php\/wp-json\/wp\/v2\/users\/4"}],"replies":[{"embeddable":true,"href":"https:\/\/appriou.bzh\/index.php\/wp-json\/wp\/v2\/comments?post=399"}],"version-history":[{"count":0,"href":"https:\/\/appriou.bzh\/index.php\/wp-json\/wp\/v2\/pages\/399\/revisions"}],"wp:featuredmedia":[{"embeddable":true,"href":"https:\/\/appriou.bzh\/index.php\/wp-json\/wp\/v2\/media\/198"}],"wp:attachment":[{"href":"https:\/\/appriou.bzh\/index.php\/wp-json\/wp\/v2\/media?parent=399"}],"wp:term":[{"taxonomy":"category","embeddable":true,"href":"https:\/\/appriou.bzh\/index.php\/wp-json\/wp\/v2\/categories?post=399"},{"taxonomy":"post_tag","embeddable":true,"href":"https:\/\/appriou.bzh\/index.php\/wp-json\/wp\/v2\/tags?post=399"}],"curies":[{"name":"wp","href":"https:\/\/api.w.org\/{rel}","templated":true}]}}