{"id":4,"date":"2010-10-29T07:55:30","date_gmt":"2010-10-29T05:55:30","guid":{"rendered":"https:\/\/plouguerneau.net\/phares-de-lile-vierge\/"},"modified":"2010-10-29T07:55:30","modified_gmt":"2010-10-29T05:55:30","slug":"phares-de-lile-vierge","status":"publish","type":"page","link":"https:\/\/appriou.bzh\/index.php\/phares-de-lile-vierge\/","title":{"rendered":"Phares de l&rsquo;\u00eele Vierge"},"content":{"rendered":"<div align=justify><i><font color=#ff0000>En cours de r\u00e9daction<\/i><\/font><br \/>\nD&rsquo;o\u00f9 vient le nom de l&rsquo;\u00eele Vierge ? Diff\u00e9rentes pistes s&rsquo;offrent \u00e0 la r\u00e9flexion. Le nom vient-il de la difficult\u00e9 \u00e0 p\u00e9renniser des plantations viables sur cette \u00eele balay\u00e9e par les vents ? De la chapelle qui fut \u00e9difi\u00e9e sur l&rsquo;\u00eele et d\u00e9di\u00e9e \u00e0 la Vierge ? Ou bien, ce nom est-il en rapport avec un monast\u00e8re franciscain qui fut \u00e9rig\u00e9 en 1440 ?<br \/>\nLa r\u00e9ponse \u00e0 cette question n&rsquo;a pas vraiment grande importance. Le libre choix de pr\u00e9f\u00e9rer une hypoth\u00e8se \u00e0 l&rsquo;autre, peut permettre au r\u00eaveur de s&rsquo;imaginer en Robinson Cruso\u00e9 lors de son arriv\u00e9 sur une \u00eele quasi d\u00e9serte ou encore en moine vivant dans le plus parfait d\u00e9nuement dans cet endroit aux accents aust\u00e8res. <\/p>\n<p>L&rsquo;\u00eele Vierge a bien eu une existence avant l&rsquo;\u00e9rection de son premier phare en 1845. Elle a vu passer l&rsquo;homme. Celui-ci ne s&rsquo;y est jamais attard\u00e9. Le monast\u00e8re des moines franciscains a eu une existence \u00e9ph\u00e9m\u00e8re au regard du temps qui passe. La vie trop difficile, m\u00eame pour un moine qui fait voeux de pauvret\u00e9 et de solitude, a amen\u00e9 les autorit\u00e9s cl\u00e9ricales \u00e0 fermer le monast\u00e8re, tout en construisant l&rsquo;abbaye Notre Dame des Anges \u00e0 l&rsquo;Aber Wrac&rsquo;h. Les membres de l&rsquo;ordre vou\u00e9 \u00e0 Saint Fran\u00e7ois d&rsquo;Assise tiendront soixantes ans sur cette petite \u00eele de sept hectares.  <\/p>\n<p>L&rsquo;homme reviendra de fa\u00e7on sporadique sur cet esquif. Au XVIIe si\u00e8cle c&rsquo;est une batterie militaire qui est mise en place au sud-est de de l&rsquo;\u00eele. Celle-ci appartient au syst\u00e8me d\u00e9fensif des c\u00f4tes commandit\u00e9 par Vauban. <\/p>\n<p>Le 15 septembre 1792, l&rsquo;assembl\u00e9e l\u00e9gislative vote une loi relative aux phares, amers, tonnes et balises. Cette loi fait suite \u00e0 la naissance, en 1791, d&rsquo;un service de signalisation maritime nationale. En effet, jusqu&rsquo;\u00e0 cette date les feux bordant les c\u00f4tes fran\u00e7aises sont g\u00e9r\u00e9s par divers organismes priv\u00e9s ou public. L&rsquo;article premier de cette loi charge le minist\u00e8re de la Marine de la surveillance des phares, amers, tonnes et balises. Il faut tout de m\u00eame attendre le d\u00e9cret du 7 mars 1806 qui marque la v\u00e9ritable naissance du service public des Phares et Balises. Celui-ci est rattach\u00e9 au minist\u00e8re de l&rsquo;Int\u00e9rieur sous la direction des Ponts et Chauss\u00e9es. Le premier responsable en sera un certain Augustin Fresnel (1788-1827), inventeur du syst\u00e8me lenticulaire qui le rendra c\u00e9l\u00e8bre.<\/p>\n<div align=center>\n\t<object classid=\"clsid:d27cdb6e-ae6d-11cf-96b8-444553540000\" codebase=\"http:\/\/fpdownload.macromedia.com\/pub\/shockwave\/cabs\/flash\/swflash.cab#version=6,0,0,0\" width=\"500\" height=\"333\" id=\"tech\" align=\"middle\"><param name=\"allowScriptAccess\" value=\"sameDomain\" \/><param name=\"movie\" value=\"http:\/\/www.plouguerneau.net\/IMG\/phares\/ilevierge\/piv.swf\" \/><param name=\"quality\" value=\"high\" \/><embed src=\"http:\/\/www.plouguerneau.net\/IMG\/phares\/ilevierge\/piv.swf\" quality=\"high\" width=\"500\" height=\"333\" name=\"tech\" align=\"middle\" allowScriptAccess=\"sameDomain\" type=\"application\/x-shockwave-flash\" pluginspage=\"http:\/\/www.macromedia.com\/go\/getflashplayer\" \/><\/object>\n<\/div>\n<p>\nA compter de cette p\u00e9riode, les rapports administratifs se suivent et &#8230; se ressemblent. En mai 1825, la Commission des phares sous l&rsquo;Empire, pr\u00e9sente son rapport ; le \u00ab\u00a0Syst\u00e8me g\u00e9n\u00e9ral d&rsquo;\u00e9clairage des c\u00f4tes de France\u00a0\u00bb. Celui-ci pr\u00e9conise la construction de 51 phares dont 28 de premier ordre, 5 du second et 18 du troisi\u00e8me ordre. Afin de compl\u00e9ter le dispositif, Fresnel pr\u00e9voit l&rsquo;installation de 35 feux de ports ou fanaux.<\/p>\n<p>Le feu du premier phare de l&rsquo;\u00eele Vierge fait son apparition dans le paysage maritime le 15 ao\u00fbt 1845. Il est dot\u00e9 de la lentille de Fresnel et du haut de ses 33 m\u00e8tres est visible \u00e0 18 milles soit environ 32 kilom\u00e8tres.<\/p>\n<p>&#8230;<\/p>\n<p>\n<font size=2><font color=blue><b>Le T\u00e9l\u00e9gramme de Brest, au chevet des phares de l&rsquo;\u00eele Vierge<\/b><\/font><\/font><\/p>\n<p><iframe frameborder=\"0\" src=\"http:\/\/www.plouguerneau.net\/IMG\/telegramme\/pivdeniel.html\" style=\"width:670px;margin:auto;height:400px;\"><br \/>\n<\/iframe><noframe><\/p>\n<p><font color=blue><b>Les phares de l&rsquo;\u00eele Vierge class\u00e9s monument historique<\/b><\/font><\/p>\n<table>\n<tr>\n<td><img decoding=\"async\" src=\"https:\/\/appriou.bzh\/wp-content\/uploads\/2010\/10\/site_monumenthistorique.jpg\"><\/td>\n<td><font size=2><\/p>\n<div align=justify>Le 22 novembre 2011, Fr\u00e9d\u00e9ric Mitterand, ministre de la Culture et de la Communication, d\u00e9cide de classer aux monuments historiques dix-sept phares sur l&rsquo;ensemble du littoral. Douze d&rsquo;entre-eux se situent sur les c\u00f4tes bretonnes. Les phares de l&rsquo;\u00eele Vierge font partis de cet inventaire. Ces monuments sont un v\u00e9ritable  symbole de fiert\u00e9 pour tout un peuple r\u00e9solument tourn\u00e9 vers la mer. Il n&rsquo;y a en effet aucune ville bretonne \u00e9loign\u00e9e de plus de 100 kilom\u00e8tres de la mer.<br \/>\nLes autres phares bretons class\u00e9s ce jour sont :  le phare des H\u00e9aux-de-Br\u00e9hat (22), le phare du cap Fr\u00e9hel (22), celui de Pontusval \u00e0 Brignogan-Plage, les phares du Cr\u00e9ac&rsquo;h et du Stiff, \u00e0 Ouessant, le phare d&rsquo;Eckm\u00fchl \u00e0 Penmarc&rsquo;h, le phare de Saint-Mathieu \u00e0 Plougonvelin, le grand phare de Belle-Ile (56) \u00e0 Bangor.<\/td>\n<\/tr>\n<\/table>\n<p><b><font color=blue>Les gardiens des phares<br \/>\nLe petit phare<\/font><\/b><br \/>\n<i>Source : Pagan n\u00b05, Juillet 2002 &#8211; Yannig Bigouin avec les soutiens de Jean-Christophe Fichou et Jean Malgorn<\/i><\/p>\n<table width=100% border=1 bordercolor=\"blue\" cellpading=4 cellspacing=0 frame=BELOW rules=ROWS>\n<tr>\n<td width=20%><i><font size=2>Dates<\/i><\/td>\n<td><i><font size=2>Noms<\/i><\/td>\n<\/tr>\n<tr>\n<td><font size=2>1845<\/td>\n<td><font size=2>Yves Marchand &#8211; Jean Briand &#8211; Joseph Bellec<\/td>\n<\/tr>\n<tr>\n<td><font size=2>1846<\/td>\n<td><font size=2>Yves Marchand &#8211; Edouard Mingand &#8211; Joseph Bellec<\/td>\n<\/tr>\n<tr>\n<td><font size=2>1847<\/td>\n<td><font size=2>Yves Marchand &#8211; Edouard Mingand &#8211; Jean Pollard<\/td>\n<\/tr>\n<tr>\n<td><font size=2>1851<\/td>\n<td><font size=2>Herv\u00e9 Henri &#8211; Edouard Mingand &#8211; Ignace Havas<\/td>\n<\/tr>\n<tr>\n<td><font size=2>1856<\/td>\n<td><font size=2>Corentin Thomas &#8211; Edouard Mingand &#8211; Calloc&rsquo;h<\/td>\n<\/tr>\n<tr>\n<td><font size=2>1857<\/td>\n<td><font size=2>Ren\u00e9 Brisson &#8211; Julien Lirzin &#8211; Calloc&rsquo;h<\/td>\n<\/tr>\n<tr>\n<td><font size=2>1858<\/td>\n<td><font size=2>Ren\u00e9 Brisson &#8211; Julien Lirzin &#8211; Clet Quideau<\/td>\n<\/tr>\n<tr>\n<td><font size=2>1860<\/td>\n<td><font size=2>Ren\u00e9 Brisson &#8211; Julien Lirzin &#8211; Philibert Gentric<\/td>\n<\/tr>\n<tr>\n<td><font size=2>1864<\/td>\n<td><font size=2>Ren\u00e9 Brisson &#8211; Julien Lirzin &#8211; Pierre Leveque<\/td>\n<\/tr>\n<tr>\n<td><font size=2>1867<\/td>\n<td><font size=2>Ren\u00e9 Brisson &#8211; Julien Lirzin &#8211; Jean Cazes<\/td>\n<\/tr>\n<tr>\n<td><font size=2>1871<\/td>\n<td><font size=2>Yves Guiriec &#8211; Julien Lirzin &#8211; Jean Cazes<\/td>\n<\/tr>\n<tr>\n<td><font size=2>1887<\/td>\n<td><font size=2>Yves Guiriec &#8211; Guena &#8211; Jean Cazes<\/td>\n<\/tr>\n<tr>\n<td><font size=2>1891<\/td>\n<td><font size=2>Yves Guiriec &#8211; Ren\u00e9 Venec &#8211; Jean Cazes<\/td>\n<\/tr>\n<tr>\n<td><font size=2>1895 \u00e0 1902<\/td>\n<td><font size=2>Yves Guiriec &#8211; Joseph Le Saout &#8211; Jean Cazes<\/td>\n<\/tr>\n<\/table>\n<p><\/p>\n<div align=center>\n<object id=\"iLyROoaf8yzO\" type=\"application\/x-shockwave-flash\" data=\"http:\/\/www.kewego.com\/swf\/p3\/epix.swf\" width=\"400\" height=\"300\"><param name=\"flashVars\" value=\"language_code=fr&#038;playerKey=45ead001d848&#038;skinKey=7d04d8977403&#038;sig=iLyROoaf8yzO&#038;autostart=false&#038;advertise=1\" \/><param name=\"movie\" value=\"http:\/\/www.kewego.com\/swf\/p3\/epix.swf\" \/><param name=\"allowFullScreen\" value=\"true\" \/><param name=\"allowscriptaccess\" value=\"always\" \/><\/object><\/p>\n<\/div>\n<p><b><font color=blue>Le grand phare<\/font><\/b><\/p>\n<table width=100% border=1 bordercolor=\"blue\" cellpading=4 cellspacing=0 frame=BELOW rules=ROWS>\n<tr>\n<td width=20%><i><font size=2>Dates<\/i><\/td>\n<td><i><font size=2>Noms<\/i><\/td>\n<\/tr>\n<tr>\n<td><font size=2>D\u00e9cembre 1902<\/td>\n<td><font size=2>Yves Kerros &#8211; Fran\u00e7ois Dupont &#8211; Louis Jezequel &#8211; Auguste Cazes<br \/>\n<img decoding=\"async\" src=\"https:\/\/appriou.bzh\/wp-content\/uploads\/2010\/10\/phares_ilevierge_yveskerros.jpg\"><br \/>\n<i>Yves Kerros. Photos : Pagan n\u00b05 &#8211; 2002<\/i><\/td>\n<\/td>\n<\/tr>\n<tr>\n<td><font size=2>1904<\/td>\n<td><font size=2>Yves Kerros &#8211; Fran\u00e7ois Dupont &#8211; Herv\u00e9 Th\u00e9r\u00e9n\u00e9 &#8211; Auguste Cazes<\/td>\n<\/td>\n<\/tr>\n<tr>\n<td><font size=2>1908<\/td>\n<td><font size=2>Yves Kerros &#8211; J-B Le Goff &#8211; Herv\u00e9 Th\u00e9r\u00e9n\u00e9 &#8211; Auguste Cazes<\/td>\n<\/td>\n<\/tr>\n<tr>\n<td><font size=2>1909<\/td>\n<td><font size=2>Yves Kerros &#8211; Bontonnou &#8211; Herv\u00e9 Th\u00e9r\u00e9n\u00e9 &#8211; Auguste Cazes<\/td>\n<\/td>\n<\/tr>\n<tr>\n<td><font size=2>1911<\/td>\n<td><font size=2>Henri Ropart &#8211; Ernest Le Menn &#8211; Herv\u00e9 Th\u00e9r\u00e9n\u00e9 &#8211; Auguste Cazes<\/td>\n<\/td>\n<\/tr>\n<tr>\n<td><font size=2>1912<\/td>\n<td><font size=2>Henri Ropart &#8211; Ernest Le Menn &#8211; Herv\u00e9 Th\u00e9r\u00e9n\u00e9 &#8211; Pierre-Marie Le Gall<\/td>\n<\/td>\n<\/tr>\n<tr>\n<td><font size=2>1915<\/td>\n<td><font size=2>Henri Ropart &#8211; Jacques Courtay &#8211; Herv\u00e9 Th\u00e9r\u00e9n\u00e9 &#8211; Pierre-Marie Le Gall<\/td>\n<\/td>\n<\/tr>\n<tr>\n<td><font size=2>1917<\/td>\n<td><font size=2>Henri Ropart &#8211; Jacques Courtay &#8211; Fran\u00e7ois Riou &#8211; Pierre-Marie Le Gall<\/td>\n<\/td>\n<\/tr>\n<tr>\n<td><font size=2>1918<\/td>\n<td><font size=2>Emile Cudenec &#8211; Jacques Courtay &#8211; Fran\u00e7ois Riou &#8211; Pierre-Marie Le Gall<\/td>\n<\/td>\n<\/tr>\n<tr>\n<td><font size=2>1921<\/td>\n<td><font size=2>Ernest Le Menn &#8211; Jacques Courtay &#8211; Clet Gall &#8211; Pierre-Marie Le Gall<\/td>\n<\/td>\n<\/tr>\n<tr>\n<td><font size=2>1925<\/td>\n<td><font size=2>Jacques Secondi &#8211; Jacques Courtay &#8211; Clet Gall &#8211; Pierre-Marie Le Gall<\/td>\n<\/td>\n<\/tr>\n<tr>\n<td><font size=2>1926<\/td>\n<td><font size=2>Jacques Secondi &#8211; Jacques Courtay &#8211; Fran\u00e7ois Laot &#8211; Pierre-Marie Le Gall<\/td>\n<\/td>\n<\/tr>\n<tr>\n<td><font size=2>1929<\/td>\n<td><font size=2>Jacques Secondi &#8211; Gabriel Duch\u00eane &#8211; Fran\u00e7ois Laot &#8211; Pierre-Marie Le Gall<\/td>\n<\/td>\n<\/tr>\n<tr>\n<td><font size=2>1934<\/td>\n<td><font size=2>Marcel Abguillerm &#8211; Gabriel Duch\u00eane &#8211; Fran\u00e7ois Laot &#8211; Pierre-Marie Le Gall<\/td>\n<\/td>\n<\/tr>\n<tr>\n<td><font size=2>1936<\/td>\n<td><font size=2>Marcel Abguillerm, Le Boulch, Caraes &#8211; Gabriel Duch\u00eane &#8211; Fran\u00e7ois Laot &#8211; Lemasque<\/td>\n<\/td>\n<\/tr>\n<tr>\n<td><font size=2>1937<\/td>\n<td><font size=2>Marcel Abguillerm, Le Boulch, Caraes &#8211; Gabriel Duch\u00eane &#8211; Fran\u00e7ois Laot &#8211; Coddaccioni<\/td>\n<\/td>\n<\/tr>\n<tr>\n<td><font size=2>1938<\/td>\n<td><font size=2>Marcel Abguillerm, Le Boulch &#8211; Gabriel Duch\u00eane &#8211; Leccia &#8211; Coddaccioni<\/td>\n<\/td>\n<\/tr>\n<tr>\n<td><font size=2>1939<\/td>\n<td><font size=2>Marcel Abguillerm, Caraes, Cozan &#8211; Gabriel Duch\u00eane &#8211; Leccia &#8211; Coddaccioni<\/td>\n<\/td>\n<\/tr>\n<tr>\n<td><font size=2>1940<\/td>\n<td><font size=2>Gouriou, Oulhen, Cozan &#8211; Gabriel Duch\u00eane &#8211; Leccia &#8211; Coddaccioni<\/td>\n<\/td>\n<\/tr>\n<tr>\n<td><font size=2>1941<\/td>\n<td><font size=2>Gouriou, Caraes, Le Moigne, Piton &#8211; Le Gall &#8211; Leccia &#8211; Loussouarn<\/td>\n<\/td>\n<\/tr>\n<tr>\n<td><font size=2>1942<\/td>\n<td><font size=2>Bernery, Le Moigne &#8211; Le Gall &#8211; Leccia &#8211; Loussouarn<\/td>\n<\/td>\n<\/tr>\n<tr>\n<td><font size=2>1943<\/td>\n<td><font size=2>Le Moigne &#8211; Le Gall &#8211; Bernery &#8211; Loussouarn<\/td>\n<\/td>\n<\/tr>\n<tr>\n<td><font size=2>1944<\/td>\n<td><font size=2>Appriou &#8211; Le Moigne &#8211; Bernery &#8211; Loussouarn<\/td>\n<\/td>\n<\/tr>\n<tr>\n<td><font size=2>1945<\/td>\n<td><font size=2>Talarmein &#8211; Le Moigne &#8211; Bernery &#8211; Loussouarn<\/td>\n<\/td>\n<\/tr>\n<tr>\n<td><font size=2>1946<\/td>\n<td><font size=2>Fran\u00e7ois Corre &#8211; Le Moigne &#8211; Le Cl\u00e9ach &#8211; Loussouarn<\/td>\n<\/td>\n<\/tr>\n<tr>\n<td><font size=2>1947<\/td>\n<td><font size=2>? &#8211; Fran\u00e7ois Corre &#8211; Le Cl\u00e9ach &#8211; Loussouarn<\/td>\n<\/td>\n<\/tr>\n<tr>\n<td><font size=2>1948<\/td>\n<td><font size=2>? &#8211; Chapel &#8211; Le Cl\u00e9ach &#8211; Loussouarn<\/td>\n<\/td>\n<\/tr>\n<tr>\n<td><font size=2>1951<\/td>\n<td><font size=2>Caraes &#8211; Chapel &#8211; Le Cl\u00e9ach &#8211; Loussouarn<\/td>\n<\/td>\n<\/tr>\n<tr>\n<td><font size=2>1953<\/td>\n<td><font size=2>Caraes, Laurans &#8211; Chapel &#8211; Le Cl\u00e9ach &#8211; Loussouarn<\/td>\n<\/td>\n<\/tr>\n<tr>\n<td><font size=2>1954<\/td>\n<td><font size=2>? &#8211; Chapel &#8211; Le Cl\u00e9ach &#8211; Loussouarn<\/td>\n<\/td>\n<\/tr>\n<tr>\n<td><font size=2>1955<\/td>\n<td><font size=2>Laurans &#8211; Chapel &#8211; Le Cl\u00e9ach &#8211; Loussouarn<\/td>\n<\/td>\n<\/tr>\n<tr>\n<td><font size=2>1958<\/td>\n<td><font size=2>Paoli &#8211; Chapel &#8211; Le Cl\u00e9ach &#8211; Loussouarn<\/td>\n<\/td>\n<\/tr>\n<tr>\n<td><font size=2>1959<\/td>\n<td><font size=2>Appriou &#8211; Chapel &#8211; Le Cl\u00e9ach &#8211; Bon<\/td>\n<\/td>\n<\/tr>\n<tr>\n<td><font size=2>1960<\/td>\n<td><font size=2>Priol &#8211; Chapel &#8211; Le Cl\u00e9ach &#8211; Bon<\/td>\n<\/td>\n<\/tr>\n<tr>\n<td><font size=2>1961<\/td>\n<td><font size=2>Mourrain, Bervas &#8211; Chapel &#8211; Le Cl\u00e9ach &#8211; Bon<\/td>\n<\/td>\n<\/tr>\n<tr>\n<td><font size=2>1962<\/td>\n<td><font size=2>Chapel &#8211; Le Cl\u00e9ach &#8211; Bon<\/td>\n<\/td>\n<\/tr>\n<tr>\n<td><font size=2>1966<\/td>\n<td><font size=2>Chapel &#8211; Le Cl\u00e9ach &#8211; Renan<\/td>\n<\/td>\n<\/tr>\n<tr>\n<td><font size=2>1966<\/td>\n<td><font size=2>Campion &#8211; Le Cl\u00e9ach &#8211; Renan<\/td>\n<\/td>\n<\/tr>\n<tr>\n<td><font size=2>1973<\/td>\n<td><font size=2>Campion &#8211; Yves Penland &#8211; Renan<\/td>\n<\/td>\n<\/tr>\n<tr>\n<td><font size=2>1977<\/td>\n<td><font size=2>Jean Malgorn &#8211; Yves Penland &#8211; Renan<\/td>\n<\/td>\n<\/tr>\n<tr>\n<td><font size=2>1980<\/td>\n<td><font size=2>Jean Malgorn &#8211; Yves Penland &#8211; Perchoc<\/td>\n<\/td>\n<\/tr>\n<tr>\n<td><font size=2>1984<\/td>\n<td><font size=2>Jean Malgorn &#8211; Yves Penland &#8211; Bian<\/td>\n<\/td>\n<\/tr>\n<tr>\n<td><font size=2>1985<\/td>\n<td><font size=2>Jean Malgorn &#8211; Abily &#8211; Bian<\/td>\n<\/td>\n<\/tr>\n<tr>\n<td><font size=2>1985<\/td>\n<td><font size=2>Jean Malgorn &#8211; Abily &#8211; Bian<\/td>\n<\/td>\n<\/tr>\n<tr>\n<td><font size=2>1989<\/td>\n<td><font size=2>Jean Malgorn &#8211; Abily &#8211; Kerloch<\/td>\n<\/td>\n<\/tr>\n<tr>\n<td><font size=2>1992<\/td>\n<td><font size=2>Jean Malgorn &#8211; Abily &#8211; Jean Prigent<\/td>\n<\/td>\n<\/tr>\n<tr>\n<td><font size=2>1994 \u00e0 2002<\/td>\n<td><font size=2>Jean Malgorn &#8211; Magueur &#8211; Jean Prigent<\/td>\n<\/td>\n<\/tr>\n<tr>\n<td><font size=2>au 29 octobre 2010<\/td>\n<td><font size=2>Jean-Philippe Rocher &#8211; Guy Cajean &#8211; &#8211;<\/td>\n<\/td>\n<\/tr>\n<\/table>\n<p><\/p>\n<div align=center><object width=\"480\" height=\"270\" id=\"wat_5239043\"><param name=\"movie\" value=\"http:\/\/www.wat.tv\/swf2\/286750nIc0K115239043\"><\/param><param name=\"allowFullScreen\" value=\"true\"><\/param><param name=\"allowScriptAccess\" value=\"always\"><\/param><embed src=\"http:\/\/www.wat.tv\/swf2\/286750nIc0K115239043\" type=\"application\/x-shockwave-flash\"  allowscriptaccess=\"always\" allowfullscreen=\"true\" width=\"480\" height=\"270\"><\/embed><\/object><\/div>\n<p>\n<\/div>\n","protected":false},"excerpt":{"rendered":"<p>En cours de r\u00e9daction D&rsquo;o\u00f9 vient le nom de l&rsquo;\u00eele Vierge ? Diff\u00e9rentes pistes s&rsquo;offrent \u00e0 la r\u00e9flexion. Le nom vient-il de la difficult\u00e9 \u00e0 p\u00e9renniser des plantations viables sur [&hellip;]<\/p>\n","protected":false},"author":4,"featured_media":0,"parent":0,"menu_order":0,"comment_status":"closed","ping_status":"open","template":"","meta":{"ngg_post_thumbnail":0,"_EventAllDay":false,"_EventTimezone":"","_EventStartDate":"","_EventEndDate":"","_EventStartDateUTC":"","_EventEndDateUTC":"","_EventShowMap":false,"_EventShowMapLink":false,"_EventURL":"","_EventCost":"","_EventCostDescription":"","_EventCurrencySymbol":"","_EventCurrencyCode":"","_EventCurrencyPosition":"","_EventDateTimeSeparator":"","_EventTimeRangeSeparator":"","_EventOrganizerID":[],"_EventVenueID":[],"_OrganizerEmail":"","_OrganizerPhone":"","_OrganizerWebsite":"","_VenueAddress":"","_VenueCity":"","_VenueCountry":"","_VenueProvince":"","_VenueState":"","_VenueZip":"","_VenuePhone":"","_VenueURL":"","_VenueStateProvince":"","_VenueLat":"","_VenueLng":"","_VenueShowMap":false,"_VenueShowMapLink":false,"footnotes":""},"categories":[249],"tags":[],"class_list":["post-4","page","type-page","status-publish","hentry","category-patrimoine-maritime"],"_links":{"self":[{"href":"https:\/\/appriou.bzh\/index.php\/wp-json\/wp\/v2\/pages\/4","targetHints":{"allow":["GET"]}}],"collection":[{"href":"https:\/\/appriou.bzh\/index.php\/wp-json\/wp\/v2\/pages"}],"about":[{"href":"https:\/\/appriou.bzh\/index.php\/wp-json\/wp\/v2\/types\/page"}],"author":[{"embeddable":true,"href":"https:\/\/appriou.bzh\/index.php\/wp-json\/wp\/v2\/users\/4"}],"replies":[{"embeddable":true,"href":"https:\/\/appriou.bzh\/index.php\/wp-json\/wp\/v2\/comments?post=4"}],"version-history":[{"count":0,"href":"https:\/\/appriou.bzh\/index.php\/wp-json\/wp\/v2\/pages\/4\/revisions"}],"wp:attachment":[{"href":"https:\/\/appriou.bzh\/index.php\/wp-json\/wp\/v2\/media?parent=4"}],"wp:term":[{"taxonomy":"category","embeddable":true,"href":"https:\/\/appriou.bzh\/index.php\/wp-json\/wp\/v2\/categories?post=4"},{"taxonomy":"post_tag","embeddable":true,"href":"https:\/\/appriou.bzh\/index.php\/wp-json\/wp\/v2\/tags?post=4"}],"curies":[{"name":"wp","href":"https:\/\/api.w.org\/{rel}","templated":true}]}}