{"id":400,"date":"2011-09-22T11:46:47","date_gmt":"2011-09-22T09:46:47","guid":{"rendered":"https:\/\/plouguerneau.net\/saint-francois-de-sales\/"},"modified":"2025-01-27T10:05:13","modified_gmt":"2025-01-27T09:05:13","slug":"saint-francois-de-sales","status":"publish","type":"page","link":"https:\/\/appriou.bzh\/index.php\/saint-francois-de-sales\/","title":{"rendered":"Saint Fran\u00e7ois de Sales"},"content":{"rendered":"<div align=\"center\"><span style=\"font-size: medium;\"><span style=\"color: blue;\"><b>SAINT FRANCOIS DE SALES<br \/>\nL&rsquo;humaniste de l&rsquo;amour et de l&rsquo;esp\u00e9rance<\/b><\/span><\/span><\/div>\n<p>&nbsp;<\/p>\n<table>\n<tbody>\n<tr>\n<td width=\"70%\">&nbsp;<\/p>\n<div align=\"justify\">\n<p>Saint Vincent de Paul a dit \u00e0 propos de St Fran\u00e7ois de Sales \u00ab\u00a0Que Dieu doit \u00eatre bon puisque Monsieur de Sales est si bon\u00a0\u00bb.<br \/>\nT\u00e9moignage \u00e9mouvant sur ce Saint qui a \u00e9t\u00e9<br \/>\nl&rsquo;une des grandes figures, religieuse, politique et<br \/>\ndiplomatique de son temps.<br \/>\nIl est consid\u00e9r\u00e9 aussi, comme l&rsquo;un des plus<br \/>\ngrands auteurs de la litt\u00e9rature spirituelle du<br \/>\n17\u00e8me si\u00e8cle, marqu\u00e9 par la lutte contre la<br \/>\nR\u00e9forme protestante.<br \/>\nA\u00een\u00e9 d&rsquo;une famille de 10 enfants, Fran\u00e7ois<br \/>\nBonaventure de Boisy est n\u00e9 en Savoie le 21<br \/>\nao\u00fbt 1567 et a re\u00e7u le nom de Sales du lieu de<br \/>\nsa naissance : le ch\u00e2teau de Sales, pr\u00e8s de<br \/>\nThorens.<br \/>\nTout son milieu familial, issu de la noblesse \u00e9tait impr\u00e9gn\u00e9 de pi\u00e9t\u00e9 franciscaine.<\/p>\n<p>A 11 ans, en 1578, Fran\u00e7ois va faire ses humanit\u00e9s chez les J\u00e9suites \u00e0 Paris. Il y restera 10 ans. A 19 ans, il est confront\u00e9 aux id\u00e9es protestantes et pr\u00e9jans\u00e9nistes, qui p\u00e9n\u00e8trent alors la Sorbonne et il traverse une p\u00e9riode de doute, de d\u00e9sespoir et de tentation, s&rsquo;enfermant dans ce dilemme : \u00ab\u00a0Suis-je \u00e9lu ou damn\u00e9?\u00a0\u00bb. Il en sort par un total abandon \u00e0 Dieu, avec l&rsquo;aide de la Vierge Marie qu&rsquo;il prie tr\u00e8s souvent.<\/p>\n<\/div>\n<\/td>\n<td>\n<div align=\"center\"><img decoding=\"async\" title=\"Saint Fran\u00e7ois de Sales\" src=\"https:\/\/appriou.bzh\/wp-content\/uploads\/2010\/10\/petitssaints_stfrancoisdesales-e1543739036781.jpg\" \/><\/div>\n<\/td>\n<\/tr>\n<\/tbody>\n<\/table>\n<p>En 1588, il se rend \u00e0 l&rsquo;universit\u00e9 de Padoue, en Italie, pour y poursuivre des \u00e9tudes de droit, pendant trois ans. Il en sort brillamment, avec le titre d&rsquo;avocat. Il revient alors en Savoie et se voit proposer une place au S\u00e9nat de sa r\u00e9gion.<\/p>\n<p>Mais il r\u00e9pond qu&rsquo;il est appel\u00e9 par Dieu et qu&rsquo;il pr\u00e9f\u00e8re entrer dans les ordres.<br \/>\nIl est ordonn\u00e9 pr\u00eatre en 1593, \u00e0 l&rsquo;\u00e2ge de 26 ans. De 1594 \u00e0 1597, il re\u00e7oit comme mission de se rendre dans les monts du Chablais, \u00e0 la fronti\u00e8re franco-suisse, dont la population est pass\u00e9e massivement au Calvinisme. A force de pri\u00e8res et aussi de \u00ab\u00a0controverses\u00a0\u00bb courtoises, Fran\u00e7ois r\u00e9ussit \u00e0 faire revenir en masse au Catholicisme les Chr\u00e9tiens de la r\u00e9gion.<\/p>\n<p>En d\u00e9cembre 1598, il est nomm\u00e9 par le Pape Cl\u00e9ment VII coadjuteur de l&rsquo;\u00e9v\u00eaque de Gen\u00e8ve, son oncle. En 1603, il pr\u00eache le car\u00eame au Louvre, devant le roi Henri IV et fr\u00e9quente de nombreuses personnalit\u00e9s dont Pierre de B\u00e9rulle, futur Cardinal dont l&rsquo;influence spirituelle et politique devait devenir consid\u00e9rable.<\/p>\n<p>Titulaire, la m\u00eame ann\u00e9e du si\u00e8ge de Gen\u00e8ve, qui est transf\u00e9r\u00e9 bient\u00f4t \u00e0 Annecy, il r\u00e9organise son Dioc\u00e8se, multipliant les visites des paroisses, pr\u00eachant en de multiples occasions, r\u00e9pandant l&rsquo;\u00e9tude du cat\u00e9chisme, r\u00e9formant les communaut\u00e9s religieuses, dont certaines \u00e9taient objet de scandale.<\/p>\n<p>Il joue alors un r\u00f4le social et politique important, son \u00e9v\u00each\u00e9 couvrant des terres savoyardes, fran\u00e7aises et genevoises.<\/p>\n<p>En 1610, il fonde avec Sainte Jeanne Fran\u00e7oise de Chantal (canonis\u00e9e en 1767) l&rsquo;ordre de la Visitation. Il est appel\u00e9, \u00e0 plusieurs reprises \u00e0 pr\u00eacher hors de son dioc\u00e8se, \u00e0 Dijon en 1604, \u00e0 Grenoble en 1607 et 1618. Il revient \u00e0 Paris en 1618 pour n\u00e9gocier le mariage du Prince du Pi\u00e9mont avec une princesse fran\u00e7aise et fait connaissance avec Vincent de Paul. Il refuse la m\u00eame ann\u00e9e une nomination comme coadjuteur du dioc\u00e8se de Paris.<\/p>\n<p>En 1622, il accompagne Charles Emmanuel du Pi\u00e9mont qui allait saluer le roi Louis XIII en Avignon. Au retour de ce voyage, il meurt \u00e0 Lyon le 28 d\u00e9cembre 1622, \u00e0 l&rsquo;\u00e2ge de 55 ans. Il est inhum\u00e9 \u00e0 Annecy, comme il l&rsquo;avait souhait\u00e9.<\/p>\n<p>Il a \u00e9t\u00e9 canonis\u00e9 en 1665 et proclam\u00e9 Docteur de l&rsquo;Eglise de langue fran\u00e7aise.<br \/>\nSaint Fran\u00e7ois de Sales est le type parfait de l&rsquo;humaniste chr\u00e9tien, anim\u00e9 de l&rsquo;optimisme franciscain. Il voulait \u00e9tablir les rapports de Dieu et des hommes sur une confiance r\u00e9ciproque.<br \/>\nCertains ont cru, \u00e0 tort, voir en lui : \u00ab\u00a0un d\u00e9vot \u00e0 l&rsquo;eau de rose\u00a0\u00bb. Mais, s&rsquo;il a \u00e9t\u00e9 le confesseur et le directeur spirituel de nombreuses \u00ab\u00a0dames de qualit\u00e9\u00a0\u00bb, il n&rsquo;en a pas moins \u00e9t\u00e9 un \u00e9v\u00eaque mod\u00e8le, entour\u00e9 de la v\u00e9n\u00e9ration g\u00e9n\u00e9rale, cat\u00e9chisant et secourant les pauvres.<br \/>\nIl a toujours mis au premier plan de ses pr\u00e9occupations, le renouveau de la vie spirituelle des la\u00efcs et du clerg\u00e9, et le bon fonctionnement des paroisses.<br \/>\nPar sa charit\u00e9 pleine de douceur, il a donn\u00e9 un visage chr\u00e9tien \u00e0 l&rsquo;humanisme de son \u00e9poque.<br \/>\nPour lui, la saintet\u00e9 est \u00e0 la port\u00e9e de toute personne, de toute condition<br \/>\nIl a d\u00e9fendu dans ses nombreuses \u0153uvres: \u00ab\u00a0la sainte libert\u00e9 d&rsquo;esprit\u00a0\u00bb de l&rsquo;\u00eatre humain.<br \/>\nA l&rsquo;\u00e9loquence acad\u00e9mique de son \u00e9poque, il a pr\u00e9f\u00e9r\u00e9 l&rsquo;entretien familier pour pr\u00eacher l&rsquo;Evangile et l&rsquo;Evangile seulement, et de fa\u00e7on que \u00ab\u00a0le c\u0153ur parle au c\u0153ur\u00a0\u00bb.<br \/>\nSaint Fran\u00e7ois de Sales est f\u00eat\u00e9 le 24 janvier, date anniversaire de sa mise au tombeau \u00e0 Annecy.<br \/>\nIl est consid\u00e9r\u00e9 comme le patron des journalistes.<\/p>\n<p>Texte de <b>No\u00ebl L&rsquo;Hour<\/b><\/p>\n","protected":false},"excerpt":{"rendered":"<p>SAINT FRANCOIS DE SALES L&rsquo;humaniste de l&rsquo;amour et de l&rsquo;esp\u00e9rance &nbsp; &nbsp; Saint Vincent de Paul a dit \u00e0 propos de St Fran\u00e7ois de Sales \u00ab\u00a0Que Dieu doit \u00eatre bon [&hellip;]<\/p>\n","protected":false},"author":4,"featured_media":186,"parent":0,"menu_order":0,"comment_status":"closed","ping_status":"open","template":"","meta":{"ngg_post_thumbnail":0,"_EventAllDay":false,"_EventTimezone":"","_EventStartDate":"","_EventEndDate":"","_EventStartDateUTC":"","_EventEndDateUTC":"","_EventShowMap":false,"_EventShowMapLink":false,"_EventURL":"","_EventCost":"","_EventCostDescription":"","_EventCurrencySymbol":"","_EventCurrencyCode":"","_EventCurrencyPosition":"","_EventDateTimeSeparator":"","_EventTimeRangeSeparator":"","_EventOrganizerID":[],"_EventVenueID":[],"_OrganizerEmail":"","_OrganizerPhone":"","_OrganizerWebsite":"","_VenueAddress":"","_VenueCity":"","_VenueCountry":"","_VenueProvince":"","_VenueState":"","_VenueZip":"","_VenuePhone":"","_VenueURL":"","_VenueStateProvince":"","_VenueLat":"","_VenueLng":"","_VenueShowMap":false,"_VenueShowMapLink":false,"footnotes":""},"categories":[44],"tags":[],"class_list":["post-400","page","type-page","status-publish","has-post-thumbnail","hentry","category-les-petits-saints"],"_links":{"self":[{"href":"https:\/\/appriou.bzh\/index.php\/wp-json\/wp\/v2\/pages\/400","targetHints":{"allow":["GET"]}}],"collection":[{"href":"https:\/\/appriou.bzh\/index.php\/wp-json\/wp\/v2\/pages"}],"about":[{"href":"https:\/\/appriou.bzh\/index.php\/wp-json\/wp\/v2\/types\/page"}],"author":[{"embeddable":true,"href":"https:\/\/appriou.bzh\/index.php\/wp-json\/wp\/v2\/users\/4"}],"replies":[{"embeddable":true,"href":"https:\/\/appriou.bzh\/index.php\/wp-json\/wp\/v2\/comments?post=400"}],"version-history":[{"count":0,"href":"https:\/\/appriou.bzh\/index.php\/wp-json\/wp\/v2\/pages\/400\/revisions"}],"wp:featuredmedia":[{"embeddable":true,"href":"https:\/\/appriou.bzh\/index.php\/wp-json\/wp\/v2\/media\/186"}],"wp:attachment":[{"href":"https:\/\/appriou.bzh\/index.php\/wp-json\/wp\/v2\/media?parent=400"}],"wp:term":[{"taxonomy":"category","embeddable":true,"href":"https:\/\/appriou.bzh\/index.php\/wp-json\/wp\/v2\/categories?post=400"},{"taxonomy":"post_tag","embeddable":true,"href":"https:\/\/appriou.bzh\/index.php\/wp-json\/wp\/v2\/tags?post=400"}],"curies":[{"name":"wp","href":"https:\/\/api.w.org\/{rel}","templated":true}]}}