{"id":401,"date":"2011-09-22T11:51:21","date_gmt":"2011-09-22T09:51:21","guid":{"rendered":"https:\/\/plouguerneau.net\/saint-fiacre\/"},"modified":"2025-01-27T10:05:13","modified_gmt":"2025-01-27T09:05:13","slug":"saint-fiacre","status":"publish","type":"page","link":"https:\/\/appriou.bzh\/index.php\/saint-fiacre\/","title":{"rendered":"Saint Fiacre"},"content":{"rendered":"<div align=\"center\"><span style=\"font-size: medium;\"><span style=\"color: blue;\"><b>SAINT FIACRE (Saint FEFRE)<br \/>\nErmite &#8211; Patron des jardiniers<\/b><\/span><\/span><\/div>\n<p>&nbsp;<\/p>\n<table>\n<tbody>\n<tr>\n<td width=\"70%\">&nbsp;<\/p>\n<div align=\"justify\">\u00ab\u00a0Qu&rsquo;est-ce donc qu&rsquo;Appolos ?<br \/>\nEt qu&rsquo;est-ce que Paul ? Des serviteurs par qui<br \/>\nvous avez embrass\u00e9 la foi et chacun d&rsquo;eux selon<br \/>\nce que le Seigneur lui a donn\u00e9.<br \/>\nMoi, j&rsquo;ai plant\u00e9. Appolos a arros\u00e9 mais c&rsquo;est Dieu<br \/>\nqui donne la croissance.<br \/>\nAinsi donc, ni celui qui plante n&rsquo;est quelque chose<br \/>\nni celui qui arrose,<br \/>\nmais celui qui donne la croissance : Dieu.<br \/>\nCelui qui plante et celui qui arrose ne font qu&rsquo;un,<br \/>\nmais chacun recevra son propre salaire,<br \/>\nselon son propre labeur\u00a0\u00bb.<br \/>\n(Saint Paul. Lettre aux Corinthiens)<\/p>\n<p>Saint Fiacre \u00e9tait, dit-on, le fils a\u00een\u00e9 d&rsquo;un roi d&rsquo;Ecosse( ou d&rsquo;Irlande) qui r\u00e9gnait au d\u00e9but du 7\u00e8me si\u00e8cle. Instruit par Conan, \u00e9v\u00eaque de Soder, et devenu mod\u00e8le accompli de toutes les vertus chr\u00e9tiennes, il r\u00e9solut d&rsquo;abandonner la cour et la succession du royaume pour s&rsquo;occuper du salut de son \u00e2me. Il quitta son pays avec la princesse Sira, sa soeur, \u00e0 bord d &lsquo;un vaisseau qui les d\u00e9barqua en France. Ils comptaient se r\u00e9fugier \u00e0 Rome mais ils firent tout d&rsquo;abord une halte \u00e0 Meaux, attir\u00e9s par la r\u00e9putation de saintet\u00e9 de l&rsquo;\u00e9v\u00eaque du lieu, St Faron. Ils y rest\u00e8rent jusqu&rsquo;\u00e0 la fin de leurs jours!<\/p><\/div>\n<\/td>\n<td>\n<div align=\"center\"><img decoding=\"async\" title=\"Saint Fiacre\" src=\"https:\/\/appriou.bzh\/wp-content\/uploads\/2010\/10\/petitssaints_stfiacre.jpg\" \/><\/div>\n<\/td>\n<\/tr>\n<\/tbody>\n<\/table>\n<p>Sira entra en effet dans un couvent et St-Faron donna \u00e0 Fiacre un terrain isol\u00e9 dans la for\u00eat pour y b\u00e2tir une cabane en bois, au lieu o\u00f9 s&rsquo;\u00e9lev\u00e8rent plus tard le monast\u00e8re et le village de Breuil.<br \/>\nPendant des ann\u00e9es, Fiacre mena dans cet ermitage une vie aust\u00e8re consacr\u00e9e \u00e0 la pri\u00e8re et au travail manuel. Il d\u00e9fricha de ses mains un jardin pour subvenir \u00e0 ses besoins. Il accueillait des pauvres et des malades, s&rsquo;attirant le respect et m\u00eame la v\u00e9n\u00e9ration de tous ceux qu&rsquo;il aidait et gu\u00e9rissait.<br \/>\nLe nombre de personnes venant lui demander conseils, aide ou gu\u00e9rison devint tel qu&rsquo;il sollicita un jour de son protecteur, St Faron, l&rsquo;agrandissement de son ermitage et du jardin qui l&rsquo;aidait \u00e0 nourrir les p\u00e8lerins. St Faron lui accorda tout le terrain qu&rsquo;il pourrait entourer d&rsquo;un petit foss\u00e9 en travaillant durant une journ\u00e9e.<br \/>\nFiacre se mit donc \u00e0 l&rsquo;ouvrage. La l\u00e9gende veut que par un prodige de la divine Providence, alors qu&rsquo;il tra\u00e7ait un sillon pour marquer l&rsquo;espace qu&rsquo;il d\u00e9sirait entourer, la terre se soit ouverte d&rsquo;elle-m\u00eame en forme de foss\u00e9 tandis que les arbres tombaient de chaque c\u00f4t\u00e9. A cette vue, une femme qui passait l&rsquo;accusa de sorcellerie et alla le d\u00e9noncer \u00e0 l&rsquo;\u00e9v\u00eaque. En attendant ce dernier, Fiacre s&rsquo;assit sur une pierre qui se creusa en forme de chaise. La pierre, objet de ce miracle, a \u00e9t\u00e9 conserv\u00e9e longtemps dans la chapelle abritant le tombeau de St- Fiacre. A son arriv\u00e9e, St Faron ne put que constater les miracles et louer Dieu ! Plus tard Fiacre fit jaillir une fontaine fort utile pour son travail de jardinier.<br \/>\nUn jour, un seigneur scott ( ce qualificatif d\u00e9signait \u00e0 l&rsquo;\u00e9poque aussi bien les \u00e9cossais que les irlandais) du nom de Chilan, parent de Fiacre, vint lui rendre visite au retour d&rsquo;un voyage \u00e0 Rome. Apr\u00e8s son s\u00e9jour chez Fiacre, Chilan d\u00e9cida de renoncer \u00e0 tous ses biens et de consacrer sa vie \u00e0 Dieu. St Faron l&rsquo;ordonna pr\u00eatre et l&rsquo;envoya \u00e9vang\u00e9liser les pa\u00efens de l&rsquo;Artois.<br \/>\nA la mort du roi, son p\u00e8re, le fr\u00e8re cadet de Fiacre h\u00e9rita de la couronne d&rsquo;Ecosse. Mais rapidement, sa vie de d\u00e9bauche et son adh\u00e9sion \u00e0 l&rsquo;h\u00e9r\u00e9sie p\u00e9lagienne provoqu\u00e8rent l&rsquo;indignation de la population et il fut d\u00e9pos\u00e9 par les Grands du royaume. Ces derniers d\u00e9cid\u00e8rent d&rsquo;envoyer des ambassadeurs \u00e0 St Fiacre pour lui offrir la couronne. Averti par un songe, Fiacre supplia le Seigneur de l&rsquo;aider \u00e0 refuser cette charge. Il fut exauc\u00e9: \u00e0 l&rsquo;arriv\u00e9e des ambassadeurs, une l\u00e8pre hideuse recouvrait son visage et il n&rsquo;eut aucune peine \u00e0 les convaincre qu&rsquo;il ne pouvait, en raison de son \u00e9tat, exercer une charge royale.<br \/>\nSaint Fiacre mourut, dans la paix, le 30 ao\u00fbt de l&rsquo;an 670. Il fut enseveli dans la petite chapelle qu&rsquo;il avait fait construire en l&rsquo;honneur de la Vierge Marie. Les gu\u00e9risons miraculeuses se multipli\u00e8rent \u00e0 son tombeau. Sa r\u00e9putation se r\u00e9pandit dans tout le royaume. Plusieurs rois et reines, dont Louis XIV lui-m\u00eame, sont venus prier devant le tombeau du saint, de m\u00eame que Bossuet et plusieurs saints, St-Fran\u00e7ois de Salles et St-Vincent de Paul.<br \/>\nVers 1640, le nombre de parisiens qui allaient en p\u00e8lerinage \u00e0 Breuil \u00e9tait tellement \u00e9lev\u00e9 qu&rsquo;il fallut organiser une service de voitures de place. On les louait \u00e0 l&rsquo;origine \u00e0 l&rsquo;h\u00f4tel St-Fiacre \u00e0 Paris. Ces carrosses , qui furent ensuite utilis\u00e9s sur Paris m\u00eame, prirent tout naturellement le nom de fiacre.<br \/>\nAvant la R\u00e9volution, St Fiacre \u00e9tait l&rsquo;un des saints les plus populaires de France. Il \u00e9tait le patron des jardiniers mais on l&rsquo;invoquait aussi pour plusieurs maladies, notamment pour les h\u00e9morro\u00efdes, vulgairement appel\u00e9es mal de St-Fiacre.<br \/>\nLe 30 ao\u00fbt 1861, l&rsquo;\u00e9v\u00eaque de Poitiers a dit dans son hom\u00e9lie , \u00e0 l&rsquo;occasion de la f\u00eate du saint:\u00a0\u00bb La culture d&rsquo;un jardin est une occupation si noble et si douce qu&rsquo;on a vu des hommes la pr\u00e9f\u00e9rer au titre de roi o\u00f9 \u00e0 celui de proph\u00e8te. C&rsquo;est en m\u00eame temps une occupation si \u00e9lev\u00e9e et si pure qu&rsquo;elle est devenue, pour d&rsquo;autres hommes, l&rsquo;apprentissage de la royaut\u00e9 et l&rsquo;\u00e9cole de la saintet\u00e9\u00a0\u00bb.<br \/>\nDans la collection des petits saints de Plouguerneau, Saint-Fiacre est repr\u00e9sent\u00e9 en tenue d&rsquo;ermite; il tient une pelle de la main droite et le Livre de la main gauche.<\/p>\n<p>Texte de <b>No\u00ebl L&rsquo;Hour<\/b><\/p>\n","protected":false},"excerpt":{"rendered":"<p>SAINT FIACRE (Saint FEFRE) Ermite &#8211; Patron des jardiniers &nbsp; &nbsp; \u00ab\u00a0Qu&rsquo;est-ce donc qu&rsquo;Appolos ? Et qu&rsquo;est-ce que Paul ? Des serviteurs par qui vous avez embrass\u00e9 la foi et [&hellip;]<\/p>\n","protected":false},"author":4,"featured_media":199,"parent":0,"menu_order":0,"comment_status":"closed","ping_status":"open","template":"","meta":{"ngg_post_thumbnail":0,"_EventAllDay":false,"_EventTimezone":"","_EventStartDate":"","_EventEndDate":"","_EventStartDateUTC":"","_EventEndDateUTC":"","_EventShowMap":false,"_EventShowMapLink":false,"_EventURL":"","_EventCost":"","_EventCostDescription":"","_EventCurrencySymbol":"","_EventCurrencyCode":"","_EventCurrencyPosition":"","_EventDateTimeSeparator":"","_EventTimeRangeSeparator":"","_EventOrganizerID":[],"_EventVenueID":[],"_OrganizerEmail":"","_OrganizerPhone":"","_OrganizerWebsite":"","_VenueAddress":"","_VenueCity":"","_VenueCountry":"","_VenueProvince":"","_VenueState":"","_VenueZip":"","_VenuePhone":"","_VenueURL":"","_VenueStateProvince":"","_VenueLat":"","_VenueLng":"","_VenueShowMap":false,"_VenueShowMapLink":false,"footnotes":""},"categories":[44],"tags":[],"class_list":["post-401","page","type-page","status-publish","has-post-thumbnail","hentry","category-les-petits-saints"],"_links":{"self":[{"href":"https:\/\/appriou.bzh\/index.php\/wp-json\/wp\/v2\/pages\/401","targetHints":{"allow":["GET"]}}],"collection":[{"href":"https:\/\/appriou.bzh\/index.php\/wp-json\/wp\/v2\/pages"}],"about":[{"href":"https:\/\/appriou.bzh\/index.php\/wp-json\/wp\/v2\/types\/page"}],"author":[{"embeddable":true,"href":"https:\/\/appriou.bzh\/index.php\/wp-json\/wp\/v2\/users\/4"}],"replies":[{"embeddable":true,"href":"https:\/\/appriou.bzh\/index.php\/wp-json\/wp\/v2\/comments?post=401"}],"version-history":[{"count":0,"href":"https:\/\/appriou.bzh\/index.php\/wp-json\/wp\/v2\/pages\/401\/revisions"}],"wp:featuredmedia":[{"embeddable":true,"href":"https:\/\/appriou.bzh\/index.php\/wp-json\/wp\/v2\/media\/199"}],"wp:attachment":[{"href":"https:\/\/appriou.bzh\/index.php\/wp-json\/wp\/v2\/media?parent=401"}],"wp:term":[{"taxonomy":"category","embeddable":true,"href":"https:\/\/appriou.bzh\/index.php\/wp-json\/wp\/v2\/categories?post=401"},{"taxonomy":"post_tag","embeddable":true,"href":"https:\/\/appriou.bzh\/index.php\/wp-json\/wp\/v2\/tags?post=401"}],"curies":[{"name":"wp","href":"https:\/\/api.w.org\/{rel}","templated":true}]}}