{"id":4013,"date":"2023-02-22T15:06:09","date_gmt":"2023-02-22T14:06:09","guid":{"rendered":"https:\/\/plouguerneau.net\/?p=4013"},"modified":"2025-02-10T14:16:20","modified_gmt":"2025-02-10T13:16:20","slug":"la-croix-de-treiz-coz","status":"publish","type":"page","link":"https:\/\/appriou.bzh\/index.php\/la-croix-de-treiz-coz\/","title":{"rendered":"La croix de Treiz-Coz"},"content":{"rendered":"\n\n\n<p>La croix de Treiz Coz dat\u00e9e du XVI i\u00e8me si\u00e8cle a une histoire r\u00e9cente int\u00e9ressante.<br>Elle avait disparu de sont emplacement originel dans la venelle en 1975, une voisine \u00ab\u00a0aujourd\u2019hui d\u00e9c\u00e9d\u00e9e,s\u2019\u00e9tait fait une maladie lorsqu\u2019elle avait d\u00e9couvert sa disparition\u2026\u00a0\u00bb<br>Eric Galliou a men\u00e9 une enqu\u00eate de voisinage dans le quartier du Derbez, des informations de Gaby l&rsquo;ont amen\u00e9 sur la commune de Kerlouan o\u00f9 avaient d\u00e9m\u00e9nag\u00e9 les habitants de la ferme situ\u00e9e  pr\u00e8s de la croix. Ceux-ci en toute coop\u00e9ration ont indiqu\u00e9 o\u00f9 se trouvait la croix dans leur jardin, quasiment enterr\u00e9e crucifix c\u00f4t\u00e9 terre.<br>Avec l&rsquo;accord des \u00ab h\u00e9bergeurs \u00bb, Eric et son fr\u00e8re Dominique ont ramen\u00e9 par leurs propres moyens la croix \u00e0 Plouguerneau (St Antoine), c&rsquo;\u00e9tait le 20 septembre 2007. Durant trois ann\u00e9es pass\u00e9es \u00e0 St Antoine l&rsquo;abb\u00e9 Yves-Pascal Castel, grand sp\u00e9cialiste de l&rsquo;art et du patrimoine breton a eut l&rsquo;occasion d&rsquo;expertiser la croix avant qu&rsquo;elle soit prise en charge par la commune en 2010. Il a pr\u00e9conis\u00e9 de la r\u00e9installer sans modification.<br>13 ans plus tard, le mardi 21 F\u00e9vrier 2023, elle a \u00e9t\u00e9 remise \u00e0 proximit\u00e9 de l&rsquo;endroit initial. Travail coop\u00e9ratif entre Plouguerneau d&rsquo;Hier et d&rsquo;Aujourd&rsquo;hui (PHA) et les services techniques.<\/p>\n\n\n\n<figure class=\"wp-block-image size-full\"><img decoding=\"async\" src=\"https:\/\/plouguerneau.net\/wp-content\/uploads\/2023\/02\/telegramme_-croix_treiz2013.jpg\" alt=\"\" class=\"wp-image-4015\"\/><figcaption class=\"wp-element-caption\">Article du T\u00e9l\u00e9gramme 6 mars 2013<\/figcaption><\/figure>\n\n\n\n<figure class=\"wp-block-image size-full\"><img fetchpriority=\"high\" decoding=\"async\" width=\"676\" height=\"504\" src=\"https:\/\/appriou.bzh\/wp-content\/uploads\/2023\/02\/2023treiz_telegramme.jpg\" alt=\"\" class=\"wp-image-4016\"\/><figcaption class=\"wp-element-caption\">Les services techniques et des membres de PHA ont remis la croix \u00e0 sa place d&rsquo;origine en pr\u00e9sence d&rsquo;Eric Galliou (casquette et \u00e9charpe), son \u00ab\u00a0red\u00e9couvreur\u00a0\u00bb<\/figcaption><\/figure>\n","protected":false},"excerpt":{"rendered":"<p>La croix de Treiz Coz dat\u00e9e du XVI i\u00e8me si\u00e8cle a une histoire r\u00e9cente int\u00e9ressante.Elle avait disparu de sont emplacement originel dans la venelle en 1975, une voisine \u00ab\u00a0aujourd\u2019hui d\u00e9c\u00e9d\u00e9e,s\u2019\u00e9tait [&hellip;]<\/p>\n","protected":false},"author":4,"featured_media":4016,"parent":0,"menu_order":0,"comment_status":"open","ping_status":"closed","template":"","meta":{"ngg_post_thumbnail":0,"_EventAllDay":false,"_EventTimezone":"","_EventStartDate":"","_EventEndDate":"","_EventStartDateUTC":"","_EventEndDateUTC":"","_EventShowMap":false,"_EventShowMapLink":false,"_EventURL":"","_EventCost":"","_EventCostDescription":"","_EventCurrencySymbol":"","_EventCurrencyCode":"","_EventCurrencyPosition":"","_EventDateTimeSeparator":"","_EventTimeRangeSeparator":"","_EventOrganizerID":[],"_EventVenueID":[],"_OrganizerEmail":"","_OrganizerPhone":"","_OrganizerWebsite":"","_VenueAddress":"","_VenueCity":"","_VenueCountry":"","_VenueProvince":"","_VenueState":"","_VenueZip":"","_VenuePhone":"","_VenueURL":"","_VenueStateProvince":"","_VenueLat":"","_VenueLng":"","_VenueShowMap":false,"_VenueShowMapLink":false,"footnotes":""},"categories":[40,1],"tags":[],"class_list":["post-4013","page","type-page","status-publish","has-post-thumbnail","hentry","category-croix-et-calvaires","category-non-classe"],"_links":{"self":[{"href":"https:\/\/appriou.bzh\/index.php\/wp-json\/wp\/v2\/pages\/4013","targetHints":{"allow":["GET"]}}],"collection":[{"href":"https:\/\/appriou.bzh\/index.php\/wp-json\/wp\/v2\/pages"}],"about":[{"href":"https:\/\/appriou.bzh\/index.php\/wp-json\/wp\/v2\/types\/page"}],"author":[{"embeddable":true,"href":"https:\/\/appriou.bzh\/index.php\/wp-json\/wp\/v2\/users\/4"}],"replies":[{"embeddable":true,"href":"https:\/\/appriou.bzh\/index.php\/wp-json\/wp\/v2\/comments?post=4013"}],"version-history":[{"count":0,"href":"https:\/\/appriou.bzh\/index.php\/wp-json\/wp\/v2\/pages\/4013\/revisions"}],"wp:featuredmedia":[{"embeddable":true,"href":"https:\/\/appriou.bzh\/index.php\/wp-json\/wp\/v2\/media\/4016"}],"wp:attachment":[{"href":"https:\/\/appriou.bzh\/index.php\/wp-json\/wp\/v2\/media?parent=4013"}],"wp:term":[{"taxonomy":"category","embeddable":true,"href":"https:\/\/appriou.bzh\/index.php\/wp-json\/wp\/v2\/categories?post=4013"},{"taxonomy":"post_tag","embeddable":true,"href":"https:\/\/appriou.bzh\/index.php\/wp-json\/wp\/v2\/tags?post=4013"}],"curies":[{"name":"wp","href":"https:\/\/api.w.org\/{rel}","templated":true}]}}