{"id":4026,"date":"2010-05-12T07:46:52","date_gmt":"2010-05-12T05:46:52","guid":{"rendered":"https:\/\/plouguerneau.net\/notre-dame-du-val\/"},"modified":"2025-01-27T10:14:24","modified_gmt":"2025-01-27T09:14:24","slug":"notre-dame-du-val","status":"publish","type":"page","link":"https:\/\/appriou.bzh\/index.php\/notre-dame-du-val\/","title":{"rendered":"Notre Dame du Val"},"content":{"rendered":"<div align=\"justify\">\n<p>A quelques encablures d&rsquo;un bras de l&rsquo;Aber Wrac&rsquo;h, se trouve une chapelle pos\u00e9e sur un \u00e9crin de verdure. Il s&rsquo;agit de Notre Dame du Val, appel\u00e9e \u00e9galement Chapelle du Traon.<\/p>\n<div align=\"center\"><a href=\"https:\/\/appriou.bzh\/wp-content\/uploads\/2010\/05\/chapelles_traon_cadastretraon.jpg\" target=\"blank\"><img decoding=\"async\" src=\"https:\/\/appriou.bzh\/wp-content\/uploads\/2010\/05\/chapelles_traon_pcadastretraon.jpg\" \/><\/a><br \/>\n<span style=\"font-size: xx-small;\"><i>Situation cadastrale de la chapelle au Traon en 1842. Cliquez sur le plan<\/i><\/span><\/div>\n<p>La chapelle actuelle date du XVI\u00e8me si\u00e8cle. Elle appartenait \u00e0 cette \u00e9poque \u00e0 la famille de Kergadiou, propri\u00e9taire du manoir de Rannorgad. Ce dernier se trouve sur la hauteur \u00e0 environ un kilom\u00e8tre \u00e0 l&rsquo;est de l&rsquo;\u00e9difice. Aujourd&rsquo;hui, la chapelle appartient \u00e0 la paroisse, suite \u00e0 un don de sa derni\u00e8re propri\u00e9taire, Marie-Pierre Abjean-Joll\u00e9.<\/p>\n<div align=\"center\"><img decoding=\"async\" src=\"https:\/\/appriou.bzh\/wp-content\/uploads\/2010\/05\/chapelles_traon_vuegeneraletraonancien.jpg\" \/><br \/>\n<span style=\"font-size: xx-small;\"><i>Vue g\u00e9n\u00e9rale du Traon avant 1940 &#8211; Editions Gaby &#8211; CP Nadine le Borgne<\/i><\/span><\/div>\n<p><i><b><span style=\"color: blue;\">Le calvaire<\/span><\/b><\/i><br \/>\nLa chapelle se situe \u00e0 l&rsquo;int\u00e9rieur d&rsquo;un enclos dans lequel s&rsquo;\u00e9l\u00e8ve un calvaire dat\u00e9 de 1511. Ce calvaire en kersanton m\u00e9rite que l&rsquo;on s&rsquo;y arr\u00eate afin d&rsquo;observer les d\u00e9tails qui le ornent. Le socle repose sur quatre degr\u00e9s circulaires. Sur le premier degr\u00e9 est r\u00e9alis\u00e9 une corniche. Celle-ci, au ras de la terre, laisse supposer que le sol n&rsquo;a pas toujours \u00e9t\u00e9 \u00e0 ce niveau. cette observation est \u00e9tay\u00e9 par le chanoine P\u00e9rennes qui, lors de la r\u00e9daction de son ouvrage : \u00ab\u00a0Plouguerneau, une paroisse entre Manche et Oc\u00e9an\u00a0\u00bb parlait de cinq degr\u00e9s. Il est possible qu&rsquo;un deuxi\u00e8me lit de pierre soit enfouie sous terre. Ce type de monument servait entre-autre, \u00e0 recevoir des offrandes, le degr\u00e9 principal \u00e9tant celui sur lequel est sculpt\u00e9 la corniche.<br \/>\nLe socle cylindrique est chanfrein\u00e9, il porte une inscription, aujourd&rsquo;hui difficile \u00e0 lire. Celle-ci sculpt\u00e9e en relief comporte le nom des sculpteurs Toinas et Ponci. \u00ab\u00a0L&rsquo;Atlas des Croix et Calvaires du Finist\u00e8re\u00a0\u00bb de Yves-Pascal Castel propose la lecture suivante : <i>dessin d&rsquo;une \u00e9querre<\/i> IO : TOINAS, <i>dessin d&rsquo;un marteau<\/i> : H : PONCI : L AN MIL CINQ CANS XI.<br \/>\nUne des hypoth\u00e8ses de la pr\u00e9sence des \u00e9cots qui pars\u00e8ment le f\u00fbt, serait qu&rsquo;ils repr\u00e9sentent les bubons de la peste. Si l&rsquo;on en croit la date du socle (1511), les auteurs ne peuvent faire r\u00e9f\u00e9rence \u00e0 l&rsquo;\u00e9pid\u00e9mie de 1531-1532 encore moins \u00e0 celle de 1544 \u00e0 1546 qui firent des ravages dans la population bretonne. On sait cependant que de nombreux foyers d&rsquo;\u00e9pid\u00e9mies ont touch\u00e9 Quimper au XV\u00e8me si\u00e8cle (1412, 1472, 1480). Il est loin d&rsquo;\u00eatre prouv\u00e9 que l&rsquo;on y fasse r\u00e9f\u00e9rence. Il faut se rappeler que Toinas et Ponci sont d&rsquo;origine italienne. L&rsquo;Italie a \u00e9t\u00e9 touch\u00e9e de plein fouet par la peste noire au XIV\u00e8me si\u00e8cle avant de s&rsquo;\u00e9tendre \u00e0 l&rsquo;Europe enti\u00e8re. L&rsquo;\u00e9pid\u00e9mie tuera environ 25 millions de personnes en 5 ans soit de 30% \u00e0 50% de la population europ\u00e9enne. A cette \u00e9poque, les pratiques religieuses \u00e9voluent. Des groupes de flagellants se cr\u00e9\u00e9ent afin d&rsquo;expier les p\u00each\u00e9s devant l&rsquo;Apocalypse prochaine annonc\u00e9e par la maladie. La d\u00e9votion est \u00e0 son paroxisme. C&rsquo;est en signe de d\u00e9vouement qu&rsquo;apparaissent des bubons sur les f\u00fbts supportant la croix du Christ. Aucun document n&rsquo;atteste d&rsquo;\u00e9v\u00e8nements notables sur la commune de Plouguerneau en 1511. Cette date est peut-\u00eatre tout simplement celle de l&rsquo;\u00e9dification du calvaire.<br \/>\nUne seconde hypoth\u00e8se est qu&rsquo;il s&rsquo;agit des gourmands suite \u00e0 l&rsquo;\u00e9mondage d&rsquo;un arbre.<br \/>\nLa croix est pos\u00e9e sur un croisillon \u00e0 moulure. Sur la gauche on y trouve la Vierge. Sur l&rsquo;extr\u00e9mit\u00e9 du bras de soutien est sculpt\u00e9 l&rsquo;\u00e9cusson de la famille Le Moyne de Ranvlouch. Sur la droite on y trouve Saint Jean et \u00e0 l&rsquo;extr\u00e9mit\u00e9 du bras de soutien l&rsquo;\u00e9cusson des Le Moyne et Kergadiou.<br \/>\nAu dos de la croix est sculpt\u00e9 une pi\u00e8ta<\/p>\n<div align=\"center\">\n<table>\n<tbody>\n<tr>\n<td>\n<div align=\"center\"><img decoding=\"async\" title=\"Le Moyne\" src=\"https:\/\/appriou.bzh\/wp-content\/uploads\/2010\/05\/chapelles_traon_lemoyne.jpg\" \/><\/div>\n<div align=\"center\"><a href=\"https:\/\/appriou.bzh\/wp-content\/uploads\/2010\/05\/kegadiou.jpg\" target=\"_blank\" rel=\"attachment noopener wp-att-1692\"><img decoding=\"async\" class=\"alignnone wp-image-1692\" src=\"https:\/\/appriou.bzh\/wp-content\/uploads\/2010\/05\/kegadiou.jpg\" alt=\"\" width=\"203\" height=\"203\" \/><\/a><br \/>\n<a href=\"www.plouguerneaau.net\/IMG\/chapelles\/traon\/kegadiou.jpg\"><img decoding=\"async\" class=\"alignnone\" title=\"Kergadiou\" src=\"www.plouguerneaau.net\/IMG\/chapelles\/traon\/kegadiou.jpg\" alt=\"\" width=\"24\" height=\"24\" \/><\/a><span style=\"font-size: xx-small;\"><i>Le Moyne et Kergadiou<\/i><\/span><\/div>\n<\/td>\n<\/tr>\n<\/tbody>\n<\/table>\n<\/div>\n<p><i><b><span style=\"color: blue;\">La croix<\/span><\/b><\/i><br \/>\nLa petite croix qui couronne le chevet de la chapelle (au sud) a \u00e9t\u00e9 fix\u00e9e en 1963. Cette croix appartenait \u00e0 Jean-Fran\u00e7ois J\u00e9z\u00e9gou de Kergadavarn. Elle \u00e9tait pos\u00e9e \u00e0 l&rsquo;entr\u00e9e d&rsquo;un de ses champs au lieu dit \u00ab\u00a0ar vanell vud\u00a0\u00bb (la venelle muette). C&rsquo;est \u00e0 force d&rsquo;insistance que le chanoine Quill\u00e9v\u00e9r\u00e9 l&rsquo;obtient afin d&rsquo;orner la chapelle lors de sa restauration. <i>(cf : Croix et Calvaire de Plouguerneau &#8211; E.Guirriec)<\/i><\/p>\n<div align=\"center\"><img fetchpriority=\"high\" decoding=\"async\" src=\"https:\/\/appriou.bzh\/wp-content\/uploads\/2010\/05\/croix_t_traon1.jpg\" width=\"500\" height=\"333\" \/><\/div>\n<p><i><b><span style=\"color: blue;\">La fontaine<\/span><\/b><\/i><br \/>\nA l&rsquo;est de la chapelle se trouve une fontaine \u00e0 vo\u00fbte profonde. Il ne lui est pas reconnue de valeur th\u00e9rapeutique, et aucune l\u00e9gende ne circule autour de cette fontaine. De construction relativement simple, peu de fioritures ornent l&rsquo;\u00e9difice. On peut noter un fleuron de couronnement pos\u00e9 sur le pignon d\u00e9bordant arri\u00e8re. L&rsquo;eau de la fontaine se d\u00e9verse dans un lavoir, en contre-bas. Il y avait autrefois dans la fontaine un saint abb\u00e9 pos\u00e9 sur une tablette de pierre. Aujourd&rsquo;hui disparu, il n&rsquo;est pas possible, en l&rsquo;\u00e9tat, de dire de qui il s&rsquo;agissait, ni qui est concern\u00e9 par cette fontaine de d\u00e9votion. Ce que l&rsquo;on peut dire avec certitude, c&rsquo;est que des personnes viennent ici, effectuer un voeu en \u00e9change d&rsquo;une pi\u00e8ce de monnaie. Parions que ceux-ci se r\u00e9aliseront sous l&rsquo;oeil bienveillant de Notre Dame.<\/p>\n<div align=\"center\"><img decoding=\"async\" title=\"Le Moyne\" src=\"https:\/\/appriou.bzh\/wp-content\/uploads\/2010\/05\/chapelles_traon_traon2.jpg\" \/><\/div>\n<p><i><b><span style=\"color: blue;\">Les vitraux<\/span><\/b><\/i><\/p>\n<table width=\"100%\">\n<tbody>\n<tr>\n<td>\n<div align=\"center\"><img loading=\"lazy\" decoding=\"async\" src=\"https:\/\/appriou.bzh\/wp-content\/uploads\/2010\/05\/chapelles_traon_pvitrailest.jpg\" width=\"200\" height=\"260\" \/><br \/>\n<span style=\"font-size: small;\">Vitrail nord<\/span><\/div>\n<\/td>\n<td>\n<div align=\"center\"><img loading=\"lazy\" decoding=\"async\" src=\"https:\/\/appriou.bzh\/wp-content\/uploads\/2010\/05\/chapelles_traon_pvitrailsud.jpg\" width=\"184\" height=\"260\" \/><br \/>\n<span style=\"font-size: small;\">Vitrail est<\/span><\/div>\n<\/td>\n<td>\n<div align=\"center\"><img loading=\"lazy\" decoding=\"async\" src=\"https:\/\/appriou.bzh\/wp-content\/uploads\/2010\/05\/chapelles_traon_pvitrailnord.jpg\" width=\"150\" height=\"260\" \/><br \/>\n<span style=\"font-size: small;\">Vitrail ouest<\/span><\/div>\n<\/td>\n<\/tr>\n<tr>\n<td>\n<div align=\"center\"><img loading=\"lazy\" decoding=\"async\" src=\"https:\/\/appriou.bzh\/wp-content\/uploads\/2010\/05\/chapelles_traon_pvitrailouest.jpg\" width=\"200\" height=\"260\" \/><br \/>\n<span style=\"font-size: small;\">Vitrail sud<\/span><\/div>\n<\/td>\n<td><span style=\"font-size: small;\">Comme on peut le constater sur la photo de droite, prise en 1961, il n&rsquo;y avait pas de vitraux dans la chapelle, de simples fen\u00eatres. Les vitraux datent de 1964 et sont l&rsquo;oeuvre de J-P Bihan. <\/span><\/td>\n<td>\n<div align=\"center\"><img decoding=\"async\" src=\"https:\/\/appriou.bzh\/wp-content\/uploads\/2010\/05\/chapelles_traon_fenetretraon.jpg\" \/><\/div>\n<\/td>\n<\/tr>\n<\/tbody>\n<\/table>\n<p><i><b><span style=\"color: blue;\">Les statues<\/span><\/b><\/i><\/p>\n<div align=\"center\">\n<table>\n<tbody>\n<tr>\n<td><img loading=\"lazy\" decoding=\"async\" src=\"https:\/\/appriou.bzh\/wp-content\/uploads\/2010\/05\/chapelles_traon_MARIEP.jpg\" width=\"150\" height=\"240\" \/><\/td>\n<td><img loading=\"lazy\" decoding=\"async\" src=\"https:\/\/appriou.bzh\/wp-content\/uploads\/2010\/05\/chapelles_traon_ANNEP.jpg\" width=\"150\" height=\"240\" \/><\/td>\n<td><img loading=\"lazy\" decoding=\"async\" src=\"https:\/\/appriou.bzh\/wp-content\/uploads\/2010\/05\/chapelles_traon_SUZANNEP.jpg\" width=\"150\" height=\"240\" \/><\/td>\n<td><img loading=\"lazy\" decoding=\"async\" src=\"https:\/\/appriou.bzh\/wp-content\/uploads\/2010\/05\/chapelles_traon_FRANCOISP.jpg\" width=\"150\" height=\"240\" \/><\/td>\n<\/tr>\n<tr>\n<td><span style=\"font-size: small;\">Ste Marie<br \/>\n<span style=\"font-size: xx-small;\"><i>Bois polychrome<br \/>\nXVIII\u00e8me s.<\/i><\/span><\/span><\/td>\n<td><span style=\"font-size: small;\">Ste Anne<br \/>\n<span style=\"font-size: xx-small;\"><i>Kersanton polychrome<\/i><\/span><\/span><\/td>\n<td><span style=\"font-size: small;\">Ste Suzanne<br \/>\n<i><\/i><\/span><\/td>\n<td><span style=\"font-size: small;\">St Fran\u00e7ois d&rsquo;Assise<br \/>\n<i><\/i><\/span><\/td>\n<\/tr>\n<\/tbody>\n<\/table>\n<p>&nbsp;<\/p>\n<\/div>\n<p>&nbsp;<\/p>\n<div align=\"center\">\n<table>\n<tbody>\n<tr>\n<td><img decoding=\"async\" src=\"https:\/\/appriou.bzh\/wp-content\/uploads\/2010\/05\/chapelles_traon_EVP.jpg\" \/><\/td>\n<td><img decoding=\"async\" src=\"https:\/\/appriou.bzh\/wp-content\/uploads\/2010\/05\/chapelles_traon_EGYPTEP.jpg\" \/><\/td>\n<td><img decoding=\"async\" src=\"https:\/\/appriou.bzh\/wp-content\/uploads\/2010\/05\/chapelles_traon_F2P.jpg\" \/><\/td>\n<\/tr>\n<tr>\n<td><span style=\"font-size: small;\"><br \/>\n<i><\/i><\/span><\/td>\n<td><span style=\"font-size: small;\">La fuite en Egypte<br \/>\n<span style=\"font-size: xx-small;\"><i>Bois polychrome<br \/>\nXV ou XVI\u00e8me s.<\/i><\/span><\/span><\/td>\n<td><span style=\"font-size: small;\"><br \/>\n<i><\/i><\/span><\/td>\n<\/tr>\n<\/tbody>\n<\/table>\n<p>&nbsp;<\/p>\n<\/div>\n<p>&nbsp;<\/p>\n<p><i><b><span style=\"color: blue;\">Cantique de Notre Dame du Val : <\/span><\/b><\/i><\/p>\n<p><b>Chapel an Traon<\/b><\/p>\n<table>\n<tbody>\n<tr>\n<td width=\"300px\"><span style=\"font-size: small;\"><br \/>\nChapel an Trao\u00f1 &#8230;<br \/>\nchapel an Dour !<br \/>\nDour-eien ar feunteun<br \/>\nDa barea\u00f1 ar re gla\u00f1v gwechall.<br \/>\nO vont er poull-bihan hag er poull bras<br \/>\nDa walc&rsquo;hi\u00f1 an dilhad<br \/>\nHag er poull-lin<br \/>\n<\/span><\/td>\n<td><span style=\"font-size: small;\"><br \/>\nDa aoza\u00f1 d&rsquo;ar gwiader<br \/>\nD&rsquo;ober lien ha mezer<br \/>\nDour ar ganol<br \/>\nO lakaat tro e rod ar milino\u00f9<br \/>\n12 a oa ama\u00f1 !<br \/>\naraok mont en Aber-Ac&rsquo;h<br \/>\ne milin an aod.<br \/>\n<\/span><\/td>\n<\/tr>\n<\/tbody>\n<\/table>\n<p>Le texte ci-dessous est la description effectu\u00e9e par le Chanoine Henri P\u00e9renn\u00e8s dans son livre \u00ab\u00a0Plouguerneau, Une paroisse entre Manche et Oc\u00e9an\u00a0\u00bb<\/p>\n<p><b><span style=\"color: blue;\">Chapelle du Val (Chapel an Traon)<\/span><\/b><\/p>\n<div align=\"center\"><img decoding=\"async\" title=\"Le Moyne\" src=\"https:\/\/appriou.bzh\/wp-content\/uploads\/2010\/05\/chapelles_traon_traon1.jpg\" \/><br \/>\n<span style=\"font-size: xx-small;\"><b>Plouguerneau<\/b><br \/>\nUne paroisse entre Manche et Oc\u00e9an<br \/>\nChanoine Henri P\u00e9renn\u00e8s &#8211; 1941<\/span><\/div>\n<p>Dom Cyrille Le Pennec, dans la premi\u00e8re moiti\u00e9 du XVIIe Si\u00e8cle s&rsquo;est laiss\u00e9 prendre au charme de cette chapelle : \u00ab\u00a0Dans la paroisse de Plouguerneau, \u00e9crit-il, du cost\u00e9 du passage, l&rsquo;on aborde la devote chappelle de Nostre Dame du Val, bastie dans un vallon ; le lieu est extr\u00eamement pieux et agr\u00e9able, proche d&rsquo;un ruisseau et accommod\u00e9 de gentils jardinaiges. Vous diriez voir un hermitage , tant le s\u00e9jour et la demeure sont agr\u00e9ables !<br \/>\nLa petite chappelle est soigneusement entretenue et d\u00e9pend de la noble maison de Kergadiou (*) \u00bb.<br \/>\n<span style=\"font-size: xx-small;\"><i>(*) Kerdanet, Les Vies des Saints bretons, p. 516-517. <\/i><\/span><\/p>\n<p>Le sanctuaire du Val qui se trouve \u00e0 environ un kilom\u00e8tre du bourg de Plouguerneau est du XVIe si\u00e8cle : on lit en effet la date de 1572 sur la porte \u00e0 fronton de la long\u00e8re nord. II a \u00e9t\u00e9 restaur\u00e9 au XVIIIe si\u00e8cle, ainsi que l&rsquo;attestent les baies \u00e0 plein cintre et l&rsquo;inscription accompagn\u00e9e d&rsquo;un calice, qui figure \u00e0 la porte de la fa\u00e7ade sud :<\/p>\n<div align=\"center\"><b>1757. M : A : L : HAMON. C. <\/b><\/div>\n<p>Vingt ans auparavant avait \u00e9t\u00e9 \u00e9difi\u00e9 l&rsquo;arc-de- triomphe qui pr\u00e9c\u00e8de la chapelle du c\u00f4t\u00e9 nord, o\u00f9 on lit la date de 1738 au sommet d&rsquo;un bloc de kersanton encastr\u00e9 dans le massif de ma\u00e7onnerie, avec \u00e0 gauche un blason, \u00e0 droite un calice.<br \/>\nA l&rsquo;angle sud du pignon de la chapelle appara\u00eet un \u00e9cusson pr\u00e9sent\u00e9 par un gentilhomme en granit, offrant une coquille et trois fasces : ce serait, d&rsquo;apr\u00e8s M. Le Guennec, un mi-parti de Le Moyne et de Kergadiou.<br \/>\nIl y a trois autels dans la chapelle.<br \/>\nLe ma\u00eetre-autel en bois, qui est moderne, repose sur un large soubassement de granit. Le tabernacle qu&rsquo;il porte est surmont\u00e9 d&rsquo;une statue de la Vierge-M\u00e8re pr\u00e9sentant son Fils debout et mutil\u00e9. A gauche est assise dans une niche une Sainte Vierge gothique ; on voit \u00e0 droite un groupe en bois sculpt\u00e9 de la Fuite en Egypte : la Vierge on robe d&rsquo;or, drap\u00e9e d&rsquo;un manteau bleu, assise sur un \u00e2ne qui broute l&rsquo;herbe, porte son Enfant ; saint Joseph tout vieux a pr\u00e8s de lui un gentilhomme qui porte une bo\u00eete sous le bras. Un palmier, de son feuillage, au-dessus duquel figurent deux anges, prot\u00e8ge la Sainte Famille contre les ardeurs du soleil. Ce bas-relief tr\u00e8s curieux est surmont\u00e9 d&rsquo;un petit saint S\u00e9bastien.<br \/>\nA l&rsquo;angle de la paroi, du c\u00f4t\u00e9 de l&rsquo;Ep\u00eetre, dans une niche on aper\u00e7oit sainte Anne apprenant \u00e0 lire \u00e0 sa fille debout pr\u00e8s d&rsquo;elle : toutes deux ont une main pos\u00e9e sur le livre. Le haut de la niche est d\u00e9cor\u00e9 d&rsquo;une coquille de saint-Jacques surmont\u00e9e d&rsquo;un calice sculpt\u00e9.<br \/>\nPerpendiculaires au maitre-autel deux beaux autels en granit s&rsquo;appuient aux parois de la chapelle, ils re\u00e7oivent la lumi\u00e8re par des fen\u00eatres cintr\u00e9es et sont accompagn\u00e9es de cr\u00e9dences. Celui de droite porte un franciscain \u00e0 barbe, \u00e0 genoux, (un capucin\u00a0?) ouvrant son manteau et d\u00e9couvrant sa poitrine ; il regarde le ciel et semble en extase. Au-dessus de l&rsquo;autel est un animal \u00e0 t\u00eate d&rsquo;homme. &#8211; Faisant pendant \u00e0 ce religieux, se trouve sur l&rsquo;autre autel un franciscain sans barbe encapuchonn\u00e9, tenant les mains sur sa poitrine (saint Fran\u00e7ois d&rsquo;Assise ?) (*).<br \/>\n<span style=\"font-size: xx-small;\"><i>(*) Ces religieux rappellent, semble-t-il, les Cordeliers de l&rsquo;Ile-Vierge.<\/i><\/span><\/p>\n<p>On voit encore dans la chapelle deux vieilles statues. A droite un saint abb\u00e9 est soutenu par un socle orn\u00e9 d&rsquo;un calice, et qui porte l&rsquo;inscription gothique que voici :<\/p>\n<div align=\"center\"><b>V. M. F. Iezegou. p. a. faict faire<br \/>\nicelle ymage l&rsquo;an MVXXVI (*) <\/b><\/div>\n<p><span style=\"font-size: xx-small;\"><i>(*) \u00ab\u00a0V\u00e9n\u00e9rable messire Fran\u00e7ois Jez\u00e9gou pr\u00eatre a fait faire cette image l&rsquo;an 1526. \u00bb<\/i><\/span><br \/>\nA gauche une statue en pierre repr\u00e9sente sainte Suzanne, la chevelure retenue par un bandeau, tenant d&rsquo;une main un livre ouvert, de l&rsquo;autre un rouleau de parchemin. Le socle de la statue porte en gothique l&rsquo;inscription : <i>S. Sussanna ;<\/i> il est d\u00e9cor\u00e9 du blason des Le Moyne : <i>un croissant accompagn\u00e9 de trois coquilles<\/i>.<br \/>\nOn voit encore dans la chapelle une Vierge-M\u00e8re du XVIIe si\u00e8cle portant J\u00e9sus qui tient le globe terrestre.<br \/>\nLa chapelle, note M. de Kerdanet, fut r\u00e9par\u00e9e sous le rectorat de M. Rivoalen (1835-1865).<br \/>\nAu nord et dans le voisinage imm\u00e9diat du sanctuaire de Traon se dresse un calvaire dont le socle est form\u00e9 de cinq degr\u00e9s circulaires. Le f\u00fbt bossel\u00e9 soutient un groupe en kersanton du Christ crucifi\u00e9 avec \u00e0 l&rsquo;avers une <i>pi\u00e8ta<\/i>. Ce calvaire est dat\u00e9 de 1550.<br \/>\nAu midi de la chapelle se blottit la fontaine de d\u00e9votion, \u00e9dicule ma\u00e7onn\u00e9, avec une niche gothique qui abrite un saint abb\u00e9. L&rsquo;eau coule dans deux lavoirs et va se jeter dans le ruisseau qui ne cesse de chanter. Rien de plus po\u00e9tique.<br \/>\nLe pardon de N.-D. du Val est c\u00e9l\u00e9br\u00e9 le dimanche du Rosaire, par les v\u00eapres, accompagn\u00e9es d&rsquo;un sermon, qui y sont chant\u00e9es.<\/p>\n<div align=\"center\"><b>*<br \/>\n**<\/b><\/div>\n<p>&nbsp;<\/p>\n<div align=\"center\"><span style=\"font-size: xx-small;\">Dessin de M. Le Vicomte Frotier de de La Messeli\u00e8re<br \/>\nPlouguerneau<br \/>\nUne paroisse entre Manche et Oc\u00e9an<br \/>\nChanoine Henri P\u00e9renn\u00e8s &#8211; 1941<\/span><\/div>\n<p>&nbsp;<\/p>\n<p>Les seigneurs de Lesmel avaient jadis des pr\u00e9\u00e9minences dans notre chapelle.<br \/>\nLa pr\u00e9sentation des gouverneurs du Traon appartint successivement aux seigneurs de Ranorgat et de Coetlogon.<br \/>\nNos archives d\u00e9partementales poss\u00e8dent sur la chapelle du Val de nombreux documents qui couvrent la p\u00e9riode de 1609 \u00e0 1789. L&rsquo;un d&rsquo;eux mentionne \u00e0 la date du 5 mars 1678, la collation par le chapitre de L\u00e9on, de la chapellenie de Notre-Dame du Val vacante du fait de la mort de Guillaume Autret, pr\u00eatre, \u00e0 Fran\u00e7ois-Paul de Kergadiou, clerc tonsur\u00e9 du dioc\u00e8se de L\u00e9on.<br \/>\nLe 22 mars eut lieu la prise de possession. En pr\u00e9sence de son p\u00e8re Prigent de Kergadiou, seigneur de Tromabian et d&rsquo;autres parents et amis, le nouvel \u00e9lu fut intronis\u00e9 par Fran\u00e7ois Paul, recteur de Plouguerneau et Olivier Nuz, pr\u00eatre de Lannilis. Il assista \u00e0 la messe requise pour sa prise de possession, puis observa les rubriques traditionnelles, \u00ab\u00a0 baisa l&rsquo;autel, sonna la cloche, entra dans les maisons attach\u00e9es \u00e0 la dite \u00e9glise et d\u00e9pendances du dit gouvernement\u00a0\u00bb. Signent le proc\u00e8s-verbal : Jacquette-Ang\u00e9lique Le Roux, Jan Abernot pr\u00eatre, Prigent, Fran\u00e7ois, Gabriel de Kergadiou, Jouen de Kerouartz, Nuz pr\u00eatre et Paul recteur&#8230;(*)<br \/>\n<span style=\"font-size: xx-small;\"><i>(*) Arch. D\u00e9part. 192 g 35.<\/i><\/span><\/p>\n<div align=\"center\"><object id=\"tech\" width=\"500\" height=\"333\" classid=\"clsid:d27cdb6e-ae6d-11cf-96b8-444553540000\" codebase=\"http:\/\/fpdownload.macromedia.com\/pub\/shockwave\/cabs\/flash\/swflash.cab#version=6,0,0,0\" align=\"middle\"><param name=\"allowScriptAccess\" value=\"sameDomain\" \/><param name=\"movie\" value=\"http:\/\/www.plouguerneau.net\/IMG\/chapelles\/traon\/traon.swf\" \/><param name=\"quality\" value=\"high\" \/><embed src=\"http:\/\/www.plouguerneau.net\/IMG\/chapelles\/traon\/traon.swf\" quality=\"high\" width=\"500\" height=\"333\" name=\"tech\" align=\"middle\" allowscriptaccess=\"sameDomain\" type=\"application\/x-shockwave-flash\" pluginspage=\"http:\/\/www.macromedia.com\/go\/getflashplayer\" \/><\/object><\/div>\n<p>&nbsp;<\/p>\n<\/div>\n","protected":false},"excerpt":{"rendered":"<p>A quelques encablures d&rsquo;un bras de l&rsquo;Aber Wrac&rsquo;h, se trouve une chapelle pos\u00e9e sur un \u00e9crin de verdure. Il s&rsquo;agit de Notre Dame du Val, appel\u00e9e \u00e9galement Chapelle du Traon. [&hellip;]<\/p>\n","protected":false},"author":4,"featured_media":0,"parent":0,"menu_order":0,"comment_status":"closed","ping_status":"open","template":"","meta":{"ngg_post_thumbnail":0,"_EventAllDay":false,"_EventTimezone":"","_EventStartDate":"","_EventEndDate":"","_EventStartDateUTC":"","_EventEndDateUTC":"","_EventShowMap":false,"_EventShowMapLink":false,"_EventURL":"","_EventCost":"","_EventCostDescription":"","_EventCurrencySymbol":"","_EventCurrencyCode":"","_EventCurrencyPosition":"","_EventDateTimeSeparator":"","_EventTimeRangeSeparator":"","_EventOrganizerID":[],"_EventVenueID":[],"_OrganizerEmail":"","_OrganizerPhone":"","_OrganizerWebsite":"","_VenueAddress":"","_VenueCity":"","_VenueCountry":"","_VenueProvince":"","_VenueState":"","_VenueZip":"","_VenuePhone":"","_VenueURL":"","_VenueStateProvince":"","_VenueLat":"","_VenueLng":"","_VenueShowMap":false,"_VenueShowMapLink":false,"footnotes":""},"categories":[42],"tags":[],"class_list":["post-4026","page","type-page","status-publish","hentry","category-eglises-et-chapelles"],"_links":{"self":[{"href":"https:\/\/appriou.bzh\/index.php\/wp-json\/wp\/v2\/pages\/4026","targetHints":{"allow":["GET"]}}],"collection":[{"href":"https:\/\/appriou.bzh\/index.php\/wp-json\/wp\/v2\/pages"}],"about":[{"href":"https:\/\/appriou.bzh\/index.php\/wp-json\/wp\/v2\/types\/page"}],"author":[{"embeddable":true,"href":"https:\/\/appriou.bzh\/index.php\/wp-json\/wp\/v2\/users\/4"}],"replies":[{"embeddable":true,"href":"https:\/\/appriou.bzh\/index.php\/wp-json\/wp\/v2\/comments?post=4026"}],"version-history":[{"count":0,"href":"https:\/\/appriou.bzh\/index.php\/wp-json\/wp\/v2\/pages\/4026\/revisions"}],"wp:attachment":[{"href":"https:\/\/appriou.bzh\/index.php\/wp-json\/wp\/v2\/media?parent=4026"}],"wp:term":[{"taxonomy":"category","embeddable":true,"href":"https:\/\/appriou.bzh\/index.php\/wp-json\/wp\/v2\/categories?post=4026"},{"taxonomy":"post_tag","embeddable":true,"href":"https:\/\/appriou.bzh\/index.php\/wp-json\/wp\/v2\/tags?post=4026"}],"curies":[{"name":"wp","href":"https:\/\/api.w.org\/{rel}","templated":true}]}}