{"id":404,"date":"2011-09-22T13:37:45","date_gmt":"2011-09-22T11:37:45","guid":{"rendered":"https:\/\/plouguerneau.net\/saint-gabriel\/"},"modified":"2025-01-27T10:05:13","modified_gmt":"2025-01-27T09:05:13","slug":"saint-gabriel","status":"publish","type":"page","link":"https:\/\/appriou.bzh\/index.php\/saint-gabriel\/","title":{"rendered":"Saint Gabriel"},"content":{"rendered":"<div align=\"center\"><span style=\"font-size: medium;\"><span style=\"color: blue;\"><b>SAINT GABRIEL<br \/>\nArchange<\/b><\/span><\/span><\/div>\n<p>&nbsp;<\/p>\n<table>\n<tbody>\n<tr>\n<td width=\"70%\">&nbsp;<\/p>\n<div align=\"justify\">\u00a0\u00bb Je vous salue Marie, pleine de Gr\u00e2ces<br \/>\nLe Seigneur est avec vous,<br \/>\nVous \u00eates b\u00e9nie entre toutes les femmes,<br \/>\nEt JESUS, le fruit de vos entrailles est<br \/>\nb\u00e9ni.\u00a0\u00bb\u00b7<\/p>\n<p>\u00a0\u00bb Seigneur Dieu, pour annoncer le myst\u00e8re de votre Incarnation, vous avez, parmi tous les autres anges, choisi l&rsquo;Archange GABRIEL.<br \/>\nAccordez nous la gr\u00e2ce d&rsquo;\u00e9prouver les bienfaits de sa protection \u00a0\u00bb<\/p>\n<p>\u00ab\u00a0Force de Dieu\u00a0\u00bb et \u00ab\u00a0Messager de l&rsquo;Incarnation\u00a0\u00bb, l&rsquo;Archange GABRIEL est l&rsquo;un des 7 archanges qui sont toujours devant le tr\u00f4ne de Dieu, ainsi que lui-m\u00eame l&rsquo;a dit \u00e0 Zacharie, dans Saint-Luc. Dieu lui confie les missions qui concernent plus directement le salut des hommes par l&rsquo;Incarnation.<\/p><\/div>\n<\/td>\n<td>\n<div align=\"center\"><img decoding=\"async\" title=\"Saint Gabriel\" src=\"https:\/\/appriou.bzh\/wp-content\/uploads\/2010\/10\/petitssaints_stgabriel.jpg\" \/><\/div>\n<\/td>\n<\/tr>\n<\/tbody>\n<\/table>\n<p>Il avait d\u00e9j\u00e0 annonc\u00e9 au proph\u00e8te DANIEL la venue des temps messianiques. Il lui avait appris la succession des 4 royaumes qui devaient pr\u00e9c\u00e9der la venue du Messie et les 70 semaines d&rsquo;ann\u00e9es qui devaient s&rsquo;\u00e9couler encore avant sa naissance. Il avait confi\u00e9 aussi \u00e0 DANIEL que MICHEL, le premier des Princes, \u00e9tait le protecteur du peuple choisi et qu&rsquo; il viendrait \u00e0 la fin des temps pour le soutenir.<\/p>\n<p>Au temps d&rsquo; HERODE, un ange du Seigneur apparut \u00e0 un pr\u00eatre, du nom de Zacharie, \u00e9poux d&rsquo;Elizabeth et lui annon\u00e7a que sa femme devait enfanter et qu&rsquo; il devait lui donner le nom de Jean. Il lui pr\u00e9cisa . \u00ab\u00a0Il sera grand devant le Seigneur &#8230;Il sera rempli de l&rsquo;Esprit Saint, d\u00e8s le sein de sa m\u00e8re et il ram\u00e8nera de nombreux fils d&rsquo;Isra\u00ebl au Seigneur \u00a0\u00bb Et l&rsquo;ange se fit conna\u00eetre . \u00ab\u00a0Je suis Gabriel, qui me tiens devant Dieu , et j&rsquo;ai \u00e9t\u00e9 envoy\u00e9 pour te parler et t&rsquo;annoncer cette bonne nouvelle &#8230;\u00a0\u00bb<\/p>\n<p>Mais GABRIEL est surtout le messager de l&rsquo;Incarnation.<\/p>\n<p>St- Luc raconte : le 6\u00e8me mois \u00e0 dater de la conception de Jean-Baptiste, l&rsquo;ange GABRIEL fut envoy\u00e9 par Dieu dans une ville de Galil\u00e9e du nom de Nazareth, \u00e0 une vierge, fianc\u00e9e \u00e0 un homme du nom de Joseph, de la famille de David, et le nom de la vierge \u00e9tait Marie. &#8230;Il entra et lui dit . \u00ab\u00a0R\u00e9jouis-toi, combl\u00e9e de gr\u00e2ce, le Seigneur est avec toi.\u00a0\u00bb Chaque Chr\u00e9tien conna\u00eet les \u00e9lans sublimes de la Visitation et l&rsquo;acceptation de Marie \u00ab\u00a0Je suis la servante du Seigneur, qu&rsquo;il m&rsquo;advienne selon Ta Parole\u00a0\u00bb<\/p>\n<p>On s&rsquo;est demand\u00e9 pourquoi Dieu avait choisi GABRIEL pour faire \u00e0 Marie cette proposition dont d\u00e9pendait la victoire de l&rsquo;humanit\u00e9 sur le d\u00e9mon&#8230;St Gr\u00e9goire pensait que l&rsquo;Incarnation est un myst\u00e8re si sublime que Dieu y a employ\u00e9 toute la force de son bras et qu&rsquo;il appartenait donc \u00e0, l&rsquo;ange GABRIEL, dont le nom signifie \u00ab\u00a0la force de Dieu\u00a0\u00bb d&rsquo;\u00eatre le n\u00e9gociateur de cette grande entreprise . Par son Fiat et son acceptation du dessein divin, Marie a r\u00e9pondu avec Foi et humilit\u00e9 \u00e0 l&rsquo;attente de toute l&rsquo;humanit\u00e9.<\/p>\n<p>GABRIEL appara\u00eet dans les nombreuses figurations de l&rsquo;Annonciation, v\u00eatu d&rsquo;une robe blanche ou d&rsquo;une dalmatique de diacre, tenant un b\u00e2ton, un sceptre ou une branche de lys. Sa statuette, parmi les petits Saints de Plouguerneau, le repr\u00e9sente avec un v\u00eatement garni d&rsquo;\u00e9toiles, portant de la main gauche ce qui semble \u00eatre une branche d&rsquo; (olivier ?) et levant haut le bras droit, en signe de salutation.<\/p>\n<p>Texte de <b>No\u00ebl L&rsquo;Hour<\/b><\/p>\n","protected":false},"excerpt":{"rendered":"<p>SAINT GABRIEL Archange &nbsp; &nbsp; \u00a0\u00bb Je vous salue Marie, pleine de Gr\u00e2ces Le Seigneur est avec vous, Vous \u00eates b\u00e9nie entre toutes les femmes, Et JESUS, le fruit de [&hellip;]<\/p>\n","protected":false},"author":4,"featured_media":188,"parent":0,"menu_order":0,"comment_status":"closed","ping_status":"open","template":"","meta":{"ngg_post_thumbnail":0,"_EventAllDay":false,"_EventTimezone":"","_EventStartDate":"","_EventEndDate":"","_EventStartDateUTC":"","_EventEndDateUTC":"","_EventShowMap":false,"_EventShowMapLink":false,"_EventURL":"","_EventCost":"","_EventCostDescription":"","_EventCurrencySymbol":"","_EventCurrencyCode":"","_EventCurrencyPosition":"","_EventDateTimeSeparator":"","_EventTimeRangeSeparator":"","_EventOrganizerID":[],"_EventVenueID":[],"_OrganizerEmail":"","_OrganizerPhone":"","_OrganizerWebsite":"","_VenueAddress":"","_VenueCity":"","_VenueCountry":"","_VenueProvince":"","_VenueState":"","_VenueZip":"","_VenuePhone":"","_VenueURL":"","_VenueStateProvince":"","_VenueLat":"","_VenueLng":"","_VenueShowMap":false,"_VenueShowMapLink":false,"footnotes":""},"categories":[44],"tags":[],"class_list":["post-404","page","type-page","status-publish","has-post-thumbnail","hentry","category-les-petits-saints"],"_links":{"self":[{"href":"https:\/\/appriou.bzh\/index.php\/wp-json\/wp\/v2\/pages\/404","targetHints":{"allow":["GET"]}}],"collection":[{"href":"https:\/\/appriou.bzh\/index.php\/wp-json\/wp\/v2\/pages"}],"about":[{"href":"https:\/\/appriou.bzh\/index.php\/wp-json\/wp\/v2\/types\/page"}],"author":[{"embeddable":true,"href":"https:\/\/appriou.bzh\/index.php\/wp-json\/wp\/v2\/users\/4"}],"replies":[{"embeddable":true,"href":"https:\/\/appriou.bzh\/index.php\/wp-json\/wp\/v2\/comments?post=404"}],"version-history":[{"count":0,"href":"https:\/\/appriou.bzh\/index.php\/wp-json\/wp\/v2\/pages\/404\/revisions"}],"wp:featuredmedia":[{"embeddable":true,"href":"https:\/\/appriou.bzh\/index.php\/wp-json\/wp\/v2\/media\/188"}],"wp:attachment":[{"href":"https:\/\/appriou.bzh\/index.php\/wp-json\/wp\/v2\/media?parent=404"}],"wp:term":[{"taxonomy":"category","embeddable":true,"href":"https:\/\/appriou.bzh\/index.php\/wp-json\/wp\/v2\/categories?post=404"},{"taxonomy":"post_tag","embeddable":true,"href":"https:\/\/appriou.bzh\/index.php\/wp-json\/wp\/v2\/tags?post=404"}],"curies":[{"name":"wp","href":"https:\/\/api.w.org\/{rel}","templated":true}]}}