{"id":4075,"date":"2023-03-23T08:48:25","date_gmt":"2023-03-23T07:48:25","guid":{"rendered":"https:\/\/plouguerneau.net\/?p=4075"},"modified":"2025-01-27T09:57:16","modified_gmt":"2025-01-27T08:57:16","slug":"la-saga-des-goemoniers-de-plouguerneau-a-lile-callot","status":"publish","type":"page","link":"https:\/\/appriou.bzh\/index.php\/la-saga-des-goemoniers-de-plouguerneau-a-lile-callot\/","title":{"rendered":"La saga des go\u00e9moniers de Plouguerneau \u00e0 l\u2019\u00eele Callot"},"content":{"rendered":"\n\n\n<p>\u00c0 la fin du 19\u00e8me si\u00e8cle, le littoral du pays des abers est surpeupl\u00e9. Pour les go\u00e9moniers, la vie est rude et le travail harassant. Les possibilit\u00e9s de gagner des revenus suffisants pour assurer l\u2019existence et nourrir les familles, souvent nombreuses, s\u2019amenuisent.<br>Les champs de laminaires locaux sont devenus surexploit\u00e9s. \u00c0 la r\u00e9colte s&rsquo;ajoutent sur les gr\u00e8ves et les dunes la pr\u00e9paration et la transformation de la mati\u00e8re premi\u00e8re qui r\u00e9clament une main d\u2019\u0153uvre abondante. Pour ce faire, d\u00e8s que leur \u00e2ge le permet, tous les membres de la famille sont mis \u00e0 contribution en fonction de leurs capacit\u00e9s physiques.<br>La ressource devenant insuffisante, la recherche de nouveaux secteurs de cueillette s\u2019impose. Durant plusieurs mois de l\u2019ann\u00e9e, certains go\u00e9moniers partent vers l&rsquo;archipel de Mol\u00e8ne. D\u2019autres portent leurs espoirs vers les \u00eeles du Haut-L\u00e9on et du Tr\u00e9gor.<\/p>\n\n\n\n<p><strong>la suite de l&rsquo;article au format PDF <\/strong><\/p>\n\n\n\n<div data-wp-interactive=\"core\/file\" class=\"wp-block-file\"><object data-wp-bind--hidden=\"!state.hasPdfPreview\" hidden class=\"wp-block-file__embed\" data=\"https:\/\/plouguerneau.net\/wp-content\/uploads\/2023\/03\/20230318_goemoniers-callot.pdf\" type=\"application\/pdf\" style=\"width:100%;height:600px\" aria-label=\"Contenu embarqu\u00e9 La saga des go\u00e9moniers de Plouguerneau \u00e0 l\u2019\u00eele Callot.\"><\/object><a id=\"wp-block-file--media-2457d382-acc6-414e-8721-394bdc832783\" href=\"https:\/\/plouguerneau.net\/wp-content\/uploads\/2023\/03\/20230318_goemoniers-callot.pdf\">La saga des go\u00e9moniers de Plouguerneau \u00e0 l\u2019\u00eele Callot<\/a><a href=\"https:\/\/plouguerneau.net\/wp-content\/uploads\/2023\/03\/20230318_goemoniers-callot.pdf\" class=\"wp-block-file__button wp-element-button\" download aria-describedby=\"wp-block-file--media-2457d382-acc6-414e-8721-394bdc832783\">T\u00e9l\u00e9charger<\/a><\/div>\n","protected":false},"excerpt":{"rendered":"<p>\u00c0 la fin du 19\u00e8me si\u00e8cle, le littoral du pays des abers est surpeupl\u00e9. Pour les go\u00e9moniers, la vie est rude et le travail harassant. Les possibilit\u00e9s de gagner des [&hellip;]<\/p>\n","protected":false},"author":8,"featured_media":4083,"parent":0,"menu_order":0,"comment_status":"open","ping_status":"open","template":"","meta":{"ngg_post_thumbnail":0,"_EventAllDay":false,"_EventTimezone":"","_EventStartDate":"","_EventEndDate":"","_EventStartDateUTC":"","_EventEndDateUTC":"","_EventShowMap":false,"_EventShowMapLink":false,"_EventURL":"","_EventCost":"","_EventCostDescription":"","_EventCurrencySymbol":"","_EventCurrencyCode":"","_EventCurrencyPosition":"","_EventDateTimeSeparator":"","_EventTimeRangeSeparator":"","_EventOrganizerID":[],"_EventVenueID":[],"_OrganizerEmail":"","_OrganizerPhone":"","_OrganizerWebsite":"","_VenueAddress":"","_VenueCity":"","_VenueCountry":"","_VenueProvince":"","_VenueState":"","_VenueZip":"","_VenuePhone":"","_VenueURL":"","_VenueStateProvince":"","_VenueLat":"","_VenueLng":"","_VenueShowMap":false,"_VenueShowMapLink":false,"footnotes":""},"categories":[150],"tags":[318,320,46],"class_list":["post-4075","page","type-page","status-publish","has-post-thumbnail","hentry","category-histoire-18e-et-19e-siecle","tag-callot","tag-goemon","tag-plouguerneau"],"_links":{"self":[{"href":"https:\/\/appriou.bzh\/index.php\/wp-json\/wp\/v2\/pages\/4075","targetHints":{"allow":["GET"]}}],"collection":[{"href":"https:\/\/appriou.bzh\/index.php\/wp-json\/wp\/v2\/pages"}],"about":[{"href":"https:\/\/appriou.bzh\/index.php\/wp-json\/wp\/v2\/types\/page"}],"author":[{"embeddable":true,"href":"https:\/\/appriou.bzh\/index.php\/wp-json\/wp\/v2\/users\/8"}],"replies":[{"embeddable":true,"href":"https:\/\/appriou.bzh\/index.php\/wp-json\/wp\/v2\/comments?post=4075"}],"version-history":[{"count":0,"href":"https:\/\/appriou.bzh\/index.php\/wp-json\/wp\/v2\/pages\/4075\/revisions"}],"wp:featuredmedia":[{"embeddable":true,"href":"https:\/\/appriou.bzh\/index.php\/wp-json\/wp\/v2\/media\/4083"}],"wp:attachment":[{"href":"https:\/\/appriou.bzh\/index.php\/wp-json\/wp\/v2\/media?parent=4075"}],"wp:term":[{"taxonomy":"category","embeddable":true,"href":"https:\/\/appriou.bzh\/index.php\/wp-json\/wp\/v2\/categories?post=4075"},{"taxonomy":"post_tag","embeddable":true,"href":"https:\/\/appriou.bzh\/index.php\/wp-json\/wp\/v2\/tags?post=4075"}],"curies":[{"name":"wp","href":"https:\/\/api.w.org\/{rel}","templated":true}]}}