{"id":4159,"date":"2023-04-13T08:24:36","date_gmt":"2023-04-13T06:24:36","guid":{"rendered":"https:\/\/plouguerneau.net\/?p=4159"},"modified":"2025-01-27T09:57:16","modified_gmt":"2025-01-27T08:57:16","slug":"bihannic-de-guiquerneau-et-de-tromenec","status":"publish","type":"page","link":"https:\/\/appriou.bzh\/index.php\/bihannic-de-guiquerneau-et-de-tromenec\/","title":{"rendered":"Bihannic de Guiquerneau et de Tromenec"},"content":{"rendered":"\n<p><strong>Notes sur le parcours d&rsquo;une famille noble du pays des Abers du 16\u00e8me au 20\u00e8me si\u00e8cle<\/strong><br><\/p>\n\n\n\n<p>Messire Olivier Bihannic, seigneur de Guiquerneau et d\u2019autres lieux, fut inhum\u00e9 en l\u2019\u00e9glise de Plouguerneau le 22 janvier 1721, en pr\u00e9sence de Messieurs de Penquer, du Mouster, de Lesmel et de plusieurs autres. Il \u00e9tait d\u00e9c\u00e9d\u00e9 le jour pr\u00e9c\u00e9dent en son manoir de Guiquerneau, situ\u00e9 \u00e0 proximit\u00e9 du bourg paroissial.<br>Du 22 au 26 avril de cette m\u00eame ann\u00e9e, on vaqua \u00e0 l\u2019inventaire des biens mobiliers et effets laiss\u00e9s par le d\u00e9funt.<br>La proc\u00e9dure faisait suite \u00e0 l\u2019ordonnance rendue par la Cour royale de Lesneven qui avait d\u00e9sign\u00e9 la dame de Guiquerneau, Catherine de Keroulas, comme tutrice de Yves son fils mineur. Il \u00e9tait l\u2019unique survivant des enfants n\u00e9s de son union avec le sieur de Guiquerneau, apr\u00e8s leur mariage qui avait \u00e9t\u00e9 c\u00e9l\u00e9br\u00e9 en l\u2019\u00e9glise des Sept-Saints \u00e0 Brest en novembre 1713.<\/p>\n\n\n\n<p>L&rsquo;article complet au format PDF et t\u00e9l\u00e9chargeable.<\/p>\n\n\n\n<div data-wp-interactive=\"core\/file\" class=\"wp-block-file\"><object data-wp-bind--hidden=\"!state.hasPdfPreview\" hidden class=\"wp-block-file__embed\" data=\"https:\/\/plouguerneau.net\/wp-content\/uploads\/2023\/04\/20230411_bihannic-de-guikerneau.pdf\" type=\"application\/pdf\" style=\"width:100%;height:600px\" aria-label=\"Contenu embarqu\u00e9 Bihannic de Guiquerneau et de Tromenec.\"><\/object><a id=\"wp-block-file--media-4e117ce7-4af7-4106-982c-0c05592f6631\" href=\"https:\/\/plouguerneau.net\/wp-content\/uploads\/2023\/04\/20230411_bihannic-de-guikerneau.pdf\">Bihannic de Guiquerneau et de Tromenec<\/a><a href=\"https:\/\/plouguerneau.net\/wp-content\/uploads\/2023\/04\/20230411_bihannic-de-guikerneau.pdf\" class=\"wp-block-file__button wp-element-button\" download aria-describedby=\"wp-block-file--media-4e117ce7-4af7-4106-982c-0c05592f6631\">T\u00e9l\u00e9charger<\/a><\/div>\n","protected":false},"excerpt":{"rendered":"<p>Notes sur le parcours d&rsquo;une famille noble du pays des Abers du 16\u00e8me au 20\u00e8me si\u00e8cle Messire Olivier Bihannic, seigneur de Guiquerneau et d\u2019autres lieux, fut inhum\u00e9 en l\u2019\u00e9glise de [&hellip;]<\/p>\n","protected":false},"author":8,"featured_media":4161,"parent":0,"menu_order":0,"comment_status":"open","ping_status":"open","template":"","meta":{"ngg_post_thumbnail":0,"_EventAllDay":false,"_EventTimezone":"","_EventStartDate":"","_EventEndDate":"","_EventStartDateUTC":"","_EventEndDateUTC":"","_EventShowMap":false,"_EventShowMapLink":false,"_EventURL":"","_EventCost":"","_EventCostDescription":"","_EventCurrencySymbol":"","_EventCurrencyCode":"","_EventCurrencyPosition":"","_EventDateTimeSeparator":"","_EventTimeRangeSeparator":"","_EventOrganizerID":[],"_EventVenueID":[],"_OrganizerEmail":"","_OrganizerPhone":"","_OrganizerWebsite":"","_VenueAddress":"","_VenueCity":"","_VenueCountry":"","_VenueProvince":"","_VenueState":"","_VenueZip":"","_VenuePhone":"","_VenueURL":"","_VenueStateProvince":"","_VenueLat":"","_VenueLng":"","_VenueShowMap":false,"_VenueShowMapLink":false,"footnotes":""},"categories":[150],"tags":[322,46],"class_list":["post-4159","page","type-page","status-publish","has-post-thumbnail","hentry","category-histoire-18e-et-19e-siecle","tag-guiquerneau","tag-plouguerneau"],"_links":{"self":[{"href":"https:\/\/appriou.bzh\/index.php\/wp-json\/wp\/v2\/pages\/4159","targetHints":{"allow":["GET"]}}],"collection":[{"href":"https:\/\/appriou.bzh\/index.php\/wp-json\/wp\/v2\/pages"}],"about":[{"href":"https:\/\/appriou.bzh\/index.php\/wp-json\/wp\/v2\/types\/page"}],"author":[{"embeddable":true,"href":"https:\/\/appriou.bzh\/index.php\/wp-json\/wp\/v2\/users\/8"}],"replies":[{"embeddable":true,"href":"https:\/\/appriou.bzh\/index.php\/wp-json\/wp\/v2\/comments?post=4159"}],"version-history":[{"count":0,"href":"https:\/\/appriou.bzh\/index.php\/wp-json\/wp\/v2\/pages\/4159\/revisions"}],"wp:featuredmedia":[{"embeddable":true,"href":"https:\/\/appriou.bzh\/index.php\/wp-json\/wp\/v2\/media\/4161"}],"wp:attachment":[{"href":"https:\/\/appriou.bzh\/index.php\/wp-json\/wp\/v2\/media?parent=4159"}],"wp:term":[{"taxonomy":"category","embeddable":true,"href":"https:\/\/appriou.bzh\/index.php\/wp-json\/wp\/v2\/categories?post=4159"},{"taxonomy":"post_tag","embeddable":true,"href":"https:\/\/appriou.bzh\/index.php\/wp-json\/wp\/v2\/tags?post=4159"}],"curies":[{"name":"wp","href":"https:\/\/api.w.org\/{rel}","templated":true}]}}