{"id":416,"date":"2017-07-02T09:29:28","date_gmt":"2017-07-02T07:29:28","guid":{"rendered":"https:\/\/plouguerneau.net\/circuit-n3-156-km\/"},"modified":"2025-01-15T19:25:02","modified_gmt":"2025-01-15T18:25:02","slug":"circuit-n3-156-km","status":"publish","type":"page","link":"https:\/\/appriou.bzh\/index.php\/circuit-n3-156-km\/","title":{"rendered":"Circuit 03 (15,6 km)"},"content":{"rendered":"<p>Erik et DomD proposent des parcours de randonn\u00e9e \u00e0 travers Plouguerneau.<\/p>\n<p><b>Circuit n\u00b03<\/b> : <i>Pour mieux visualiser la carte, voici la R\u00e9f\u00e9rence Open Runner : <a href=\"http:\/\/www.openrunner.com\/index.php?id=1231060\" target=blank>1231060<\/a><\/i><\/p>\n<p>Distance : 15.605 (km) <br \/>\nAltitude min. : 47 (m) <br \/>\nAltitude max. : 67 (m) <br \/>\nActivit\u00e9 : Randonn\u00e9e p\u00e9destre<br \/>\nDifficult\u00e9 : Basse<br \/>\nType de sol : Chemin<br \/>\nParcours balis\u00e9 : Non <\/p>\n<p>Pour r\u00e9aliser ce circuit nous vous conseillons de vous munir de la carte IGN Plouguerneau Les Abers &#8211; IGN 0416ET ou de vous munir de la carte de l&rsquo;association vendue 2\u20ac  \u00e0 l&rsquo;office du tourisme et dans certains commerces.<\/p>\n<div align=center>\n<a href=\"https:\/\/appriou.bzh\/wp-content\/uploads\/2017\/07\/parcours_carte33.jpg\" target=blank><img decoding=\"async\" src=\"https:\/\/appriou.bzh\/wp-content\/uploads\/2017\/07\/parcours_carte33p.jpg\"><\/a><br \/>\n<i>Cliquer sur la carte pour l&rsquo;agrandir<\/i><\/div>\n<p><b>(boucle n\u00b0 3 &#8211; 15,605 km)<\/b><br \/>\nPlouguerneau (<i>Plougerne<\/i>)<\/b><br \/>\n(d\u00e9part zone du artisanale du <b>Hellez<\/b>)<\/p>\n<table>\n<tr>\n<td><font size=2>parking du <b>Hellez<\/b> (zone artisanale) proche (<b>D10<\/b>), (<b>P10<\/b>)<\/td>\n<td><font size=2>Latitude  48\u00b036&rsquo;24.30&Prime;N<\/td>\n<td><font size=2>Longitude  4\u00b029&rsquo;44.26&Prime;O<\/td>\n<\/tr>\n<tr>\n<td><font size=2>parking du <b>Grouanec (P9)<\/b><\/td>\n<td><font size=2>Latitude  48\u00b059&rsquo;17.64&Prime;N<\/td>\n<td><font size=2>Longitude  4\u00b046&rsquo;25.06&Prime;O <\/td>\n<\/tr>\n<\/table>\n<p>\n<b>d\u00e9part<\/b> du <b>parking du Hellez<\/b>, (antenne relais), (<b>P10<\/b>).<br \/>\nprendre le chemin qui descend vers lieu-dit : Le <b>Carpont<\/b>, tourner \u00e0 gauche par le chemin qui monte lieu-dit : <b>Rann-Enezi<\/b>.<br \/>\nTraverser la petite route afin d&rsquo;arriver \u00e0 un \u00e9levage et un grand silo sur la gauche, tourner \u00e0 droite  lieu-dit : <b>Gweleran<\/b>.<br \/>\nTourner \u00e0 quelques m\u00e8tres \u00e0 gauche vers un b\u00e2timent de stockage<br \/>\ncontinuer sur ce chemin gravillonn\u00e9 un b\u00e2timent agricole et une croix se trouve sur la droite, passer devant, suivre le chemin<br \/>\npuis continuer c\u00f4t\u00e9 droit sur environ 100m, (<i>le chemin de droite est sans issue en 2011, projet de le r\u00e9habiliter)<\/i>.<br \/>\njusqu\u2019\u00e0 la (<b>D32<\/b>), une croix se trouve de l\u2019autre c\u00f4t\u00e9 gauche de la route \u00e0 traverser afin de continuer tout droit par une route.<br \/>\nArriver au  lieu-dit : <b>Kerili<\/b>, une chapelle priv\u00e9e se trouve sous le lierre dans le champs en face).<br \/>\nprendre le chemin sur la gauche afin d\u2019arriver sur une route au lieu-dit : <b>Ty-Koz<\/b>, <br \/>\ntourner \u00e0 gauche par la route jusqu\u2019\u00e0 la (<b>D32<\/b>) un peu plus loin.<br \/>\nau stop, tourner \u00e0 droite, puis encore \u00e0 droite vers la direction du <b>Diouris\/Plouvien<\/b> sur 100m.<br \/>\ntourner \u00e0 ensuite gauche lieu-dit : <b>Mesfalette<\/b>, pour arriver dans un petit chemin qui ram\u00e8nera sur la (<b>D32<\/b>).<br \/>\ntourner \u00e0 droite afin d\u2019arriver au parking du <b>Gouanec (P9)<\/b>.<\/p>\n<p>Du parking du bourg du <b>Grouanec : (P9)<\/b><br \/>\nau niveau du cimeti\u00e8re, prendre le chemin sur la partie gauche, au niveau du bar (chemin herbeux) .<br \/>\ncontinuer jusqu\u2019\u00e0 une route en ignorant le 1er chemin rencontr\u00e9 sur la gauche.<br \/>\ntourner \u00e0 gauche sur quelques m\u00e8tres et emprunter le chemin de droite au niveau d\u2019un virage.<br \/>\narriv\u00e9 sur une petite route, bifurquer \u00e0 gauche sur quelques dizaines de m\u00e8tres puis emprunter le chemin de droite.<br \/>\narriv\u00e9 sur une petite route, tourner \u00e0 gauche lieu-dit : <b>Anteren<\/b>, suivre la route sinueuse sur quelques centaines de m\u00e8tres.<br \/>\ntourner au 2\u00e8me chemin sur la droite, apr\u00e8s le lavoir et la croix.<br \/>\npoursuivre le chemin c\u00f4t\u00e9 gauche en ignorant 2 chemins sur la droite et celui de gauche<br \/>\nafin d\u2019arriver \u00e0 une intersection de plusieurs chemins.<br \/>\nprendre la 2\u00e8me sur la gauche jusqu\u2019\u00e0 une route (<b>D52<\/b>) reliant le lieu-dit : <b>Leure<\/b> au <b>Grouanec<\/b>.<br \/>\ntraverser et continuer le chemin en ignorant le premier chemin sur la gauche (sans issue).<br \/>\nPuis arriv\u00e9 \u00e0 une intersection, (un hangar agricole se trouve en face, tourner \u00e0 gauche.<br \/>\n<i>(le chemin de droite m\u00e8ne vers la chapelle Saint Claude, du lieu-dit : <b>Keroudern<\/b> et \u00e0 la (<b>D10<\/b>)<\/i>.<br \/>\nContinuer sur ce chemin en ignorant celui de droite \u00e0 200m environ.<br \/>\n50m avant d&rsquo;arriver \u00e0 une route (menant \u00e0 la chapelle <b>Ste-Anne<\/b>, prendre le chemin de droite sur quelques m\u00e8tres.<br \/>\nTourner \u00e0 gauche par un chemin herbeux, (<i>s&rsquo;il est impraticable, revenir sur ses pas et prendre la route de droite<\/i>).<br \/>\nArriver \u00e0 une route, une croix se trouve \u00e0 gauche, continuer par le chemin tout droit.<br \/>\nIgnorer le 1er chemin de droit (croix) afin d&rsquo;arriver \u00e0 une route.<br \/>\nTourner \u00e0 gauche par cette route, passer le lieu-dit : <b>Hellez<\/b>,  jusqu&rsquo;au lieu-dit : <b>Rann-Grannog<\/b>.<br \/>\nTourner \u00e0 droite par un chemin en pente dans la direction d&rsquo;un silo, passage au dessus du ruisseau venant de <b>Ste-Anne.<\/b><br \/>\nTourner \u00e0 droite au niveau de ce silo et d&rsquo;un b\u00e2timent d&rsquo;\u00e9levage afin de retrouver le chemin de l&rsquo;aller.<br \/>\nTraverser la petite route au lieu-dit : <b>Rann-Enezi<\/b>, continuer tout droit par le chemin, (sur la gauche se trouve des blockhaus).<br \/>\nArriver au lieu-dit Carpont (le ruisseau de <b>Ste-Anne<\/b> passe sous le chemin), tourner \u00e0 droite par la petite route, \u00e7\u00e0 monte !<br \/>\nArriv\u00e9 \u00e0 l&rsquo;antenne relais et au parking de la zone artisanale du <b>Hellez, (P10)<\/b>.<\/p>\n","protected":false},"excerpt":{"rendered":"<p>Erik et DomD proposent des parcours de randonn\u00e9e \u00e0 travers Plouguerneau. Circuit n\u00b03 : Pour mieux visualiser la carte, voici la R\u00e9f\u00e9rence Open Runner : 1231060 Distance : 15.605 (km) [&hellip;]<\/p>\n","protected":false},"author":4,"featured_media":0,"parent":0,"menu_order":0,"comment_status":"closed","ping_status":"closed","template":"","meta":{"ngg_post_thumbnail":0,"_EventAllDay":false,"_EventTimezone":"","_EventStartDate":"","_EventEndDate":"","_EventStartDateUTC":"","_EventEndDateUTC":"","_EventShowMap":false,"_EventShowMapLink":false,"_EventURL":"","_EventCost":"","_EventCostDescription":"","_EventCurrencySymbol":"","_EventCurrencyCode":"","_EventCurrencyPosition":"","_EventDateTimeSeparator":"","_EventTimeRangeSeparator":"","_EventOrganizerID":[],"_EventVenueID":[],"_OrganizerEmail":"","_OrganizerPhone":"","_OrganizerWebsite":"","_VenueAddress":"","_VenueCity":"","_VenueCountry":"","_VenueProvince":"","_VenueState":"","_VenueZip":"","_VenuePhone":"","_VenueURL":"","_VenueStateProvince":"","_VenueLat":"","_VenueLng":"","_VenueShowMap":false,"_VenueShowMapLink":false,"footnotes":""},"categories":[134],"tags":[],"class_list":["post-416","page","type-page","status-publish","hentry","category-randonnees-dautres-idees"],"_links":{"self":[{"href":"https:\/\/appriou.bzh\/index.php\/wp-json\/wp\/v2\/pages\/416","targetHints":{"allow":["GET"]}}],"collection":[{"href":"https:\/\/appriou.bzh\/index.php\/wp-json\/wp\/v2\/pages"}],"about":[{"href":"https:\/\/appriou.bzh\/index.php\/wp-json\/wp\/v2\/types\/page"}],"author":[{"embeddable":true,"href":"https:\/\/appriou.bzh\/index.php\/wp-json\/wp\/v2\/users\/4"}],"replies":[{"embeddable":true,"href":"https:\/\/appriou.bzh\/index.php\/wp-json\/wp\/v2\/comments?post=416"}],"version-history":[{"count":0,"href":"https:\/\/appriou.bzh\/index.php\/wp-json\/wp\/v2\/pages\/416\/revisions"}],"wp:attachment":[{"href":"https:\/\/appriou.bzh\/index.php\/wp-json\/wp\/v2\/media?parent=416"}],"wp:term":[{"taxonomy":"category","embeddable":true,"href":"https:\/\/appriou.bzh\/index.php\/wp-json\/wp\/v2\/categories?post=416"},{"taxonomy":"post_tag","embeddable":true,"href":"https:\/\/appriou.bzh\/index.php\/wp-json\/wp\/v2\/tags?post=416"}],"curies":[{"name":"wp","href":"https:\/\/api.w.org\/{rel}","templated":true}]}}