{"id":422,"date":"2017-07-02T09:27:36","date_gmt":"2017-07-02T07:27:36","guid":{"rendered":"https:\/\/plouguerneau.net\/circuit-n2-156-km\/"},"modified":"2025-01-15T19:22:44","modified_gmt":"2025-01-15T18:22:44","slug":"circuit-n2-156-km","status":"publish","type":"page","link":"https:\/\/appriou.bzh\/index.php\/circuit-n2-156-km\/","title":{"rendered":"Circuit 02 &#8211; Boucle Nord-Est Plouguerneau-Leur\u00e9 (15,6 km)"},"content":{"rendered":"<p><b> <FONT size=\"4pt\">Boucle Nord Est Plouguerneau-Leur\u00e9<\/b> &#8211;<br \/> distance : 15.7 km<br \/><\/FONT><br \/>Erik et DomD proposent des parcours de randonn\u00e9e \u00e0 travers Plouguerneau.<\/p>\n<p><b>Circuit n\u00b0 2 <\/b>&nbsp;: <i>Pour mieux visualiser la carte, voici la R\u00e9f\u00e9rence Open Runner&nbsp;: <a href=\"http:\/\/www.openrunner.com\/index.php?id=1314258\" target=blank>1213604<\/a><\/i><\/p>\n<p>Distance&nbsp;: 15.65 (km) <br \/>\nAltitude min.&nbsp;: 3 (m) <br \/>\nAltitude max.&nbsp;: 76 (m) <br \/>\nActivit\u00e9&nbsp;: Course \u00e0 pied, promenade, Cyclisme VTT <br \/>\nDifficult\u00e9&nbsp;: Basse<br \/>\nType de sol&nbsp;: Sentier<br \/>\nParcours balis\u00e9&nbsp;: Non <\/p>\n<p>Pour r\u00e9aliser ce circuit nous vous conseillons de vous munir de la carte IGN<br \/>\nPlouguerneau Les Abers &#8211; IGN 0416ET ou de vous munir de la carte de l&rsquo;association vendue 2\u20ac  \u00e0 l&rsquo;office du tourisme et dans certains commerces.<\/p>\n<div align=center>\n<a href=\"https:\/\/appriou.bzh\/wp-content\/uploads\/2017\/07\/jpg_circuit2.jpg\" target=blank><img decoding=\"async\" src=\"https:\/\/appriou.bzh\/wp-content\/uploads\/2017\/07\/jpg_circuit2.jpg\" width=550 height=334><\/a><br \/>\n<i>Cliquer sur la carte pour l&rsquo;agrandir<\/i><\/div>\n<p>Boucle n\u00b0<b>2<\/b> 15,7 km<br \/>\nPlouguerneau (Plougerne)<br \/>\nD\u00e9part zone artisanale du Hellez <\/p>\n<div>\n&#8211; parking du Hellez (zone artisanale) proche (D10), (P10)\tLatitude  48\u00b060&rsquo;71.21&Prime;N\tLongitude  4\u00b049&rsquo;58.14&Prime;O<br \/>\n&#8211; Creac\u2019h an Avel  (P5)\t\t\t\tLatitude  48\u00b062&rsquo;14.23&Prime;N\tLongitude  4\u00b050&rsquo;28.09&Prime;O\n<\/div>\n<p><\/p>\n<div align=justify>\nSi d\u00e9part du parking du <b>Hellez<\/b>, zone artisanale (antenne relais), (P10).<br \/>\nPrendre le chemin qui descend vers lieu-dit : Le <b>Carpont<\/b>, tourner \u00e0 gauche par le chemin qui monte lieu-dit : <b>Rann-Enez<\/b>i.<br \/>\nTraverser la petite route afin d\u2019arriver \u00e0 un \u00e9levage et un grand silo sur la gauche.<br \/>\nTourner \u00e0 gauche, passer au dessus du ruisseau venant  de <b>Ste-Anne <\/b> afin d&rsquo;arriver  au lieu-dit : <b>Rann-Grannog<\/b>.<br \/>\nTourner \u00e0 droite, continuer par la route jusqu&rsquo;au lieu-dit : <b>Croaz al Lann <\/b> (croix),  emprunter le chemin herbeux apr\u00e8s cette croix.<br \/>\n(si le chemin est impraticable, tourner \u00e0 droite par la route, puis prendre le chemin de gauche avant un lavoir).<br \/>\nEnsuite  le chemin de droite.<br \/>\nSur 200m environ tourner \u00e0  gauche. (La chapelle de <b>Ste -Anne<\/b> se trouve \u00e0 200m vers la droite).<br \/>\nArriv\u00e9 \u00e0 une intersection de chemin, prendre tout droit, \u00e0 200m environ, se trouve une autre intersection.<br \/>\n\u00e0 gauche se trouve la chapelle <b>St Claude<\/b> de lieu-dit : <b>Keroudern<\/b>.<br \/>\nContinuer tout droit sur 200m arriv\u00e9 \u00e0 la route (D10) reliant Plouguerneau \u00e0 Guisseny.<br \/>\nTraverser la (D10), \u00e0 100m tourner \u00e0 droite, puis \u00e0 100 autres m\u00e8tres \u00e0 gauche en direction de la route touristique.<br \/>\nTraverser afin d\u2019arriver tout droit par une route au lieu-dit : <b>Kerizoc.<\/b><br \/>\nPrendre \u00e0 gauche au niveau des maisons et emprunter un chemin sur la gauche.<br \/>\nEmprunter une petite route sur 200m sur la gauche, au stop, lieu-dit : <b>Kereaz<\/b>, tourner \u00e0 droite.<br \/>\nla plage du <b>Zorn<\/b>. se trouve en contrebas sur la droite.<br \/>\nau niveau de du lavoir qui se situe \u00e0 gauche, lieu-dit :  <b>Penngourven<\/b>, la route descend vers la plage, prendre \u00e0 gauche, \u00e7\u00e0 monte.<br \/>\nTourner au croisement \u00e0 droite, sur la route touristique. continuer 400m jusqu\u2019au lieu-dit : <b>Kernevez-Tremeur<\/b> (abris,  eau \u00e0 100m \u00e0 droite).<br \/>\nCheminer par le chemin sur la gauche sur 400m, afin d\u2019arriver au lieu-dit : <b>Kergasken<\/b> et son manoir en ruine, sur la droite.<br \/>\nAu manoir, emprunter le chemin de gauche jusqu\u2019au stop. (Abris).<br \/>\nPrendre la 2\u00e8me route \u00e0 droite puis la suivante \u00e0 gauche vers le lieu-dit : <b>Kergouroun<\/b>.<br \/>\n\u00c0 la derni\u00e8re petite maison du lieu-dit, vue sur le port du Korejou, empunter le chemin sur la gauche.<br \/>\nPrendre ensuite le chemin de droite s\u2019il est praticable, (si chemin impraticable, continuer jusqu&rsquo;au lieu-dit : Prat-yen et tourner \u00e0 droite sur une route).<br \/>\nPrendre le petit chemin apr\u00e8s une maison clos de pins)).<br \/>\nPuis \u00e0 la prochaine  intersection, pour marcheur bien \u00e9quip\u00e9,<br \/>\nPrendre le petit chemin sur la droite o\u00f9 passe un ruisseau en son centre.<br \/>\n(Si trop difficile, emprunter le chemin de  gauche afin d\u2019arriver sur une route en pente).<br \/>\nPrendre le petit chemin apr\u00e8s une maison clos de pins).<br \/>\nArriv\u00e9e au niveau de la route touristique et le GR c\u00f4tier.<br \/>\nPlage de <b>Creac\u2019h an Avel<\/b> (parking P5).<br \/>\nSuivre la route \u00e0 gauche, puis la route suivante \u00e0 gauche, jusqu\u2019\u00e0 une intersection, lieu-dit : <b>Mogueran<\/b>, prendre le chemin de droite \u00e7\u00e0 monte un peu,<br \/>\nPuis tourner \u00e0 gauche par un petit chemin sur 100m et au niveau de la route, descendre vers la chapelle Saint-Laurent sur la droite.<br \/>\nMonter et tourner \u00e0 gauche dans un quartier vers lieu-dit : <b>Kerveogan<\/b>.<br \/>\nTourner \u00e0 la 1\u00e8re route \u00e0 gauche, passer devant les serres.<br \/>\ntourner \u00e0 gauche  au niveau des g\u00eetes,  puis un peu plus loin \u00e0 droite 2 fois,  au lieu-dit : <b>Treongar<\/b>.<br \/>\nEmprunter \u00e0 gauche, il y un petit rond point, monter la c\u00f4te jusqu\u2019au lieu-dit suivant : <b>Kergadavarn<\/b>.<br \/>\nTourner \u00e0 droite pour traverser la (D10),  afin de se trouver au lieu-dit : <b>Kroaz-Edern<\/b> (croix et four).<br \/>\nTraverser la route, tout droit, emprunter le chemin jusqu\u2019\u00e0 une croix.<br \/>\nTourner \u00e0 droite sur un autre chemin, prendre ensuite  la route \u00e0 droite au lieu-dit : <b>Guelmeur<\/b> (\u00e0 droite se trouve la (D10) et  le bourg de <b>Plouguerneau<\/b>.<br \/>\nContinuer \u00e0 gauche vers la zone artisanale du <b>Hellez <\/b> (parking du Hellez \/ P10).\n<\/div>\n","protected":false},"excerpt":{"rendered":"<p>Boucle Nord Est Plouguerneau-Leur\u00e9 &#8211; distance : 15.7 kmErik et DomD proposent des parcours de randonn\u00e9e \u00e0 travers Plouguerneau. Circuit n\u00b0 2 &nbsp;: Pour mieux visualiser la carte, voici la [&hellip;]<\/p>\n","protected":false},"author":4,"featured_media":0,"parent":0,"menu_order":0,"comment_status":"closed","ping_status":"closed","template":"","meta":{"ngg_post_thumbnail":0,"_EventAllDay":false,"_EventTimezone":"","_EventStartDate":"","_EventEndDate":"","_EventStartDateUTC":"","_EventEndDateUTC":"","_EventShowMap":false,"_EventShowMapLink":false,"_EventURL":"","_EventCost":"","_EventCostDescription":"","_EventCurrencySymbol":"","_EventCurrencyCode":"","_EventCurrencyPosition":"","_EventDateTimeSeparator":"","_EventTimeRangeSeparator":"","_EventOrganizerID":[],"_EventVenueID":[],"_OrganizerEmail":"","_OrganizerPhone":"","_OrganizerWebsite":"","_VenueAddress":"","_VenueCity":"","_VenueCountry":"","_VenueProvince":"","_VenueState":"","_VenueZip":"","_VenuePhone":"","_VenueURL":"","_VenueStateProvince":"","_VenueLat":"","_VenueLng":"","_VenueShowMap":false,"_VenueShowMapLink":false,"footnotes":""},"categories":[134],"tags":[],"class_list":["post-422","page","type-page","status-publish","hentry","category-randonnees-dautres-idees"],"_links":{"self":[{"href":"https:\/\/appriou.bzh\/index.php\/wp-json\/wp\/v2\/pages\/422","targetHints":{"allow":["GET"]}}],"collection":[{"href":"https:\/\/appriou.bzh\/index.php\/wp-json\/wp\/v2\/pages"}],"about":[{"href":"https:\/\/appriou.bzh\/index.php\/wp-json\/wp\/v2\/types\/page"}],"author":[{"embeddable":true,"href":"https:\/\/appriou.bzh\/index.php\/wp-json\/wp\/v2\/users\/4"}],"replies":[{"embeddable":true,"href":"https:\/\/appriou.bzh\/index.php\/wp-json\/wp\/v2\/comments?post=422"}],"version-history":[{"count":0,"href":"https:\/\/appriou.bzh\/index.php\/wp-json\/wp\/v2\/pages\/422\/revisions"}],"wp:attachment":[{"href":"https:\/\/appriou.bzh\/index.php\/wp-json\/wp\/v2\/media?parent=422"}],"wp:term":[{"taxonomy":"category","embeddable":true,"href":"https:\/\/appriou.bzh\/index.php\/wp-json\/wp\/v2\/categories?post=422"},{"taxonomy":"post_tag","embeddable":true,"href":"https:\/\/appriou.bzh\/index.php\/wp-json\/wp\/v2\/tags?post=422"}],"curies":[{"name":"wp","href":"https:\/\/api.w.org\/{rel}","templated":true}]}}