{"id":426,"date":"2017-07-02T09:24:11","date_gmt":"2017-07-02T07:24:11","guid":{"rendered":"https:\/\/plouguerneau.net\/circuit-n5-21-km\/"},"modified":"2025-01-15T19:25:29","modified_gmt":"2025-01-15T18:25:29","slug":"circuit-n5-21-km","status":"publish","type":"page","link":"https:\/\/appriou.bzh\/index.php\/circuit-n5-21-km\/","title":{"rendered":"Circuit 05 (21 km)"},"content":{"rendered":"<p>Erik et DomD proposent des parcours de randonn\u00e9e \u00e0 travers Plouguerneau.<\/p>\n<p><b>Circuit n\u00b05<\/b> : <i>Pour mieux visualiser la carte, voici la R\u00e9f\u00e9rence Open Runner : <a href=\"http:\/\/www.openrunner.com\/index.php?id=1233867\" target=blank>1233867<\/a><\/i><\/p>\n<p>Distance : 21 (km) <br \/>\nAltitude min. : 2 (m) <br \/>\nAltitude max. : 67 (m) <br \/>\nActivit\u00e9 : Course \u00e0 pied, promenade, Cyclisme VTT <br \/>\nDifficult\u00e9 : Basse<br \/>\nType de sol : Sentier<br \/>\nParcours balis\u00e9 : Non <\/p>\n<p>Pour r\u00e9aliser ce circuit nous vous conseillons de vous munir de la carte IGN Plouguerneau Les Abers &#8211; IGN 0416ET ou de vous munir de la carte de l&rsquo;association vendue 2\u20ac  \u00e0 l&rsquo;office du tourisme et dans certains commerces.<\/p>\n<div align=center>\n<a href=\"https:\/\/appriou.bzh\/wp-content\/uploads\/2017\/07\/jpg_circuit5.jpg\" target=blank><img decoding=\"async\" src=\"https:\/\/appriou.bzh\/wp-content\/uploads\/2017\/07\/jpg_circuit5.jpg\" width=550 height=204 ><\/a><br \/>\n<i>Cliquer sur la carte pour l&rsquo;agrandir<\/i><\/div>\n<p>boucle n\u00b05 &nbsp;&nbsp;&nbsp;&nbsp; 21 km<\/strong><\/p>\n<p>\n\t<strong>Plouguerneau<\/strong> (<strong><em>Plougerne<\/em><\/strong>)<\/p>\n<p>\n\t(d\u00e9part zone du artisanale du <strong>Hellez<\/strong>)<\/p>\n<ul>\n<p>\t\tparking du <strong>Hellez<\/strong> (zone artisanale) proche (<strong>D10<\/strong>), (<strong>P10<\/strong>)&nbsp;&nbsp;&nbsp;&nbsp;&nbsp;&nbsp;&nbsp;&nbsp;&nbsp;&nbsp; Latitude&nbsp; 48\u00b036&rsquo;24.30&Prime;N&nbsp;&nbsp;&nbsp;&nbsp;&nbsp;&nbsp;&nbsp; Longitude&nbsp; 4\u00b029&rsquo;44.26&Prime;O<\/li>\n<\/ul>\n<p>\n\t&nbsp;<\/p>\n<p>\n\t&nbsp;<\/p>\n<p>\n\tPrendre le chemin qui descend vers lieu-dit : Le <strong>Carpont<\/strong><\/p>\n<p>\n\ttraverser la (<strong>D32<\/strong>, <strong>Plouguerneau<\/strong>\/<strong>Lesneven<\/strong>)<\/p>\n<p>\n\tContinuer sur une petite route vers lieu-dit : <strong>Kergaele<\/strong>, continuer tout droit<\/p>\n<p>\n\tAvant d&rsquo;arriver au lieu-dit : <strong>Kernevez-Loguivi<\/strong>, apr\u00e8s une croix sur la gauche<\/p>\n<p>\n\tTourner \u00e0 droite au dessus de la (<strong>D13<\/strong>) afin d&rsquo;arriver au lieu-dit : <strong>Kerneac&rsquo;h an Traon<\/strong><\/p>\n<p>\n\tprendre le premier chemin sur la gauche au niveau de la pension canine, une croix se trouve en face<\/p>\n<p>\n\tarriver sur une petite route en pente, continuer vers la (<strong>D113<\/strong> route qui m\u00e8ne vers le pont de <strong>Paluden<\/strong> puis <strong>Lannilis<\/strong>)<\/p>\n<p>\tmonter par la route (<strong>D113<\/strong>) \u00e0 droite<\/p>\n<p>\n\tapr\u00e8s le virage de <strong>Beg an Toull<\/strong>, tourner \u00e0 gauche une ruelle lieu-dit Milin an Traon afin demprunter sur une dizaine de m\u00e8tre le <strong>GR<\/strong><\/p>\n<p>\n\ttourner \u00e0 droite par un petit chemin, (\u00e7\u00e0 grimpe) !<\/p>\n<p>\tArriver \u00e0 une route au lieu-dit <strong>Keriel<\/strong>, tourner \u00e0 gauche<\/p>\n<p>\n\tsuivre la route tout droit en direction du manoir de <strong>Lesmel<\/strong> en ignorant la route de gauche puis celle de droite o\u00f9 se trouve une croix<\/p>\n<p>\n\t<em>(si pas de grande mar\u00e9e haute) :<\/em><\/p>\n<p>\tapr\u00e8s la chapelle de Lesmel, tourner \u00e0 droite au niveau d&rsquo;un chemin<\/p>\n<p>\n\tau bout du chemin se trouve de nouveau le <strong>GR<\/strong>, tourner \u00e0 droite<\/p>\n<p>\n\tapr\u00e8s avoir descendu, arriv\u00e9 \u00e0 une gr\u00e8ve, marcher sur quelques m\u00e8tres<\/p>\n<p>\n\tapr\u00e8s le ruisseau, prendre le chemin de droite qui monte lieu-dit : <strong>Menez-Perroz<\/strong><\/p>\n<p>\n\ttourner par la route de droite vers lieu-dit : <strong>Fonciel<\/strong><\/p>\n<p>\n\t<em>(si grande mar\u00e9e haute) :<\/em><\/p>\n<p>\n\t<em>au niveau du manoir de <strong>Lesmel<\/strong>, continuer par la route afin d&rsquo;arriver au lieu-dit : <strong>Fonciel<\/strong><\/em><\/p>\n<p>\t&nbsp;<\/p>\n<p>\n\tau niveau du lieu-dit Fonciel, tourner \u00e0 gauche par la route vers lieu-dit : <strong>Lanvaon<\/strong><\/p>\n<p>\n\ten tournant \u00e0 droite au premier chemin sur la droite apr\u00e8s un virage<\/p>\n<p>\n\tarriv\u00e9 \u00e0 une ferme dont une granche sur la gauche porte le nom de \u00ab&nbsp;rue de Paris&nbsp;\u00bb !!!<\/p>\n<p>\n\tarriv\u00e9 sur la voie verte de <strong>Lilia<\/strong>\/<strong>Plouguerneau <\/strong><em>(le phare de lanvaon se trouve sur la gauche)<\/em><\/p>\n<p>\n\ttourner \u00e0 droite, une croix se trouvera sur la gauche, continuer puis emprunter le premier chemin par la gauche (pas de talus)<\/p>\n<p>\n\tarriv\u00e9 au lieu-dit : Kroaz hir au niveau de la (<strong>D71<\/strong> route de <strong>Plouguerneau<\/strong> \u00e0 <strong>Lilia<\/strong>)<\/p>\n<p>\n\ttourner \u00e0 gauche sur quelques m\u00e8tres, puis \u00e0 droite vers lieu-dit : <strong>Kerneac&rsquo;h Guidadou<\/strong><\/p>\n<p>\n\tapr\u00e8s les maisons se trouve un chemin, l&#8217;emprunter<\/p>\n<p>\n\tignorer deux chemins sur la droite, puis apr\u00e8s un virage o\u00f9 se trouve une maison sur la droite, tourner \u00e0 gauche vers lieu-dit : <strong>Treguestan<\/strong><\/p>\n<p>\n\tprendre la premi\u00e8re route \u00e0 droite directionla zone humide de lieu-dit : <strong>Kergoussien<\/strong><\/p>\n<p>\n\tarriv\u00e9 un un carrefour, face \u00e0 la zone humide tourner \u00e0 gauche afin d&rsquo;arriver sur un chemin<\/p>\n<p>\n\tcontinuer une centaine de m\u00e8tres apr\u00e8s la ferme puis tourner \u00e0 droite<\/p>\n<p>\n\tau niveau d&rsquo;une maison en bois, tourner \u00e0 gauche par une ruelle vers lieu-dit : <strong>Kerjegu<\/strong><\/p>\n<p>\n\ttourner \u00e0 droite afin d&rsquo;arriver au niveau d&rsquo;un lavoir sur la droite et la zone humide et d&rsquo;un parking (<strong>P<\/strong>arking n\u00b0<strong>2<\/strong>) sur la gauche<\/p>\n<p>\n\tcontinuer la route vers la droite<\/p>\n<p>\n\ttourner \u00e0 gauche par la quati\u00e8me route apr\u00e8s la station d&rsquo;\u00e9puration qui se trouve sur la droite vers lieu-dit : <strong>Prat-Menan<\/strong><\/p>\n<p>\n\tprendre la petite route de gauche apr\u00e8s le carrefour vers la gr\u00e8ve blanche le (<strong>P<\/strong>arking n\u00b0<strong>4<\/strong>) se trouve \u00e0 gauche de l&rsquo;autre c\u00f4t\u00e9 de la route<\/p>\n<p>\n\tne pas tourner \u00e0 la premi\u00e8re route de droite, mais suivre la route c\u00f4t\u00e9 dune sur une centaine de m\u00e8tre<\/p>\n<p>\n\temprunter le premier petit chemin de droite, le site de <strong>Iliz-Koz<\/strong> y est indiqu\u00e9<\/p>\n<p>\n\tarriv\u00e9 au bout d&rsquo;une impasse,&nbsp; le site de <strong>Iliz-Koz<\/strong> se trouve \u00e0 gauche, continuer jusqu&rsquo;au bout de la rue<\/p>\n<p>\n\ttourner \u00e0 droite vers lieu-dit : <strong>Landevennec<\/strong><\/p>\n<p>\n\tarriv\u00e9 au stop, tourner \u00e0 gauche<\/p>\n<p>\n\tau niveau d&rsquo;un hangar rouge et blanc sur la droite, emprunter la premiere petite route \u00e0 gauche<\/p>\n<p>\n\tcontinuer par un chemin, puis, au petit carrefour, continuer tout droit par une petite route<\/p>\n<p>\n\tignorer la route de droite, afin de tourner \u00e0 la suivant (droite) ente deux maisons lieu-dit : <strong>Keruzal-Vraz<\/strong><\/p>\n<p>\n\tne pas tourner \u00e0 la premi\u00e8re route de droite lieu-dit <strong>Creac&rsquo;h ar C&rsquo;hamm<\/strong><\/p>\n<p>\n\tcontinuer la route, ils y a des habitations des deux c\u00f4t\u00e9s<\/p>\n<p>\n\tarriv\u00e9 \u00e0 une maison de p\u00eacheur sur la gauche et d&rsquo;un panneau <strong>Creac&rsquo;h ar C&rsquo;hamm<\/strong><\/p>\n<p>\n\ttourner \u00e0 droite par un tr\u00e8s petit chemins entre des blocs de pierres<\/p>\n<p>\n\tignorer le petit chemin de droite afin d&rsquo;arriver \u00e0 la (<strong>D32<\/strong>) lieu-dit : <strong>Kroaz-Ruz<\/strong><\/p>\n<p>\n\ttourner \u00e0 gauche sur quelques mettres, puis \u00e0 droite direction lieu-dit : <strong>?<\/strong><\/p>\n<p>\tplus loin, le parc de la chapelle <strong>St-Laurent<\/strong> se trouve \u00e0 droite<\/p>\n<p>\n\tgrimper par le petit chemin entre deux maisons, prendre \u00e0 droite arriv\u00e9 en haut de la c\u00f4te par le premier petit chemin<\/p>\n<p>\n\tarriv\u00e9 \u00e0 une route, descendre par la droite o\u00f9 se trouve la chapelle <strong>St-Laurent<\/strong><\/p>\n<p>\n\tapr\u00e8s quelques m\u00e8tres de la chapelle au niveau d&rsquo;un calvaire qui se trouve \u00e0 droite, tourner \u00e0 gauche<\/p>\n<p>\n\tpuis de nouveau \u00e0 gauche vers un chemin sur quelques m\u00e8tres<\/p>\n<p>\n\tpasser devant des serres, puis prendre la route de gauche au niveau des g\u00eetes lieu-dit : <strong>Kerveogan<\/strong><\/p>\n<p>\n\tPrendre \u00e0 droite sur quelques m\u00e8tres, puis \u00e0 gauche o\u00f9 se trouve le manoir du lieu-dit : <strong>Tr\u00e9ongar<\/strong><\/p>\n<p>\n\t\u00e0 un mini rond point, tourner la troisi\u00e8me route \u00e0 droite par la c\u00f4te afin d&rsquo;arriver au lieu-dit : <strong>Kergadavarn<\/strong><\/p>\n<p>\n\ttourner \u00e0 droite, au stop (D10), traverser afin d&rsquo;arriver au lieu-dit : <strong>Kroaz-Edern<\/strong><\/p>\n<p>\n\tau niveau d&rsquo;un four et d&rsquo;une croix, emprunter la route qui m\u00e8ne au point de d\u00e9part zone du <strong>hellez<\/strong> (<strong>P10<\/strong>)<\/p>\n<\/p><\/div>\n","protected":false},"excerpt":{"rendered":"<p>Erik et DomD proposent des parcours de randonn\u00e9e \u00e0 travers Plouguerneau. Circuit n\u00b05 : Pour mieux visualiser la carte, voici la R\u00e9f\u00e9rence Open Runner : 1233867 Distance : 21 (km) [&hellip;]<\/p>\n","protected":false},"author":4,"featured_media":0,"parent":0,"menu_order":0,"comment_status":"closed","ping_status":"closed","template":"","meta":{"ngg_post_thumbnail":0,"_EventAllDay":false,"_EventTimezone":"","_EventStartDate":"","_EventEndDate":"","_EventStartDateUTC":"","_EventEndDateUTC":"","_EventShowMap":false,"_EventShowMapLink":false,"_EventURL":"","_EventCost":"","_EventCostDescription":"","_EventCurrencySymbol":"","_EventCurrencyCode":"","_EventCurrencyPosition":"","_EventDateTimeSeparator":"","_EventTimeRangeSeparator":"","_EventOrganizerID":[],"_EventVenueID":[],"_OrganizerEmail":"","_OrganizerPhone":"","_OrganizerWebsite":"","_VenueAddress":"","_VenueCity":"","_VenueCountry":"","_VenueProvince":"","_VenueState":"","_VenueZip":"","_VenuePhone":"","_VenueURL":"","_VenueStateProvince":"","_VenueLat":"","_VenueLng":"","_VenueShowMap":false,"_VenueShowMapLink":false,"footnotes":""},"categories":[134],"tags":[],"class_list":["post-426","page","type-page","status-publish","hentry","category-randonnees-dautres-idees"],"_links":{"self":[{"href":"https:\/\/appriou.bzh\/index.php\/wp-json\/wp\/v2\/pages\/426","targetHints":{"allow":["GET"]}}],"collection":[{"href":"https:\/\/appriou.bzh\/index.php\/wp-json\/wp\/v2\/pages"}],"about":[{"href":"https:\/\/appriou.bzh\/index.php\/wp-json\/wp\/v2\/types\/page"}],"author":[{"embeddable":true,"href":"https:\/\/appriou.bzh\/index.php\/wp-json\/wp\/v2\/users\/4"}],"replies":[{"embeddable":true,"href":"https:\/\/appriou.bzh\/index.php\/wp-json\/wp\/v2\/comments?post=426"}],"version-history":[{"count":0,"href":"https:\/\/appriou.bzh\/index.php\/wp-json\/wp\/v2\/pages\/426\/revisions"}],"wp:attachment":[{"href":"https:\/\/appriou.bzh\/index.php\/wp-json\/wp\/v2\/media?parent=426"}],"wp:term":[{"taxonomy":"category","embeddable":true,"href":"https:\/\/appriou.bzh\/index.php\/wp-json\/wp\/v2\/categories?post=426"},{"taxonomy":"post_tag","embeddable":true,"href":"https:\/\/appriou.bzh\/index.php\/wp-json\/wp\/v2\/tags?post=426"}],"curies":[{"name":"wp","href":"https:\/\/api.w.org\/{rel}","templated":true}]}}