{"id":441,"date":"2011-12-19T17:09:10","date_gmt":"2011-12-19T16:09:10","guid":{"rendered":"https:\/\/plouguerneau.net\/art-culture-et-patrimoine\/"},"modified":"2011-12-19T17:09:10","modified_gmt":"2011-12-19T16:09:10","slug":"art-culture-et-patrimoine","status":"publish","type":"page","link":"https:\/\/appriou.bzh\/index.php\/art-culture-et-patrimoine\/","title":{"rendered":"Art, culture et patrimoine"},"content":{"rendered":"<p><i>Pour proposer un site, lire la <a href=\"http:\/\/www.plouguerneau.net\/spip.php?rubrique26\"><b>charte<\/b><\/a> puis cliquer sur le lien : <a href=\"http:\/\/www.plouguerneau.net\/spip.php?page=referencement&#038;id_rubrique=26\"><b>Web plouguern\u00e9en<\/b><\/a>. Pour int\u00e9grer le logo du \u00ab\u00a0web plouguern\u00e9en\u00a0\u00bb dans votre page, ins\u00e9rer le code :<\/i><br \/>\n<textarea rows=\"2\" cols=\"60\"><\/p>\n<div align=center><a href=\"http:\/\/plouguerneau.net\/spip.php?rubrique26\" target=blank><img decoding=\"async\" src=\"https:\/\/appriou.bzh\/wp-content\/uploads\/2011\/12\/site_webplouguerneen.jpg\" title=\"L'annuaire du web plouguern\u00e9en\" width=120 height=63 border=\"0\"><\/a>\n<\/div>\n<p><\/textarea><\/p>\n<p><\/p>\n<table width=100% border=1 bordercolor=\"#0000ff\" cellpading=4 cellspacing=0 frame=BELOW rules=ROWS>\n<tr>\n<td width=150 height=110><img decoding=\"async\" src=\"http:\/\/open.thumbshots.org\/image.aspx?url=http:\/\/www.arvrobagan.fr\/\"><\/td>\n<td>\n<div align=justify><b><a href=\"http:\/\/www.arvrobagan.fr\/\" target=_blank>Ar Vro Bagan<\/a><\/b><br \/>\n<i>Savet e oa bet Strollad ar Vro Bagan e 1974 e kevredigezh ar Vro Bagan krouet e 1965 e Plouneour-Traezh ent kas yezh ha sevenadur Breizh (&#8230;)<\/i><\/div>\n<\/td>\n<\/tr>\n<tr>\n<td height=110><img decoding=\"async\" src=\"https:\/\/plouguerneau.net\/wp-content\/uploads\/2011\/12\/www.robothumb.com_src_atelier.nannick.pagesperso-orange.fr_%40120x90.jpg\"><\/td>\n<td>\n<div align=justify><b><a href=\"http:\/\/atelier.nannick.pagesperso-orange.fr\/\" target=_blank>Atelier Nannick<\/a><\/b><br \/>\n<i>L&rsquo;atelier Nannick de Plouguerneau en Bretagne pr\u00e8s de Brest dans le Finist\u00e8re propose, dans sa galerie d&rsquo;art, une exposition de c\u00e9ramiques avec ses cr\u00e9ations (faience, raku, art floral, s\u00e9rigraphie) mais aussi ses porcelaines animali\u00e8res, sculptures, gravures et tableaux.<\/i><\/div>\n<\/td>\n<\/tr>\n<tr>\n<td height=110><img decoding=\"async\" src=\"http:\/\/open.thumbshots.org\/image.aspx?url=http:\/\/www.imaginairetheatre.com\/\"><\/td>\n<td>\n<div align=justify><b><a href=\"http:\/\/www.imaginairetheatre.com\/\" target=_blank>Compagnie Imaginaire Th\u00e9\u00e2tre<\/a><\/b><br \/>\n<i>Site en cours de construction<\/i><\/div>\n<\/td>\n<\/tr>\n<tr>\n<td height=110><img decoding=\"async\" src=\"http:\/\/open.thumbshots.org\/image.aspx?url=http:\/\/diouflo.com\"><\/td>\n<td>\n<div align=justify><b><a href=\"http:\/\/diouflo.com\" target=_blank>Diou Flo<\/a><\/b><br \/>\n<i>Le site des accord\u00e9onistes Florence Pinvidic et Florence Glorion :<br \/>\n&#8211; Cours et stages d\u2019accord\u00e9on (diatonique et chromatique)<br \/>\n&#8211; M\u00e9thodes d\u2019apprentissage<br \/>\n&#8211; CD et recueils de tablatures<br \/>\n&#8211; Partitions gratuites<\/i><\/div>\n<\/td>\n<\/tr>\n<tr>\n<td height=110><img decoding=\"async\" src=\"http:\/\/open.thumbshots.org\/image.aspx?url=http:\/\/www.ecomusee-plouguerneau.com\/\"> <\/td>\n<td>\n<div align=justify><b><a href=\"http:\/\/www.ecomusee-plouguerneau.com\/\" target=_blank>Ecomus\u00e9e de Plouguerneau<\/a><\/b><br \/>\n<i>Ecomus\u00e9e de Plouguerneau : le mus\u00e9e sur les algues, les go\u00e9moniers, le patrimoine maritime, le phare de l&rsquo;ile Vierge, situ\u00e9 dans le Pays des Abers \/ Pays Pagan, dans le Finist\u00e8re, au nord de Brest, en Bretagne. Le mus\u00e9e propose des animations, des expositions, des circuits touristiques, \u00e0 destination des groupes et des scolaires.<\/i><\/div>\n<\/td>\n<\/tr>\n<tr>\n<td height=110><img decoding=\"async\" src=\"https:\/\/plouguerneau.net\/wp-content\/uploads\/2011\/12\/www.robothumb.com_src_ed-du.pagesperso-orange.fr_%40120x90.jpg\"> <\/td>\n<td>\n<div align=justify><b><a href=\"http:\/\/ed-du.pagesperso-orange.fr\/\" target=_blank>Ed-Du _ Digemer<\/a><\/b><br \/>\n<i>N\u00e9 en 2005, le groupe Ed-Du travaille un r\u00e9pertoire de chants de marins, de musiques et chansons du monde, de la Catalogne \u00e0 l&rsquo;Irlande en passant par la Croatie,la Finlande, la Mac\u00e9doine et les Seychelles, sans oublier bien s\u00fbr la Bretagne. <\/i><\/div>\n<\/td>\n<\/tr>\n<tr>\n<td width=150 height=110><img decoding=\"async\" src=\"http:\/\/open.thumbshots.org\/image.aspx?url=http:\/\/francoisbreton-sculpteur.blogspot.fr\/\"><\/td>\n<td>\n<div align=justify><b><a href=\"http:\/\/francoisbreton-sculpteur.blogspot.fr\/\" target=_blank>Fran\u00e7ois Breton<\/a><\/b><br \/>\n<i>Fran\u00e7ois Breton Sculpteur<\/i><\/div>\n<\/td>\n<\/tr>\n<tr>\n<td height=110><img decoding=\"async\" src=\"https:\/\/plouguerneau.net\/wp-content\/uploads\/2011\/12\/www.robothumb.com_src_genevieverobin29.free_.fr%40120x90.jpg\"> <\/td>\n<td>\n<div align=justify><b><a href=\"http:\/\/genevieverobin29.free.fr\" target=_blank>Genevi\u00e8ve Robin <\/a><\/b><br \/>\n<i>Le site officiel de Genevi\u00e8ve Robin, metteur et sc\u00e8ne et actrice.<\/i>\n<\/td>\n<\/tr>\n<tr>\n<td height=110><img decoding=\"async\" src=\"https:\/\/plouguerneau.net\/wp-content\/uploads\/2011\/12\/www.robothumb.com_src_www.halimcorto.fr_%40120x90.jpg\"> <\/td>\n<td>\n<div align=justify><b><a href=\"http:\/\/www.halimcorto.fr\/\" target=_blank>Halim Corto &#8211; Site officiel<\/a><\/b><br \/>\n<i>Site officiel d&rsquo;Halim Corto<\/i><\/div>\n<\/td>\n<\/tr>\n<tr>\n<td height=110><img decoding=\"async\" src=\"http:\/\/open.thumbshots.org\/image.aspx?url=http:\/\/www.ippa29.fr\/\"> <\/td>\n<td>\n<div align=justify><b><a href=\"http:\/\/www.ippa29.fr\/\" target=_blank>Iles et phares du pays des Abers<\/a><\/b><br \/>\n<i><\/font><\/i>\n<\/td>\n<\/tr>\n<tr>\n<td height=110><img decoding=\"async\" src=\"http:\/\/open.thumbshots.org\/image.aspx?url=http:\/\/www.iliz-koz.fr\/\"> <\/td>\n<td>\n<div align=justify><b><a href=\"http:\/\/www.iliz-koz.fr\/\" target=_blank>Iliz-Koz<\/a><\/b><br \/>\n<i>La n\u00e9cropole d\u2019ILIZ-KOZ est situ\u00e9e sur la commune de PLOUGUERNEAU (d\u00e9partement du Finist\u00e8re). Il est facile d\u2019y acc\u00e9der en suivant le plan d\u00e9crit dans les pages suivantes. <\/i>\n<\/td>\n<\/tr>\n<tr>\n<td height=110><img decoding=\"async\" src=\"http:\/\/www.robothumb.com\/src\/http:\/\/jeanpierreblaise.wordpress.com\/\"> <\/td>\n<td>\n<div align=justify><b><a href=\"http:\/\/jeanpierreblaise.wordpress.com\/\" target=_blank>Jean-Pierre Blaise<\/a><\/b><br \/>\n<i>Passionn\u00e9 aussi bien par l\u2019abstraction que par  la figuration, je suis cependant \u00e0 l\u2019\u00e9coute du monde, t\u00e9moin de mon temps, conscient du pass\u00e9 mais aussi de l\u2019avenir incertain : disparition des traditions, modifications environnementales, effusion d\u2019\u00e9v\u00e9nements sociaux et politiques d\u00e9stabilisants.<br \/>\nMes outils et mat\u00e9riaux  pr\u00e9f\u00e9r\u00e9s sont la pointe s\u00e8che et le cuivre, les brosses et l\u2019acrylique,  les pinceaux et l\u2019encre de chine, le bois et la tron\u00e7onneuse, la double-pagaie, le kayak et la mer\u2026<\/i>\n<\/td>\n<\/tr>\n<tr>\n<td height=110><img decoding=\"async\" src=\"https:\/\/plouguerneau.net\/wp-content\/uploads\/2011\/12\/www.robothumb.com_src_web.me_.com_juliettepaul_Site_accueil.html%40120x90.jpg\"> <\/td>\n<td>\n<div align=justify><b><a href=\"http:\/\/web.me.com\/juliettepaul\/Site\/accueil.html\" target=_blank>Juliette artiste peintre, plasticienne<\/a><\/b><br \/>\n<i>Artiste de Plouguerneau, Juliette propose des cours d\u2019art plastique enfants et adultes, participe \u00e0 de nombreuses expositions et pr\u00e9sente des toiles dans la galerie Nannick, chez ses parents \u00e0 Iliz Koz.<\/i>\n<\/td>\n<\/tr>\n<tr>\n<td height=110><img decoding=\"async\" src=\"http:\/\/open.thumbshots.org\/image.aspx?url=http:\/\/egypte.dominiquecardinal.fr\"> <\/td>\n<td>\n<div align=justify><b><a href=\"http:\/\/egypte.dominiquecardinal.fr\" target=_blank>L\u2019Egypte antique de Geb et Nout<\/a><\/b><br \/>\n<i>Tous les hommes doivent de la reconnaissance \u00e0 ceux qui approfondissent l&rsquo;histoire universelle et s&rsquo;efforcent de contribuer, par leurs travaux, au bien g\u00e9n\u00e9ral de la soci\u00e9t\u00e9. (Diodore de Sicile &#8211; Biblioth\u00e8que historique &#8211; Livre 1 &#8211; 1er si\u00e8cle avant J.C.)&#8230;<\/i>\n<\/td>\n<\/tr>\n<tr>\n<td height=110><img decoding=\"async\" src=\"http:\/\/open.thumbshots.org\/image.aspx?url=http:\/\/ploukencompagnie.over-blog.com\/\"> <\/td>\n<td>\n<div align=justify><b><a href=\"http:\/\/ploukencompagnie.over-blog.com\/\" target=_blank>Le blog de la PlouKen Compagnie<\/a><\/b><br \/>\n<i>Le blog de la PlouKen Compagnie h\u00e9berg\u00e9 par OverBlog<\/i><\/div>\n<\/td>\n<\/tr>\n<tr>\n<td height=110><img decoding=\"async\" src=\"https:\/\/plouguerneau.net\/wp-content\/uploads\/2011\/12\/www.robothumb.com_src_www.legendefm.fr_%40120x90.jpg\"> <\/td>\n<td>\n<div align=justify><b><a href=\"http:\/\/www.legendefm.fr\/\" target=_blank>LEGENDE FM 107.6 MHz<\/a><\/b><br \/>\n<i>L\u00e9gende FM 107.6 MHz Pop &#038; Hit Music Station &#8211; 1\u00e8re radio Web du Finist\u00e8re<\/i><\/div>\n<\/td>\n<\/tr>\n<tr>\n<td height=110><img decoding=\"async\" src=\"http:\/\/open.thumbshots.org\/image.aspx?url=http:\/\/lestresorsdetolente.plouguerneau.fr\/\"> <\/td>\n<td>\n<div align=justify><b><a href=\"http:\/\/lestresorsdetolente.plouguerneau.fr\/\" target=_blank>M\u00e9diath\u00e8que Les Tr\u00e9sors de Tolente<\/a><\/b><br \/>\n<i>Toutes les infos de la m\u00e9diath\u00e8que \u00ab\u00a0Les Tr\u00e9sors de Tolente\u00a0\u00bb<\/i>\n<\/td>\n<\/tr>\n<tr>\n<td height=110><img decoding=\"async\" src=\"http:\/\/open.thumbshots.org\/image.aspx?url=http:\/\/www.plouguerneau.net\"> <\/td>\n<td>\n<div align=justify><b><a href=\"http:\/\/www.plouguerneau.net\" target=_blank>Plouguerneau d\u2019hier et d\u2019aujourd\u2019hui<\/a><\/b><br \/>\n<i>Un des grands int\u00e9r\u00eats de la commune r\u00e9side dans un patrimoine d&rsquo;une richesse \u00e0 faire p\u00e2lir de jalousie un grand nombre de mus\u00e9es \u00e0 travers le monde. (&#8230;)<\/i><\/div>\n<\/td>\n<\/tr>\n<tr>\n<td height=110><img decoding=\"async\" src=\"https:\/\/plouguerneau.net\/wp-content\/uploads\/2011\/12\/www.robothumb.com_src_www.dominique.plouguerneau.net%40120x90.jpg\"> <\/td>\n<td>\n<div align=justify><b><a href=\"http:\/\/www.dominique.plouguerneau.net\" target=_blank>Plouguerneau en images<\/a><\/b><br \/>\n<i>L\u2019espace cloisonn\u00e9 d\u2019un \u00e9ternel apprenti photographe !<\/i><\/div>\n<\/td>\n<\/tr>\n<tr>\n<td height=110><img decoding=\"async\" src=\"https:\/\/plouguerneau.net\/wp-content\/uploads\/2011\/12\/www.robothumb.com_src_www.yannick-letty.fr%40120x90.jpg\"> <\/td>\n<td>\n<div align=justify><b><a href=\"http:\/\/www.yannick-letty.fr\" target=_blank>Yannick Letty auteur<\/a><\/b><br \/>\n<i>Le site officiel de Yannick Letty, auteur de romans policiers \u00e0 succ\u00e8s.<\/i>\n<\/td>\n<\/tr>\n<tr>\n<td height=110><img decoding=\"async\" src=\"http:\/\/open.thumbshots.org\/image.aspx?url=http:\/\/www.yvesfloch.org\/\"> <\/td>\n<td>\n<div align=justify><b><a href=\"http:\/\/www.yvesfloch.org\/\" target=_blank>Yves Floch&nbsp;: peintre de Bretagne<\/a><\/b><br \/>\n<i>L&rsquo;oeuvre du peintre breton Yves Floc&rsquo;h<\/i><\/div>\n<\/td>\n<\/tr>\n<\/table>\n<p>\n<font size=1><a href=\"http:\/\/www.thumbshots.com\" target=\"_blank\" title=\"Thumbnails Screenshots by Thumbshots\">Thumbnail Screenshots by Thumbshots<\/a> et <a href=\"http:\/\/www.robothumb.com\" target=blank>Robothumb<\/a><\/font><\/p>\n","protected":false},"excerpt":{"rendered":"<p>Pour proposer un site, lire la charte puis cliquer sur le lien : Web plouguern\u00e9en. Pour int\u00e9grer le logo du \u00ab\u00a0web plouguern\u00e9en\u00a0\u00bb dans votre page, ins\u00e9rer le code : Ar [&hellip;]<\/p>\n","protected":false},"author":4,"featured_media":0,"parent":0,"menu_order":0,"comment_status":"closed","ping_status":"open","template":"","meta":{"ngg_post_thumbnail":0,"_EventAllDay":false,"_EventTimezone":"","_EventStartDate":"","_EventEndDate":"","_EventStartDateUTC":"","_EventEndDateUTC":"","_EventShowMap":false,"_EventShowMapLink":false,"_EventURL":"","_EventCost":"","_EventCostDescription":"","_EventCurrencySymbol":"","_EventCurrencyCode":"","_EventCurrencyPosition":"","_EventDateTimeSeparator":"","_EventTimeRangeSeparator":"","_EventOrganizerID":[],"_EventVenueID":[],"_OrganizerEmail":"","_OrganizerPhone":"","_OrganizerWebsite":"","_VenueAddress":"","_VenueCity":"","_VenueCountry":"","_VenueProvince":"","_VenueState":"","_VenueZip":"","_VenuePhone":"","_VenueURL":"","_VenueStateProvince":"","_VenueLat":"","_VenueLng":"","_VenueShowMap":false,"_VenueShowMapLink":false,"footnotes":""},"categories":[269],"tags":[],"class_list":["post-441","page","type-page","status-publish","hentry","category-le-web-plouguerneen"],"_links":{"self":[{"href":"https:\/\/appriou.bzh\/index.php\/wp-json\/wp\/v2\/pages\/441","targetHints":{"allow":["GET"]}}],"collection":[{"href":"https:\/\/appriou.bzh\/index.php\/wp-json\/wp\/v2\/pages"}],"about":[{"href":"https:\/\/appriou.bzh\/index.php\/wp-json\/wp\/v2\/types\/page"}],"author":[{"embeddable":true,"href":"https:\/\/appriou.bzh\/index.php\/wp-json\/wp\/v2\/users\/4"}],"replies":[{"embeddable":true,"href":"https:\/\/appriou.bzh\/index.php\/wp-json\/wp\/v2\/comments?post=441"}],"version-history":[{"count":0,"href":"https:\/\/appriou.bzh\/index.php\/wp-json\/wp\/v2\/pages\/441\/revisions"}],"wp:attachment":[{"href":"https:\/\/appriou.bzh\/index.php\/wp-json\/wp\/v2\/media?parent=441"}],"wp:term":[{"taxonomy":"category","embeddable":true,"href":"https:\/\/appriou.bzh\/index.php\/wp-json\/wp\/v2\/categories?post=441"},{"taxonomy":"post_tag","embeddable":true,"href":"https:\/\/appriou.bzh\/index.php\/wp-json\/wp\/v2\/tags?post=441"}],"curies":[{"name":"wp","href":"https:\/\/api.w.org\/{rel}","templated":true}]}}