{"id":445,"date":"2011-12-19T17:09:14","date_gmt":"2011-12-19T16:09:14","guid":{"rendered":"https:\/\/plouguerneau.net\/commercial-association-de-commercants\/"},"modified":"2011-12-19T17:09:14","modified_gmt":"2011-12-19T16:09:14","slug":"commercial-association-de-commercants","status":"publish","type":"page","link":"https:\/\/appriou.bzh\/index.php\/commercial-association-de-commercants\/","title":{"rendered":"Commercial, association de commer\u00e7ants"},"content":{"rendered":"<p><i>Pour proposer un site, lire la <a href=\"http:\/\/www.plouguerneau.net\/spip.php?rubrique26\"><b>charte<\/b><\/a> puis cliquer sur le lien : <a href=\"http:\/\/www.plouguerneau.net\/spip.php?page=referencement&#038;id_rubrique=26\"><b>Web plouguern\u00e9en<\/b><\/a>. Pour int\u00e9grer le logo du \u00ab\u00a0web plouguern\u00e9en\u00a0\u00bb dans votre page, ins\u00e9rer le code :<\/i><br \/>\n<textarea rows=\"2\" cols=\"60\"><\/p>\n<div align=center><a href=\"http:\/\/plouguerneau.net\/spip.php?rubrique26\" target=blank><img decoding=\"async\" src=\"https:\/\/appriou.bzh\/wp-content\/uploads\/2011\/12\/site_webplouguerneen.jpg\" title=\"L'annuaire du web plouguern\u00e9en\" width=120 height=63 border=\"0\"><\/a>\n<\/div>\n<p><\/textarea><\/p>\n<p><\/p>\n<table width=100% border=1 bordercolor=\"#0000ff\" cellpading=4 cellspacing=10 frame=BELOW rules=ROWS>\n<tr>\n<td width=150 height=110><img decoding=\"async\" src=\"http:\/\/open.thumbshots.org\/image.aspx?url=http:\/\/www.aberetmer-immobilier.fr\/\"><\/td>\n<td>\n<div align=justify><b><a href=\"http:\/\/www.aberetmer-immobilier.fr\/\" target=_blank>Aber et Mer Immobilier<\/a><\/b><br \/>\n<i>L&rsquo;agence Immobili\u00e8re ABER et MER IMMOBILIER de Plouguerneau vous propose location et vente de maisons sur la c\u00f4te nord du Finist\u00e8re : vente maison Land\u00e9da, Lannilis, Plouguerneau, Guisseny c\u00f4te des l\u00e9gendes et Abers&#8230;<\/i><\/div>\n<\/td>\n<\/tr>\n<tr>\n<td height=110><img decoding=\"async\" src=\"https:\/\/plouguerneau.net\/wp-content\/uploads\/2011\/12\/www.robothumb.com_src_www.abers-secretariat.com_%40120x90.jpg\"><\/td>\n<td>\n<div align=justify><b><a href=\"http:\/\/www.abers-secretariat.com\/\" target=_blank>Abers Secr\u00e9tariat<\/a><\/b><br \/>\n<i>Pour tous vos travaux de retranscription-audio, correction, relecture, r\u00e9daction, recherche documentaire, secr\u00e9tariat commercial et administratif sur Windows, Linux (Ubuntu), Office2010, LibreOffice, OpenOffice. De m\u00eame, pour la mise \u00e0 jour de vos sites (Joomla, WordPress, Spip, Blogger) ou forums (phpBB).<\/i><\/div>\n<\/td>\n<\/tr>\n<tr>\n<td height=110><img decoding=\"async\" src=\"http:\/\/open.thumbshots.org\/image.aspx?url=http:\/\/www.agencedeleurope.com\/\"><\/td>\n<td>\n<div align=justify><b><a href=\"http:\/\/www.agencedeleurope.com\/\" target=_blank>Agence de l&rsquo;Europe<\/a><\/b><br \/>\n<i>Agence immobili\u00e8re \u00e0 Plouguerneau. Votre agent immobilier r\u00e9alise transactions immobili\u00e8res, vente, achat, location de biens immobiliers<\/i><\/div>\n<\/td>\n<\/tr>\n<tr>\n<td height=110><img decoding=\"async\" src=\"http:\/\/open.thumbshots.org\/image.aspx?url=http:\/\/www.agrimer.com\"><\/td>\n<td>\n<div align=justify><b><a href=\"http:\/\/www.agrimer.com\" target=_blank>Agrimer<\/a><\/b><br \/>\n<i>AGRIMER est une soci\u00e9t\u00e9 industrielle leader dans la r\u00e9colte, la transformation et la valorisation des ressources marines. Nos savoirs-faire rejoignent votre expertise dans les domaines de la cosm\u00e9tique, la nutrition, la pharmacie et l\u2019agriculture.<\/i><\/div>\n<\/td>\n<\/tr>\n<tr>\n<td height=110><img decoding=\"async\" src=\"http:\/\/open.thumbshots.org\/image.aspx?url=http:\/\/autoecolegaston.free.fr\"><\/td>\n<td>\n<div align=justify><b><a href=\"http:\/\/autoecolegaston.free.fr\" target=_blank>Auto \u00e9cole Gaston<\/a><\/b><br \/>\n<i><\/i><\/div>\n<\/td>\n<\/tr>\n<tr>\n<td height=110><img decoding=\"async\" src=\"https:\/\/plouguerneau.net\/wp-content\/uploads\/2011\/12\/www.robothumb.com_src_www.pizzabrest.fr%40120x90.jpg\"> <\/td>\n<td>\n<div align=justify><b><a href=\"http:\/\/pizzabrest.fr\/\" target=_blank>Camion Pizza Vert<\/a><\/b><br \/>\n<i>Camion Pizza Vert, sur la C\u00f4te nord-Finist\u00e8re Plouguerneau et sur Brest, Hiver comme Et\u00e9<\/i><\/div>\n<\/td>\n<\/tr>\n<tr>\n<td height=110><img decoding=\"async\" src=\"http:\/\/open.thumbshots.org\/image.aspx?url=http:\/\/www.carsdesabers.com\/\"> <\/td>\n<td>\n<div align=justify><b><a href=\"http:\/\/www.carsdesabers.com\/\" target=_blank>Les Cars des Abers<\/a><\/b><br \/>\n<i>Venez vite d\u00e9couvrir le site des Cars des Abers. Ligne r\u00e9guli\u00e8re, scolaires et<br \/>\ntourisme, l&rsquo;entreprise met son savoir-faire \u00e0 l&rsquo;\u00e9coute de sa client\u00e8le.<\/i><\/div>\n<\/td>\n<\/tr>\n<tr>\n<td height=110><img decoding=\"async\" src=\"http:\/\/open.thumbshots.org\/image.aspx?url=http:\/\/www.embaljet.com\/\"> <\/td>\n<td>\n<div align=justify><b><a href=\"http:\/\/www.embaljet.com\/\" target=_blank>Embal&rsquo; Jet<\/a><\/b><br \/>\n<i>Embaljet &#8211; emballage alimentaire naturel jetable en forme de coquilles, crabes &#8230;<\/i><\/div>\n<\/td>\n<\/tr>\n<tr>\n<td height=110><img decoding=\"async\" src=\"http:\/\/open.thumbshots.org\/image.aspx?url=http:\/\/fest-stmichel.over-blog.com\/\"> <\/td>\n<td>\n<div align=justify><b><a href=\"http:\/\/fest-stmichel.over-blog.com\/\" target=_blank>FEST&rsquo;St Michel<\/a><\/b><br \/>\n<i>Association de commer\u00e7ants, artisans et club sportifs, acteurs du tourisme dans le quartier de St Michel \u00e0 Plouguerneau au c\u0153ur du pays des Abers, dans le Finist\u00e8re.<i><\/div>\n<\/td>\n<\/tr>\n<tr>\n<td height=110><img decoding=\"async\" src=\"http:\/\/open.thumbshots.org\/image.aspx?url=http:\/\/www.francehaliotis.com\/\"> <\/td>\n<td>\n<div align=justify><b><a href=\"http:\/\/www.francehaliotis.com\/\" target=_blank>France Haliotis<\/a><\/b><br \/>\n<i>Les ormeaux \u00e9lev\u00e9s en pleine mer en Finist\u00e8re&#8230;<\/i><\/div>\n<\/td>\n<\/tr>\n<tr>\n<td height=110><img decoding=\"async\" src=\"http:\/\/open.thumbshots.org\/image.aspx?url=http:\/\/www.hoalen.com\/\"> <\/td>\n<td>\n<div align=justify><b><a href=\"http:\/\/www.hoalen.com\/\" target=_blank>Hoalen &#8211; The Saltwater Players Company<\/a><\/b><br \/>\n<i><\/i><\/div>\n<\/td>\n<\/tr>\n<tr>\n<td height=110><img decoding=\"async\" src=\"http:\/\/open.thumbshots.org\/image.aspx?url=http:\/\/lesligneursdelilevierge.com\"> <\/td>\n<td>\n<div align=justify><b><a href=\"http:\/\/lesligneursdelilevierge.com\/\" target=_blank>Les Ligneurs de l\u2019Ile Vierge<\/a><\/b><br \/>\n<i>Avec les Ligneurs de l\u2019Ile Vierge, retrouvez la qualit\u00e9 et le go\u00fbt authentique d\u2019un poisson sauvage p\u00each\u00e9 \u00e0 la ligne en haute mer &#8211; sit\u00f4t p\u00each\u00e9, sit\u00f4t livr\u00e9 &#8211; Livr\u00e9 \u00e0 votre domicile en 24 heures.<\/i><\/div>\n<\/td>\n<\/tr>\n<tr>\n<td height=110><img decoding=\"async\" src=\"http:\/\/open.thumbshots.org\/image.aspx?url=http:\/\/longitudeouest.com\/\"> <\/td>\n<td>\n<div align=justify><b><a href=\"http:\/\/longitudeouest.com\/\" target=_blank>Longitude Ouest<\/a><\/b><br \/>\n<i>\u00e9tudie, organise, agite et agit. Du conseil de communication, jusqu&rsquo;\u00e0 la mise en oeuvre d&rsquo;une strat\u00e9gie globale de publicit\u00e9. Longitude Ouest intervient pour construire l&rsquo;image et accompagner le succ\u00e8s de vos projets.<\/i><\/div>\n<\/td>\n<\/tr>\n<tr>\n<td height=110><img decoding=\"async\" src=\"http:\/\/open.thumbshots.org\/image.aspx?url=http:\/\/www.guennoc.com\/\"> <\/td>\n<td>\n<div align=justify><b><a href=\"http:\/\/www.guennoc.com\/\" target=_blank>Soizic Guennoc, conception de maisons bioclimatiques<\/a><\/b><br \/>\n<i>Soizic Guennoc, conception de maisons bioclimatiques et dossier de permis de construire.<\/i<\/div>\n<\/td>\n<\/tr>\n<tr>\n<td height=110><img decoding=\"async\" src=\"https:\/\/plouguerneau.net\/wp-content\/uploads\/2011\/12\/www.robothumb.com_src_www.talecentreprise.fr_%40120x90.jpg\"> <\/td>\n<td>\n<div align=justify><b><a href=\"http:\/\/www.talecentreprise.fr\/\" target=_blank>Talec Entreprise<\/a><\/b><br \/>\n<i>Terrassement situ\u00e9 \u00e0 Plouguerneau vous accueille sur son site \u00e0 Plouguerneau.<\/i<\/div>\n<\/td>\n<\/tr>\n<tr>\n<td height=110><img decoding=\"async\" src=\"http:\/\/open.thumbshots.org\/image.aspx?url=http:\/\/les-viviers-de-bassinic.com\/\"> <\/td>\n<td>\n<div align=justify><b><a href=\"http:\/\/les-viviers-de-bassinic.com\/\" target=_blank>Les Viviers de Bassinic<\/a><\/b><br \/><i>Situ\u00e9 \u00e0 Plouguerneau pr\u00e8s du port du Cor\u00e9jou \u00e0 St Michel, les Viviers de Bassinic existent depuis maintenant un peu plus de 30 ans. Install\u00e9s les pieds dans l&rsquo;eau, cela leur permet de jouir d&rsquo;une eau de qualit\u00e9 irr\u00e9prochable tout au long de l&rsquo;ann\u00e9e.<\/i<\/div>\n<\/td>\n<\/tr>\n<\/table>\n<p>\n<font size=1><a href=\"http:\/\/www.thumbshots.com\" target=\"_blank\" title=\"Thumbnails Screenshots by Thumbshots\">Thumbnail Screenshots by Thumbshots<\/a> et <a href=\"http:\/\/www.robothumb.com\" target=blank>Robothumb<\/a><\/font><\/p>\n","protected":false},"excerpt":{"rendered":"<p>Pour proposer un site, lire la charte puis cliquer sur le lien : Web plouguern\u00e9en. Pour int\u00e9grer le logo du \u00ab\u00a0web plouguern\u00e9en\u00a0\u00bb dans votre page, ins\u00e9rer le code : Aber [&hellip;]<\/p>\n","protected":false},"author":4,"featured_media":0,"parent":0,"menu_order":0,"comment_status":"closed","ping_status":"open","template":"","meta":{"ngg_post_thumbnail":0,"_EventAllDay":false,"_EventTimezone":"","_EventStartDate":"","_EventEndDate":"","_EventStartDateUTC":"","_EventEndDateUTC":"","_EventShowMap":false,"_EventShowMapLink":false,"_EventURL":"","_EventCost":"","_EventCostDescription":"","_EventCurrencySymbol":"","_EventCurrencyCode":"","_EventCurrencyPosition":"","_EventDateTimeSeparator":"","_EventTimeRangeSeparator":"","_EventOrganizerID":[],"_EventVenueID":[],"_OrganizerEmail":"","_OrganizerPhone":"","_OrganizerWebsite":"","_VenueAddress":"","_VenueCity":"","_VenueCountry":"","_VenueProvince":"","_VenueState":"","_VenueZip":"","_VenuePhone":"","_VenueURL":"","_VenueStateProvince":"","_VenueLat":"","_VenueLng":"","_VenueShowMap":false,"_VenueShowMapLink":false,"footnotes":""},"categories":[269],"tags":[],"class_list":["post-445","page","type-page","status-publish","hentry","category-le-web-plouguerneen"],"_links":{"self":[{"href":"https:\/\/appriou.bzh\/index.php\/wp-json\/wp\/v2\/pages\/445","targetHints":{"allow":["GET"]}}],"collection":[{"href":"https:\/\/appriou.bzh\/index.php\/wp-json\/wp\/v2\/pages"}],"about":[{"href":"https:\/\/appriou.bzh\/index.php\/wp-json\/wp\/v2\/types\/page"}],"author":[{"embeddable":true,"href":"https:\/\/appriou.bzh\/index.php\/wp-json\/wp\/v2\/users\/4"}],"replies":[{"embeddable":true,"href":"https:\/\/appriou.bzh\/index.php\/wp-json\/wp\/v2\/comments?post=445"}],"version-history":[{"count":0,"href":"https:\/\/appriou.bzh\/index.php\/wp-json\/wp\/v2\/pages\/445\/revisions"}],"wp:attachment":[{"href":"https:\/\/appriou.bzh\/index.php\/wp-json\/wp\/v2\/media?parent=445"}],"wp:term":[{"taxonomy":"category","embeddable":true,"href":"https:\/\/appriou.bzh\/index.php\/wp-json\/wp\/v2\/categories?post=445"},{"taxonomy":"post_tag","embeddable":true,"href":"https:\/\/appriou.bzh\/index.php\/wp-json\/wp\/v2\/tags?post=445"}],"curies":[{"name":"wp","href":"https:\/\/api.w.org\/{rel}","templated":true}]}}