{"id":453,"date":"2011-12-19T17:38:10","date_gmt":"2011-12-19T16:38:10","guid":{"rendered":"https:\/\/plouguerneau.net\/ecole-enfance\/"},"modified":"2011-12-19T17:38:10","modified_gmt":"2011-12-19T16:38:10","slug":"ecole-enfance","status":"publish","type":"page","link":"https:\/\/appriou.bzh\/index.php\/ecole-enfance\/","title":{"rendered":"Ecole, enfance"},"content":{"rendered":"<p><i>Pour proposer un site, lire la <a href=\"http:\/\/www.plouguerneau.net\/spip.php?rubrique26\"><b>charte<\/b><\/a> puis cliquer sur le lien : <a href=\"http:\/\/www.plouguerneau.net\/spip.php?page=referencement&#038;id_rubrique=26\"><b>Web plouguern\u00e9en<\/b><\/a>. Pour int\u00e9grer le logo du \u00ab\u00a0web plouguern\u00e9en\u00a0\u00bb dans votre page, ins\u00e9rer le code :<\/i><br \/>\n<textarea rows=\"2\" cols=\"60\"><\/p>\n<div align=center><a href=\"http:\/\/plouguerneau.net\/spip.php?rubrique26\" target=blank><img decoding=\"async\" src=\"https:\/\/appriou.bzh\/wp-content\/uploads\/2011\/12\/site_webplouguerneen.jpg\" title=\"L'annuaire du web plouguern\u00e9en\" width=120 height=63 border=\"0\"><\/a>\n<\/div>\n<p><\/textarea><\/p>\n<p><\/p>\n<table width= 100% border=1 bordercolor=\"#0000ff\" cellpading=4 cellspacing=0 frame=BELOW rules=ROWS>\n<tr>\n<td width=150 height=110><img decoding=\"async\" src=\"https:\/\/plouguerneau.net\/wp-content\/uploads\/2011\/12\/www.robothumb.com_src_www.eco-stjo-plouguerneau2.ddec29.org_%40120x90.jpg\"><\/td>\n<td>\n<div align=justify><b><a href=\"http:\/\/www.eco-stjo-plouguerneau2.ddec29.org\/\" target=_blank>Ecole Saint Joseph<\/a><\/b><br \/>\n<i><\/i><\/div>\n<\/td>\n<\/tr>\n<tr>\n<td width=150 height=110><img decoding=\"async\" src=\"https:\/\/plouguerneau.net\/wp-content\/uploads\/2011\/12\/www.robothumb.com_src_www.eco-stl-plouguerneau2.ddec29.org_%40120x90.jpg\"><\/td>\n<td>\n<div align=justify><b><a href=\"http:\/\/www.eco-stl-plouguerneau2.ddec29.org\/\" target=_blank>Ecole Sainte Th\u00e9r\u00e8se<\/a><\/b><br \/>\n<i>L\u2019\u00e9cole se situe sur la paroisse de Lilia, appartenant \u00e0 la commune de Plouguerneau. Nous sommes \u00e0 la pointe du pays des Abers, proches des plages o\u00f9 nous pratiquons certaines activit\u00e9s sportives. Elles sont aussi terrain d\u2019activit\u00e9s de d\u00e9couverte du milieu marin. Sur une carte, facile de nous trouver : au nord l\u2019\u00eele Vierge et son c\u00e9l\u00e8bre phare, au sud l\u2019Aber Wrac\u2019h.<\/i><\/div>\n<\/td>\n<\/tr>\n<tr>\n<td width=150 height=110><img decoding=\"async\" src=\"https:\/\/plouguerneau.net\/wp-content\/uploads\/2011\/12\/www.robothumb.com_src_www.famillesrurales.org_plouguerneau_%40120x90.jpg\"><\/td>\n<td>\n<div align=justify><b><a href=\"http:\/\/www.famillesrurales.org\/plouguerneau\/\" target=_blank>Famille rurale &#8211; Plouguerneau<\/a><\/b><br \/>\n<i><\/i><\/div>\n<\/td>\n<\/tr>\n<\/table>\n<p>\n<font size=1><a href=\"http:\/\/www.thumbshots.com\" target=\"_blank\" title=\"Thumbnails Screenshots by Thumbshots\">Thumbnail Screenshots by Thumbshots<\/a> et <a href=\"http:\/\/www.robothumb.com\" target=blank>Robothumb<\/a><\/font><\/p>\n","protected":false},"excerpt":{"rendered":"<p>Pour proposer un site, lire la charte puis cliquer sur le lien : Web plouguern\u00e9en. Pour int\u00e9grer le logo du \u00ab\u00a0web plouguern\u00e9en\u00a0\u00bb dans votre page, ins\u00e9rer le code : Ecole [&hellip;]<\/p>\n","protected":false},"author":4,"featured_media":0,"parent":0,"menu_order":0,"comment_status":"closed","ping_status":"open","template":"","meta":{"ngg_post_thumbnail":0,"_EventAllDay":false,"_EventTimezone":"","_EventStartDate":"","_EventEndDate":"","_EventStartDateUTC":"","_EventEndDateUTC":"","_EventShowMap":false,"_EventShowMapLink":false,"_EventURL":"","_EventCost":"","_EventCostDescription":"","_EventCurrencySymbol":"","_EventCurrencyCode":"","_EventCurrencyPosition":"","_EventDateTimeSeparator":"","_EventTimeRangeSeparator":"","_EventOrganizerID":[],"_EventVenueID":[],"_OrganizerEmail":"","_OrganizerPhone":"","_OrganizerWebsite":"","_VenueAddress":"","_VenueCity":"","_VenueCountry":"","_VenueProvince":"","_VenueState":"","_VenueZip":"","_VenuePhone":"","_VenueURL":"","_VenueStateProvince":"","_VenueLat":"","_VenueLng":"","_VenueShowMap":false,"_VenueShowMapLink":false,"footnotes":""},"categories":[269],"tags":[],"class_list":["post-453","page","type-page","status-publish","hentry","category-le-web-plouguerneen"],"_links":{"self":[{"href":"https:\/\/appriou.bzh\/index.php\/wp-json\/wp\/v2\/pages\/453","targetHints":{"allow":["GET"]}}],"collection":[{"href":"https:\/\/appriou.bzh\/index.php\/wp-json\/wp\/v2\/pages"}],"about":[{"href":"https:\/\/appriou.bzh\/index.php\/wp-json\/wp\/v2\/types\/page"}],"author":[{"embeddable":true,"href":"https:\/\/appriou.bzh\/index.php\/wp-json\/wp\/v2\/users\/4"}],"replies":[{"embeddable":true,"href":"https:\/\/appriou.bzh\/index.php\/wp-json\/wp\/v2\/comments?post=453"}],"version-history":[{"count":0,"href":"https:\/\/appriou.bzh\/index.php\/wp-json\/wp\/v2\/pages\/453\/revisions"}],"wp:attachment":[{"href":"https:\/\/appriou.bzh\/index.php\/wp-json\/wp\/v2\/media?parent=453"}],"wp:term":[{"taxonomy":"category","embeddable":true,"href":"https:\/\/appriou.bzh\/index.php\/wp-json\/wp\/v2\/categories?post=453"},{"taxonomy":"post_tag","embeddable":true,"href":"https:\/\/appriou.bzh\/index.php\/wp-json\/wp\/v2\/tags?post=453"}],"curies":[{"name":"wp","href":"https:\/\/api.w.org\/{rel}","templated":true}]}}