{"id":454,"date":"2011-12-19T17:46:51","date_gmt":"2011-12-19T16:46:51","guid":{"rendered":"https:\/\/plouguerneau.net\/institutions-politique\/"},"modified":"2011-12-19T17:46:51","modified_gmt":"2011-12-19T16:46:51","slug":"institutions-politique","status":"publish","type":"page","link":"https:\/\/appriou.bzh\/index.php\/institutions-politique\/","title":{"rendered":"Institutions, politique"},"content":{"rendered":"<p><i>Pour proposer un site, lire la <a href=\"http:\/\/www.plouguerneau.net\/spip.php?rubrique26\"><b>charte<\/b><\/a> puis cliquer sur le lien : <a href=\"http:\/\/www.plouguerneau.net\/spip.php?page=referencement&#038;id_rubrique=26\"><b>Web plouguern\u00e9en<\/b><\/a>. Pour int\u00e9grer le logo du \u00ab\u00a0web plouguern\u00e9en\u00a0\u00bb dans votre page, ins\u00e9rer le code :<\/i><br \/>\n<textarea rows=\"2\" cols=\"60\"><\/p>\n<div align=center><a href=\"http:\/\/plouguerneau.net\/spip.php?rubrique26\" target=blank><img decoding=\"async\" src=\"https:\/\/appriou.bzh\/wp-content\/uploads\/2011\/12\/site_webplouguerneen.jpg\" title=\"L'annuaire du web plouguern\u00e9en\" width=120 height=63 border=\"0\"><\/a>\n<\/div>\n<p><\/textarea><\/p>\n<p><\/p>\n<table width=100% border=1 bordercolor=\"#0000ff\" cellpading=4 cellspacing=0 frame=BELOW rules=ROWS>\n<tr>\n<td width=150 height=110><img decoding=\"async\" src=\"http:\/\/open.thumbshots.org\/image.aspx?url=http:\/\/www.cc-plabennec-abers.fr\/\"><\/td>\n<td>\n<div align=justify><b><a href=\"http:\/\/www.cc-plabennec-abers.fr\/\" target=_blank>Communaut\u00e9 de communes du Pays des Abers<\/a><\/b><br \/>\n<i>CCPA &#8211; Communaut\u00e9 de communes du Pays des Abers situ\u00e9e dans le Finist\u00e8re Nord, elle regroupe 13 communes.<\/i><\/div>\n<\/td>\n<\/tr>\n<tr>\n<td height=110><img decoding=\"async\" src=\"http:\/\/open.thumbshots.org\/image.aspx?url=http:\/\/www.plouguerneau.fr\/\"> <\/td>\n<td>\n<div align=justify><b><a href=\"http:\/\/www.plouguerneau.fr\/\" target=_blank>Plouguerneau<\/a><\/b><br \/>\n<i>Bienvenue \u00e0 Plouguerneau, commune littorale du Finist\u00e8re nord (Pays des Abers) entre l&rsquo;aber wrach et la c\u00f4te des L\u00e9gendes&#8230; Du phare de l&rsquo;Ile vierge aux chapelles bretonnes, une commune aux multiples facettes !<i><\/div>\n<\/td>\n<\/tr>\n<tr>\n<td height=110><img decoding=\"async\" src=\"http:\/\/open.thumbshots.org\/image.aspx?url=http:\/\/unispourvousservir.fr\/\"> <\/td>\n<td>\n<div align=justify><b><a href=\"http:\/\/unispourvousservir.fr\/\" target=_blank>Unis pour vous servir<\/a><\/b><br \/>\n<i><\/i><\/div>\n<\/td>\n<\/tr>\n<\/table>\n<p>\n<font size=1><a href=\"http:\/\/www.thumbshots.com\" target=\"_blank\" title=\"Thumbnails Screenshots by Thumbshots\">Thumbnail Screenshots by Thumbshots<\/a> et <a href=\"http:\/\/www.robothumb.com\" target=blank>Robothumb<\/a><\/font><\/p>\n","protected":false},"excerpt":{"rendered":"<p>Pour proposer un site, lire la charte puis cliquer sur le lien : Web plouguern\u00e9en. Pour int\u00e9grer le logo du \u00ab\u00a0web plouguern\u00e9en\u00a0\u00bb dans votre page, ins\u00e9rer le code : Communaut\u00e9 [&hellip;]<\/p>\n","protected":false},"author":4,"featured_media":0,"parent":0,"menu_order":0,"comment_status":"closed","ping_status":"open","template":"","meta":{"ngg_post_thumbnail":0,"_EventAllDay":false,"_EventTimezone":"","_EventStartDate":"","_EventEndDate":"","_EventStartDateUTC":"","_EventEndDateUTC":"","_EventShowMap":false,"_EventShowMapLink":false,"_EventURL":"","_EventCost":"","_EventCostDescription":"","_EventCurrencySymbol":"","_EventCurrencyCode":"","_EventCurrencyPosition":"","_EventDateTimeSeparator":"","_EventTimeRangeSeparator":"","_EventOrganizerID":[],"_EventVenueID":[],"_OrganizerEmail":"","_OrganizerPhone":"","_OrganizerWebsite":"","_VenueAddress":"","_VenueCity":"","_VenueCountry":"","_VenueProvince":"","_VenueState":"","_VenueZip":"","_VenuePhone":"","_VenueURL":"","_VenueStateProvince":"","_VenueLat":"","_VenueLng":"","_VenueShowMap":false,"_VenueShowMapLink":false,"footnotes":""},"categories":[269],"tags":[],"class_list":["post-454","page","type-page","status-publish","hentry","category-le-web-plouguerneen"],"_links":{"self":[{"href":"https:\/\/appriou.bzh\/index.php\/wp-json\/wp\/v2\/pages\/454","targetHints":{"allow":["GET"]}}],"collection":[{"href":"https:\/\/appriou.bzh\/index.php\/wp-json\/wp\/v2\/pages"}],"about":[{"href":"https:\/\/appriou.bzh\/index.php\/wp-json\/wp\/v2\/types\/page"}],"author":[{"embeddable":true,"href":"https:\/\/appriou.bzh\/index.php\/wp-json\/wp\/v2\/users\/4"}],"replies":[{"embeddable":true,"href":"https:\/\/appriou.bzh\/index.php\/wp-json\/wp\/v2\/comments?post=454"}],"version-history":[{"count":0,"href":"https:\/\/appriou.bzh\/index.php\/wp-json\/wp\/v2\/pages\/454\/revisions"}],"wp:attachment":[{"href":"https:\/\/appriou.bzh\/index.php\/wp-json\/wp\/v2\/media?parent=454"}],"wp:term":[{"taxonomy":"category","embeddable":true,"href":"https:\/\/appriou.bzh\/index.php\/wp-json\/wp\/v2\/categories?post=454"},{"taxonomy":"post_tag","embeddable":true,"href":"https:\/\/appriou.bzh\/index.php\/wp-json\/wp\/v2\/tags?post=454"}],"curies":[{"name":"wp","href":"https:\/\/api.w.org\/{rel}","templated":true}]}}