{"id":464,"date":"2011-12-19T18:21:35","date_gmt":"2011-12-19T17:21:35","guid":{"rendered":"https:\/\/plouguerneau.net\/sport-et-decouverte\/"},"modified":"2011-12-19T18:21:35","modified_gmt":"2011-12-19T17:21:35","slug":"sport-et-decouverte","status":"publish","type":"page","link":"https:\/\/appriou.bzh\/index.php\/sport-et-decouverte\/","title":{"rendered":"Sport et d\u00e9couverte"},"content":{"rendered":"<p><i>Pour proposer un site, lire la <a href=\"http:\/\/www.plouguerneau.net\/spip.php?rubrique26\"><b>charte<\/b><\/a> puis cliquer sur le lien : <a href=\"http:\/\/www.plouguerneau.net\/spip.php?page=referencement&#038;id_rubrique=26\"><b>Web plouguern\u00e9en<\/b><\/a>. Pour int\u00e9grer le logo du \u00ab\u00a0web plouguern\u00e9en\u00a0\u00bb dans votre page, ins\u00e9rer le code :<\/i><br \/>\n<textarea rows=\"2\" cols=\"60\"><\/p>\n<div align=center><a href=\"http:\/\/plouguerneau.net\/spip.php?rubrique26\" target=blank><img decoding=\"async\" src=\"https:\/\/appriou.bzh\/wp-content\/uploads\/2011\/12\/site_webplouguerneen.jpg\" title=\"L'annuaire du web plouguern\u00e9en\" width=120 height=63 border=\"0\"><\/a>\n<\/div>\n<p><\/textarea><\/p>\n<p><\/p>\n<table width=100% border=1 bordercolor=\"#0000ff\" cellpading=4 cellspacing=0 frame=BELOW rules=ROWS>\n<tr>\n<td width=150 height=110><img decoding=\"async\" src=\"http:\/\/open.thumbshots.org\/image.aspx?url=http:\/\/apprplouguerneau.superforum.fr\/\"><\/td>\n<td>\n<div align=justify><b><a href=\"http:\/\/apprplouguerneau.superforum.fr\/\" target=_blank>APPR Plouguerneau<\/a><\/b><br \/>\n<i>Rink hockey Plouguerneau. APPR Plouguerneau. Rink hockey Plouguerneau APPR<\/i><\/div>\n<\/td>\n<\/tr>\n<tr>\n<td height=110><img decoding=\"async\" src=\"http:\/\/open.thumbshots.org\/image.aspx?url=http:\/\/www.dojodesabers.fr\/\"> <\/td>\n<td>\n<div align=justify><b><a href=\"http:\/\/www.dojodesabers.fr\/\" target=_blank>Dojo des Abers<\/a><\/b><br \/>\n<i>Dojo des Abers, Association Judo, jujitsu, gymnastique dans le Nord Finist\u00e8re.<i><\/div>\n<\/td>\n<\/tr>\n<tr>\n<td height=110><img decoding=\"async\" src=\"https:\/\/plouguerneau.net\/wp-content\/uploads\/2011\/12\/www.robothumb.com_src_cn-plouguerneau.com_%40120x90.jpg\"> <\/td>\n<td>\n<div align=justify><b><a href=\"http:\/\/cn-plouguerneau.com\/\" target=_blank>CN Plouguerneau<\/a><\/b><br \/>\n<i><\/i><\/div>\n<\/td>\n<\/tr>\n<tr>\n<td height=110><img decoding=\"async\" src=\"https:\/\/plouguerneau.net\/wp-content\/uploads\/2011\/12\/www.robothumb.com_src_www.aikido-plouguerneau.site11.com_%40120x90.jpg\"> <\/td>\n<td>\n<div align=justify><b><a href=\"http:\/\/www.aikido-plouguerneau.site11.com\/\" target=_blank>\u00c9cole d\u2019Aikido de Plouguerneau<\/a><\/b><br \/>\n<i>Le site de l&rsquo;\u00c9cole d&rsquo;aikido de Plouguerneau.<\/i><\/div>\n<\/td>\n<\/tr>\n<tr>\n<td height=110><img decoding=\"async\" src=\"https:\/\/plouguerneau.net\/wp-content\/uploads\/2011\/12\/www.robothumb.com_src_www.ententedesabers.org_%40120x90.jpg\"> <\/td>\n<td>\n<div align=justify><b><a href=\"http:\/\/www.ententedesabers.org\/\" target=_blank>Entente des Abers<\/a><\/b><br \/>\n<i><\/i><\/div>\n<\/td>\n<\/tr>\n<tr>\n<td height=110><img decoding=\"async\" src=\"https:\/\/plouguerneau.net\/wp-content\/uploads\/2011\/12\/www.robothumb.com_src_odile-rablat.com_%40120x90.jpg\"> <\/td>\n<td>\n<div align=justify><b><a href=\"http:\/\/odile-rablat.com\/\" target=_blank>Envol\u00e9e au Canada<\/a><\/b><br \/>\n<i><\/i><\/div>\n<\/td>\n<\/tr>\n<tr>\n<td height=110><img decoding=\"async\" src=\"http:\/\/open.thumbshots.org\/image.aspx?url=http:\/\/www.esperanceplouguerneau.fr\/\"> <\/td>\n<td>\n<div align=justify><b><a href=\"http:\/\/www.esperanceplouguerneau.fr\/\" target=_blank>Esp\u00e9rance de Plouguerneau<\/a><\/b><br \/>\n<i>Le club de football plouguern\u00e9en.<\/i><\/div>\n<\/td>\n<\/tr>\n<tr>\n<td height=110><img decoding=\"async\" src=\"http:\/\/open.thumbshots.org\/image.aspx?url=http:\/\/www.joggingplouguerneau.org\/\"> <\/td>\n<td>\n<div align=justify><b><a href=\"http:\/\/www.joggingplouguerneau.org\/\" target=_blank>Jogging Club de Plouguerneau<\/a><\/b><br \/>\n<i>Jogging Club de Plouguerneau<\/i><\/div>\n<\/td>\n<\/tr>\n<tr>\n<td height=110><img decoding=\"async\" src=\"http:\/\/open.thumbshots.org\/image.aspx?url=http:\/\/www.terreneuvedesabers.com\/\"> <\/td>\n<td>\n<div align=justify><b><a href=\"http:\/\/www.terreneuvedesabers.com\/\" target=_blank>Terre-Neuve des Abers<\/a><\/b><br \/><i>Il poss\u00e8de la beaut\u00e9 sans la vanit\u00e9, la force sans l&rsquo;insolence, le courage sans la f\u00e9rocit\u00e9 et toutes les qualit\u00e9s de l&rsquo;homme sans ses vices. Lord Byron<\/i><\/div>\n<\/td>\n<\/tr>\n<\/table>\n<p>\n<font size=1><a href=\"http:\/\/www.thumbshots.com\" target=\"_blank\" title=\"Thumbnails Screenshots by Thumbshots\">Thumbnail Screenshots by Thumbshots<\/a> et <a href=\"http:\/\/www.robothumb.com\" target=blank>Robothumb<\/a><\/font><\/p>\n","protected":false},"excerpt":{"rendered":"<p>Pour proposer un site, lire la charte puis cliquer sur le lien : Web plouguern\u00e9en. Pour int\u00e9grer le logo du \u00ab\u00a0web plouguern\u00e9en\u00a0\u00bb dans votre page, ins\u00e9rer le code : APPR [&hellip;]<\/p>\n","protected":false},"author":4,"featured_media":0,"parent":0,"menu_order":0,"comment_status":"closed","ping_status":"open","template":"","meta":{"ngg_post_thumbnail":0,"_EventAllDay":false,"_EventTimezone":"","_EventStartDate":"","_EventEndDate":"","_EventStartDateUTC":"","_EventEndDateUTC":"","_EventShowMap":false,"_EventShowMapLink":false,"_EventURL":"","_EventCost":"","_EventCostDescription":"","_EventCurrencySymbol":"","_EventCurrencyCode":"","_EventCurrencyPosition":"","_EventDateTimeSeparator":"","_EventTimeRangeSeparator":"","_EventOrganizerID":[],"_EventVenueID":[],"_OrganizerEmail":"","_OrganizerPhone":"","_OrganizerWebsite":"","_VenueAddress":"","_VenueCity":"","_VenueCountry":"","_VenueProvince":"","_VenueState":"","_VenueZip":"","_VenuePhone":"","_VenueURL":"","_VenueStateProvince":"","_VenueLat":"","_VenueLng":"","_VenueShowMap":false,"_VenueShowMapLink":false,"footnotes":""},"categories":[269],"tags":[],"class_list":["post-464","page","type-page","status-publish","hentry","category-le-web-plouguerneen"],"_links":{"self":[{"href":"https:\/\/appriou.bzh\/index.php\/wp-json\/wp\/v2\/pages\/464","targetHints":{"allow":["GET"]}}],"collection":[{"href":"https:\/\/appriou.bzh\/index.php\/wp-json\/wp\/v2\/pages"}],"about":[{"href":"https:\/\/appriou.bzh\/index.php\/wp-json\/wp\/v2\/types\/page"}],"author":[{"embeddable":true,"href":"https:\/\/appriou.bzh\/index.php\/wp-json\/wp\/v2\/users\/4"}],"replies":[{"embeddable":true,"href":"https:\/\/appriou.bzh\/index.php\/wp-json\/wp\/v2\/comments?post=464"}],"version-history":[{"count":0,"href":"https:\/\/appriou.bzh\/index.php\/wp-json\/wp\/v2\/pages\/464\/revisions"}],"wp:attachment":[{"href":"https:\/\/appriou.bzh\/index.php\/wp-json\/wp\/v2\/media?parent=464"}],"wp:term":[{"taxonomy":"category","embeddable":true,"href":"https:\/\/appriou.bzh\/index.php\/wp-json\/wp\/v2\/categories?post=464"},{"taxonomy":"post_tag","embeddable":true,"href":"https:\/\/appriou.bzh\/index.php\/wp-json\/wp\/v2\/tags?post=464"}],"curies":[{"name":"wp","href":"https:\/\/api.w.org\/{rel}","templated":true}]}}