{"id":465,"date":"2011-12-19T18:34:17","date_gmt":"2011-12-19T17:34:17","guid":{"rendered":"https:\/\/plouguerneau.net\/tourisme\/"},"modified":"2011-12-19T18:34:17","modified_gmt":"2011-12-19T17:34:17","slug":"tourisme","status":"publish","type":"page","link":"https:\/\/appriou.bzh\/index.php\/tourisme\/","title":{"rendered":"Tourisme"},"content":{"rendered":"<p><i>Pour proposer un site, lire la <a href=\"http:\/\/www.plouguerneau.net\/spip.php?rubrique26\"><b>charte<\/b><\/a> puis cliquer sur le lien : <a href=\"http:\/\/www.plouguerneau.net\/spip.php?page=referencement&#038;id_rubrique=26\"><b>Web plouguern\u00e9en<\/b><\/a>. Pour int\u00e9grer le logo du \u00ab\u00a0web plouguern\u00e9en\u00a0\u00bb dans votre page, ins\u00e9rer le code :<\/i><br \/>\n<textarea rows=\"2\" cols=\"60\"><\/p>\n<div align=center><a href=\"http:\/\/plouguerneau.net\/spip.php?rubrique26\" target=blank><img decoding=\"async\" src=\"https:\/\/appriou.bzh\/wp-content\/uploads\/2011\/12\/site_webplouguerneen.jpg\" title=\"L'annuaire du web plouguern\u00e9en\" width=120 height=63 border=\"0\"><\/a>\n<\/div>\n<p><\/textarea><\/p>\n<p><\/p>\n<table width=100% border=1 bordercolor=\"#0000ff\" cellpading=4 cellspacing=0 frame=BELOW rules=ROWS>\n<tr>\n<td width=150 height=110><img decoding=\"async\" src=\"http:\/\/open.thumbshots.org\/image.aspx?url=http:\/\/www.breizhenson.com\/fr\/home.htm\"><\/td>\n<td>\n<div align=justify><b><a href=\"http:\/\/www.breizhenson.com\/fr\/home.htm\" target=_blank>Breizhenson, chambres d\u2019h\u00f4tes et g\u00eete dans le finist\u00e8re, Bretagne<\/a><\/b><br \/>\n<i>Breizhenson \u00e0 Plouguerneau, vous pr\u00e9sente ses chambres d\u2019hotes en bordure de mer, et son gite &#8211; D\u00e9couvrez le Finist\u00e8re de la Bretagne en promenade en cal\u00e8che.<\/i><\/div>\n<\/td>\n<\/tr>\n<tr>\n<td height=110><img decoding=\"async\" src=\"http:\/\/open.thumbshots.org\/image.aspx?url=http:\/\/www.campinggreveblanche.com\/\"> <\/td>\n<td>\n<div align=justify><b><a href=\"http:\/\/www.campinggreveblanche.com\/\" target=_blank>Camping de la Gr\u00e8ve Blanche<\/a><\/b><br \/>\n<i>En Bretagne, au coeur des Abers, le camping de la Gr\u00e8ve Blanche vous accueille \u00e0 Plouguerneau : mer, nature,soleil et ambiance de vacances ! Camping panoramique en bordure imm\u00e9diate de mer&#8230;<i><\/div>\n<\/td>\n<\/tr>\n<tr>\n<td height=110><img decoding=\"async\" src=\"http:\/\/open.thumbshots.org\/image.aspx?url=http:\/\/meteo-plouguerneau.fr\/\"> <\/td>\n<td>\n<div align=justify><b><a href=\"http:\/\/meteo-plouguerneau.fr\/\" target=_blank>M\u00e9t\u00e9o \u00e0 Plouguerneau<\/a><\/b><br \/>\n<i>Conditions m\u00e9t\u00e9o en direct de Plouguerneau. Donn\u00e9es mises \u00e0 jour toutes les 5 minutes, 24h\/24. Donn\u00e9es climatologiques et records depuis 2006. Images radar de la couverture nuageuse (Sat24) et de la pluie (Meteox) Liens vers des sites de pr\u00e9visions m\u00e9t\u00e9o.<\/p>\n<p>Je peux \u00e9ventuellement r\u00e9aliser une vignette qui serait mise \u00e0 jour toutes les 5min, pour remplacer celle de Weather.com (qui ne fait pas de mesures \u00e0 Plouguerneau !!!)<\/i><\/div>\n<\/td>\n<\/tr>\n<tr>\n<td height=110><img decoding=\"async\" src=\"http:\/\/open.thumbshots.org\/image.aspx?url=http:\/\/users.skynet.be\/fb639114\/topic\/index.html\"> <\/td>\n<td>\n<div align=justify><b><a href=\"http:\/\/users.skynet.be\/fb639114\/topic\/index.html\" target=_blank>Le Vougot et sa m\u00e9t\u00e9o<\/a><\/b><br \/>\n<i><\/i><\/div>\n<\/td>\n<\/tr>\n<tr>\n<td height=110><img decoding=\"async\" src=\"http:\/\/open.thumbshots.org\/image.aspx?url=http:\/\/www.abers-tourisme.com\/\"> <\/td>\n<td>\n<div align=justify><b><a href=\"http:\/\/www.abers-tourisme.com\/\" target=_blank>L\u2019Office de Tourisme du Pays des Abers<\/a><\/b><br \/>\n<i>Site officiel<\/i><\/div>\n<\/td>\n<\/tr>\n<\/table>\n<p>\n<font size=1><a href=\"http:\/\/www.thumbshots.com\" target=\"_blank\" title=\"Thumbnails Screenshots by Thumbshots\">Thumbnail Screenshots by Thumbshots<\/a> et <a href=\"http:\/\/www.robothumb.com\" target=blank>Robothumb<\/a><\/font><\/p>\n","protected":false},"excerpt":{"rendered":"<p>Pour proposer un site, lire la charte puis cliquer sur le lien : Web plouguern\u00e9en. Pour int\u00e9grer le logo du \u00ab\u00a0web plouguern\u00e9en\u00a0\u00bb dans votre page, ins\u00e9rer le code : Breizhenson, [&hellip;]<\/p>\n","protected":false},"author":4,"featured_media":0,"parent":0,"menu_order":0,"comment_status":"closed","ping_status":"open","template":"","meta":{"ngg_post_thumbnail":0,"_EventAllDay":false,"_EventTimezone":"","_EventStartDate":"","_EventEndDate":"","_EventStartDateUTC":"","_EventEndDateUTC":"","_EventShowMap":false,"_EventShowMapLink":false,"_EventURL":"","_EventCost":"","_EventCostDescription":"","_EventCurrencySymbol":"","_EventCurrencyCode":"","_EventCurrencyPosition":"","_EventDateTimeSeparator":"","_EventTimeRangeSeparator":"","_EventOrganizerID":[],"_EventVenueID":[],"_OrganizerEmail":"","_OrganizerPhone":"","_OrganizerWebsite":"","_VenueAddress":"","_VenueCity":"","_VenueCountry":"","_VenueProvince":"","_VenueState":"","_VenueZip":"","_VenuePhone":"","_VenueURL":"","_VenueStateProvince":"","_VenueLat":"","_VenueLng":"","_VenueShowMap":false,"_VenueShowMapLink":false,"footnotes":""},"categories":[269],"tags":[],"class_list":["post-465","page","type-page","status-publish","hentry","category-le-web-plouguerneen"],"_links":{"self":[{"href":"https:\/\/appriou.bzh\/index.php\/wp-json\/wp\/v2\/pages\/465","targetHints":{"allow":["GET"]}}],"collection":[{"href":"https:\/\/appriou.bzh\/index.php\/wp-json\/wp\/v2\/pages"}],"about":[{"href":"https:\/\/appriou.bzh\/index.php\/wp-json\/wp\/v2\/types\/page"}],"author":[{"embeddable":true,"href":"https:\/\/appriou.bzh\/index.php\/wp-json\/wp\/v2\/users\/4"}],"replies":[{"embeddable":true,"href":"https:\/\/appriou.bzh\/index.php\/wp-json\/wp\/v2\/comments?post=465"}],"version-history":[{"count":0,"href":"https:\/\/appriou.bzh\/index.php\/wp-json\/wp\/v2\/pages\/465\/revisions"}],"wp:attachment":[{"href":"https:\/\/appriou.bzh\/index.php\/wp-json\/wp\/v2\/media?parent=465"}],"wp:term":[{"taxonomy":"category","embeddable":true,"href":"https:\/\/appriou.bzh\/index.php\/wp-json\/wp\/v2\/categories?post=465"},{"taxonomy":"post_tag","embeddable":true,"href":"https:\/\/appriou.bzh\/index.php\/wp-json\/wp\/v2\/tags?post=465"}],"curies":[{"name":"wp","href":"https:\/\/api.w.org\/{rel}","templated":true}]}}