{"id":473,"date":"2012-01-17T08:20:23","date_gmt":"2012-01-17T07:20:23","guid":{"rendered":"https:\/\/plouguerneau.net\/une-pierre-qui-intrigue\/"},"modified":"2025-01-27T10:08:28","modified_gmt":"2025-01-27T09:08:28","slug":"une-pierre-qui-intrigue","status":"publish","type":"page","link":"https:\/\/appriou.bzh\/index.php\/une-pierre-qui-intrigue\/","title":{"rendered":"Une pierre qui intrigue"},"content":{"rendered":"<div align=justify>\nElle se situe au bord du chemin pi\u00e9ton entre la Gr\u00e8ve Blanche et Saint Michel. Elle a \u00e9t\u00e9 signal\u00e9e \u00e0 l&rsquo;association de fa\u00e7on fortuite par Monsieur Marc Marchadour le 30 ao\u00fbt 2010. Celui-ci l&rsquo;a d\u00e9couverte en se promenant \u00e0 l&rsquo;issue des temp\u00eates hivernales. A la m\u00eame \u00e9poque, Monsieur Gilbert M\u00e9vel de Land\u00e9da, effectue la m\u00eame d\u00e9couverte. Il est \u00e0 noter qu&rsquo;\u00e0 cette \u00e9poque la mer a effectu\u00e9 son travail de sape et que la dune littorale s&rsquo;est affaiss\u00e9e.<\/p>\n<div align=center>\n<img decoding=\"async\" src=\"https:\/\/appriou.bzh\/wp-content\/uploads\/2012\/01\/archeologie_pierre_pierre_2gm.jpg\" title=\"Une pierre qui intrigue\">\n<\/div>\n<p>\nDe quoi s&rsquo;agit-il ? D&rsquo;un bloc de granit poli en forme d&rsquo;ogive. la pierre mesure environ 52 centim\u00e8tres de diam\u00e8tre sur 62 centim\u00e8tres de hauteur.<br \/>\nUn cailloux extraordinaire de plus ? Non car celui-ci  est grav\u00e9 sur son c\u00f4t\u00e9 plat d&rsquo;un cercle enfermant une ligne coup\u00e9 dans son premier tiers. Devant tant de myst\u00e8re, Monsieur M\u00e9vel \u00e9crit \u00e0 Monsieur Sparfel, jeune dipl\u00f4m\u00e9 d&rsquo;arch\u00e9ologie. Dans un m\u00eame temps Erik Corre de l&rsquo;association \u00ab\u00a0Plouguerneau d&rsquo;Hier et d&rsquo;Aujourd&rsquo;hui\u00a0\u00bb prend contact avec ce m\u00eame Yohann Sparfel.<br \/>\nMonsieur Sparfel d\u00e9cide de se d\u00e9placer afin de comprendre ce qui entoure de myst\u00e8re cette pierre. <br \/>\nC&rsquo;est tout naturellement que l&rsquo;on se retrouve autour du bloc de granit. Yohann effectue les relev\u00e9s d&rsquo;usage, dessin, photos, m\u00e9trage&#8230; Malheureusement la pierre ne peut \u00eatre dat\u00e9e. Elle ne se situe plus dans son milieu originel. Quant \u00e0 la gravure il n&rsquo;est pas encore possible de dire de quoi il s&rsquo;agit. <\/p>\n<div align=center>\n<img decoding=\"async\" src=\"https:\/\/appriou.bzh\/wp-content\/uploads\/2012\/01\/archeologie_pierre_pierre02.jpg\" title=\"Yohann Sparfel\">\n<\/div>\n<p>\n<\/div>\n","protected":false},"excerpt":{"rendered":"<p>Elle se situe au bord du chemin pi\u00e9ton entre la Gr\u00e8ve Blanche et Saint Michel. Elle a \u00e9t\u00e9 signal\u00e9e \u00e0 l&rsquo;association de fa\u00e7on fortuite par Monsieur Marc Marchadour le 30 [&hellip;]<\/p>\n","protected":false},"author":4,"featured_media":0,"parent":0,"menu_order":0,"comment_status":"closed","ping_status":"open","template":"","meta":{"ngg_post_thumbnail":0,"_EventAllDay":false,"_EventTimezone":"","_EventStartDate":"","_EventEndDate":"","_EventStartDateUTC":"","_EventEndDateUTC":"","_EventShowMap":false,"_EventShowMapLink":false,"_EventURL":"","_EventCost":"","_EventCostDescription":"","_EventCurrencySymbol":"","_EventCurrencyCode":"","_EventCurrencyPosition":"","_EventDateTimeSeparator":"","_EventTimeRangeSeparator":"","_EventOrganizerID":[],"_EventVenueID":[],"_OrganizerEmail":"","_OrganizerPhone":"","_OrganizerWebsite":"","_VenueAddress":"","_VenueCity":"","_VenueCountry":"","_VenueProvince":"","_VenueState":"","_VenueZip":"","_VenuePhone":"","_VenueURL":"","_VenueStateProvince":"","_VenueLat":"","_VenueLng":"","_VenueShowMap":false,"_VenueShowMapLink":false,"footnotes":""},"categories":[138],"tags":[],"class_list":["post-473","page","type-page","status-publish","hentry","category-patrimoine-archeologique"],"_links":{"self":[{"href":"https:\/\/appriou.bzh\/index.php\/wp-json\/wp\/v2\/pages\/473","targetHints":{"allow":["GET"]}}],"collection":[{"href":"https:\/\/appriou.bzh\/index.php\/wp-json\/wp\/v2\/pages"}],"about":[{"href":"https:\/\/appriou.bzh\/index.php\/wp-json\/wp\/v2\/types\/page"}],"author":[{"embeddable":true,"href":"https:\/\/appriou.bzh\/index.php\/wp-json\/wp\/v2\/users\/4"}],"replies":[{"embeddable":true,"href":"https:\/\/appriou.bzh\/index.php\/wp-json\/wp\/v2\/comments?post=473"}],"version-history":[{"count":0,"href":"https:\/\/appriou.bzh\/index.php\/wp-json\/wp\/v2\/pages\/473\/revisions"}],"wp:attachment":[{"href":"https:\/\/appriou.bzh\/index.php\/wp-json\/wp\/v2\/media?parent=473"}],"wp:term":[{"taxonomy":"category","embeddable":true,"href":"https:\/\/appriou.bzh\/index.php\/wp-json\/wp\/v2\/categories?post=473"},{"taxonomy":"post_tag","embeddable":true,"href":"https:\/\/appriou.bzh\/index.php\/wp-json\/wp\/v2\/tags?post=473"}],"curies":[{"name":"wp","href":"https:\/\/api.w.org\/{rel}","templated":true}]}}