{"id":490,"date":"2012-01-30T16:52:45","date_gmt":"2012-01-30T15:52:45","guid":{"rendered":"https:\/\/plouguerneau.net\/inventaire-des-fours-a-goemon\/"},"modified":"2025-01-27T10:08:28","modified_gmt":"2025-01-27T09:08:28","slug":"inventaire-des-fours-a-goemon","status":"publish","type":"page","link":"https:\/\/appriou.bzh\/index.php\/inventaire-des-fours-a-goemon\/","title":{"rendered":"Inventaire des fours \u00e0 go\u00e9mon"},"content":{"rendered":"<p><font color=#ff0000>En cours de r\u00e9daction<\/font><\/p>\n<div align=justify>\nA tout seigneur, tout honneur ! Pour d\u00e9buter cet inventaire, il nous parait \u00e9vident de pr\u00e9senter les fours \u00e0 go\u00e9mons de <font color=blue><b>Penn Enez <\/font><\/b>. Ces fours sont les seuls du territoire plouguern\u00e9en \u00e0 \u00eatre en parfait \u00e9tat. Nous le devons \u00e0 Goulc&rsquo;han Kervella, l&rsquo;Ecomus\u00e9e de Plouguerneau et aux b\u00e9n\u00e9voles de l\u2019association Karreg Hir . <br \/>\nTous les ans, depuis 1983, est organis\u00e9 la \u00ab\u00a0f\u00eate des go\u00e9moniers\u00a0\u00bb. Elle se d\u00e9roule \u00e0 Penn Enez au mois d&rsquo;ao\u00fbt. Je vous invite \u00e0 vous y rendre. Il est fort \u00e0 parier que si vous y go\u00fbtez une fois, vous en redemanderez ! Cette f\u00eate est l&rsquo;occasion de se rappeler  le m\u00e9tier de go\u00e9monier des ann\u00e9es 1930-1950.<\/p>\n<p><img decoding=\"async\" src=\"https:\/\/appriou.bzh\/wp-content\/uploads\/2012\/01\/foursagoemon_gemplacementpennenez.jpg\" width =600 height=154><br \/>\n<\/p>\n<table width=100% border=1 bordercolor=\"#dddddd\" cellpading=4 cellspacing=0 frame=BELOW rules=ROWS>\n<tr>\n<td width=60%><font size=2><font color=blue><b>Penn Enez<\/font><\/b><br \/>\n<i>Longueur : 8 m.<br \/>\nOrientation : Nord<br \/>\nTr\u00e8s bon \u00e9tat<\/i><\/td>\n<td><a href=\"https:\/\/appriou.bzh\/wp-content\/uploads\/2012\/01\/foursagoemon_pennenez01.jpg\" target=blank><img decoding=\"async\" src=\"https:\/\/appriou.bzh\/wp-content\/uploads\/2012\/01\/foursagoemon_pennenez01p.jpg\" title=\"Penn Enez\"><\/a><\/td>\n<td>\n<div align=justify><font size=2><\/td>\n<\/tr>\n<tr>\n<td><font size=2><font color=blue><b>Penn Enez<\/font><\/b><br \/>\n<i>Longueur : 8 m.<br \/>\nOrientation : 340\u00b0<br \/>\nTr\u00e8s bon \u00e9tat<\/i><\/td>\n<td><a href=\"https:\/\/appriou.bzh\/wp-content\/uploads\/2012\/01\/foursagoemon_pennenez02.jpg\" target=blank><img decoding=\"async\" src=\"https:\/\/appriou.bzh\/wp-content\/uploads\/2012\/01\/foursagoemon_ppennenez02p.jpg\" title=\"Penn Enez\"><\/a><\/td>\n<td>\n<div align=justify><font size=2><\/td>\n<\/tr>\n<tr>\n<td><font size=2><font color=blue><b>Penn Enez<\/font><\/b><br \/>\n<i>Longueur : 9.5 m.<br \/>\nOrientation : 320\u00b0<br \/>\nTr\u00e8s bon \u00e9tat<\/i><\/td>\n<td><a href=\"https:\/\/appriou.bzh\/wp-content\/uploads\/2012\/01\/foursagoemon_pennenez03.jpg\" target=blank><img decoding=\"async\" src=\"https:\/\/appriou.bzh\/wp-content\/uploads\/2012\/01\/foursagoemon_ppennenez03p.jpg\" title=\"Penn Enez\"><\/a><\/td>\n<td>\n<div align=justify><font size=2><\/td>\n<\/tr>\n<tr>\n<td><font size=2><font color=blue><b>Penn Enez<\/font><\/b><br \/>\n<i>Longueur : 8 m.<br \/>\nOrientation : Nord<br \/>\nTr\u00e8s bon \u00e9tat<\/i><\/td>\n<td><a href=\"https:\/\/appriou.bzh\/wp-content\/uploads\/2012\/01\/foursagoemon_pennenez04.jpg\" target=blank><img decoding=\"async\" src=\"https:\/\/appriou.bzh\/wp-content\/uploads\/2012\/01\/foursagoemon_ppennenez04p.jpg\" title=\"Penn Enez\"><\/a><\/td>\n<td>\n<div align=justify><font size=2><\/td>\n<\/tr>\n<\/table>\n<p>Des fours \u00e0 go\u00e9mons il y en a sur une grande partie du littoral plouguerne\u00e9en. Si les fours se situent essentiellement sur des \u00eelots (Penn Enez \u00e9tait encore une \u00eele au d\u00e9but des ann\u00e9es 1960) on en trouve dans des endroits isol\u00e9s sur le \u00ab\u00a0continent\u00a0\u00bb.<\/p>\n<p>Le four de Beg ar Spins se situe \u00e0 l&rsquo;extr\u00e9mit\u00e9 nord de la pointe. On trouve \u00e0 proximit\u00e9 deux emplacements de d\u00e9p\u00f4t de go\u00e9mon d&rsquo;environ 3 m\u00e8tres de diam\u00e8tres.<\/p>\n<table width=100% border=1 bordercolor=\"#dddddd\" cellpading=4 cellspacing=0 frame=BELOW rules=ROWS>\n<tr>\n<td width=60%><font size=2><font color=blue><b>Beg ar Spins<\/font><\/b><br \/>\n<i>Longueur : 9 m.<br \/>\nOrientation : Nord<br \/>\nTr\u00e8s mauvais \u00e9tat<\/i><\/td>\n<td><a href=\"https:\/\/appriou.bzh\/wp-content\/uploads\/2012\/01\/foursagoemon_begarspins.jpg\" target=blank><img decoding=\"async\" src=\"http:\/\/www.plouguerneau.net\/IMG\/foursagoemon\/berarspinsp.jpg\" title=\"Penn Enez\"><\/a><\/td>\n<td>\n<div align=justify><font size=2><\/td>\n<\/tr>\n<\/table>\n<p>Enez Lost Logod est une \u00eele priv\u00e9e. Elle se situe dans la baie du Korrejou. Un four \u00e0 go\u00e9mon est positionn\u00e9 dans le secteur est-nord-est de l&rsquo;\u00eele. Les ruines d&rsquo;un abri (3m x 2,7m) se trouve \u00e0 quelques pas du four au nord de l&rsquo;\u00eele. L&rsquo;acc\u00e8s \u00e0 cet abris s&rsquo;effectuait par le sud.<\/p>\n<table width=100% border=1 bordercolor=\"#dddddd\" cellpading=4 cellspacing=0 frame=BELOW rules=ROWS>\n<tr>\n<td width=60%><font size=2><font color=blue><b>Enez Lost Logod<\/font><\/b><br \/>\n<i>Longueur : 8 m.<br \/>\nOrientation : 320\u00b0<br \/>\nMauvais \u00e9tat<\/i><\/td>\n<td><a href=\"http:\/\/www.plouguerneau.net\/IMG\/foursagoemon\/enezlostlgot.jpg\" target=blank><img decoding=\"async\" src=\"http:\/\/www.plouguerneau.net\/IMG\/foursagoemon\/enezlostlgotp.jpg\" title=\"Enez Lost Logod\"><\/a><\/td>\n<td>\n<div align=justify><font size=2><\/td>\n<\/tr>\n<\/table>\n<p>Le petit \u00eelot qui se situe face \u00e0 la plage de Porz Krac&rsquo;h est priv\u00e9. Le four \u00e0 go\u00e9mon se trouve dans sa partie sud-est. Il n&rsquo;y a pas de traces ni d&rsquo;abri ni d&#8217;emplacement de d\u00e9p\u00f4t du go\u00e9mon. Cependant, l&rsquo;abondance de roches plates peut laisser imaginer qu&rsquo;une simple liti\u00e8re de paille ou de foug\u00e8res suffisait \u00e0 poser le go\u00e9mon en attente de br\u00fblage.<\/p>\n<div align=center>\n<img decoding=\"async\" src=\"https:\/\/appriou.bzh\/wp-content\/uploads\/2012\/01\/foursagoemon_empkozsachereuz.jpg\">\n<\/div>\n<p><\/p>\n<table width=100% border=1 bordercolor=\"#dddddd\" cellpading=4 cellspacing=0 frame=BELOW rules=ROWS>\n<tr>\n<td width=60%><font size=2><font color=blue><b>Koz Sachereuz<\/font><\/b><br \/>\n<i>Longueur : 8 m.<br \/>\nOrientation : 320\u00b0<br \/>\nMauvais \u00e9tat<\/i><\/td>\n<td><a href=\"https:\/\/appriou.bzh\/wp-content\/uploads\/2012\/01\/foursagoemon_kozsachereuz.jpg\" target=blank><img decoding=\"async\" src=\"https:\/\/appriou.bzh\/wp-content\/uploads\/2012\/01\/foursagoemon_kozsachereuzp.jpg\" title=\"Koz Sachereuz\"><\/a><\/td>\n<td>\n<div align=justify><font size=2><\/td>\n<\/tr>\n<\/table>\n<\/div>\n","protected":false},"excerpt":{"rendered":"<p>En cours de r\u00e9daction A tout seigneur, tout honneur ! Pour d\u00e9buter cet inventaire, il nous parait \u00e9vident de pr\u00e9senter les fours \u00e0 go\u00e9mons de Penn Enez . Ces fours [&hellip;]<\/p>\n","protected":false},"author":4,"featured_media":0,"parent":0,"menu_order":0,"comment_status":"closed","ping_status":"open","template":"","meta":{"ngg_post_thumbnail":0,"_EventAllDay":false,"_EventTimezone":"","_EventStartDate":"","_EventEndDate":"","_EventStartDateUTC":"","_EventEndDateUTC":"","_EventShowMap":false,"_EventShowMapLink":false,"_EventURL":"","_EventCost":"","_EventCostDescription":"","_EventCurrencySymbol":"","_EventCurrencyCode":"","_EventCurrencyPosition":"","_EventDateTimeSeparator":"","_EventTimeRangeSeparator":"","_EventOrganizerID":[],"_EventVenueID":[],"_OrganizerEmail":"","_OrganizerPhone":"","_OrganizerWebsite":"","_VenueAddress":"","_VenueCity":"","_VenueCountry":"","_VenueProvince":"","_VenueState":"","_VenueZip":"","_VenuePhone":"","_VenueURL":"","_VenueStateProvince":"","_VenueLat":"","_VenueLng":"","_VenueShowMap":false,"_VenueShowMapLink":false,"footnotes":""},"categories":[138],"tags":[],"class_list":["post-490","page","type-page","status-publish","hentry","category-patrimoine-archeologique"],"_links":{"self":[{"href":"https:\/\/appriou.bzh\/index.php\/wp-json\/wp\/v2\/pages\/490","targetHints":{"allow":["GET"]}}],"collection":[{"href":"https:\/\/appriou.bzh\/index.php\/wp-json\/wp\/v2\/pages"}],"about":[{"href":"https:\/\/appriou.bzh\/index.php\/wp-json\/wp\/v2\/types\/page"}],"author":[{"embeddable":true,"href":"https:\/\/appriou.bzh\/index.php\/wp-json\/wp\/v2\/users\/4"}],"replies":[{"embeddable":true,"href":"https:\/\/appriou.bzh\/index.php\/wp-json\/wp\/v2\/comments?post=490"}],"version-history":[{"count":0,"href":"https:\/\/appriou.bzh\/index.php\/wp-json\/wp\/v2\/pages\/490\/revisions"}],"wp:attachment":[{"href":"https:\/\/appriou.bzh\/index.php\/wp-json\/wp\/v2\/media?parent=490"}],"wp:term":[{"taxonomy":"category","embeddable":true,"href":"https:\/\/appriou.bzh\/index.php\/wp-json\/wp\/v2\/categories?post=490"},{"taxonomy":"post_tag","embeddable":true,"href":"https:\/\/appriou.bzh\/index.php\/wp-json\/wp\/v2\/tags?post=490"}],"curies":[{"name":"wp","href":"https:\/\/api.w.org\/{rel}","templated":true}]}}