{"id":492,"date":"2012-04-03T13:14:29","date_gmt":"2012-04-03T11:14:29","guid":{"rendered":"https:\/\/plouguerneau.net\/kroaz-boulig-treongar\/"},"modified":"2025-01-27T10:03:45","modified_gmt":"2025-01-27T09:03:45","slug":"kroaz-boulig-treongar","status":"publish","type":"page","link":"https:\/\/appriou.bzh\/index.php\/kroaz-boulig-treongar\/","title":{"rendered":"Kroaz-Boulig &#8211; Tr\u00e9ongar"},"content":{"rendered":"<div align=\"justify\">Aux abords de Tr\u00e9ongar il existait au moins 5 lavoirs situ\u00e9s sur le plan ci-dessous.&nbsp;&nbsp;<\/p>\n<div align=\"center\"><img fetchpriority=\"high\" decoding=\"async\" src=\"https:\/\/appriou.bzh\/wp-content\/uploads\/2012\/04\/lavoirs_plantreongar.jpg\" width=\"500\" height=\"375\"><\/div>\n<p><b>1 Le lavoir dit \u00ab\u00a0communal\u00a0\u00bb<\/b><br \/>\nLe premier en descendant du bourg est le lavoir dit \u00ab\u00a0communal\u00a0\u00bb (rep\u00e8re 1), il est en fait sur un terrain priv\u00e9. Il a longtemps \u00e9t\u00e9 entretenu avec beaucoup de ferveur par Jeanne louise Arzur qui habite dans la rue. Ce lavoir laiss\u00e9 de nombreuses ann\u00e9es \u00e0 l&rsquo;abandon est aujourd\u2019hui remis en \u00e9tat par l&rsquo;association \u00ab\u00a0Plouguerneau d&rsquo;hier et d\u2019aujourd\u2019hui.\u00a0\u00bb.<\/p>\n<p><b>2 Lavoir face au manoir de Tr\u00e9ongar<\/b><br \/>\nIl est situ\u00e9 dans la zone humide en face du manoir de Tr\u00e9ongar. La prairie (zone humide) appartiendrait \u00e0 la famille Abernot et le lavoir \u00e0 la famille Tanguy. La source qui alimente le lavoir est facilement rep\u00e9rable, cependant le lavoir est sous la boue (2020).<\/p>\n<p>En 2022 un voisin, Jean-Yves, l&rsquo;a sorti de terre, on retrouve le lavoir illustr\u00e9 par le peintre plouguern\u00e9en Yves Floc&rsquo;h<\/p>\n<table style=\"border-collapse: collapse; width: 100%;\">\n<tbody>\n<tr>\n<td style=\"width: 50%;\"><img decoding=\"async\" class=\"aligncenter size-medium wp-image-3509\" src=\"https:\/\/appriou.bzh\/wp-content\/uploads\/2022\/04\/lavoirr2-241x300.jpg\" alt=\"\" width=\"241\" height=\"300\"><\/td>\n<td style=\"width: 50%;\">&nbsp;<\/td>\n<\/tr>\n<\/tbody>\n<\/table>\n<p><b>3 Source <\/b><br \/>\nCette source se situe en bordure de route et alimente les lavoirs en aval. Cette fontaine aux propri\u00e9t\u00e9s vertueuse a un aspect int\u00e9ressant.<\/p>\n<p><b>4 Le \u00ab&nbsp;petit&nbsp;\u00bb lavoir <\/b><br \/>\nDe suite apr\u00e8s la source, un peu en retrait par rapport \u00e0 la route, il est sans doute tr\u00e8s ancien car il est r\u00e9alis\u00e9 en pierres. Il a un cachet int\u00e9ressant et m\u00e9rite une r\u00e9novation. Ses dimensions sont d\u2019environ 2 m\u00e8tres sur 1.<\/p>\n<p><b>5 Le lavoir des 6 maisons de la route Kerv\u00e9ogan.<\/b><br \/>\nA quelques m\u00e8tres du pr\u00e9c\u00e9dent, il est en bordure de route et a \u00e9t\u00e9 construit dans les ann\u00e9es 50 pour quelques maisons des environ dont certainnes sont rep\u00e9r\u00e9es sur le plan. Ce lavoir ne pr\u00e9sente pas beaucoup d\u2019int\u00e9r\u00eat, sa construction est en ciment, ses dimensions sont d\u2019environ 2m*3m.<\/p>\n<p><b>6 Le lavoir de la famille Laot de Kerv\u00e9ogan<\/b><br \/>\nLocalis\u00e9 pr\u00e8s de la station de relevage actuelle, il \u00e9tait particulier puisqu\u2019il \u00e9tait couvert, aujourd\u2019hui on ne retrouve pas de trace de cet \u00e9difice. Plusieurs abreuvoirs se trouvaient \u00e9galement \u00e0 cet endroit.<\/p>\n<p><b>7 Le dernier<\/b><br \/>\nSitu\u00e9 de l\u2019autre c\u00f4t\u00e9 de la route qui m\u00e8ne \u00e0 Kerv\u00e9ogan, c\u2019\u00e9tait, semble-t-il, une grande pierre plate. Celui-ci et le pr\u00e9c\u00e9dent, ont peut-\u00eatre \u00e9t\u00e9 d\u00e9truits lors de la construction de la route qui est beaucoup sur\u00e9lev\u00e9e par rapport \u00e0 la topographie initiale.<\/p>\n<p><b>Trois de ces lavoirs sont r\u00e9pertori\u00e9s dans l&rsquo;article : Lavoirs &#8211; L \u00e0 Z (tr\u00e9ongar 1 &#8211; 2 &#8211; 3 )<\/b><\/p>\n<\/div>\n","protected":false},"excerpt":{"rendered":"<p>Aux abords de Tr\u00e9ongar il existait au moins 5 lavoirs situ\u00e9s sur le plan ci-dessous.&nbsp;&nbsp; 1 Le lavoir dit \u00ab\u00a0communal\u00a0\u00bb Le premier en descendant du bourg est le lavoir dit [&hellip;]<\/p>\n","protected":false},"author":4,"featured_media":0,"parent":0,"menu_order":0,"comment_status":"closed","ping_status":"open","template":"","meta":{"ngg_post_thumbnail":0,"_EventAllDay":false,"_EventTimezone":"","_EventStartDate":"","_EventEndDate":"","_EventStartDateUTC":"","_EventEndDateUTC":"","_EventShowMap":false,"_EventShowMapLink":false,"_EventURL":"","_EventCost":"","_EventCostDescription":"","_EventCurrencySymbol":"","_EventCurrencyCode":"","_EventCurrencyPosition":"","_EventDateTimeSeparator":"","_EventTimeRangeSeparator":"","_EventOrganizerID":[],"_EventVenueID":[],"_OrganizerEmail":"","_OrganizerPhone":"","_OrganizerWebsite":"","_VenueAddress":"","_VenueCity":"","_VenueCountry":"","_VenueProvince":"","_VenueState":"","_VenueZip":"","_VenuePhone":"","_VenueURL":"","_VenueStateProvince":"","_VenueLat":"","_VenueLng":"","_VenueShowMap":false,"_VenueShowMapLink":false,"footnotes":""},"categories":[140],"tags":[],"class_list":["post-492","page","type-page","status-publish","hentry","category-lavoirs"],"_links":{"self":[{"href":"https:\/\/appriou.bzh\/index.php\/wp-json\/wp\/v2\/pages\/492","targetHints":{"allow":["GET"]}}],"collection":[{"href":"https:\/\/appriou.bzh\/index.php\/wp-json\/wp\/v2\/pages"}],"about":[{"href":"https:\/\/appriou.bzh\/index.php\/wp-json\/wp\/v2\/types\/page"}],"author":[{"embeddable":true,"href":"https:\/\/appriou.bzh\/index.php\/wp-json\/wp\/v2\/users\/4"}],"replies":[{"embeddable":true,"href":"https:\/\/appriou.bzh\/index.php\/wp-json\/wp\/v2\/comments?post=492"}],"version-history":[{"count":0,"href":"https:\/\/appriou.bzh\/index.php\/wp-json\/wp\/v2\/pages\/492\/revisions"}],"wp:attachment":[{"href":"https:\/\/appriou.bzh\/index.php\/wp-json\/wp\/v2\/media?parent=492"}],"wp:term":[{"taxonomy":"category","embeddable":true,"href":"https:\/\/appriou.bzh\/index.php\/wp-json\/wp\/v2\/categories?post=492"},{"taxonomy":"post_tag","embeddable":true,"href":"https:\/\/appriou.bzh\/index.php\/wp-json\/wp\/v2\/tags?post=492"}],"curies":[{"name":"wp","href":"https:\/\/api.w.org\/{rel}","templated":true}]}}