{"id":499,"date":"2017-07-02T09:21:43","date_gmt":"2017-07-02T07:21:43","guid":{"rendered":"https:\/\/plouguerneau.net\/circuit-n8-10-1-km\/"},"modified":"2025-01-15T19:22:52","modified_gmt":"2025-01-15T18:22:52","slug":"circuit-n8-10-1-km","status":"publish","type":"page","link":"https:\/\/appriou.bzh\/index.php\/circuit-n8-10-1-km\/","title":{"rendered":"Circuit 08 &#8211; Les sculptures proches du bourg (10.1 km)"},"content":{"rendered":"<p><b>Circuit n\u00b08 Les sculptures proches du bourg <\/b><\/p>\n<p><i>Pour mieux visualiser la carte, voici la R\u00e9f\u00e9rence Open Runner : <a href=\"http:\/\/www.openrunner.com\/index.php?id=1361243\" target=blank>1361243<\/a><\/i><\/p>\n<p>Distance : 10 (km) <br \/>\nAltitude min. : 9 (m) <br \/>\nAltitude max. : 66 (m) <br \/>\nActivit\u00e9 : Course \u00e0 pied, promenade, Cyclisme VTT <br \/>\nDifficult\u00e9 : Basse<br \/>\nType de sol : Sentier<br \/>\nParcours balis\u00e9 : Non <\/p>\n<p>Pour r\u00e9aliser ce circuit nous vous conseillons de vous munir de la carte IGN Plouguerneau Les Abers &#8211; IGN 0416ET ou de vous munir de la carte de l&rsquo;association vendue 2\u20ac  \u00e0 l&rsquo;office du tourisme et dans certains commerces.<\/p>\n<div align=center>\n<a href=\"https:\/\/appriou.bzh\/wp-content\/uploads\/2017\/07\/jpg_Sculpture_bourg1.jpg \" target=blank><img decoding=\"async\" src=\"http:\/\/www.plouguerneau.net\/IMG\/jpg\/Sculpture_bourg1.jpg\" width=550 height=204><\/a><br \/>\n<i>Cliquer sur la carte pour l&rsquo;agrandir<\/i><\/div>\n<div align=center>\n<a href=\"https:\/\/appriou.bzh\/wp-content\/uploads\/2017\/07\/jpg_sculpture_bourg.jpg \" target=blank><img decoding=\"async\" src=\"http:\/\/www.plouguerneau.net\/IMG\/jpg\/sculpture_bourg.jpg\" width=550 height=204><\/a><br \/>\n<i>Cliquer sur la carte pour l&rsquo;agrandir<\/i><\/div>\n<p><\/p>\n<p>Circuit n\u00b0 8 &#8211; 10 km<\/p>\n<p>Les sculptures autour du bourg de plouguerneau<\/p>\n<p>Cette ballade vous fera d\u00e9couvrir sept sculptures r\u00e9alis\u00e9es lors des symposiums de 1988 \u00e0 1992. Elles sont rep\u00e9r\u00e9es de 1 \u00e0 7 sur les deux cartes. Pour plus de pr\u00e9cision \u00e0 ce sujet se reporter \u00e0 l&rsquo;article <a href=\"https:\/\/plouguerneau.net\/symposium\/\"> symposium <\/a><br \/>Le d\u00e9part se fait en direction de la zone de Hellez<br \/>\n1 Au bois Meray au Bourg \u00ab Hommage \u00e0 Sisyphe \u00bb de Mike Sporgis et  Laurent Yeonan 1990<br \/>\n2  A l\u2019entr\u00e9e de la zone du Helles : \u00ab Les moutons d\u2019Ouessant \u00bb de Sophie Franck (1992)<br \/>\n3 Sur le Chemin pi\u00e9ton de milin an aod \u00e0 Lesmel : D\u00e9r\u00e9liction de Bernard Sirven  (1990)<br \/>\n4 Au croisement de la route de Lesmel et celle de Kervili : St\u00e8le Viorel Enache  (1992)<br \/>\n5 Entre l\u2019\u00e9cole Saint Joseph et la salle Jean Tanguy : La petite sir\u00e8ne de No\u00eblle Guibert (1988)<br \/>\n6   Sur le parking de la salle Jean Tanguy : \u00ab The last cry \u00bb de Nick Micros (1992)<br \/>\n7  Face au cabinet infirmier et kin\u00e9 : \u00ab Les portes de la nuit \u00bb de Pierre Peignot (1988)<\/p>\n<p>D\u00e9part du parking de la salle Jean Tanguy<\/p>\n","protected":false},"excerpt":{"rendered":"<p>Circuit n\u00b08 Les sculptures proches du bourg Pour mieux visualiser la carte, voici la R\u00e9f\u00e9rence Open Runner : 1361243 Distance : 10 (km) Altitude min. : 9 (m) Altitude max. [&hellip;]<\/p>\n","protected":false},"author":4,"featured_media":0,"parent":0,"menu_order":0,"comment_status":"closed","ping_status":"closed","template":"","meta":{"ngg_post_thumbnail":0,"_EventAllDay":false,"_EventTimezone":"","_EventStartDate":"","_EventEndDate":"","_EventStartDateUTC":"","_EventEndDateUTC":"","_EventShowMap":false,"_EventShowMapLink":false,"_EventURL":"","_EventCost":"","_EventCostDescription":"","_EventCurrencySymbol":"","_EventCurrencyCode":"","_EventCurrencyPosition":"","_EventDateTimeSeparator":"","_EventTimeRangeSeparator":"","_EventOrganizerID":[],"_EventVenueID":[],"_OrganizerEmail":"","_OrganizerPhone":"","_OrganizerWebsite":"","_VenueAddress":"","_VenueCity":"","_VenueCountry":"","_VenueProvince":"","_VenueState":"","_VenueZip":"","_VenuePhone":"","_VenueURL":"","_VenueStateProvince":"","_VenueLat":"","_VenueLng":"","_VenueShowMap":false,"_VenueShowMapLink":false,"footnotes":""},"categories":[134],"tags":[],"class_list":["post-499","page","type-page","status-publish","hentry","category-randonnees-dautres-idees"],"_links":{"self":[{"href":"https:\/\/appriou.bzh\/index.php\/wp-json\/wp\/v2\/pages\/499","targetHints":{"allow":["GET"]}}],"collection":[{"href":"https:\/\/appriou.bzh\/index.php\/wp-json\/wp\/v2\/pages"}],"about":[{"href":"https:\/\/appriou.bzh\/index.php\/wp-json\/wp\/v2\/types\/page"}],"author":[{"embeddable":true,"href":"https:\/\/appriou.bzh\/index.php\/wp-json\/wp\/v2\/users\/4"}],"replies":[{"embeddable":true,"href":"https:\/\/appriou.bzh\/index.php\/wp-json\/wp\/v2\/comments?post=499"}],"version-history":[{"count":0,"href":"https:\/\/appriou.bzh\/index.php\/wp-json\/wp\/v2\/pages\/499\/revisions"}],"wp:attachment":[{"href":"https:\/\/appriou.bzh\/index.php\/wp-json\/wp\/v2\/media?parent=499"}],"wp:term":[{"taxonomy":"category","embeddable":true,"href":"https:\/\/appriou.bzh\/index.php\/wp-json\/wp\/v2\/categories?post=499"},{"taxonomy":"post_tag","embeddable":true,"href":"https:\/\/appriou.bzh\/index.php\/wp-json\/wp\/v2\/tags?post=499"}],"curies":[{"name":"wp","href":"https:\/\/api.w.org\/{rel}","templated":true}]}}