{"id":528,"date":"2012-04-26T20:59:48","date_gmt":"2012-04-26T18:59:48","guid":{"rendered":"https:\/\/plouguerneau.net\/restauration-dune-vieille-ferme\/"},"modified":"2012-04-26T20:59:48","modified_gmt":"2012-04-26T18:59:48","slug":"restauration-dune-vieille-ferme","status":"publish","type":"page","link":"https:\/\/appriou.bzh\/index.php\/restauration-dune-vieille-ferme\/","title":{"rendered":"Restauration d&rsquo;une vieille ferme"},"content":{"rendered":"<div align=justify>\nLa vid\u00e9o ci-dessous pr\u00e9sente le travail effectu\u00e9 par l&rsquo;association <b>Plouguerneau Nature Environnement<\/b> \u00e0 proximit\u00e9 du Pont du Diable \u00e0 Plouguerneau.<\/p>\n<div align=center>\n<iframe width=\"560\" height=\"315\" src=\"http:\/\/www.youtube.com\/embed\/MOqmPxWNS6k\" frameborder=\"0\" allowfullscreen><\/iframe><\/p>\n<p>avril 2012 &#8211; Dominique<br \/>\nCette vid\u00e9o sur votre site ? ins\u00e9rer le code suivant :<\/i><\/p>\n<p><textarea rows=\"3\" cols=\"60\"><\/p>\n<div align=center>\n<iframe width=\"560\" height=\"315\" src=\"http:\/\/www.youtube.com\/embed\/MOqmPxWNS6k\" frameborder=\"0\" allowfullscreen><\/iframe><br \/>\n<i>Dominique &#8211; www.plouguerneau.net<\/i>\n<\/div>\n<p><\/textarea><br \/>\n<i>Les param\u00e8tres width et height sont \u00e0 changer en fonction de votre page.<\/i>\n<\/div>\n<\/div>\n","protected":false},"excerpt":{"rendered":"<p>La vid\u00e9o ci-dessous pr\u00e9sente le travail effectu\u00e9 par l&rsquo;association Plouguerneau Nature Environnement \u00e0 proximit\u00e9 du Pont du Diable \u00e0 Plouguerneau. avril 2012 &#8211; Dominique Cette vid\u00e9o sur votre site ? [&hellip;]<\/p>\n","protected":false},"author":4,"featured_media":0,"parent":0,"menu_order":0,"comment_status":"closed","ping_status":"open","template":"","meta":{"ngg_post_thumbnail":0,"_EventAllDay":false,"_EventTimezone":"","_EventStartDate":"","_EventEndDate":"","_EventStartDateUTC":"","_EventEndDateUTC":"","_EventShowMap":false,"_EventShowMapLink":false,"_EventURL":"","_EventCost":"","_EventCostDescription":"","_EventCurrencySymbol":"","_EventCurrencyCode":"","_EventCurrencyPosition":"","_EventDateTimeSeparator":"","_EventTimeRangeSeparator":"","_EventOrganizerID":[],"_EventVenueID":[],"_OrganizerEmail":"","_OrganizerPhone":"","_OrganizerWebsite":"","_VenueAddress":"","_VenueCity":"","_VenueCountry":"","_VenueProvince":"","_VenueState":"","_VenueZip":"","_VenuePhone":"","_VenueURL":"","_VenueStateProvince":"","_VenueLat":"","_VenueLng":"","_VenueShowMap":false,"_VenueShowMapLink":false,"footnotes":""},"categories":[265],"tags":[],"class_list":["post-528","page","type-page","status-publish","hentry","category-videos"],"_links":{"self":[{"href":"https:\/\/appriou.bzh\/index.php\/wp-json\/wp\/v2\/pages\/528","targetHints":{"allow":["GET"]}}],"collection":[{"href":"https:\/\/appriou.bzh\/index.php\/wp-json\/wp\/v2\/pages"}],"about":[{"href":"https:\/\/appriou.bzh\/index.php\/wp-json\/wp\/v2\/types\/page"}],"author":[{"embeddable":true,"href":"https:\/\/appriou.bzh\/index.php\/wp-json\/wp\/v2\/users\/4"}],"replies":[{"embeddable":true,"href":"https:\/\/appriou.bzh\/index.php\/wp-json\/wp\/v2\/comments?post=528"}],"version-history":[{"count":0,"href":"https:\/\/appriou.bzh\/index.php\/wp-json\/wp\/v2\/pages\/528\/revisions"}],"wp:attachment":[{"href":"https:\/\/appriou.bzh\/index.php\/wp-json\/wp\/v2\/media?parent=528"}],"wp:term":[{"taxonomy":"category","embeddable":true,"href":"https:\/\/appriou.bzh\/index.php\/wp-json\/wp\/v2\/categories?post=528"},{"taxonomy":"post_tag","embeddable":true,"href":"https:\/\/appriou.bzh\/index.php\/wp-json\/wp\/v2\/tags?post=528"}],"curies":[{"name":"wp","href":"https:\/\/api.w.org\/{rel}","templated":true}]}}